{"id":2037,"date":"2023-08-06T21:23:53","date_gmt":"2023-08-07T02:23:53","guid":{"rendered":"https:\/\/subtomy.com\/?post_type=product&#038;p=2037"},"modified":"2024-03-02T21:39:06","modified_gmt":"2024-03-03T02:39:06","slug":"findom-daily-affirmations","status":"publish","type":"product","link":"https:\/\/subtomy.com\/lv\/produkts\/findom-ikdienas-afirmacijas\/","title":{"rendered":"Findom Ikdienas afirm\u0101cijas"},"content":{"rendered":"<p>Izmantojiet v\u0101rdu sp\u0113ku un paceliet savu finansi\u0101lo dominanci l\u012bdz nebiju\u0161iem augstumiem, izmantojot \u0161o ekskluz\u012bvo 50 r\u016bp\u012bgi izstr\u0101d\u0101tu afirm\u0101ciju kolekciju. Katru dienu iegremd\u0113jiet sevi dominances, kontroles un finan\u0161u pilnvaru pasaul\u0113, ievedot savus padotos piln\u012bgas pak\u013cau\u0161anas pasaul\u0113.<\/p>\n<ol>\n<li><strong>50 sp\u0113cino\u0161as afirm\u0101cijas:<\/strong> P\u0101r\u0146emiet atbild\u012bbu par katru dienu ar jaunu un sp\u0113c\u012bgu afirm\u0101ciju, kas paredz\u0113ta, lai stiprin\u0101tu j\u016bsu findom varon\u012bbu. No uztic\u012bbas iedvesmo\u0161anas l\u012bdz finansi\u0101l\u0101s lojalit\u0101tes pastiprin\u0101\u0161anai - \u0161\u012b kolekcija ir paredz\u0113ta visiem j\u016bsu finansi\u0101l\u0101s dominances aspektiem.<\/li>\n<li><strong>Atbr\u012bvojiet iek\u0161\u0113jo sp\u0113ku:<\/strong> Pieskarieties milz\u012bgajam sp\u0113kam, kas ir j\u016bsu iek\u0161ien\u0113, un novirziet to sav\u0101 finan\u0161u mijiedarb\u012bb\u0101. \u0160\u012bs afirm\u0101cijas atg\u0101dina jums par jums piem\u012bto\u0161o autorit\u0101ti, vairojot j\u016bsu pa\u0161apzi\u0146u un liekot apbr\u012bnot j\u016bsu padotajiem.<\/li>\n<li><strong>Piel\u0101gojama domin\u0113\u0161ana:<\/strong> Piel\u0101gojiet afirm\u0101cijas atbilsto\u0161i savam unik\u0101lajam findom stilam. Neatkar\u012bgi no t\u0101, vai j\u016bs dodat priek\u0161roku maigai p\u0101rliecin\u0101\u0161anai vai atkl\u0101tai dominancei, piel\u0101gojiet afirm\u0101cijas, lai pastiprin\u0101tu j\u016bsu izv\u0113l\u0113to pieeju.<\/li>\n<li><strong>Veicin\u0101t nelok\u0101mu lojalit\u0101ti:<\/strong> Iev\u0113rojiet nemain\u012bgu lojalit\u0101ti no saviem abonentiem, kad vi\u0146i pie\u0146ems atkar\u012bbu izraiso\u0161o ikdienas afirm\u0101ciju ritmu. V\u0113rojiet, k\u0101 vi\u0146i k\u013c\u016bst uztic\u012bgi, v\u0113las izpatikt un izmis\u012bgi cen\u0161as izpild\u012bt katru j\u016bsu finansi\u0101lo v\u0113lmi.<\/li>\n<li><strong>Izveidot finansi\u0101lu nodo\u0161anos:<\/strong> Katrs apstiprin\u0101jums kalpo k\u0101 katalizators, lai liktu j\u016bsu padotajiem labpr\u0101t\u012bgi atdot savas finanses. J\u016bsu v\u0101rdi pamudin\u0101s vi\u0146us atv\u0113rt maci\u0146us, jo vi\u0146us vad\u012bs nepamierin\u0101ma vajadz\u012bba kalpot jums.<\/li>\n<li><strong>Uzlabot finansi\u0101lo prieku:<\/strong> Izmantojot \u0161\u012bs ikdienas afirm\u0101cijas, finansi\u0101l\u0101 kalpo\u0161ana k\u013c\u016bs par prieku, palielinot j\u016bsu prieku un uztic\u012bbu. J\u016bsu v\u0113lmes tiks apmierin\u0101tas ar entuziasmu, nodro\u0161inot, ka vi\u0146u upuri sniegs jums maksim\u0101lu gandar\u012bjumu.<\/li>\n<\/ol>\n<p><strong>K\u0101 lietot:<\/strong><\/p>\n<ol>\n<li><strong>R\u012bta ritu\u0101ls:<\/strong> Uzs\u0101ciet savu dienu ar sp\u0113c\u012bgu apliecin\u0101jumu, kas saska\u0146o j\u016bsu dom\u0101\u0161anu ar finan\u0161u dominanci. Atk\u0101rtojot \u0161os v\u0101rdus, koncentr\u0113jieties uz saviem nodomiem, sagatavojot sevi vilino\u0161ai kontroles dienai.<\/li>\n<li><strong>Mijiedarb\u012bbas veicin\u0101t\u0101js:<\/strong> Pirms s\u0101kat sadarb\u012bbu ar padoto, nolasiet apliecin\u0101jumu, kas atbilst v\u0113lamajam izn\u0101kumam. V\u0113rojiet, k\u0101 j\u016bsu v\u0101rdi atst\u0101j neizdz\u0113\u0161amu iespaidu, liekot vi\u0146iem piln\u012bb\u0101 pak\u013cauties j\u016bsu finansi\u0101laj\u0101m iegrib\u0101m.<\/li>\n<li><strong>Pastiprin\u0101\u0161ana pirms gul\u0113tie\u0161anas:<\/strong> Nosl\u0113dzot darbu, nolasiet k\u0101du apgalvojumu, kas nostiprina j\u016bsu finansi\u0101lo varu.<\/li>\n<\/ol>\n<p>Pie\u0146emiet savu k\u0101 pilnvarota findomu lomu un \u013caujiet \"Findom Daily Affirmations\" k\u013c\u016bt par j\u016bsu vado\u0161o sp\u0113ku. Lietojot \u0161\u012bs afirm\u0101cijas k\u0101 pav\u0113les zizli, pieredz\u0113siet, k\u0101 t\u0101s main\u012bs j\u016bsu finan\u0161u situ\u0101ciju. Ar katru izrun\u0101to afirm\u0101ciju j\u016bs gaida domin\u0113\u0161ana, kontrole un finansi\u0101l\u0101 vara. <strong>Pie\u0146emiet savu likteni un \u013caujiet pasaulei paklan\u012bties j\u016bsu pilnvarotajai gal\u0113j\u012bbas vald\u012b\u0161anai.<\/strong><\/p>","protected":false},"excerpt":{"rendered":"<p>Izmantojiet v\u0101rdu sp\u0113ku un paceliet savu finansi\u0101lo dominanci l\u012bdz nebiju\u0161iem augstumiem, izmantojot \u0161o ekskluz\u012bvo 50 r\u016bp\u012bgi izstr\u0101d\u0101tu afirm\u0101ciju kolekciju. Katru dienu iegremd\u0113jiet sevi dominances, kontroles un finan\u0161u pilnvaru pasaul\u0113, ievedot savus padotos piln\u012bgas pak\u013cau\u0161anas pasaul\u0113.<\/p>\n<p><strong>Apgalvojumu paraugi:<\/strong><\/p>\n<ul>\n<li>Es atkl\u0101ju jaunus veidus, k\u0101 kontrol\u0113t un domin\u0113t p\u0101r saviem finan\u0161u vergiem.<\/li>\n<li>Man ir piln\u012bga finan\u0161u kontrole p\u0101r saviem abonementiem.<\/li>\n<li>Es atbr\u012bvoju sev\u012b eso\u0161o sp\u0113ku, lai p\u0101r\u0146emtu vi\u0146u makus.<\/li>\n<\/ul>","protected":false},"featured_media":2249,"comment_status":"closed","ping_status":"closed","template":"","meta":[],"product_brand":[],"product_cat":[140],"product_tag":[180,26,28],"class_list":{"0":"post-2037","1":"product","2":"type-product","3":"status-publish","4":"has-post-thumbnail","6":"product_cat-tools","7":"product_tag-affirmations","8":"product_tag-dominatrix","9":"product_tag-findom","10":"infinite-scroll-item","11":"no-featured-image-padding","12":"sales-flash-overlay","13":"woocommerce-text-align-center","14":"woocommerce-image-align-center","15":"wc-has-gallery","17":"first","18":"instock","19":"downloadable","20":"virtual","21":"purchasable","22":"product-type-simple"},"aioseo_notices":[],"_links":{"self":[{"href":"https:\/\/subtomy.com\/lv\/wp-json\/wp\/v2\/product\/2037","targetHints":{"allow":["GET"]}}],"collection":[{"href":"https:\/\/subtomy.com\/lv\/wp-json\/wp\/v2\/product"}],"about":[{"href":"https:\/\/subtomy.com\/lv\/wp-json\/wp\/v2\/types\/product"}],"replies":[{"embeddable":true,"href":"https:\/\/subtomy.com\/lv\/wp-json\/wp\/v2\/comments?post=2037"}],"wp:featuredmedia":[{"embeddable":true,"href":"https:\/\/subtomy.com\/lv\/wp-json\/wp\/v2\/media\/2249"}],"wp:attachment":[{"href":"https:\/\/subtomy.com\/lv\/wp-json\/wp\/v2\/media?parent=2037"}],"wp:term":[{"taxonomy":"product_brand","embeddable":true,"href":"https:\/\/subtomy.com\/lv\/wp-json\/wp\/v2\/product_brand?post=2037"},{"taxonomy":"product_cat","embeddable":true,"href":"https:\/\/subtomy.com\/lv\/wp-json\/wp\/v2\/product_cat?post=2037"},{"taxonomy":"product_tag","embeddable":true,"href":"https:\/\/subtomy.com\/lv\/wp-json\/wp\/v2\/product_tag?post=2037"}],"curies":[{"name":"wp","href":"https:\/\/api.w.org\/{rel}","templated":true}]}}