{"id":59,"date":"2022-06-06T15:46:47","date_gmt":"2022-06-06T20:46:47","guid":{"rendered":"https:\/\/shop.cammodelagency.com\/?post_type=product&#038;p=59"},"modified":"2023-09-03T00:47:37","modified_gmt":"2023-09-03T05:47:37","slug":"how-to-sell-your-dick-pics-to-1000-per-month","status":"publish","type":"product","link":"https:\/\/subtomy.com\/lv\/produkts\/how-to-sell-your-dick-pics-to-1000-per-month\/","title":{"rendered":"K\u0101 p\u0101rdot savas D* bildes $1,000 m\u0113nes\u012b"},"content":{"rendered":"<h2 style=\"text-align: center;\">K\u0101 j\u016bs varat veikt $1,000 vai vair\u0101k m\u0113nes\u012b no p\u0101rdodot Dick Pics, atbr\u012bvojot \u0161o piln\u012bgu Blueprint<\/h2>\n<p><img loading=\"lazy\" decoding=\"async\" class=\"aligncenter wp-image-61 size-full\" src=\"https:\/\/subtomy.com\/wp-content\/uploads\/2022\/06\/Selling-Your.jpg\" alt=\"\" width=\"960\" height=\"540\" srcset=\"https:\/\/subtomy.com\/wp-content\/uploads\/2022\/06\/Selling-Your.jpg 960w, https:\/\/subtomy.com\/wp-content\/uploads\/2022\/06\/Selling-Your-600x338.jpg 600w, https:\/\/subtomy.com\/wp-content\/uploads\/2022\/06\/Selling-Your-300x169.jpg 300w, https:\/\/subtomy.com\/wp-content\/uploads\/2022\/06\/Selling-Your-768x432.jpg 768w, https:\/\/subtomy.com\/wp-content\/uploads\/2022\/06\/Selling-Your-18x10.jpg 18w\" sizes=\"auto, (max-width: 960px) 100vw, 960px\" \/><\/p>\n<p style=\"text-align: center;\"><strong><span style=\"color: #008000;\">Uzziniet prec\u012bzi, k\u0101 es peln\u012bt vair\u0101k nek\u0101 $1,100 m\u0113nes\u012b (uz autopilota!)<\/span><\/strong><\/p>\n<p>Jums pat\u012bk fotograf\u0113t, ta\u010du nezin\u0101t, k\u0101 no t\u0101 nopeln\u012bt naudu. J\u016bs jau iepriek\u0161 esat m\u0113\u0123in\u0101jis t\u0101s p\u0101rdot tie\u0161saist\u0113, bet jums t\u0101 ar\u012b neizdev\u0101s p\u0101rdot.<\/p>\n<p>Tagad \u0161eit ir kurss, kas jums iem\u0101c\u012bs, k\u0101 p\u0101rdot savu penis bildes tie\u0161saist\u0113, lai g\u016btu $1,000 vai vair\u0101k ikm\u0113ne\u0161a ien\u0101kumus. \u0160\u012b nav nek\u0101da sh\u0113ma, kas \u013cautu \u0101tri nopeln\u012bt; tas ir soli pa solim izstr\u0101d\u0101ts ce\u013cvedis, kur\u0101 uzzin\u0101siet, k\u0101 no nulles izveidot veiksm\u012bgu dzimumlocek\u013ca att\u0113lu biznesu.<\/p>\n<p>Uzziniet, k\u0101 p\u0101rdot savu penis bildes tie\u0161saist\u0113 un peln\u012bt pilna laika iztiku, darot to, kas jums pat\u012bk! \u0160aj\u0101 videokurs\u0101 apg\u016bsi visu, kas tev j\u0101zina, s\u0101kot no pareiz\u0101 tirgus atra\u0161anas tav\u0101m bild\u0113m l\u012bdz klientu vad\u012bbai.<\/p>\n<p>Ar \u0161o <strong>videokurss<\/strong>, j\u016bs sa\u0146emsiet zin\u0101\u0161anu izg\u0101ztuvi par visu, s\u0101kot no<\/p>\n<ul>\n<li>K\u0101du platformu izmantot<\/li>\n<li>K\u0101 p\u0101rvald\u012bt klientus<\/li>\n<li>K\u0101 papla\u0161in\u0101t klientu b\u0101zi<\/li>\n<li>Veids, k\u0101 automatiz\u0113t 97% uz\u0146\u0113muma darb\u012bbu<\/li>\n<\/ul>\n<p>Kas ir iek\u0161pus\u0113:<\/p>\n<ul>\n<li>12 videoklipi, kuros varat iepaz\u012bties ar <strong>TIE\u0160I\u0145<\/strong> k\u0101 s\u0101kt<\/li>\n<li>Visas prezent\u0101cijas PDF form\u0101t\u0101, lai j\u016bs var\u0113tu viegli atsaukties uz galvenajiem punktiem, kas min\u0113ti kursa laik\u0101.<\/li>\n<\/ul>\n<p>Ir daudz cilv\u0113ku, kuri ir ieinteres\u0113ti p\u0101rdot locek\u013cu bildes tie\u0161saist\u0113. Galu gal\u0101 tas ir lielisks veids, k\u0101 nopeln\u012bt papildu naudu. Un kur\u0161 gan nem\u012bl dzimumlocek\u013cus?<\/p>\n<p>Tom\u0113r, pirms s\u0101kat p\u0101rdot savus fotoatt\u0113lus, jums ir j\u0101zina, k\u0101 to dar\u012bt. Tie\u0161i \u0161eit ir m\u016bsu videokurss. M\u0113s jums iem\u0101c\u012bsim visu, kas jums j\u0101zina, s\u0101kot no t\u0101, k\u0101 atrast pareizos pirc\u0113jus, l\u012bdz tam, k\u0101das fotogr\u0101fijas vi\u0146i mekl\u0113.<\/p>\n<p>Neatkar\u012bgi no t\u0101, vai esat pieredz\u0113jis profesion\u0101lis vai tikai s\u0101kat, m\u016bsu kurss pal\u012bdz\u0113s jums g\u016bt maksim\u0101lu labumu no j\u016bsu dzimumlocek\u013ca fotogr\u0101fij\u0101m.<\/p>\n<p>T\u0101tad, ko j\u016bs v\u0113l gaid\u0101t?<\/p>","protected":false},"excerpt":{"rendered":"<p>Uzziniet, k\u0101 p\u0101rdot savu penis bildes tie\u0161saist\u0113 un peln\u012bt pilna laika iztiku, darot to, kas jums pat\u012bk! \u0160aj\u0101 videokurs\u0101 apg\u016bsi visu, kas tev j\u0101zina, s\u0101kot no pareiz\u0101 tirgus atra\u0161anas tav\u0101m bild\u0113m l\u012bdz klientu vad\u012bbai.<\/p>\n<p><strong>Ritiniet uz leju, lai noskat\u012btos videoklipu par to, ko j\u016bs sa\u0146emsiet \u0161aj\u0101 kurs\u0101 \ud83d\udc47\ud83c\udffe<\/strong><\/p>","protected":false},"featured_media":1539,"comment_status":"open","ping_status":"closed","template":"","meta":[],"product_brand":[],"product_cat":[41],"product_tag":[33,40],"class_list":{"0":"post-59","1":"product","2":"type-product","3":"status-publish","4":"has-post-thumbnail","6":"product_cat-video-course","7":"product_tag-men","8":"product_tag-video","9":"infinite-scroll-item","10":"no-featured-image-padding","11":"sales-flash-overlay","12":"woocommerce-text-align-center","13":"woocommerce-image-align-center","15":"first","16":"instock","17":"downloadable","18":"virtual","19":"sold-individually","20":"purchasable","21":"product-type-simple"},"aioseo_notices":[],"_links":{"self":[{"href":"https:\/\/subtomy.com\/lv\/wp-json\/wp\/v2\/product\/59","targetHints":{"allow":["GET"]}}],"collection":[{"href":"https:\/\/subtomy.com\/lv\/wp-json\/wp\/v2\/product"}],"about":[{"href":"https:\/\/subtomy.com\/lv\/wp-json\/wp\/v2\/types\/product"}],"replies":[{"embeddable":true,"href":"https:\/\/subtomy.com\/lv\/wp-json\/wp\/v2\/comments?post=59"}],"wp:featuredmedia":[{"embeddable":true,"href":"https:\/\/subtomy.com\/lv\/wp-json\/wp\/v2\/media\/1539"}],"wp:attachment":[{"href":"https:\/\/subtomy.com\/lv\/wp-json\/wp\/v2\/media?parent=59"}],"wp:term":[{"taxonomy":"product_brand","embeddable":true,"href":"https:\/\/subtomy.com\/lv\/wp-json\/wp\/v2\/product_brand?post=59"},{"taxonomy":"product_cat","embeddable":true,"href":"https:\/\/subtomy.com\/lv\/wp-json\/wp\/v2\/product_cat?post=59"},{"taxonomy":"product_tag","embeddable":true,"href":"https:\/\/subtomy.com\/lv\/wp-json\/wp\/v2\/product_tag?post=59"}],"curies":[{"name":"wp","href":"https:\/\/api.w.org\/{rel}","templated":true}]}}