{"id":608,"date":"2023-04-14T19:14:00","date_gmt":"2023-04-15T00:14:00","guid":{"rendered":"https:\/\/shop.cammodelagency.com\/?post_type=product&#038;p=608"},"modified":"2024-03-02T21:46:54","modified_gmt":"2024-03-03T02:46:54","slug":"findom-caption-pack","status":"publish","type":"product","link":"https:\/\/subtomy.com\/lv\/produkts\/findom-caption-pack\/","title":{"rendered":"100+ FinDom\/Financial Domination Caption Pack soci\u0101lo mediju, Reddit, Onlyfans utt."},"content":{"rendered":"<p>Ja esi pieaugu\u0161o modelis, kas pied\u0101v\u0101 finansi\u0101las dominances pakalpojumus un v\u0113las iesaist\u012bt savus algu sa\u0146\u0113m\u0113jus un naudas vergus, m\u016bsu finansi\u0101las dominances soci\u0101lo mediju uzrakstu pakete ir tie\u0161i tas, kas tev nepiecie\u0161ams!<\/p>\n<p>M\u016bsu paket\u0113 ir 100 unik\u0101li uzraksti, kas paredz\u0113ti, lai pal\u012bdz\u0113tu jums apliecin\u0101t savu dominanci, liktu saviem sekot\u0101jiem justies pak\u013c\u0101v\u012bgiem un galu gal\u0101 palielin\u0101tu j\u016bsu ien\u0101kumus. Neatkar\u012bgi no t\u0101, vai demonstr\u0113jat savu dizaineru ap\u0123\u0113rbu, izce\u013cat savu grezno dz\u012bvesveidu vai vienk\u0101r\u0161i atg\u0101din\u0101t saviem sekot\u0101jiem, kur\u0161 ir noteic\u0113js, m\u016bsu uzraksti pal\u012bdz\u0113s jums izteikties.<\/p>\n<p>M\u016bsu uzraksti aptver da\u017e\u0101das t\u0113mas, s\u0101kot no \u0146irg\u0101\u0161an\u0101s l\u012bdz \u0146irg\u0101\u0161an\u0101s un visam starp t\u0101m. Neatkar\u012bgi no t\u0101, vai v\u0113laties iedvesmot savus sekot\u0101jus, lai vi\u0146i jums izr\u0101d\u012btu cie\u0146u, pied\u0101v\u0101t ekskluz\u012bvu saturu saviem lab\u0101kajiem pirc\u0113jiem vai atg\u0101din\u0101t visiem par vi\u0146u vietu j\u016bsu pasaul\u0113, m\u0113s esam par\u016bp\u0113ju\u0161ies par jums. Turkl\u0101t, pateicoties m\u016bsu viegli lietojamajam form\u0101tam, varat \u0101tri un vienk\u0101r\u0161i kop\u0113t un iel\u012bm\u0113t izv\u0113l\u0113to uzrakstu savos soci\u0101lo t\u012bklu zi\u0146ojumos, ietaupot laiku un p\u016bles.<\/p>\n<p>T\u0101tad, ja esi gatavs pacelt savu finan\u0161u dominances sp\u0113li n\u0101kamaj\u0101 l\u012bmen\u012b un palielin\u0101t savus ien\u0101kumus, pas\u016btiet m\u016bsu finan\u0161u dominances soci\u0101lo mediju virsrakstu paketi jau \u0161odien!<\/p>","protected":false},"excerpt":{"rendered":"<p>M\u016bsu iepakojum\u0101 ir 100 unik\u0101li uzraksti, kas paredz\u0113ti, lai pal\u012bdz\u0113tu jums aizraut savus findom sekot\u0101jus un liktu vi\u0146iem atv\u0113rt makus. Neatkar\u012bgi no t\u0101, vai public\u0113jat fotoatt\u0113lu ar sevi grezn\u0101 t\u0113rp\u0101, izce\u013cat savu bag\u0101t\u012bbu un varu vai vienk\u0101r\u0161i izsak\u0101t provokat\u012bvu v\u0113st\u012bjumu, m\u016bsu uzraksti pal\u012bdz\u0113s jums atst\u0101t iespaidu.<\/p>\n<p><strong>Piem\u0113ri:<\/strong><\/p>\n<ul>\n<li><span data-sheets-value=\"{&quot;1&quot;:2,&quot;2&quot;:&quot;Better start counting those coins, boys. \ud83d\udcb0 I'm not here to play nice - I'm here to take your hard earned cash and put it in my pocket where it belongs. Come and get a taste of what you can't resist...you know you want to! \ud83d\ude08 #Goddess&quot;}\" data-sheets-userformat=\"{&quot;2&quot;:8961,&quot;3&quot;:{&quot;1&quot;:0},&quot;11&quot;:4,&quot;12&quot;:0,&quot;16&quot;:12}\">Lab\u0101k s\u0101ciet skait\u012bt mon\u0113tas, pui\u0161i. \ud83d\udcb0 Es neesmu \u0161eit, lai sp\u0113l\u0113tu jauki - es esmu \u0161eit, lai pa\u0146emtu j\u016bsu gr\u016bti nopeln\u012bto naudu un ieliktu to sav\u0101 kabat\u0101, kur tai ir vieta. N\u0101ciet un izbaudiet to, kam j\u016bs nevarat pretoties... j\u016bs ta\u010du zin\u0101t, ka v\u0113laties! \ud83d\ude08 #Goddess<\/span><\/li>\n<li><span data-sheets-value=\"{&quot;1&quot;:2,&quot;2&quot;:&quot;Flawless and in control, I live for the power games that come with financial domination. Your extravagance is my pleasure; you will beg to be my pay pig \ud83e\udd11\ud83d\udcb0&quot;}\" data-sheets-userformat=\"{&quot;2&quot;:8961,&quot;3&quot;:{&quot;1&quot;:0},&quot;11&quot;:4,&quot;12&quot;:0,&quot;16&quot;:12}\">Nevainojama un kontrol\u0113jo\u0161a, es dz\u012bvoju sp\u0113l\u0113m ar varu, kas saist\u012btas ar finansi\u0101lu dominanci. Tavs iz\u0161\u0137\u0113rd\u012bgums ir mans prieks; tu l\u016bgsies b\u016bt mana algas c\u016bka \ud83e\udd11\ud83d\udcb0<\/span><\/li>\n<li><span data-sheets-value=\"{&quot;1&quot;:2,&quot;2&quot;:&quot;Look at you, so desperate and thirsty for a Goddess like me. You're nothing more than my piggy bank, ready to do whatever it takes to be allowed to worship me \ud83d\udcb0\ud83d\udc51&quot;}\" data-sheets-userformat=\"{&quot;2&quot;:8961,&quot;3&quot;:{&quot;1&quot;:0},&quot;11&quot;:4,&quot;12&quot;:0,&quot;16&quot;:12}\">Paskaties uz sevi, tik izmis\u012bga un izsl\u0101pus\u012b p\u0113c t\u0101das dievietes k\u0101 es. Tu esi nekas vair\u0101k k\u0101 mana c\u016bci\u0146a, kas gatava dar\u012bt jebko, lai dr\u012bkst\u0113tu mani piel\u016bgt \ud83d\udcb0\ud83d\udc51.<\/span><\/li>\n<\/ul>","protected":false},"featured_media":2252,"comment_status":"open","ping_status":"closed","template":"","meta":[],"product_brand":[],"product_cat":[22],"product_tag":[28],"class_list":{"0":"post-608","1":"product","2":"type-product","3":"status-publish","4":"has-post-thumbnail","6":"product_cat-captions","7":"product_tag-findom","8":"infinite-scroll-item","9":"no-featured-image-padding","10":"sales-flash-overlay","11":"woocommerce-text-align-center","12":"woocommerce-image-align-center","13":"wc-has-gallery","15":"first","16":"instock","17":"downloadable","18":"virtual","19":"sold-individually","20":"purchasable","21":"product-type-simple"},"aioseo_notices":[],"_links":{"self":[{"href":"https:\/\/subtomy.com\/lv\/wp-json\/wp\/v2\/product\/608","targetHints":{"allow":["GET"]}}],"collection":[{"href":"https:\/\/subtomy.com\/lv\/wp-json\/wp\/v2\/product"}],"about":[{"href":"https:\/\/subtomy.com\/lv\/wp-json\/wp\/v2\/types\/product"}],"replies":[{"embeddable":true,"href":"https:\/\/subtomy.com\/lv\/wp-json\/wp\/v2\/comments?post=608"}],"wp:featuredmedia":[{"embeddable":true,"href":"https:\/\/subtomy.com\/lv\/wp-json\/wp\/v2\/media\/2252"}],"wp:attachment":[{"href":"https:\/\/subtomy.com\/lv\/wp-json\/wp\/v2\/media?parent=608"}],"wp:term":[{"taxonomy":"product_brand","embeddable":true,"href":"https:\/\/subtomy.com\/lv\/wp-json\/wp\/v2\/product_brand?post=608"},{"taxonomy":"product_cat","embeddable":true,"href":"https:\/\/subtomy.com\/lv\/wp-json\/wp\/v2\/product_cat?post=608"},{"taxonomy":"product_tag","embeddable":true,"href":"https:\/\/subtomy.com\/lv\/wp-json\/wp\/v2\/product_tag?post=608"}],"curies":[{"name":"wp","href":"https:\/\/api.w.org\/{rel}","templated":true}]}}