{"id":620,"date":"2023-04-17T14:34:29","date_gmt":"2023-04-17T19:34:29","guid":{"rendered":"https:\/\/shop.cammodelagency.com\/?post_type=product&#038;p=620"},"modified":"2024-04-01T14:04:53","modified_gmt":"2024-04-01T19:04:53","slug":"gamer-girl-captions","status":"publish","type":"product","link":"https:\/\/subtomy.com\/lv\/produkts\/gamer-girl-captions\/","title":{"rendered":"100+ Gamer Girl uzraksti tikai faniem, Reddit, soci\u0101lajiem medijiem utt."},"content":{"rendered":"<p>Ja esat pieaugu\u0161o modelis, kas pied\u0101v\u0101 sp\u0113l\u0113t\u0101ju meite\u0146u video pakalpojumus un v\u0113las populariz\u0113t savu saturu soci\u0101lajos t\u012bklos, m\u016bsu sp\u0113l\u0113t\u0101ju meite\u0146u soci\u0101lo t\u012bklu uzrakstu pakete ir tie\u0161i tas, kas jums nepiecie\u0161ams!<\/p>\n<p>M\u016bsu paket\u0113 ir iek\u013cauti 100 unik\u0101li uzraksti, kas paredz\u0113ti, lai pal\u012bdz\u0113tu jums par\u0101d\u012bt savas sp\u0113\u013cu prasmes un pamudin\u0101tu auditoriju uz to, ko vi\u0146i var sagaid\u012bt j\u016bsu videoklipos. Neatkar\u012bgi no t\u0101, vai public\u0113jat ekr\u0101n\u0161\u0101vi\u0146u ar savu augsto rezult\u0101tu, dal\u0101ties st\u0101st\u0101 par savu sp\u0113\u013cu pieredzi vai vienk\u0101r\u0161i uzrakst\u0101t ko\u0137etu v\u0113st\u012bjumu, m\u016bsu uzraksti pal\u012bdz\u0113s jums aizraut sekot\u0101jus.<\/p>\n<p>M\u016bsu uzraksti aptver da\u017e\u0101das t\u0113mas - no rota\u013c\u012bgas l\u012bdz pavedino\u0161ai un visam starp t\u0101m. Neatkar\u012bgi no t\u0101, vai v\u0113laties par\u0101d\u012bt savu m\u012bl\u012bgo un ner\u0101tno pusi vai \u013cauties seks\u012bg\u0101m sp\u0113l\u0113t\u0101ju fant\u0101zij\u0101m, m\u0113s esam par\u016bp\u0113ju\u0161ies par jums. Turkl\u0101t, pateicoties m\u016bsu viegli lietojamajam form\u0101tam, j\u016bs varat \u0101tri un viegli kop\u0113t un iel\u012bm\u0113t izv\u0113l\u0113to uzrakstu savos soci\u0101lo t\u012bklu zi\u0146ojumos, ietaupot laiku un p\u016bles.<\/p>\n<p>T\u0101tad, ja esat gatavs populariz\u0113t savus Gamer girl video pakalpojumus un sazin\u0101ties ar savu auditoriju, pas\u016btiet m\u016bsu Gamer girl soci\u0101lo mediju uzrakstu paketi jau \u0161odien!<\/p>","protected":false},"excerpt":{"rendered":"<p><strong>M\u016b\u017ea atjaunin\u0101jumi!<\/strong><\/p>\n<p>Vai esat OnlyFans modelis, kam pat\u012bk sp\u0113l\u0113t un kas v\u0113las iesaist\u012bt savu auditoriju soci\u0101lajos t\u012bklos? M\u016bsu sp\u0113l\u0113t\u0101ju meite\u0146u soci\u0101lo mediju uzrakstu komplekts ir tie\u0161i tas, kas jums nepiecie\u0161ams!<\/p>\n<p>Piem\u0113ri:<\/p>\n<ul>\n<li><span data-sheets-value=\"{&quot;1&quot;:2,&quot;2&quot;:&quot;Do you like my game face? \ud83e\udd29 Come talk to me and see what I'm really made of. \ud83d\ude0f &quot;}\" data-sheets-userformat=\"{&quot;2&quot;:14400,&quot;9&quot;:0,&quot;14&quot;:{&quot;1&quot;:2,&quot;2&quot;:0},&quot;15&quot;:&quot;Verdana&quot;,&quot;16&quot;:11}\">Vai jums pat\u012bk mana sp\u0113les seja? \ud83e\udd29 N\u0101c ar mani aprun\u0101ties un uzzini, no k\u0101 es esmu \u012bsti rad\u012bts. \ud83d\ude0f <\/span><\/li>\n<li><span data-sheets-value=\"{&quot;1&quot;:2,&quot;2&quot;:&quot;Join my stream tonight and let's play some games \ud83c\udfae\ud83d\ude09 I promise you won't be disappointed with what else I have in store \ud83d\ude0f #gamergirl #sexystreamer #naughtynightin&quot;}\" data-sheets-userformat=\"{&quot;2&quot;:8961,&quot;3&quot;:{&quot;1&quot;:0},&quot;11&quot;:4,&quot;12&quot;:0,&quot;16&quot;:12}\">Pievienojies manai straumei \u0161ovakar un sp\u0113l\u0113sim da\u017eas sp\u0113les \ud83c\udfae\ud83d\ude09 Es apsolu, ka j\u016bs neb\u016bsiet v\u012blu\u0161ies taj\u0101, ko v\u0113l esmu sagatavojusi \ud83d\ude0f #gamergirl #sexystreamer #naughtynightin<\/span><\/li>\n<li><span data-sheets-value=\"{&quot;1&quot;:2,&quot;2&quot;:&quot;Warning! \ud83d\udd25 I'm feeling extra naughty tonight - come join me and let's see where the night takes us...&quot;}\" data-sheets-userformat=\"{&quot;2&quot;:8961,&quot;3&quot;:{&quot;1&quot;:0},&quot;11&quot;:4,&quot;12&quot;:0,&quot;16&quot;:12}\">Br\u012bdin\u0101jums! \ud83d\udd25 \u0160ovakar es j\u016btos \u012bpa\u0161i ner\u0101tna - pievienojies man un redz\u0113sim, kur m\u016bs aizved\u012bs nakts...<\/span><\/li>\n<\/ul>","protected":false},"featured_media":2338,"comment_status":"open","ping_status":"closed","template":"","meta":[],"product_brand":[],"product_cat":[22],"product_tag":[31],"class_list":{"0":"post-620","1":"product","2":"type-product","3":"status-publish","4":"has-post-thumbnail","6":"product_cat-captions","7":"product_tag-gamer-girl","8":"infinite-scroll-item","9":"no-featured-image-padding","10":"sales-flash-overlay","11":"woocommerce-text-align-center","12":"woocommerce-image-align-center","13":"wc-has-gallery","15":"first","16":"instock","17":"downloadable","18":"virtual","19":"sold-individually","20":"purchasable","21":"product-type-simple"},"aioseo_notices":[],"_links":{"self":[{"href":"https:\/\/subtomy.com\/lv\/wp-json\/wp\/v2\/product\/620","targetHints":{"allow":["GET"]}}],"collection":[{"href":"https:\/\/subtomy.com\/lv\/wp-json\/wp\/v2\/product"}],"about":[{"href":"https:\/\/subtomy.com\/lv\/wp-json\/wp\/v2\/types\/product"}],"replies":[{"embeddable":true,"href":"https:\/\/subtomy.com\/lv\/wp-json\/wp\/v2\/comments?post=620"}],"wp:featuredmedia":[{"embeddable":true,"href":"https:\/\/subtomy.com\/lv\/wp-json\/wp\/v2\/media\/2338"}],"wp:attachment":[{"href":"https:\/\/subtomy.com\/lv\/wp-json\/wp\/v2\/media?parent=620"}],"wp:term":[{"taxonomy":"product_brand","embeddable":true,"href":"https:\/\/subtomy.com\/lv\/wp-json\/wp\/v2\/product_brand?post=620"},{"taxonomy":"product_cat","embeddable":true,"href":"https:\/\/subtomy.com\/lv\/wp-json\/wp\/v2\/product_cat?post=620"},{"taxonomy":"product_tag","embeddable":true,"href":"https:\/\/subtomy.com\/lv\/wp-json\/wp\/v2\/product_tag?post=620"}],"curies":[{"name":"wp","href":"https:\/\/api.w.org\/{rel}","templated":true}]}}