{"id":679,"date":"2023-04-18T00:06:28","date_gmt":"2023-04-18T05:06:28","guid":{"rendered":"https:\/\/shop.cammodelagency.com\/?post_type=product&#038;p=679"},"modified":"2024-03-28T00:36:42","modified_gmt":"2024-03-28T05:36:42","slug":"gay-male-captions","status":"publish","type":"product","link":"https:\/\/subtomy.com\/lv\/produkts\/geju-viriesu-uzraksti\/","title":{"rendered":"100+ Geju v\u012brie\u0161u uzraksti OnlyFans, Reddit, soci\u0101lajiem medijiem utt."},"content":{"rendered":"<p>Iepaz\u012bstin\u0101m ar vislab\u0101ko risin\u0101jumu heteroseksu\u0101liem v\u012brie\u0161u dzimuma OnlyFans mode\u013ciem, kuri v\u0113las uzlabot savu kl\u0101tb\u016btni soci\u0101lajos t\u012bklos un piesaist\u012bt vair\u0101k sekot\u0101ju: Straight Male Social Media Caption Pack. \u0160\u012b pakete ir \u012bpa\u0161i izstr\u0101d\u0101ta mode\u013ciem, kuri p\u0101rdod pakalpojumus vietn\u0113 OnlyFans, un taj\u0101 ir iek\u013cauti da\u017e\u0101di saisto\u0161i un uzman\u012bbu piesaisto\u0161i uzraksti, kas noteikti liks j\u016bsu auditorijai run\u0101t.<\/p>\n<p>Neatkar\u012bgi no t\u0101, vai v\u0113laties demonstr\u0113t savu jaun\u0101ko saturu, reklam\u0113t gaid\u0101mos pas\u0101kumus vai vienk\u0101r\u0161i izklaid\u0113t un iesaist\u012bt sekot\u0101jus, \u0161aj\u0101 uzrakstu paket\u0113 ir viss nepiecie\u0161amais. No ko\u0137et\u0113jo\u0161iem vienc\u0113lieniem l\u012bdz provokat\u012bviem jaut\u0101jumiem - m\u016bsu uzraksti ir r\u016bp\u012bgi izstr\u0101d\u0101ti, lai uzrun\u0101tu geju v\u012brie\u0161u auditoriju un saglab\u0101tu j\u016bsu saturu svaigu un aizraujo\u0161u.<\/p>\n<p>Piem\u0113ri:<\/p>\n<ul>\n<li><span data-sheets-value=\"{&quot;1&quot;:2,&quot;2&quot;:&quot;Don't you wish you could be my \ud83e\udd0e? Come get to know me better on OnlyFans and see what I'm all about. \ud83d\udd25 Let's explore every inch of each other and have some naughty fun. #gayonlyfans&quot;}\" data-sheets-userformat=\"{&quot;2&quot;:8961,&quot;3&quot;:{&quot;1&quot;:0},&quot;11&quot;:4,&quot;12&quot;:0,&quot;16&quot;:12}\">Vai tu negrib\u0113tu b\u016bt mans \ud83e\udd0e? N\u0101c iepaz\u012bt mani tuv\u0101k OnlyFans un uzzini, kas es esmu. \ud83d\udd25 Izp\u0113t\u012bsim katru centimetru viens no otra un nedaudz ner\u0101tni izklaid\u0113simies. #gayonlyfans<\/span><\/li>\n<li><span data-sheets-value=\"{&quot;1&quot;:2,&quot;2&quot;:&quot;I'm the \ud83d\udd25 gay boy you dream about! Let's chat and flirt, and who knows where it might lead? I'm always looking for new adventures with my fans\u2014let's get wild together! &quot;}\" data-sheets-userformat=\"{&quot;2&quot;:14656,&quot;9&quot;:0,&quot;11&quot;:4,&quot;14&quot;:{&quot;1&quot;:2,&quot;2&quot;:0},&quot;15&quot;:&quot;Verdana&quot;,&quot;16&quot;:11}\">Es esmu \ud83d\udd25 gejs, par kuru tu sap\u0146o! T\u0113rz\u0113sim un flirt\u0113sim, un kas zina, kur tas var aizvest? Es vienm\u0113r mekl\u0113ju jaunus piedz\u012bvojumus ar saviem faniem - \u013caujiet mums kop\u0101 izkust\u0113ties! <\/span><\/li>\n<li><span data-sheets-value=\"{&quot;1&quot;:2,&quot;2&quot;:&quot;Sexy, single &amp; ready to mingle \ud83e\udd29\ud83d\udca6 Interested in getting to know me better? DM me and let's get the conversation started \ud83d\ude0c #gay #horny #singleandreadytomingle&quot;}\" data-sheets-userformat=\"{&quot;2&quot;:8961,&quot;3&quot;:{&quot;1&quot;:0},&quot;11&quot;:4,&quot;12&quot;:0,&quot;16&quot;:12}\">Seks\u012bga, br\u012bva un gatava saprasties \ud83e\udd29\ud83d\udca6 Interes\u0113 iepaz\u012bt mani tuv\u0101k? DM mani un s\u0101ksim sarunu \ud83d\ude0c #gay #horny #singleandreadytomingle<\/span><\/li>\n<\/ul>\n<p>T\u0101p\u0113c, ja esat gatavs savu OnlyFans biznesu pacelt n\u0101kamaj\u0101 l\u012bmen\u012b, vairs negaidiet. Pas\u016btiet Straight Male soci\u0101lo mediju uzrakstu komplektu jau \u0161odien un s\u0101ciet izcelties no p\u016b\u013ca!<\/p>","protected":false},"excerpt":{"rendered":"<p>Iepaz\u012bstin\u0101m ar vislab\u0101ko risin\u0101jumu geju v\u012brie\u0161u dzimuma OnlyFans mode\u013ciem, kuri v\u0113las uzlabot savu kl\u0101tb\u016btni soci\u0101lajos medijos un piesaist\u012bt vair\u0101k sekot\u0101ju: Geju v\u012brie\u0161u soci\u0101lo mediju uzrakstu komplekts. Piem\u0113ri:<\/p>\n<p>Piem\u0113ri:<\/p>\n<ul>\n<li><span data-sheets-value=\"{&quot;1&quot;:2,&quot;2&quot;:&quot;Don't you wish you could be my \ud83e\udd0e? Come get to know me better on OnlyFans and see what I'm all about. \ud83d\udd25 Let's explore every inch of each other and have some naughty fun. #gayonlyfans&quot;}\" data-sheets-userformat=\"{&quot;2&quot;:8961,&quot;3&quot;:{&quot;1&quot;:0},&quot;11&quot;:4,&quot;12&quot;:0,&quot;16&quot;:12}\">Vai tu negrib\u0113tu b\u016bt mans \ud83e\udd0e? N\u0101c iepaz\u012bt mani tuv\u0101k OnlyFans un uzzini, kas es esmu. \ud83d\udd25 Izp\u0113t\u012bsim katru centimetru viens no otra un nedaudz ner\u0101tni izklaid\u0113simies. #gayonlyfans<\/span><\/li>\n<li><span data-sheets-value=\"{&quot;1&quot;:2,&quot;2&quot;:&quot;I'm the \ud83d\udd25 gay boy you dream about! Let's chat and flirt, and who knows where it might lead? I'm always looking for new adventures with my fans\u2014let's get wild together! &quot;}\" data-sheets-userformat=\"{&quot;2&quot;:14656,&quot;9&quot;:0,&quot;11&quot;:4,&quot;14&quot;:{&quot;1&quot;:2,&quot;2&quot;:0},&quot;15&quot;:&quot;Verdana&quot;,&quot;16&quot;:11}\">Es esmu \ud83d\udd25 gejs, par kuru tu sap\u0146o! T\u0113rz\u0113sim un flirt\u0113sim, un kas zina, kur tas var aizvest? Es vienm\u0113r mekl\u0113ju jaunus piedz\u012bvojumus ar saviem faniem - \u013caujiet mums kop\u0101 izkust\u0113ties! <\/span><\/li>\n<li><span data-sheets-value=\"{&quot;1&quot;:2,&quot;2&quot;:&quot;Sexy, single &amp; ready to mingle \ud83e\udd29\ud83d\udca6 Interested in getting to know me better? DM me and let's get the conversation started \ud83d\ude0c #gay #horny #singleandreadytomingle&quot;}\" data-sheets-userformat=\"{&quot;2&quot;:8961,&quot;3&quot;:{&quot;1&quot;:0},&quot;11&quot;:4,&quot;12&quot;:0,&quot;16&quot;:12}\">Seks\u012bga, br\u012bva un gatava saprasties \ud83e\udd29\ud83d\udca6 Interes\u0113 iepaz\u012bt mani tuv\u0101k? DM mani un s\u0101ksim sarunu \ud83d\ude0c #gay #horny #singleandreadytomingle<\/span><\/li>\n<\/ul>","protected":false},"featured_media":2324,"comment_status":"open","ping_status":"closed","template":"","meta":[],"product_brand":[],"product_cat":[22],"product_tag":[33],"class_list":{"0":"post-679","1":"product","2":"type-product","3":"status-publish","4":"has-post-thumbnail","6":"product_cat-captions","7":"product_tag-men","8":"infinite-scroll-item","9":"no-featured-image-padding","10":"sales-flash-overlay","11":"woocommerce-text-align-center","12":"woocommerce-image-align-center","13":"wc-has-gallery","15":"first","16":"instock","17":"downloadable","18":"virtual","19":"sold-individually","20":"purchasable","21":"product-type-simple"},"aioseo_notices":[],"_links":{"self":[{"href":"https:\/\/subtomy.com\/lv\/wp-json\/wp\/v2\/product\/679","targetHints":{"allow":["GET"]}}],"collection":[{"href":"https:\/\/subtomy.com\/lv\/wp-json\/wp\/v2\/product"}],"about":[{"href":"https:\/\/subtomy.com\/lv\/wp-json\/wp\/v2\/types\/product"}],"replies":[{"embeddable":true,"href":"https:\/\/subtomy.com\/lv\/wp-json\/wp\/v2\/comments?post=679"}],"wp:featuredmedia":[{"embeddable":true,"href":"https:\/\/subtomy.com\/lv\/wp-json\/wp\/v2\/media\/2324"}],"wp:attachment":[{"href":"https:\/\/subtomy.com\/lv\/wp-json\/wp\/v2\/media?parent=679"}],"wp:term":[{"taxonomy":"product_brand","embeddable":true,"href":"https:\/\/subtomy.com\/lv\/wp-json\/wp\/v2\/product_brand?post=679"},{"taxonomy":"product_cat","embeddable":true,"href":"https:\/\/subtomy.com\/lv\/wp-json\/wp\/v2\/product_cat?post=679"},{"taxonomy":"product_tag","embeddable":true,"href":"https:\/\/subtomy.com\/lv\/wp-json\/wp\/v2\/product_tag?post=679"}],"curies":[{"name":"wp","href":"https:\/\/api.w.org\/{rel}","templated":true}]}}