{"id":687,"date":"2023-04-18T00:22:09","date_gmt":"2023-04-18T05:22:09","guid":{"rendered":"https:\/\/shop.cammodelagency.com\/?post_type=product&#038;p=687"},"modified":"2024-03-28T00:31:07","modified_gmt":"2024-03-28T05:31:07","slug":"straight-male-captions","status":"publish","type":"product","link":"https:\/\/subtomy.com\/lv\/produkts\/tiesajiem-viriesu-parakstiem\/","title":{"rendered":"100+ Straight v\u012brie\u0161u uzraksti OnlyFans, soci\u0101lajiem medijiem, Reddit u. c."},"content":{"rendered":"<p>Iepaz\u012bstin\u0101m ar vislab\u0101ko risin\u0101jumu heteroseksu\u0101liem v\u012brie\u0161u dzimuma OnlyFans mode\u013ciem, kuri v\u0113las uzlabot savu kl\u0101tb\u016btni soci\u0101lajos t\u012bklos un piesaist\u012bt vair\u0101k sekot\u0101ju: Straight Male Social Media Caption Pack. \u0160\u012b pakete ir \u012bpa\u0161i izstr\u0101d\u0101ta mode\u013ciem, kuri p\u0101rdod pakalpojumus vietn\u0113 OnlyFans, un taj\u0101 ir iek\u013cauti da\u017e\u0101di saisto\u0161i un uzman\u012bbu piesaisto\u0161i uzraksti, kas noteikti liks j\u016bsu auditorijai run\u0101t.<\/p>\n<p>Neatkar\u012bgi no t\u0101, vai v\u0113laties demonstr\u0113t savu jaun\u0101ko saturu, reklam\u0113t gaid\u0101mos pas\u0101kumus vai vienk\u0101r\u0161i izklaid\u0113t un iesaist\u012bt sekot\u0101jus, \u0161aj\u0101 uzrakstu paket\u0113 ir viss nepiecie\u0161amais. M\u016bsu uzraksti ir r\u016bp\u012bgi izstr\u0101d\u0101ti, lai uzrun\u0101tu tie\u0161u v\u012brie\u0161u auditoriju un saglab\u0101tu j\u016bsu saturu svaigu un aizraujo\u0161u - no rota\u013c\u012bgiem vienc\u0113lieniem l\u012bdz intri\u0123\u0113jo\u0161iem jaut\u0101jumiem.<\/p>\n<p>Piem\u0113ri:<\/p>\n<ul>\n<li><span data-sheets-value=\"{&quot;1&quot;:2,&quot;2&quot;:&quot;Do you like what you see? \ud83e\udd24 I'm feeling so horny right now and can't wait to chat with all my fans. Let's get to know each other better, shall we? \ud83d\ude09 &quot;}\" data-sheets-userformat=\"{&quot;2&quot;:14656,&quot;9&quot;:0,&quot;11&quot;:4,&quot;14&quot;:{&quot;1&quot;:2,&quot;2&quot;:0},&quot;15&quot;:&quot;Verdana&quot;,&quot;16&quot;:11}\">Vai jums pat\u012bk tas, ko redzat? \ud83e\udd24 Es \u0161obr\u012bd j\u016btos tik uzbudin\u0101ts un nevaru sagaid\u012bt, kad var\u0113sim aprun\u0101ties ar visiem maniem faniem. Iepaz\u012bsim viens otru lab\u0101k, labi? \ud83d\ude09 \ud83d\ude09 <\/span><\/li>\n<li><span data-sheets-value=\"{&quot;1&quot;:2,&quot;2&quot;:&quot;Join my OnlyFans and let's get naughty \ud83d\udd25 I'm feeling really horny and ready to have some fun with you. Come talk to me, be my fan, and watch as I show off my handsome bod! \ud83d\ude0d #OnlyFansModel #MaleModel&quot;}\" data-sheets-userformat=\"{&quot;2&quot;:8961,&quot;3&quot;:{&quot;1&quot;:0},&quot;11&quot;:4,&quot;12&quot;:0,&quot;16&quot;:12}\">Pievienojies maniem OnlyFans un b\u016bsim ner\u0101tni \ud83d\udd25 Es j\u016btos \u013coti uzbudin\u0101ts un gatavs izklaid\u0113ties ar tevi. N\u0101c aprun\u0101ties ar mani, k\u013c\u016bsti par manu fani un v\u0113ro, k\u0101 es demonstr\u0113ju savu izskat\u012bgo \u0137ermeni! \ud83d\ude0d #OnlyFansModel #MaleModel #MaleModel<\/span><\/li>\n<li><span data-sheets-value=\"{&quot;1&quot;:2,&quot;2&quot;:&quot;Submit your thirstiest fantasies to me and \ud83e\udd24 I'll make them come true! Be bold, take the plunge and join me in my world of pleasure. \ud83d\udd25&quot;}\" data-sheets-userformat=\"{&quot;2&quot;:8961,&quot;3&quot;:{&quot;1&quot;:0},&quot;11&quot;:4,&quot;12&quot;:0,&quot;16&quot;:12}\">Iesniedz man savas visspilgt\u0101k\u0101s fant\u0101zijas, un \ud83e\udd24 es t\u0101s piepild\u012b\u0161u! Esi drosm\u012bgs, uzdr\u012bksties un pievienojies man\u0101 baudas pasaul\u0113. \ud83d\udd25<\/span><\/li>\n<\/ul>\n<p>T\u0101p\u0113c, ja esat gatavs savu OnlyFans biznesu pacelt n\u0101kamaj\u0101 l\u012bmen\u012b, vairs negaidiet. Pas\u016btiet Straight Male soci\u0101lo mediju uzrakstu komplektu jau \u0161odien un s\u0101ciet izcelties no p\u016b\u013ca!<\/p>","protected":false},"excerpt":{"rendered":"<p>Iepaz\u012bstin\u0101m ar gal\u012bgo risin\u0101jumu heteroseksu\u0101liem v\u012brie\u0161u dzimuma OnlyFans mode\u013ciem, kuri v\u0113las uzlabot savu kl\u0101tb\u016btni soci\u0101lajos t\u012bklos un piesaist\u012bt vair\u0101k sekot\u0101ju.<\/p>\n<p>Piem\u0113ri:<\/p>\n<ul>\n<li><span data-sheets-value=\"{&quot;1&quot;:2,&quot;2&quot;:&quot;Do you like what you see? \ud83e\udd24 I'm feeling so horny right now and can't wait to chat with all my fans. Let's get to know each other better, shall we? \ud83d\ude09 &quot;}\" data-sheets-userformat=\"{&quot;2&quot;:14656,&quot;9&quot;:0,&quot;11&quot;:4,&quot;14&quot;:{&quot;1&quot;:2,&quot;2&quot;:0},&quot;15&quot;:&quot;Verdana&quot;,&quot;16&quot;:11}\">Vai jums pat\u012bk tas, ko redzat? \ud83e\udd24 Es \u0161obr\u012bd j\u016btos tik uzbudin\u0101ts un nevaru sagaid\u012bt, kad var\u0113sim aprun\u0101ties ar visiem maniem faniem. Iepaz\u012bsim viens otru lab\u0101k, labi? \ud83d\ude09 \ud83d\ude09 <\/span><\/li>\n<li><span data-sheets-value=\"{&quot;1&quot;:2,&quot;2&quot;:&quot;Join my OnlyFans and let's get naughty \ud83d\udd25 I'm feeling really horny and ready to have some fun with you. Come talk to me, be my fan, and watch as I show off my handsome bod! \ud83d\ude0d #OnlyFansModel #MaleModel&quot;}\" data-sheets-userformat=\"{&quot;2&quot;:8961,&quot;3&quot;:{&quot;1&quot;:0},&quot;11&quot;:4,&quot;12&quot;:0,&quot;16&quot;:12}\">Pievienojies maniem OnlyFans un b\u016bsim ner\u0101tni \ud83d\udd25 Es j\u016btos \u013coti uzbudin\u0101ts un gatavs izklaid\u0113ties ar tevi. N\u0101c aprun\u0101ties ar mani, k\u013c\u016bsti par manu fani un v\u0113ro, k\u0101 es demonstr\u0113ju savu izskat\u012bgo \u0137ermeni! \ud83d\ude0d #OnlyFansModel #MaleModel #MaleModel<\/span><\/li>\n<li><span data-sheets-value=\"{&quot;1&quot;:2,&quot;2&quot;:&quot;Submit your thirstiest fantasies to me and \ud83e\udd24 I'll make them come true! Be bold, take the plunge and join me in my world of pleasure. \ud83d\udd25&quot;}\" data-sheets-userformat=\"{&quot;2&quot;:8961,&quot;3&quot;:{&quot;1&quot;:0},&quot;11&quot;:4,&quot;12&quot;:0,&quot;16&quot;:12}\">Iesniedz man savas visspilgt\u0101k\u0101s fant\u0101zijas, un \ud83e\udd24 es t\u0101s piepild\u012b\u0161u! Esi drosm\u012bgs, uzdr\u012bksties un pievienojies man\u0101 baudas pasaul\u0113. \ud83d\udd25<\/span><\/li>\n<\/ul>","protected":false},"featured_media":2322,"comment_status":"open","ping_status":"closed","template":"","meta":[],"product_brand":[],"product_cat":[22],"product_tag":[33],"class_list":{"0":"post-687","1":"product","2":"type-product","3":"status-publish","4":"has-post-thumbnail","6":"product_cat-captions","7":"product_tag-men","8":"infinite-scroll-item","9":"no-featured-image-padding","10":"sales-flash-overlay","11":"woocommerce-text-align-center","12":"woocommerce-image-align-center","13":"wc-has-gallery","15":"first","16":"instock","17":"downloadable","18":"virtual","19":"sold-individually","20":"purchasable","21":"product-type-simple"},"aioseo_notices":[],"_links":{"self":[{"href":"https:\/\/subtomy.com\/lv\/wp-json\/wp\/v2\/product\/687","targetHints":{"allow":["GET"]}}],"collection":[{"href":"https:\/\/subtomy.com\/lv\/wp-json\/wp\/v2\/product"}],"about":[{"href":"https:\/\/subtomy.com\/lv\/wp-json\/wp\/v2\/types\/product"}],"replies":[{"embeddable":true,"href":"https:\/\/subtomy.com\/lv\/wp-json\/wp\/v2\/comments?post=687"}],"wp:featuredmedia":[{"embeddable":true,"href":"https:\/\/subtomy.com\/lv\/wp-json\/wp\/v2\/media\/2322"}],"wp:attachment":[{"href":"https:\/\/subtomy.com\/lv\/wp-json\/wp\/v2\/media?parent=687"}],"wp:term":[{"taxonomy":"product_brand","embeddable":true,"href":"https:\/\/subtomy.com\/lv\/wp-json\/wp\/v2\/product_brand?post=687"},{"taxonomy":"product_cat","embeddable":true,"href":"https:\/\/subtomy.com\/lv\/wp-json\/wp\/v2\/product_cat?post=687"},{"taxonomy":"product_tag","embeddable":true,"href":"https:\/\/subtomy.com\/lv\/wp-json\/wp\/v2\/product_tag?post=687"}],"curies":[{"name":"wp","href":"https:\/\/api.w.org\/{rel}","templated":true}]}}