{"id":1540,"date":"2023-05-24T16:39:17","date_gmt":"2023-05-24T21:39:17","guid":{"rendered":"https:\/\/subtomy.com\/?post_type=product&#038;p=1540"},"modified":"2024-03-02T22:05:11","modified_gmt":"2024-03-03T03:05:11","slug":"findom-question-pack","status":"publish","type":"product","link":"https:\/\/subtomy.com\/nl\/product\/findom-vragenpakket\/","title":{"rendered":"Findom 100-Question Pack voor OnlyFans, Loyalfans, Reddit, Twitter, etc."},"content":{"rendered":"<h3 style=\"text-align: center;\">Maak kennis met het FinDom 100-Question Pack: Ontketen uw financi\u00eble dominantie<\/h3>\n<p>Oproep aan alle financi\u00eble dominanten! Ben jij er klaar voor om je controle te verhogen, je publiek te boeien en ervoor te zorgen dat je klanten hunkeren naar jouw financi\u00eble dominantie als nooit tevoren? Stap in de schijnwerpers met het FinDom 100-Question Pack, een krachtige tool ontworpen voor platforms zoals OnlyFans, Loyalfans, Reddit, Twitter en andere social media kanalen.<\/p>\n<ol>\n<li><strong>Domineer uw markt<\/strong>: Krijg een concurrentievoordeel in financi\u00eble dominantie met dit zorgvuldig samengestelde vragenpakket. Overtuig uw publiek, lok nieuwe prospects en laat een onuitwisbare indruk achter op uw bestaande klanten terwijl u moeiteloos de leiding neemt over hun verlangens.<\/li>\n<li><strong>Ontsteek hun verlangen<\/strong>: Ontketen een wervelwind van emoties en wek het onverzadigbare verlangen van je volgers naar financi\u00eble onderwerping. Elke vraag is met precisie gemaakt en ontworpen om intense anticipatie, verlangen en een overweldigende behoefte om hun diepste financi\u00eble fantasie\u00ebn te vervullen op te wekken.<\/li>\n<li><strong>Brandstof voor uitgaven van klanten<\/strong>: Neem uw klanten mee op een reis waarbij plezier en uitgaven in elkaar overlopen. Door strategisch gebruik te maken van het FinDom 100-Question Pack kunt u hun bereidheid om meer te investeren ontsluiten, waardoor hun verlangen om u te behagen en financieel van dienst te zijn wordt versterkt.<\/li>\n<li><strong>Personaliseer uw aanpak<\/strong>: Stem je vraagstrategie af op je individuele stijl en voorkeuren. Of je nu de voorkeur geeft aan dwingende autoriteit of subtiele manipulatie, met deze vragen kun je je aanpak verfijnen, zodat je bij elke interactie een maximale impact hebt.<\/li>\n<li><strong>Loyaliteit kweken<\/strong>: Verdiep je band met je bestaande klanten door ze een unieke en meeslepende ervaring te bieden. Het FinDom 100-Question Pack bevordert loyaliteit, waardoor je de onbetwistbare autoriteit op het gebied van financi\u00eble dominantie wordt en herhaalopdrachten worden aangemoedigd.<\/li>\n<li><strong>Betrokkenheid versterken<\/strong>: Moedig je volgers aan om actief deel te nemen aan je inhoud en discussies. Stimuleer gesprekken, nodig ze uit om hun verlangens en grenzen te delen en cre\u00eber een gemeenschap waar financi\u00eble onderdanigen en dominanten met elkaar in contact kunnen komen en elkaar kunnen steunen.<\/li>\n<li><strong>Versterk je dominantie<\/strong>: Onthul de geheimen van onweerstaanbare financi\u00eble dominantie en onthul de verborgen verlangens van je klanten. Met het FinDom 100-Question Pack als je gids kun je je expertise laten zien, de anticipatie verhogen en je positie als de dominante kracht waarnaar ze hunkeren verstevigen.<\/li>\n<\/ol>\n<p>Ontketen de kracht van het FinDom 100-Question Pack en zie hoe jouw financi\u00eble dominantie nieuwe hoogten bereikt. Stap in grenzeloze controle, onge\u00ebvenaarde tevredenheid en een trouwe klantenkring die zich gewillig overgeeft aan jouw financi\u00eble dapperheid.<\/p>","protected":false},"excerpt":{"rendered":"<p>Maak kennis met het FinDom 100-Question Pack: Ontketen uw financi\u00eble dominantie<\/p>\n<p>Oproep aan alle financi\u00eble dominanten! Ben jij er klaar voor om je controle te verhogen, je publiek te boeien en ervoor te zorgen dat je klanten hunkeren naar jouw financi\u00eble dominantie als nooit tevoren? Stap in de schijnwerpers met het FinDom 100-Question Pack, een krachtige tool exclusief ontworpen voor platforms zoals OnlyFans, Loyalfans, Reddit, Twitter en andere social media kanalen.<\/p>\n<ul>\n<li><em>Waar wil je dat ik mijn laars zet? Geef je over en betaal nu voor je vernedering, varkentje! \ud83d\udcb8<\/em><\/li>\n<li><em>Wie wil mijn financi\u00eble onderdanige zijn en alles doen \ud83d\udcb8 om mij gelukkig te maken? Ik ben klaar om de controle over te nemen en je te vernederen tot je niet anders kunt dan smeken om meer. \ud83d\ude08<\/em><\/li>\n<li><em>Wie is er klaar om \ud83e\udd11\ud83d\udcb8 tot het uiterste gedreven te worden door hun sexy Findom? \ud83d\udd25Ben je bereid om alle controle over te geven en volledig te worden blootgesteld, vernederd en op je plaats gezet voor mij? \ud83d\ude08<\/em><\/li>\n<\/ul>","protected":false},"featured_media":2259,"comment_status":"closed","ping_status":"closed","template":"","meta":[],"product_brand":[],"product_cat":[35],"product_tag":[28],"class_list":{"0":"post-1540","1":"product","2":"type-product","3":"status-publish","4":"has-post-thumbnail","6":"product_cat-question-packs","7":"product_tag-findom","8":"infinite-scroll-item","9":"no-featured-image-padding","10":"sales-flash-overlay","11":"woocommerce-text-align-center","12":"woocommerce-image-align-center","13":"wc-has-gallery","15":"first","16":"instock","17":"downloadable","18":"virtual","19":"sold-individually","20":"purchasable","21":"product-type-simple"},"aioseo_notices":[],"_links":{"self":[{"href":"https:\/\/subtomy.com\/nl\/wp-json\/wp\/v2\/product\/1540","targetHints":{"allow":["GET"]}}],"collection":[{"href":"https:\/\/subtomy.com\/nl\/wp-json\/wp\/v2\/product"}],"about":[{"href":"https:\/\/subtomy.com\/nl\/wp-json\/wp\/v2\/types\/product"}],"replies":[{"embeddable":true,"href":"https:\/\/subtomy.com\/nl\/wp-json\/wp\/v2\/comments?post=1540"}],"wp:featuredmedia":[{"embeddable":true,"href":"https:\/\/subtomy.com\/nl\/wp-json\/wp\/v2\/media\/2259"}],"wp:attachment":[{"href":"https:\/\/subtomy.com\/nl\/wp-json\/wp\/v2\/media?parent=1540"}],"wp:term":[{"taxonomy":"product_brand","embeddable":true,"href":"https:\/\/subtomy.com\/nl\/wp-json\/wp\/v2\/product_brand?post=1540"},{"taxonomy":"product_cat","embeddable":true,"href":"https:\/\/subtomy.com\/nl\/wp-json\/wp\/v2\/product_cat?post=1540"},{"taxonomy":"product_tag","embeddable":true,"href":"https:\/\/subtomy.com\/nl\/wp-json\/wp\/v2\/product_tag?post=1540"}],"curies":[{"name":"wp","href":"https:\/\/api.w.org\/{rel}","templated":true}]}}