{"id":1372,"date":"2023-05-15T22:49:16","date_gmt":"2023-05-16T03:49:16","guid":{"rendered":"https:\/\/subtomy.com\/?post_type=product&#038;p=1372"},"modified":"2023-05-24T16:42:13","modified_gmt":"2023-05-24T21:42:13","slug":"findom-debt-contract-template","status":"publish","type":"product","link":"https:\/\/subtomy.com\/pl\/produkt\/findom-debt-contract-contract-template\/","title":{"rendered":"Szablon umowy zad\u0142u\u017cenia Findom"},"content":{"rendered":"<h3 style=\"text-align: center;\">Przedstawiamy Findom Debt Contract: Zabezpiecz swoje zobowi\u0105zania finansowe przed Pay Pig<\/h3>\n<p>Zwi\u0105\u017c swoj\u0105 \u015bwini\u0119 finansow\u0105 umow\u0105, kt\u00f3rej nie b\u0119dzie mog\u0142a si\u0119 oprze\u0107. Dzi\u0119ki Findom Debt Contract mo\u017cesz wymaga\u0107 niezachwianego pos\u0142usze\u0144stwa finansowego od swojej uleg\u0142ej. Ta skrupulatnie przygotowana umowa dodaje dodatkowej intensywno\u015bci do odgrywania r\u00f3l, zapewniaj\u0105c zaanga\u017cowanie p\u0142atnej \u015bwini w wype\u0142nianie jej zobowi\u0105za\u0144 finansowych.<\/p>\n<p><strong>Co otrzymujesz:<\/strong><\/p>\n<ol>\n<li><strong>Konfigurowalna umowa na 698 s\u0142\u00f3w<\/strong>: Otrzymaj kompleksow\u0105 umow\u0119 obejmuj\u0105c\u0105 ka\u017cdy aspekt Twojej umowy finansowej. Ten sk\u0142adaj\u0105cy si\u0119 z 698 s\u0142\u00f3w dokument stanowi solidn\u0105 podstaw\u0119 do ustalenia warunk\u00f3w sp\u0142aty zad\u0142u\u017cenia. Umowa jest wygodnie dost\u0119pna w Dokumentach Google, co pozwala na \u0142atw\u0105 i uniwersaln\u0105 edycj\u0119.<\/li>\n<li><strong>Spersonalizowane sekcje:<\/strong> Findom Debt Contract oferuje wyr\u00f3\u017cnione sekcje, kt\u00f3re mo\u017cna p\u0142ynnie dostosowa\u0107 za pomoc\u0105 swojego imienia i imienia uleg\u0142ego, dodaj\u0105c osobisty akcent do dynamiki w\u0142adzy. Zanurz si\u0119 w iluzji kontroli finansowej, wzmacniaj\u0105c swoj\u0105 dominacj\u0119 nad swoj\u0105 \u015bwini\u0105 p\u0142atnicz\u0105.<\/li>\n<li><strong>Elastyczno\u015b\u0107 w dostosowywaniu<\/strong>: Dostosuj umow\u0119 do swoich pragnie\u0144 i preferencji. \u0141atwo dodawaj lub usuwaj sekcje wed\u0142ug w\u0142asnego uznania, upewniaj\u0105c si\u0119, \u017ce umowa odzwierciedla g\u0142\u0119bi\u0119 i zawi\u0142o\u015b\u0107 twojej gry fabularnej. Uczy\u0144 go prawdziw\u0105 manifestacj\u0105 swoich fantazji o dominacji finansowej.<\/li>\n<li><strong>Teatr odgrywania r\u00f3l<\/strong>: Wa\u017cne jest, aby pami\u0119ta\u0107, \u017ce Findom Debt Contracts maj\u0105 charakter czysto teatralny, zaprojektowany w celu zwi\u0119kszenia intensywno\u015bci i zanurzenia si\u0119 w grze fabularnej. S\u0105 one pot\u0119\u017cnym narz\u0119dziem do pog\u0142\u0119biania dynamiki uleg\u0142o\u015bci i kontroli finansowej, zwi\u0119kszaj\u0105c emocjonaln\u0105 wi\u0119\u017a mi\u0119dzy tob\u0105 a twoj\u0105 uleg\u0142\u0105.<\/li>\n<\/ol>\n<p>Przyjmij dramatyczny urok Findom Debt Contract, gdzie fantazja spotyka si\u0119 z rzeczywisto\u015bci\u0105 w \u015bwiecie finansowej dominacji. Maj\u0105c ten kontrakt w r\u0119ku, mo\u017cesz podnie\u015b\u0107 poziom swojej gry fabularnej, umocni\u0107 sw\u00f3j autorytet i upewni\u0107 si\u0119, \u017ce twoja \u015bwinia nie ma innego wyj\u015bcia, jak tylko wype\u0142ni\u0107 swoje zobowi\u0105zania finansowe.<\/p>\n<p>Chocia\u017c umowy Findom Debt zwi\u0119kszaj\u0105 g\u0142\u0119bi\u0119 odgrywania r\u00f3l, nie maj\u0105 one \u017cadnej mocy prawnej. Zgoda, komunikacja i zaufanie pozostaj\u0105 najwa\u017cniejsze w ka\u017cdej dynamice dominacji finansowej. Korzystaj z umowy odpowiedzialnie i w granicach mi\u0119dzy tob\u0105 a twoj\u0105 uleg\u0142\u0105.<\/p>\n<p>Czy jeste\u015b gotowy, aby przesun\u0105\u0107 granice kontroli finansowej i zniewoli\u0107 niezachwiane zaanga\u017cowanie swojej \u015bwini? Wykorzystaj moc Findom Debt Contract i obserwuj, jak tw\u00f3j uleg\u0142y ch\u0119tnie oddaje swoj\u0105 wolno\u015b\u0107 finansow\u0105, aby ci s\u0142u\u017cy\u0107.<\/p>","protected":false},"excerpt":{"rendered":"<p>Przygotuj si\u0119 na zablokowanie swojej \u015bwini p\u0142acowej w umowie, kt\u00f3rej nie ma innego wyj\u015bcia, jak tylko zap\u0142aci\u0107.<\/p>\n<p><strong>Co otrzymujesz:<\/strong><\/p>\n<ul>\n<li>\u0141atwo konfigurowalna umowa na 698 s\u0142\u00f3w z linkiem do pliku Google Docs do uniwersalnej edycji<\/li>\n<li>Wyr\u00f3\u017cnione sekcje, kt\u00f3re mo\u017cna dostosowa\u0107 za pomoc\u0105 imienia i nazwiska uleg\u0142ego.<\/li>\n<li>\u0141atwe dodawanie i usuwanie sekcji wed\u0142ug w\u0142asnego uznania<\/li>\n<\/ul>\n<p><em>Pami\u0119taj, \u017ce umowy dotycz\u0105ce d\u0142ug\u00f3w Findom s\u0105 czysto teatralne i tylko zwi\u0119kszaj\u0105 g\u0142\u0119bi\u0119 odgrywania r\u00f3l.\u00a0<\/em><\/p>","protected":false},"featured_media":1543,"comment_status":"closed","ping_status":"closed","template":"","meta":[],"product_brand":[],"product_cat":[140],"product_tag":[28],"class_list":{"0":"post-1372","1":"product","2":"type-product","3":"status-publish","4":"has-post-thumbnail","6":"product_cat-tools","7":"product_tag-findom","8":"infinite-scroll-item","9":"no-featured-image-padding","10":"sales-flash-overlay","11":"woocommerce-text-align-center","12":"woocommerce-image-align-center","14":"first","15":"instock","16":"downloadable","17":"virtual","18":"sold-individually","19":"purchasable","20":"product-type-simple"},"aioseo_notices":[],"_links":{"self":[{"href":"https:\/\/subtomy.com\/pl\/wp-json\/wp\/v2\/product\/1372","targetHints":{"allow":["GET"]}}],"collection":[{"href":"https:\/\/subtomy.com\/pl\/wp-json\/wp\/v2\/product"}],"about":[{"href":"https:\/\/subtomy.com\/pl\/wp-json\/wp\/v2\/types\/product"}],"replies":[{"embeddable":true,"href":"https:\/\/subtomy.com\/pl\/wp-json\/wp\/v2\/comments?post=1372"}],"wp:featuredmedia":[{"embeddable":true,"href":"https:\/\/subtomy.com\/pl\/wp-json\/wp\/v2\/media\/1543"}],"wp:attachment":[{"href":"https:\/\/subtomy.com\/pl\/wp-json\/wp\/v2\/media?parent=1372"}],"wp:term":[{"taxonomy":"product_brand","embeddable":true,"href":"https:\/\/subtomy.com\/pl\/wp-json\/wp\/v2\/product_brand?post=1372"},{"taxonomy":"product_cat","embeddable":true,"href":"https:\/\/subtomy.com\/pl\/wp-json\/wp\/v2\/product_cat?post=1372"},{"taxonomy":"product_tag","embeddable":true,"href":"https:\/\/subtomy.com\/pl\/wp-json\/wp\/v2\/product_tag?post=1372"}],"curies":[{"name":"wp","href":"https:\/\/api.w.org\/{rel}","templated":true}]}}