{"id":1540,"date":"2023-05-24T16:39:17","date_gmt":"2023-05-24T21:39:17","guid":{"rendered":"https:\/\/subtomy.com\/?post_type=product&#038;p=1540"},"modified":"2024-03-02T22:05:11","modified_gmt":"2024-03-03T03:05:11","slug":"findom-question-pack","status":"publish","type":"product","link":"https:\/\/subtomy.com\/pl\/produkt\/findom-question-pack\/","title":{"rendered":"Findom 100-Question Pack dla OnlyFans, Loyalfans, Reddit, Twitter itp."},"content":{"rendered":"<h3 style=\"text-align: center;\">Przedstawiamy pakiet 100 pyta\u0144 FinDom: Uwolnij swoj\u0105 finansow\u0105 dominacj\u0119<\/h3>\n<p>Wzywamy wszystkich dominator\u00f3w finansowych! Czy jeste\u015b gotowy, aby zwi\u0119kszy\u0107 swoj\u0105 kontrol\u0119, przyci\u0105gn\u0105\u0107 uwag\u0119 odbiorc\u00f3w i sprawi\u0107, \u017ce klienci b\u0119d\u0105 po\u017c\u0105da\u0107 Twojej dominacji finansowej jak nigdy dot\u0105d? Wejd\u017a w centrum uwagi dzi\u0119ki FinDom 100-Question Pack, pot\u0119\u017cnemu narz\u0119dziu zaprojektowanemu dla platform takich jak OnlyFans, Loyalfans, Reddit, Twitter i innych kana\u0142\u00f3w medi\u00f3w spo\u0142eczno\u015bciowych.<\/p>\n<ol>\n<li><strong>Zdominuj sw\u00f3j rynek<\/strong>: Zdob\u0105d\u017a przewag\u0119 konkurencyjn\u0105 w dominacji finansowej dzi\u0119ki temu skrupulatnie wyselekcjonowanemu pakietowi pyta\u0144. Zachwy\u0107 swoich odbiorc\u00f3w, zach\u0119\u0107 nowych potencjalnych klient\u00f3w i pozostaw niezatarty \u015blad na obecnych klientach, gdy bez wysi\u0142ku przejmiesz kontrol\u0119 nad ich pragnieniami.<\/li>\n<li><strong>Rozpal ich po\u017c\u0105danie<\/strong>: Uwolnij wir emocji i obud\u017a w swoich obserwatorach nienasycone pragnienie finansowej uleg\u0142o\u015bci. Precyzyjnie opracowane, ka\u017cde pytanie ma na celu wywo\u0142anie intensywnego oczekiwania, t\u0119sknoty i przyt\u0142aczaj\u0105cej potrzeby spe\u0142nienia ich najg\u0142\u0119bszych fantazji finansowych.<\/li>\n<li><strong>Wydatki klient\u00f3w na paliwo<\/strong>: Zabierz swoich klient\u00f3w w podr\u00f3\u017c, w kt\u00f3rej przyjemno\u015b\u0107 i wydatki przeplataj\u0105 si\u0119 ze sob\u0105. Strategicznie wykorzystuj\u0105c pakiet 100 pyta\u0144 FinDom, mo\u017cesz odblokowa\u0107 ich ch\u0119\u0107 do inwestowania wi\u0119cej, zwi\u0119kszaj\u0105c ich pragnienie zadowolenia i s\u0142u\u017cenia Ci finansowo.<\/li>\n<li><strong>Spersonalizuj swoje podej\u015bcie<\/strong>: Dostosuj strategi\u0119 zadawania pyta\u0144 do swojego indywidualnego stylu i preferencji. Niezale\u017cnie od tego, czy preferujesz autorytet, czy subteln\u0105 manipulacj\u0119, te pytania pozwol\u0105 Ci dostosowa\u0107 swoje podej\u015bcie, zapewniaj\u0105c maksymalny wp\u0142yw na ka\u017cd\u0105 interakcj\u0119.<\/li>\n<li><strong>Kultywowanie lojalno\u015bci<\/strong>: Pog\u0142\u0119b swoj\u0105 wi\u0119\u017a z istniej\u0105c\u0105 baz\u0105 klient\u00f3w, oferuj\u0105c im wyj\u0105tkowe i wci\u0105gaj\u0105ce do\u015bwiadczenie. Pakiet 100 pyta\u0144 FinDom sprzyja lojalno\u015bci, buduj\u0105c pozycj\u0119 niezaprzeczalnego autorytetu w dziedzinie dominacji finansowej i zach\u0119caj\u0105c do ponawiania transakcji.<\/li>\n<li><strong>Wzmocnij zaanga\u017cowanie<\/strong>: Zach\u0119caj swoich obserwuj\u0105cych do aktywnego anga\u017cowania si\u0119 w Twoje tre\u015bci i dyskusje. Prowad\u017a stymuluj\u0105ce rozmowy, zapraszaj ich do dzielenia si\u0119 swoimi pragnieniami i granicami oraz stw\u00f3rz spo\u0142eczno\u015b\u0107, w kt\u00f3rej uleg\u0142e i dominuj\u0105ce osoby mog\u0105 si\u0119 ze sob\u0105 \u0142\u0105czy\u0107 i wzajemnie wspiera\u0107.<\/li>\n<li><strong>Wzmocnij swoj\u0105 dominacj\u0119<\/strong>: Odkryj sekrety nieodpartej dominacji finansowej, ods\u0142aniaj\u0105c ukryte pragnienia swoich klient\u00f3w. Z pakietem 100 pyta\u0144 FinDom jako przewodnikiem, mo\u017cesz zaprezentowa\u0107 swoj\u0105 wiedz\u0119, zwi\u0119kszy\u0107 oczekiwania i umocni\u0107 swoj\u0105 pozycj\u0119 jako dominuj\u0105cej si\u0142y, kt\u00f3rej pragn\u0105.<\/li>\n<\/ol>\n<p>Uwolnij moc FinDom 100-Question Pack i obserwuj, jak twoja finansowa dominacja osi\u0105ga nowe wy\u017cyny. Zapewnij sobie nieograniczon\u0105 kontrol\u0119, niezr\u00f3wnan\u0105 satysfakcj\u0119 i baz\u0119 lojalnych klient\u00f3w, kt\u00f3rzy ch\u0119tnie poddadz\u0105 si\u0119 Twoim finansowym umiej\u0119tno\u015bciom.<\/p>","protected":false},"excerpt":{"rendered":"<p>Przedstawiamy pakiet 100 pyta\u0144 FinDom: Uwolnij swoj\u0105 finansow\u0105 dominacj\u0119<\/p>\n<p>Wzywamy wszystkich dominator\u00f3w finansowych! Czy jeste\u015b gotowy, aby zwi\u0119kszy\u0107 swoj\u0105 kontrol\u0119, przyci\u0105gn\u0105\u0107 uwag\u0119 odbiorc\u00f3w i sprawi\u0107, \u017ce klienci b\u0119d\u0105 po\u017c\u0105da\u0107 Twojej dominacji finansowej jak nigdy dot\u0105d? Wejd\u017a w centrum uwagi dzi\u0119ki FinDom 100-Question Pack, pot\u0119\u017cnemu narz\u0119dziu zaprojektowanemu wy\u0142\u0105cznie dla platform takich jak OnlyFans, Loyalfans, Reddit, Twitter i innych kana\u0142\u00f3w medi\u00f3w spo\u0142eczno\u015bciowych.<\/p>\n<ul>\n<li><em>Gdzie mam postawi\u0107 buta? Poddaj si\u0119 i zap\u0142a\u0107 za swoje upokorzenie, \u015bwinko! \ud83d\udcb8<\/em><\/li>\n<li><em>Kto chce by\u0107 moim finansowym uleg\u0142ym i zrobi\u0107 wszystko, co trzeba \ud83d\udcb8, aby mnie uszcz\u0119\u015bliwi\u0107? Jestem gotowa przej\u0105\u0107 kontrol\u0119 i upokorzy\u0107 Ci\u0119, a\u017c nie b\u0119dziesz m\u00f3g\u0142 pom\u00f3c, ale b\u0142aga\u0107 o wi\u0119cej. \ud83d\ude08<\/em><\/li>\n<li><em>Kto jest gotowy, aby zosta\u0107 \ud83e\udd11\ud83d\udcb8 doprowadzonym do granic mo\u017cliwo\u015bci przez swojego seksownego Findoma? \ud83d\udd25Czy jeste\u015b got\u00f3w podda\u0107 si\u0119 wszelkiej kontroli i by\u0107 ca\u0142kowicie ods\u0142oni\u0119tym, upokorzonym i postawionym na swoim miejscu dla mnie? \ud83d\ude08<\/em><\/li>\n<\/ul>","protected":false},"featured_media":2259,"comment_status":"closed","ping_status":"closed","template":"","meta":[],"product_brand":[],"product_cat":[35],"product_tag":[28],"class_list":{"0":"post-1540","1":"product","2":"type-product","3":"status-publish","4":"has-post-thumbnail","6":"product_cat-question-packs","7":"product_tag-findom","8":"infinite-scroll-item","9":"no-featured-image-padding","10":"sales-flash-overlay","11":"woocommerce-text-align-center","12":"woocommerce-image-align-center","13":"wc-has-gallery","15":"first","16":"instock","17":"downloadable","18":"virtual","19":"sold-individually","20":"purchasable","21":"product-type-simple"},"aioseo_notices":[],"_links":{"self":[{"href":"https:\/\/subtomy.com\/pl\/wp-json\/wp\/v2\/product\/1540","targetHints":{"allow":["GET"]}}],"collection":[{"href":"https:\/\/subtomy.com\/pl\/wp-json\/wp\/v2\/product"}],"about":[{"href":"https:\/\/subtomy.com\/pl\/wp-json\/wp\/v2\/types\/product"}],"replies":[{"embeddable":true,"href":"https:\/\/subtomy.com\/pl\/wp-json\/wp\/v2\/comments?post=1540"}],"wp:featuredmedia":[{"embeddable":true,"href":"https:\/\/subtomy.com\/pl\/wp-json\/wp\/v2\/media\/2259"}],"wp:attachment":[{"href":"https:\/\/subtomy.com\/pl\/wp-json\/wp\/v2\/media?parent=1540"}],"wp:term":[{"taxonomy":"product_brand","embeddable":true,"href":"https:\/\/subtomy.com\/pl\/wp-json\/wp\/v2\/product_brand?post=1540"},{"taxonomy":"product_cat","embeddable":true,"href":"https:\/\/subtomy.com\/pl\/wp-json\/wp\/v2\/product_cat?post=1540"},{"taxonomy":"product_tag","embeddable":true,"href":"https:\/\/subtomy.com\/pl\/wp-json\/wp\/v2\/product_tag?post=1540"}],"curies":[{"name":"wp","href":"https:\/\/api.w.org\/{rel}","templated":true}]}}