{"id":1687,"date":"2023-05-29T18:49:25","date_gmt":"2023-05-29T23:49:25","guid":{"rendered":"https:\/\/subtomy.com\/?post_type=product&#038;p=1687"},"modified":"2024-03-24T06:28:12","modified_gmt":"2024-03-24T11:28:12","slug":"dominatrix-evening-messages-pack","status":"publish","type":"product","link":"https:\/\/subtomy.com\/pl\/produkt\/pakiet-wieczornych-wiadomosci-dominatrix\/","title":{"rendered":"Pakiet wieczornych wiadomo\u015bci Dominatrix 69 dla DM: 1 na 1 lub wiadomo\u015bci masowe"},"content":{"rendered":"<h3 style=\"text-align: center;\">Przedstawiamy pakiet wieczornych wiadomo\u015bci Dominatrix 69: Rz\u0105d\u017a ich nocami z moc\u0105 i uwodzeniem<\/h3>\n<p>Przejmij kontrol\u0119 nad wieczorami swoich uleg\u0142ych dzi\u0119ki pakietowi wieczornych wiadomo\u015bci Dominatrix 69. Ta kolekcja pot\u0119\u017cnych i uwodzicielskich wiadomo\u015bci, zaprojektowana z my\u015bl\u0105 o wiadomo\u015bciach DM jeden na jeden lub wiadomo\u015bciach masowych, zapewni, \u017ce zdominujesz ich my\u015bli i pokierujesz ich dzia\u0142aniami, gdy b\u0119d\u0105 przygotowywa\u0107 si\u0119 na nadchodz\u0105c\u0105 noc. Przyci\u0105gnij ich uwag\u0119 i pozostaw niezatarte wra\u017cenie z ka\u017cd\u0105 wys\u0142an\u0105 wiadomo\u015bci\u0105.<\/p>\n<ol>\n<li><strong>Uciele\u015bnienie dominacji<\/strong>: Zaznacz swoj\u0105 obecno\u015b\u0107 od samego pocz\u0105tku wieczoru. U\u017cywaj rozkazuj\u0105cego j\u0119zyka i pewnych siebie stwierdze\u0144, aby przypomnie\u0107 im o swoim autorytecie i kontroli. Niech wiedz\u0105, \u017ce ich uleg\u0142o\u015b\u0107 jest nie tylko po\u017c\u0105dana, ale i oczekiwana.<\/li>\n<li><strong>Kultywowanie pos\u0142usze\u0144stwa<\/strong>: Zach\u0119caj do pos\u0142usze\u0144stwa i wzmacniaj ich uleg\u0142e nastawienie za pomoc\u0105 wiadomo\u015bci podkre\u015blaj\u0105cych ich obowi\u0105zek s\u0142u\u017cenia ci i sprawiania ci przyjemno\u015bci. Przypominaj im o przyjemno\u015bci i satysfakcji p\u0142yn\u0105cej z poddania si\u0119 twojej dominacji, nadaj\u0105c ton ich wieczorowi oddanego pos\u0142usze\u0144stwa.<\/li>\n<li><strong>Spersonalizowane podej\u015bcie<\/strong>: Dostosuj swoje wieczorne wiadomo\u015bci do ka\u017cdej osoby, sprawiaj\u0105c, \u017ce poczuj\u0105 si\u0119 zauwa\u017ceni i po\u017c\u0105dani. Zwracaj si\u0119 do nich po imieniu, uznaj ich specyficzne za\u0142amania lub pragnienia i daj im zna\u0107, \u017ce ich oddanie jest rozpoznawane i nagradzane. Personalizacja pog\u0142\u0119bia wi\u0119\u017a i zwi\u0119ksza ich zaanga\u017cowanie w dominacj\u0119.<\/li>\n<li><strong>Rozpal oczekiwanie<\/strong>: Wzbud\u017a w ich umys\u0142ach oczekiwanie, dra\u017cni\u0105c ich obietnic\u0105 ekscytuj\u0105cych zaj\u0119\u0107 lub zada\u0144 na wiecz\u00f3r. Zasiej ziarno oczekiwania na przyjemno\u015b\u0107, kt\u00f3rej do\u015bwiadcz\u0105, gdy spe\u0142ni\u0105 twoje pragnienia i podporz\u0105dkuj\u0105 si\u0119 twoim poleceniom.<\/li>\n<li><strong>Ustaw jasne instrukcje<\/strong>: Jasno nakre\u015bl zadania, rytua\u0142y lub akty uleg\u0142o\u015bci, kt\u00f3rych oczekujesz od nich podczas wieczoru. Przeka\u017c im szczeg\u00f3\u0142owe instrukcje dotycz\u0105ce tego, jak maj\u0105 ci\u0119 zadowoli\u0107 i ci s\u0142u\u017cy\u0107. Wzmocnij ide\u0119, \u017ce ich pos\u0142usze\u0144stwo jest niezb\u0119dne i g\u0142\u0119boko satysfakcjonuj\u0105ce dla was obojga.<\/li>\n<li><strong>Wspieranie komunikacji<\/strong>: Zach\u0119caj do otwartej komunikacji, wykorzystuj\u0105c pakiet wiadomo\u015bci wieczornych jako okazj\u0119 do podzielenia si\u0119 swoimi przemy\u015bleniami, obawami lub pragnieniami. Stw\u00f3rz bezpieczn\u0105 przestrze\u0144 do wyra\u017cania siebie i pog\u0142\u0119biania ich po\u0142\u0105czenia z twoj\u0105 dominacj\u0105.<\/li>\n<li><strong>Rozszerz sw\u00f3j dominuj\u0105cy wp\u0142yw<\/strong>: Dzi\u0119ki Dominatrix 69 Evening Messages Pack posiadasz pot\u0119\u017cne narz\u0119dzie do rozwijania swojej dominuj\u0105cej osobowo\u015bci. Wzmocnij sw\u00f3j wp\u0142yw na swoich uleg\u0142ych, zainspiruj ich do wi\u0119kszego pos\u0142usze\u0144stwa i oddania oraz umocnij swoj\u0105 pozycj\u0119 jako ostatecznej dominatrix, rz\u0105dz\u0105c ich wieczorami i spe\u0142niaj\u0105c ich najg\u0142\u0119bsze pragnienia.<\/li>\n<\/ol>\n<p>Wykorzystaj moc Dominatrix 69 Evening Messages Pack i b\u0105d\u017a \u015bwiadkiem g\u0142\u0119bokiego wp\u0142ywu Twoich s\u0142\u00f3w na uleg\u0142o\u015b\u0107 Twoich uleg\u0142ych. Zdominuj ich my\u015bli, kieruj ich dzia\u0142aniami i stw\u00f3rz wiecz\u00f3r pe\u0142en g\u0142\u0119bokiej uleg\u0142o\u015bci i przyjemno\u015bci. Wykorzystaj autorytet dobrze przygotowanego wieczornego przes\u0142ania i pozostaw niezatarty \u015blad na psychice uleg\u0142ych.<\/p>\n<p>Prosimy o praktykowanie odpowiedzialnej dominacji, poszanowania granic, zgody i otwartej komunikacji we wszystkich interakcjach.<\/p>","protected":false},"excerpt":{"rendered":"<p>Introducing the Dominatrix 69 Evening Messages Pack: Rule Their Nights with Power and Seduction<\/p>\n<p>Examples include<\/p>\n<ul>\n<li><span data-sheets-value=\"{&quot;1&quot;:2,&quot;2&quot;:&quot;Sensual and alluring, I'm counting down the seconds until I can sink my teeth into you \ud83d\udc8b Goodnight my naughty little submissive. \ud83d\ude08\ud83d\udd25&quot;}\" data-sheets-formula=\"=CONCATENATE(R[0]C[-2],R[0]C[-1])\">Sensual and alluring, I&#8217;m counting down the seconds until I can sink my teeth into you \ud83d\udc8b Goodnight my naughty little submissive. \ud83d\ude08\ud83d\udd25<\/span><\/li>\n<li><span data-sheets-value=\"{&quot;1&quot;:2,&quot;2&quot;:&quot;Favorite pet, I'm ready to explore all your desires tonight. \ud83d\udd25Let me be your guiding light and take you on a journey of pleasure that will leave you feeling completely satisfied. \ud83d\ude09Good night, my naughty little one.&quot;}\" data-sheets-formula=\"=CONCATENATE(R[0]C[-2],R[0]C[-1])\">Favorite pet, I&#8217;m ready to explore all your desires tonight. \ud83d\udd25Let me be your guiding light and take you on a journey of pleasure that will leave you feeling completely satisfied. \ud83d\ude09Good night, my naughty little one.<\/span><\/li>\n<li><span data-sheets-value=\"{&quot;1&quot;:2,&quot;2&quot;:&quot;Because you've been so obedient tonight, I'm going to reward you with something special. Imagine me whispering in your ear as I trail my fingers down your back. \ud83d\udc8bYou won't be able to resist the temptation of my touch when it's time for bed. Sweet dreams, slave. \ud83c\udf19&quot;}\" data-sheets-formula=\"=CONCATENATE(R[0]C[-2],R[0]C[-1])\">Because you&#8217;ve been so obedient tonight, I&#8217;m going to reward you with something special. Imagine me whispering in your ear as I trail my fingers down your back. \ud83d\udc8bYou won&#8217;t be able to resist the temptation of my touch when it&#8217;s time for bed. Sweet dreams, slave. \ud83c\udf19<\/span><\/li>\n<\/ul>\n","protected":false},"featured_media":2301,"comment_status":"closed","ping_status":"closed","template":"","meta":[],"product_brand":[],"product_cat":[141],"product_tag":[26],"class_list":{"0":"post-1687","1":"product","2":"type-product","3":"status-publish","4":"has-post-thumbnail","6":"product_cat-messaging","7":"product_tag-dominatrix","8":"infinite-scroll-item","9":"no-featured-image-padding","10":"sales-flash-overlay","11":"woocommerce-text-align-center","12":"woocommerce-image-align-center","13":"wc-has-gallery","15":"first","16":"instock","17":"downloadable","18":"virtual","19":"sold-individually","20":"purchasable","21":"product-type-simple"},"aioseo_notices":[],"_links":{"self":[{"href":"https:\/\/subtomy.com\/pl\/wp-json\/wp\/v2\/product\/1687","targetHints":{"allow":["GET"]}}],"collection":[{"href":"https:\/\/subtomy.com\/pl\/wp-json\/wp\/v2\/product"}],"about":[{"href":"https:\/\/subtomy.com\/pl\/wp-json\/wp\/v2\/types\/product"}],"replies":[{"embeddable":true,"href":"https:\/\/subtomy.com\/pl\/wp-json\/wp\/v2\/comments?post=1687"}],"wp:featuredmedia":[{"embeddable":true,"href":"https:\/\/subtomy.com\/pl\/wp-json\/wp\/v2\/media\/2301"}],"wp:attachment":[{"href":"https:\/\/subtomy.com\/pl\/wp-json\/wp\/v2\/media?parent=1687"}],"wp:term":[{"taxonomy":"product_brand","embeddable":true,"href":"https:\/\/subtomy.com\/pl\/wp-json\/wp\/v2\/product_brand?post=1687"},{"taxonomy":"product_cat","embeddable":true,"href":"https:\/\/subtomy.com\/pl\/wp-json\/wp\/v2\/product_cat?post=1687"},{"taxonomy":"product_tag","embeddable":true,"href":"https:\/\/subtomy.com\/pl\/wp-json\/wp\/v2\/product_tag?post=1687"}],"curies":[{"name":"wp","href":"https:\/\/api.w.org\/{rel}","templated":true}]}}