{"id":1692,"date":"2023-05-29T22:59:25","date_gmt":"2023-05-30T03:59:25","guid":{"rendered":"https:\/\/subtomy.com\/?post_type=product&#038;p=1692"},"modified":"2024-03-25T19:23:43","modified_gmt":"2024-03-26T00:23:43","slug":"onlyfans-morning-messages-pack","status":"publish","type":"product","link":"https:\/\/subtomy.com\/pl\/produkt\/onlyfans-morning-messages-pack\/","title":{"rendered":"67 Pakiet wiadomo\u015bci porannych OnlyFans do masowych wiadomo\u015bci DM i 1 na 1, media spo\u0142eczno\u015bciowe"},"content":{"rendered":"<h3 style=\"text-align: center;\">Przedstawiamy pakiet 67 porannych wiadomo\u015bci OnlyFans: Zachwy\u0107 swoich subskrybent\u00f3w od samego rana<\/h3>\n<p>Zwi\u0119ksz swoj\u0105 obecno\u015b\u0107 na OnlyFans dzi\u0119ki pakietowi 67 porannych wiadomo\u015bci. Zaprojektowany z my\u015bl\u0105 o masowych DM i spersonalizowanych interakcjach 1 na 1, ten zbi\u00f3r anga\u017cuj\u0105cych i kusz\u0105cych wiadomo\u015bci przyci\u0105gnie subskrybent\u00f3w od momentu ich przebudzenia. Nadaj ton ich dniu, rozpal ich pragnienia i spraw, by wracali po wi\u0119cej.<\/p>\n<ol>\n<li><strong>Nieodparte pozdrowienia<\/strong>: Przyci\u0105gnij ich uwag\u0119 urzekaj\u0105cym powitaniem, kt\u00f3re sprawi, \u017ce ch\u0119tnie zapoznaj\u0105 si\u0119 z Twoj\u0105 tre\u015bci\u0105. U\u017cyj kusz\u0105cych s\u0142\u00f3w, zabawnych emotikon\u00f3w i odrobiny uwodzenia, aby pozostawi\u0107 trwa\u0142e wra\u017cenie na ich porannej rutynie.<\/li>\n<li><strong>Po\u0142\u0105czenie osobiste<\/strong>: Wspieraj osobist\u0105 wi\u0119\u017a, zwracaj\u0105c si\u0119 do subskrybent\u00f3w po imieniu lub odwo\u0142uj\u0105c si\u0119 do ich zainteresowa\u0144. Spraw, by poczuli si\u0119 wyj\u0105tkowi i docenieni, tworz\u0105c poczucie intymno\u015bci, kt\u00f3re utrzymuje ich zaanga\u017cowanie i inwestowanie w twoje tre\u015bci.<\/li>\n<li><strong>Teasery ekskluzywnej zawarto\u015bci<\/strong>: Zaprezentuj swoim subskrybentom ekskluzywne tre\u015bci, kt\u00f3rych mog\u0105 si\u0119 spodziewa\u0107. Buduj oczekiwanie i po\u017c\u0105danie, podkre\u015blaj\u0105c kusz\u0105ce wizualizacje, wci\u0105gaj\u0105ce historie lub unikalne do\u015bwiadczenia, do kt\u00f3rych b\u0119d\u0105 mieli dost\u0119p.<\/li>\n<li><strong>Poranna motywacja<\/strong>: Wprowad\u017a pozytywne nastawienie i motywacj\u0119 do ich porank\u00f3w, dziel\u0105c si\u0119 inspiruj\u0105cymi cytatami, afirmacjami lub s\u0142owami zach\u0119ty. Przypomnij im, \u017ce s\u0105 cz\u0119\u015bci\u0105 wspieraj\u0105cej spo\u0142eczno\u015bci i \u017ce jeste\u015b po to, aby ich podnosi\u0107 na duchu i inspirowa\u0107.<\/li>\n<li><strong>Pytania interaktywne<\/strong>: Wywo\u0142aj zaanga\u017cowanie subskrybent\u00f3w, zadaj\u0105c im prowokuj\u0105ce do my\u015blenia pytania lub zapraszaj\u0105c ich do dzielenia si\u0119 swoimi opiniami. Zach\u0119caj ich do interakcji z Twoimi tre\u015bciami, generuj\u0105c rozmowy i buduj\u0105c spo\u0142eczno\u015b\u0107 w\u015br\u00f3d subskrybent\u00f3w.<\/li>\n<li><strong>Ekskluzywne oferty<\/strong>: Nagradzaj ich lojalno\u015b\u0107 i wsparcie, umieszczaj\u0105c w porannych wiadomo\u015bciach ekskluzywne oferty lub promocje. Daj im pow\u00f3d do powrotu na Tw\u00f3j profil i oka\u017c wdzi\u0119czno\u015b\u0107 za bycie cz\u0119\u015bci\u0105 spo\u0142eczno\u015bci OnlyFans.<\/li>\n<li><strong>Spersonalizowane okrzyki<\/strong>: Zaskocz i zachwy\u0107 swoich subskrybent\u00f3w, od czasu do czasu umieszczaj\u0105c ich nazw\u0119 u\u017cytkownika lub profil w porannych wiadomo\u015bciach. Spraw, by poczuli si\u0119 jak VIP-y i daj im zna\u0107, \u017ce ich wsparcie jest uznawane i cenione.<\/li>\n<li><strong>Zach\u0119canie do interakcji<\/strong>: Zach\u0119caj subskrybent\u00f3w do polubienia, komentowania i udost\u0119pniania tre\u015bci. Popro\u015b o ich opinie, sugestie lub pro\u015bby, aby stworzy\u0107 dwukierunkowe po\u0142\u0105czenie, kt\u00f3re sprawi, \u017ce poczuj\u0105 si\u0119 zaanga\u017cowani i docenieni.<\/li>\n<li><strong>Aktualizacje<\/strong>: Informuj swoich subskrybent\u00f3w o nowych tre\u015bciach, nadchodz\u0105cych wydarzeniach lub ekskluzywnych wydaniach. Stw\u00f3rz poczucie ekscytacji i oczekiwania, dziel\u0105c si\u0119 tym, czego mog\u0105 oczekiwa\u0107 od Twojego profilu w najbli\u017cszej przysz\u0142o\u015bci.<\/li>\n<\/ol>\n<p>Wykorzystaj moc pakietu 67 wiadomo\u015bci porannych OnlyFans i przekonaj si\u0119, jak ogromny wp\u0142yw maj\u0105 Twoje s\u0142owa na zaanga\u017cowanie i lojalno\u015b\u0107 subskrybent\u00f3w. Przyci\u0105gaj ich uwag\u0119, rozpalaj ich pragnienia i buduj poczucie wsp\u00f3lnoty, kt\u00f3re sprawi, \u017ce b\u0119d\u0105 wraca\u0107 po wi\u0119cej. Skorzystaj z okazji, aby wywrze\u0107 trwa\u0142e wra\u017cenie ka\u017cd\u0105 wysy\u0142an\u0105 rano wiadomo\u015bci\u0105.<\/p>\n<p>Pami\u0119taj, aby przestrzega\u0107 wytycznych i zasad OnlyFans, szanowa\u0107 granice subskrybent\u00f3w i wspiera\u0107 bezpieczne i integracyjne \u015brodowisko we wszystkich interakcjach.<\/p>","protected":false},"excerpt":{"rendered":"<h3 style=\"text-align: center;\">Introducing the 67 OnlyFans Morning Messages Pack: Captivate Your Subscribers from the Break of Dawn<\/h3>\n<p>Examples include:<\/p>\n<ul>\n<li>Exquisite morning, \ud83d\udd25\ud83d\udca6 I hope you are ready for a day of pleasure and seduction. Let me be your guide to the most tantalizing experience ever! \ud83d\ude18<\/li>\n<li>Sensual \ud83d\udd25morning, [name]! I&#8217;m already thinking about all the naughty things I want to do with you. Let&#8217;s make this day extra special&#8230; \ud83d\ude09<\/li>\n<li>Get what you want this morning! \ud83d\udc83 I&#8217;m feeling so naughty and ready for you to show me how you want it. Let&#8217;s make the most of this day, together \ud83d\ude09<\/li>\n<\/ul>\n","protected":false},"featured_media":2314,"comment_status":"closed","ping_status":"closed","template":"","meta":[],"product_brand":[],"product_cat":[141],"product_tag":[142],"class_list":{"0":"post-1692","1":"product","2":"type-product","3":"status-publish","4":"has-post-thumbnail","6":"product_cat-messaging","7":"product_tag-onlyfans","8":"infinite-scroll-item","9":"no-featured-image-padding","10":"sales-flash-overlay","11":"woocommerce-text-align-center","12":"woocommerce-image-align-center","13":"wc-has-gallery","15":"first","16":"instock","17":"downloadable","18":"virtual","19":"sold-individually","20":"purchasable","21":"product-type-simple"},"aioseo_notices":[],"_links":{"self":[{"href":"https:\/\/subtomy.com\/pl\/wp-json\/wp\/v2\/product\/1692","targetHints":{"allow":["GET"]}}],"collection":[{"href":"https:\/\/subtomy.com\/pl\/wp-json\/wp\/v2\/product"}],"about":[{"href":"https:\/\/subtomy.com\/pl\/wp-json\/wp\/v2\/types\/product"}],"replies":[{"embeddable":true,"href":"https:\/\/subtomy.com\/pl\/wp-json\/wp\/v2\/comments?post=1692"}],"wp:featuredmedia":[{"embeddable":true,"href":"https:\/\/subtomy.com\/pl\/wp-json\/wp\/v2\/media\/2314"}],"wp:attachment":[{"href":"https:\/\/subtomy.com\/pl\/wp-json\/wp\/v2\/media?parent=1692"}],"wp:term":[{"taxonomy":"product_brand","embeddable":true,"href":"https:\/\/subtomy.com\/pl\/wp-json\/wp\/v2\/product_brand?post=1692"},{"taxonomy":"product_cat","embeddable":true,"href":"https:\/\/subtomy.com\/pl\/wp-json\/wp\/v2\/product_cat?post=1692"},{"taxonomy":"product_tag","embeddable":true,"href":"https:\/\/subtomy.com\/pl\/wp-json\/wp\/v2\/product_tag?post=1692"}],"curies":[{"name":"wp","href":"https:\/\/api.w.org\/{rel}","templated":true}]}}