{"id":1811,"date":"2023-06-05T18:34:17","date_gmt":"2023-06-05T23:34:17","guid":{"rendered":"https:\/\/subtomy.com\/?post_type=product&#038;p=1811"},"modified":"2024-04-01T12:26:19","modified_gmt":"2024-04-01T17:26:19","slug":"joi-evening-messages-pack","status":"publish","type":"product","link":"https:\/\/subtomy.com\/pl\/produkt\/joi-evening-messages-pack\/","title":{"rendered":"65 Pakiet wiadomo\u015bci wieczornych JOI do wiadomo\u015bci masowych i 1 na 1"},"content":{"rendered":"<h3 style=\"text-align: center;\">Przedstawiamy pakiet 65 wiadomo\u015bci wieczornych JOI: Zaprowad\u017a ich w noc przyjemno\u015bci<\/h3>\n<p>Uwolnij swoj\u0105 uwodzicielsk\u0105 moc dzi\u0119ki pakietowi 65 wiadomo\u015bci wieczornych JOI. Zaprojektowany z my\u015bl\u0105 o masowym wysy\u0142aniu wiadomo\u015bci i spersonalizowanych interakcjach 1 na 1, ten zbi\u00f3r kusz\u0105cych i rozkazuj\u0105cych wiadomo\u015bci przejmie kontrol\u0119 nad przyjemno\u015bci\u0105 subskrybent\u00f3w w miar\u0119 rozwoju nocy. Od wyra\u017anych instrukcji po kusz\u0105ce scenariusze, wiadomo\u015bci te poprowadz\u0105 ich na nowe wy\u017cyny ekstazy.<\/p>\n<ol>\n<li><strong>Przedstawienia dow\u00f3dc\u00f3w<\/strong>: Rozpocznij ka\u017cd\u0105 wiadomo\u015b\u0107 od rozkazuj\u0105cego i podniecaj\u0105cego wst\u0119pu. U\u017cyj prowokuj\u0105cego j\u0119zyka, uwodzicielskich obraz\u00f3w lub dra\u017cni\u0105cych emotikon\u00f3w, aby przyci\u0105gn\u0105\u0107 ich uwag\u0119 i nada\u0107 ton niezapomnianemu wieczorowi.<\/li>\n<li><strong>Spersonalizowany adres<\/strong>: Nawi\u0105\u017c osobist\u0105 wi\u0119\u017a, zwracaj\u0105c si\u0119 do subskrybent\u00f3w po imieniu lub uwzgl\u0119dniaj\u0105c ich zainteresowania. Spraw, by poczuli si\u0119 zauwa\u017ceni i po\u017c\u0105dani, co zwi\u0119kszy ich oczekiwania i sprawi, \u017ce ich do\u015bwiadczenia b\u0119d\u0105 dostosowane do ich pragnie\u0144.<\/li>\n<li><strong>Szczeg\u00f3\u0142owe instrukcje:<\/strong> Zapewnij wyra\u017ane instrukcje, aby pokierowa\u0107 ich przyjemno\u015bci\u0105. Opisz, w jaki spos\u00f3b maj\u0105 si\u0119 dotyka\u0107, gdzie skupi\u0107 swoj\u0105 uwag\u0119 i w jakim tempie. Zach\u0119\u0107 ich do poddania si\u0119 twoim poleceniom i do\u015bwiadczenia najwy\u017cszej przyjemno\u015bci pod twoim przewodnictwem.<\/li>\n<li><strong>Zmys\u0142owe scenariusze<\/strong>: Maluj zmys\u0142owe scenariusze, kt\u00f3re pobudzaj\u0105 ich wyobra\u017ani\u0119 i zwi\u0119kszaj\u0105 ich podniecenie. Opisuj kusz\u0105ce scenariusze lub scenariusze dostosowane do ich konkretnych za\u0142ama\u0144, zapraszaj\u0105c ich do zanurzenia si\u0119 w \u015bwiecie przyjemno\u015bci i po\u017c\u0105dania.<\/li>\n<li><strong>Stymulacja progresywna<\/strong>: Zbuduj oczekiwanie i zintensyfikuj ich przyjemno\u015b\u0107, prowadz\u0105c ich przez doznania. Poinstruuj ich, aby zacz\u0119li powoli, stopniowo zwi\u0119kszaj\u0105c intensywno\u015b\u0107 i tempo, a\u017c osi\u0105gn\u0105 szczyt przyjemno\u015bci.<\/li>\n<li><strong>Zach\u0119ta s\u0142owna<\/strong>: U\u017cywaj uwodzicielskiego i zach\u0119caj\u0105cego j\u0119zyka, aby podsyca\u0107 ich podniecenie i motywowa\u0107 do dzia\u0142ania. Przypominaj im o przyjemno\u015bci, jak\u0105 ci przynosz\u0105 i satysfakcji, jakiej do\u015bwiadczaj\u0105, poddaj\u0105c si\u0119 twoim poleceniom.<\/li>\n<li><strong>Teasing Teasers<\/strong>: Dra\u017cnij ich zmys\u0142y kusz\u0105cymi przeb\u0142yskami tego, co ma nadej\u015b\u0107. Dawaj wskaz\u00f3wki dotycz\u0105ce nadchodz\u0105cych sesji, nowych technik lub ekskluzywnych tre\u015bci, pozostawiaj\u0105c ich ch\u0119tnymi na przysz\u0142e spotkania z Tob\u0105.<\/li>\n<li><strong>Interaktywne zaanga\u017cowanie<\/strong>: Zach\u0119caj do interakcji, zapraszaj\u0105c ich do dzielenia si\u0119 swoimi do\u015bwiadczeniami, fantazjami lub pro\u015bbami. Stw\u00f3rz bezpieczn\u0105 przestrze\u0144 do otwartego dialogu, pozwalaj\u0105c im odkrywa\u0107 swoje pragnienia i pog\u0142\u0119bia\u0107 po\u0142\u0105czenie z twoim przewodnictwem.<\/li>\n<li><strong>Refleksja po sesji<\/strong>: Po zako\u0144czeniu sesji zapewnij chwil\u0119 refleksji i troski. Zach\u0119\u0107 ich do podzielenia si\u0119 swoimi przemy\u015bleniami, emocjami lub wszelkimi opiniami. Doce\u0144 ich zaufanie i zaanga\u017cowanie w udzielanie wskaz\u00f3wek.<\/li>\n<\/ol>\n<p>Dzi\u0119ki pakietowi 65 wiadomo\u015bci wieczornych JOI mo\u017cesz poprowadzi\u0107 przyjemno\u015b\u0107 swoich subskrybent\u00f3w w noc. Rozpal ich pragnienia, przykuj ich uwag\u0119 i poprowad\u017a ich w podr\u00f3\u017c pe\u0142n\u0105 ekstazy, kt\u00f3rej nigdy nie zapomn\u0105.<\/p>\n<p>Pami\u0119taj, aby priorytetowo traktowa\u0107 zgod\u0119, komunikacj\u0119 i tworzenie bezpiecznego \u015brodowiska dla swoich subskrybent\u00f3w. Zach\u0119caj ich do odkrywania swoich granic we w\u0142asnym tempie i zawsze szanuj ich ograniczenia.<\/p>","protected":false},"excerpt":{"rendered":"<h3 style=\"text-align: center;\">Przedstawiamy pakiet 65 wiadomo\u015bci wieczornych JOI: Zaprowad\u017a ich w noc przyjemno\u015bci<\/h3>\n<p>Przyk\u0142ady obejmuj\u0105:<\/p>\n<ul>\n<li><em>Wy\u015bmienity, nie mog\u0119 si\u0119 doczeka\u0107, aby us\u0142ysze\u0107 twoje j\u0119ki, gdy b\u0119dziesz post\u0119powa\u0107 zgodnie z moimi instrukcjami i zatracisz si\u0119 w ekstazie \u2728\ud83d\udca6 Przygotuj si\u0119 na noc czystej przyjemno\u015bci i b\u0142ogo\u015bci - jestem tutaj, aby upewni\u0107 si\u0119, \u017ce ka\u017cdy centymetr twojego cia\u0142a jest zadbany \ud83d\udd25\ud83d\ude08<\/em><\/li>\n<li><em>Czy pragniesz s\u0142odkiego, kusz\u0105cego JOI na zako\u0144czenie nocy? \ud83e\udd24 Mog\u0119 wymy\u015bli\u0107 kilka pomys\u0142\u00f3w, kt\u00f3re sprawi\u0105, \u017ce b\u0119dziesz s\u0142aby w kolanach, zanim odp\u0142yniesz w krain\u0119 sn\u00f3w \ud83d\ude09 Pozw\u00f3l mi przej\u0105\u0107 kontrol\u0119 i przygotowa\u0107 Ci\u0119 do \u0142\u00f3\u017cka moimi dusznymi s\u0142owami \u2764\ufe0f<\/em><\/li>\n<li><em>Nagradzaj si\u0119 za ci\u0119\u017cki dzie\u0144 pracy niegrzeczn\u0105 zabaw\u0105 dzi\u015b wieczorem \ud83d\udc8b Zamknij oczy i pozw\u00f3l mi zabra\u0107 Ci\u0119 na erotyczn\u0105 przygod\u0119, kt\u00f3ra sprawi, \u017ce b\u0119dziesz b\u0142aga\u0107 o wi\u0119cej \ud83d\ude09 \ud83e\udd24<\/em><\/li>\n<\/ul>","protected":false},"featured_media":2333,"comment_status":"closed","ping_status":"closed","template":"","meta":[],"product_brand":[],"product_cat":[141],"product_tag":[48],"class_list":{"0":"post-1811","1":"product","2":"type-product","3":"status-publish","4":"has-post-thumbnail","6":"product_cat-messaging","7":"product_tag-joi","8":"infinite-scroll-item","9":"no-featured-image-padding","10":"sales-flash-overlay","11":"woocommerce-text-align-center","12":"woocommerce-image-align-center","13":"wc-has-gallery","15":"first","16":"instock","17":"downloadable","18":"virtual","19":"sold-individually","20":"purchasable","21":"product-type-simple"},"aioseo_notices":[],"_links":{"self":[{"href":"https:\/\/subtomy.com\/pl\/wp-json\/wp\/v2\/product\/1811","targetHints":{"allow":["GET"]}}],"collection":[{"href":"https:\/\/subtomy.com\/pl\/wp-json\/wp\/v2\/product"}],"about":[{"href":"https:\/\/subtomy.com\/pl\/wp-json\/wp\/v2\/types\/product"}],"replies":[{"embeddable":true,"href":"https:\/\/subtomy.com\/pl\/wp-json\/wp\/v2\/comments?post=1811"}],"wp:featuredmedia":[{"embeddable":true,"href":"https:\/\/subtomy.com\/pl\/wp-json\/wp\/v2\/media\/2333"}],"wp:attachment":[{"href":"https:\/\/subtomy.com\/pl\/wp-json\/wp\/v2\/media?parent=1811"}],"wp:term":[{"taxonomy":"product_brand","embeddable":true,"href":"https:\/\/subtomy.com\/pl\/wp-json\/wp\/v2\/product_brand?post=1811"},{"taxonomy":"product_cat","embeddable":true,"href":"https:\/\/subtomy.com\/pl\/wp-json\/wp\/v2\/product_cat?post=1811"},{"taxonomy":"product_tag","embeddable":true,"href":"https:\/\/subtomy.com\/pl\/wp-json\/wp\/v2\/product_tag?post=1811"}],"curies":[{"name":"wp","href":"https:\/\/api.w.org\/{rel}","templated":true}]}}