{"id":2024,"date":"2023-08-02T19:40:03","date_gmt":"2023-08-03T00:40:03","guid":{"rendered":"https:\/\/subtomy.com\/?post_type=product&#038;p=2024"},"modified":"2023-08-02T22:38:53","modified_gmt":"2023-08-03T03:38:53","slug":"custom-captions-and-scripts","status":"publish","type":"product","link":"https:\/\/subtomy.com\/pl\/produkt\/niestandardowe-napisy-i-skrypty\/","title":{"rendered":"Niestandardowe napisy, skrypty i nie tylko"},"content":{"rendered":"<h2 style=\"text-align: center;\">Czy masz trudno\u015bci z konsekwentnym tworzeniem anga\u017cuj\u0105cych i przyci\u0105gaj\u0105cych uwag\u0119 tre\u015bci na swoje platformy medi\u00f3w spo\u0142eczno\u015bciowych?<\/h2>\n<p><strong>Co oferujemy:<\/strong><\/p>\n<ol>\n<li><strong>30 Podpisy w mediach spo\u0142eczno\u015bciowych:<\/strong> Uwolnij moc skutecznego opowiadania historii dzi\u0119ki 30 profesjonalnie przygotowanym podpisom w mediach spo\u0142eczno\u015bciowych. Nasz zesp\u00f3\u0142 do\u015bwiadczonych autor\u00f3w opracuje wci\u0105gaj\u0105ce i zgodne z mark\u0105 podpisy, kt\u00f3re b\u0119d\u0105 rezonowa\u0107 z docelowymi odbiorcami, pozostawiaj\u0105c ich ch\u0119tnych do zaanga\u017cowania si\u0119 w Twoje tre\u015bci.<\/li>\n<li><strong>10 niestandardowych DM (wiadomo\u015bci masowe lub 1 na 1):<\/strong> Nawi\u0105zuj g\u0142\u0119bsze relacje ze swoimi obserwatorami dzi\u0119ki spersonalizowanym wiadomo\u015bciom DM. Nasze niestandardowe DM s\u0105 zaprojektowane tak, aby tworzy\u0107 autentyczne interakcje, wspiera\u0107 relacje i prowadzi\u0107 znacz\u0105ce rozmowy, pomagaj\u0105c budowa\u0107 lojaln\u0105 i zaanga\u017cowan\u0105 spo\u0142eczno\u015b\u0107.<\/li>\n<li><strong>3 skrypty wideo:<\/strong> Pozw\u00f3l naszym wykwalifikowanym scenarzystom stworzy\u0107 atrakcyjne skrypty wideo dostosowane do osobowo\u015bci i cel\u00f3w Twojej marki. Nasze skrypty przyci\u0105gn\u0105 uwag\u0119 odbiorc\u00f3w i wywr\u0105 na nich trwa\u0142y wp\u0142yw.<\/li>\n<\/ol>\n<p><strong>Jak to dzia\u0142a?<\/strong><\/p>\n<ol>\n<li><strong>Kwestionariusz:<\/strong> Zaczynamy od szczeg\u00f3\u0142owego kwestionariusza, aby zrozumie\u0107 Twoj\u0105 mark\u0119, grup\u0119 docelow\u0105 i cele dotycz\u0105ce tre\u015bci. Gwarantuje to, \u017ce nasze tre\u015bci idealnie pasuj\u0105 do Twojej wizji.<\/li>\n<li><strong>Tworzenie tre\u015bci dostosowanych do potrzeb:<\/strong> Nasz zesp\u00f3\u0142 ekspert\u00f3w kreatywnie i precyzyjnie opracowuje ka\u017cd\u0105 tre\u015b\u0107, zapewniaj\u0105c, \u017ce trafi ona do odbiorc\u00f3w i wzmocni to\u017csamo\u015b\u0107 marki.<\/li>\n<li><strong>Dostawa miesi\u0119czna:<\/strong> Ka\u017cdego miesi\u0105ca otrzymasz parti\u0119 30 profesjonalnie napisanych podpis\u00f3w, 10 niestandardowych DM, 3 skrypty wideo i nie tylko, gotowych do do\u0142adowania Twojej firmy.<\/li>\n<\/ol>\n<p>Wszystkie te wyj\u0105tkowe tre\u015bci i kreatywno\u015b\u0107 s\u0105 dost\u0119pne w przyst\u0119pnej cenie wynosz\u0105cej zaledwie $99\/miesi\u0105c. Naszym celem jest wzmocnienie strategii Twojej firmy bez rozbijania banku.<\/p>\n<p><strong>Dlaczego warto wybra\u0107 nas:<\/strong><\/p>\n<ul>\n<li><strong>Wiedza bran\u017cowa:<\/strong> Mamy bogate do\u015bwiadczenie w bran\u017cy dla doros\u0142ych, dzi\u0119ki czemu mo\u017cemy tworzy\u0107 tre\u015bci zgodne z wytycznymi platformy, jednocze\u015bnie zwi\u0119kszaj\u0105c zaanga\u017cowanie.<\/li>\n<li><strong>Kreatywna doskona\u0142o\u015b\u0107:<\/strong> Nasz zesp\u00f3\u0142 wykwalifikowanych pisarzy i scenarzyst\u00f3w jest zaanga\u017cowany w tworzenie najwy\u017cszej jako\u015bci tre\u015bci, kt\u00f3re wynios\u0105 Twoj\u0105 mark\u0119 ponad szum.<\/li>\n<li><strong>Sp\u00f3jno\u015b\u0107 i wygoda:<\/strong> Po\u017cegnaj si\u0119 ze stresem zwi\u0105zanym z tworzeniem tre\u015bci. Dzi\u0119ki naszemu miesi\u0119cznemu modelowi subskrypcji b\u0119dziesz regularnie otrzymywa\u0107 \u015bwie\u017ce, wysokiej jako\u015bci tre\u015bci bez \u017cadnych k\u0142opot\u00f3w.<\/li>\n<\/ul>\n<p>Gotowy, aby podnie\u015b\u0107 poziom swojej gry w mediach spo\u0142eczno\u015bciowych i pozostawi\u0107 trwa\u0142e wra\u017cenie na odbiorcach?<\/p>","protected":false},"excerpt":{"rendered":"<p><strong>Uzyskaj 30 profesjonalnie przygotowanych podpis\u00f3w, 10 niestandardowych wiadomo\u015bci DM dla g\u0142\u0119bszych relacji z obserwuj\u0105cymi i 3 wci\u0105gaj\u0105ce skrypty wideo dostosowane do Twojej marki.<\/strong><\/p>\n<p>Nasz proces obejmuje dog\u0142\u0119bn\u0105 ankiet\u0119, aby zrozumie\u0107 Twoj\u0105 wizj\u0119 i zapewni\u0107 dopasowanie tre\u015bci.<\/p>\n<p>Co miesi\u0105c b\u0119dziesz otrzymywa\u0107 \u015bwie\u017ce, wysokiej jako\u015bci tre\u015bci za jedyne $99\/miesi\u0105c.<\/p>\n<p>Podnie\u015b poziom swojej gry w mediach spo\u0142eczno\u015bciowych i pozostaw trwa\u0142e wra\u017cenie na odbiorcach.<\/p>\n<p>Do\u0142\u0105cz teraz i do\u0142aduj sw\u00f3j biznes!<\/p>\n<p><strong>Po dokonaniu zakupu otrzymasz na paragonie notatk\u0119 z linkiem do kwestionariusza do wype\u0142nienia. Je\u015bli nie mo\u017cesz go znale\u017a\u0107, <a href=\"https:\/\/subtomy.com\/pl\/custom-content-questionnaire\/\">Kliknij tutaj, aby przej\u015b\u0107 do strony z kwestionariuszem<\/a>.\u00a0<\/strong><\/p>","protected":false},"featured_media":2025,"comment_status":"open","ping_status":"closed","template":"","meta":[],"product_brand":[],"product_cat":[179],"product_tag":[],"class_list":{"0":"post-2024","1":"product","2":"type-product","3":"status-publish","4":"has-post-thumbnail","6":"product_cat-micro-services","7":"infinite-scroll-item","8":"no-featured-image-padding","9":"sales-flash-overlay","10":"woocommerce-text-align-center","11":"woocommerce-image-align-center","13":"first","14":"instock","15":"featured","16":"virtual","17":"product-type-subscription"},"aioseo_notices":[],"_links":{"self":[{"href":"https:\/\/subtomy.com\/pl\/wp-json\/wp\/v2\/product\/2024","targetHints":{"allow":["GET"]}}],"collection":[{"href":"https:\/\/subtomy.com\/pl\/wp-json\/wp\/v2\/product"}],"about":[{"href":"https:\/\/subtomy.com\/pl\/wp-json\/wp\/v2\/types\/product"}],"replies":[{"embeddable":true,"href":"https:\/\/subtomy.com\/pl\/wp-json\/wp\/v2\/comments?post=2024"}],"wp:featuredmedia":[{"embeddable":true,"href":"https:\/\/subtomy.com\/pl\/wp-json\/wp\/v2\/media\/2025"}],"wp:attachment":[{"href":"https:\/\/subtomy.com\/pl\/wp-json\/wp\/v2\/media?parent=2024"}],"wp:term":[{"taxonomy":"product_brand","embeddable":true,"href":"https:\/\/subtomy.com\/pl\/wp-json\/wp\/v2\/product_brand?post=2024"},{"taxonomy":"product_cat","embeddable":true,"href":"https:\/\/subtomy.com\/pl\/wp-json\/wp\/v2\/product_cat?post=2024"},{"taxonomy":"product_tag","embeddable":true,"href":"https:\/\/subtomy.com\/pl\/wp-json\/wp\/v2\/product_tag?post=2024"}],"curies":[{"name":"wp","href":"https:\/\/api.w.org\/{rel}","templated":true}]}}