{"id":572,"date":"2023-04-13T17:31:30","date_gmt":"2023-04-13T22:31:30","guid":{"rendered":"https:\/\/shop.cammodelagency.com\/?post_type=product&#038;p=572"},"modified":"2023-05-15T22:44:09","modified_gmt":"2023-05-16T03:44:09","slug":"christmas-captions","status":"publish","type":"product","link":"https:\/\/subtomy.com\/pl\/produkt\/napisy-swiateczne\/","title":{"rendered":"Ponad 100 \u015bwi\u0105tecznych podpis\u00f3w dla medi\u00f3w spo\u0142eczno\u015bciowych, Reddit, OnlyFans itp."},"content":{"rendered":"<p>Szukasz idealnych podpis\u00f3w do \u015bwi\u0105tecznych sesji zdj\u0119ciowych w mediach spo\u0142eczno\u015bciowych? Nie szukaj dalej! Nasz \u015bwi\u0105teczny pakiet podpis\u00f3w w mediach spo\u0142eczno\u015bciowych dla doros\u0142ych modelek jest w\u0142a\u015bnie dla Ciebie.<\/p>\n<p>Nasza paczka zawiera r\u00f3\u017cnorodne podpisy, kt\u00f3re s\u0105 idealne na okres \u015bwi\u0105teczny, niezale\u017cnie od tego, czy chcesz doda\u0107 odrobin\u0119 humoru, romansu, czy po prostu rozprzestrzeni\u0107 \u015bwi\u0105teczn\u0105 rado\u015b\u0107. Z ponad 100 podpisami do wyboru, b\u0119dziesz mie\u0107 wiele opcji, aby wyr\u00f3\u017cni\u0107 swoje zdj\u0119cia na OnlyFans, Instagramie, Twitterze, Facebooku i nie tylko.<\/p>\n<p>Nasze podpisy s\u0105 zaprojektowane specjalnie dla doros\u0142ych modelek, wi\u0119c mo\u017cesz mie\u0107 pewno\u015b\u0107, \u017ce s\u0105 odpowiednie i zgodne z mark\u0105 dla Twoich odbiorc\u00f3w. Ponadto s\u0105 \u0142atwe w u\u017cyciu - wystarczy skopiowa\u0107 i wklei\u0107 wybrany podpis do posta w mediach spo\u0142eczno\u015bciowych i obserwowa\u0107, jak przybywa polubie\u0144.<\/p>\n<p>Je\u015bli wi\u0119c chcesz poprawi\u0107 swoj\u0105 gr\u0119 w mediach spo\u0142eczno\u015bciowych w tym sezonie \u015bwi\u0105tecznym, nasz pakiet podpis\u00f3w jest konieczno\u015bci\u0105. Zam\u00f3w ju\u017c teraz i zacznij szerzy\u0107 \u015bwi\u0105teczny nastr\u00f3j dzi\u0119ki swoim wspania\u0142ym zdj\u0119ciom!<\/p>\n<p><strong>Przyk\u0142ady<\/strong>:<\/p>\n<ul>\n<li><span data-sheets-value=\"{&quot;1&quot;:2,&quot;2&quot;:&quot;Your Christmas present is here \ud83c\udf81 I'm ready to spread holiday cheer with my saucy style and naughty moves! \ud83d\udc83\ud83c\udffc Time to bring out the mistletoe, eggnog, and gingerbread cookies \ud83e\udd5b\ud83c\udf6a #ChristmasVibes&quot;}\" data-sheets-userformat=\"{&quot;2&quot;:8705,&quot;3&quot;:{&quot;1&quot;:0},&quot;12&quot;:0,&quot;16&quot;:12}\">Tw\u00f3j \u015bwi\u0105teczny prezent jest tutaj \ud83c\udf81 Jestem gotowa, aby szerzy\u0107 \u015bwi\u0105teczn\u0105 rado\u015b\u0107 z moim pikantnym stylem i niegrzecznymi ruchami! \ud83d\udc83\ud83c\udffc Czas wyci\u0105gn\u0105\u0107 jemio\u0142\u0119, ajerkoniak i pierniczki \ud83e\udd5b\ud83c\udf6a #ChristmasVibes<\/span><\/li>\n<li><span data-sheets-value=\"{&quot;1&quot;:2,&quot;2&quot;:&quot;Santa \ud83c\udf85 isn't the only one bringing gifts this year! Get ready for a special holiday treat from me - warm, spicy, and more than a little naughty. #HoHoHO \ud83d\ude09&quot;}\" data-sheets-userformat=\"{&quot;2&quot;:8705,&quot;3&quot;:{&quot;1&quot;:0},&quot;12&quot;:0,&quot;16&quot;:12}\">\u015awi\u0119ty Miko\u0142aj \ud83c\udf85 nie jest jedynym, kt\u00f3ry przynosi prezenty w tym roku! Przygotuj si\u0119 na specjaln\u0105 \u015bwi\u0105teczn\u0105 uczt\u0119 ode mnie - ciep\u0142\u0105, pikantn\u0105 i bardziej ni\u017c troch\u0119 niegrzeczn\u0105. #HoHoHO \ud83d\ude09<\/span><\/li>\n<li><span data-sheets-value=\"{&quot;1&quot;:2,&quot;2&quot;:&quot;Christmas \ud83c\udf84 is here! Time to get cozy with some hot chocolate, cookies \ud83c\udf6a, and a naughty present from me ;) #ChristmasCheer #NaughtySanta&quot;}\" data-sheets-userformat=\"{&quot;2&quot;:8705,&quot;3&quot;:{&quot;1&quot;:0},&quot;12&quot;:0,&quot;16&quot;:12}\">\u015awi\u0119ta \ud83c\udf84 ju\u017c s\u0105! Czas na gor\u0105c\u0105 czekolad\u0119, ciasteczka \ud83c\udf6a i niegrzeczny prezent ode mnie \ud83d\ude09 #ChristmasCheer #NaughtySanta<\/span><\/li>\n<\/ul>\n<p><span style=\"color: #ff0000;\"><strong>Prosimy o udost\u0119pnienie tego znajomym.\u00a0<\/strong><\/span>Je\u015bli masz znajomych w bran\u017cy, kt\u00f3rzy potrzebuj\u0105 wsparcia lub kilku przyk\u0142ad\u00f3w, podziel si\u0119 z nimi tym arkuszem kalkulacyjnym. To tylko kilka dolar\u00f3w (plus nie mogliby\u015bmy tego zatrzyma\u0107, gdyby\u015bmy pr\u00f3bowali \ud83d\ude02).<\/p>\n<p>Dzi\u0119ki 100 unikalnym podpisom zaprojektowanym specjalnie dla doros\u0142ych modelek, nasz pakiet pomo\u017ce ci uchwyci\u0107 \u015bwi\u0105tecznego ducha, pozostaj\u0105c jednocze\u015bnie wiernym swojej marce. Niezale\u017cnie od tego, czy chcesz zaprezentowa\u0107 sw\u00f3j najnowszy zestaw bielizny, najseksowniejszy kostium \u015bwi\u0105teczny, czy \u015bwi\u0105teczny nastr\u00f3j, nasze podpisy pomog\u0105 Ci z\u0142o\u017cy\u0107 o\u015bwiadczenie.<\/p>\n<p>Nasze podpisy obejmuj\u0105 szereg temat\u00f3w, od niegrzecznych po mi\u0142e i wszystko pomi\u0119dzy. Niezale\u017cnie od tego, czy chcesz podkre\u015bli\u0107 swoj\u0105 figlarn\u0105, zmys\u0142ow\u0105 czy s\u0142odk\u0105 stron\u0119, mamy dla ciebie wszystko. A dzi\u0119ki naszemu \u0142atwemu w u\u017cyciu formatowi mo\u017cesz \u0142atwo skopiowa\u0107 i wklei\u0107 wybrany podpis do swojego postu, oszcz\u0119dzaj\u0105c czas i wysi\u0142ek.<\/p>\n<p>Wi\u0119c je\u015bli jeste\u015b gotowy, aby przenie\u015b\u0107 swoje \u015bwi\u0105teczne posty na wy\u017cszy poziom, zam\u00f3w nasz \u015bwi\u0105teczny pakiet podpis\u00f3w w mediach spo\u0142eczno\u015bciowych ju\u017c dzi\u015b!<\/p>","protected":false},"excerpt":{"rendered":"<p><strong>Do\u017cywotnie aktualizacje!<\/strong><\/p>\n<p>Szukasz idealnych podpis\u00f3w, kt\u00f3re wyr\u00f3\u017cni\u0105 twoje \u015bwi\u0105teczne posty? Nie szukaj dalej ni\u017c nasz \u015bwi\u0105teczny pakiet podpis\u00f3w w mediach spo\u0142eczno\u015bciowych dla doros\u0142ych modelek i modeli!<\/p>\n<ul>\n<li><span data-sheets-value=\"{&quot;1&quot;:2,&quot;2&quot;:&quot;Your Christmas present is here \ud83c\udf81 I'm ready to spread holiday cheer with my saucy style and naughty moves! \ud83d\udc83\ud83c\udffc Time to bring out the mistletoe, eggnog, and gingerbread cookies \ud83e\udd5b\ud83c\udf6a #ChristmasVibes&quot;}\" data-sheets-userformat=\"{&quot;2&quot;:8705,&quot;3&quot;:{&quot;1&quot;:0},&quot;12&quot;:0,&quot;16&quot;:12}\">Tw\u00f3j \u015bwi\u0105teczny prezent jest tutaj \ud83c\udf81 Jestem gotowa, aby szerzy\u0107 \u015bwi\u0105teczn\u0105 rado\u015b\u0107 z moim pikantnym stylem i niegrzecznymi ruchami! \ud83d\udc83\ud83c\udffc Czas wyci\u0105gn\u0105\u0107 jemio\u0142\u0119, ajerkoniak i pierniczki \ud83e\udd5b\ud83c\udf6a #ChristmasVibes<\/span><\/li>\n<li><span data-sheets-value=\"{&quot;1&quot;:2,&quot;2&quot;:&quot;Santa \ud83c\udf85 isn't the only one bringing gifts this year! Get ready for a special holiday treat from me - warm, spicy, and more than a little naughty. #HoHoHO \ud83d\ude09&quot;}\" data-sheets-userformat=\"{&quot;2&quot;:8705,&quot;3&quot;:{&quot;1&quot;:0},&quot;12&quot;:0,&quot;16&quot;:12}\">\u015awi\u0119ty Miko\u0142aj \ud83c\udf85 nie jest jedynym, kt\u00f3ry przynosi prezenty w tym roku! Przygotuj si\u0119 na specjaln\u0105 \u015bwi\u0105teczn\u0105 uczt\u0119 ode mnie - ciep\u0142\u0105, pikantn\u0105 i bardziej ni\u017c troch\u0119 niegrzeczn\u0105. #HoHoHO \ud83d\ude09<\/span><\/li>\n<li><span data-sheets-value=\"{&quot;1&quot;:2,&quot;2&quot;:&quot;Christmas \ud83c\udf84 is here! Time to get cozy with some hot chocolate, cookies \ud83c\udf6a, and a naughty present from me ;) #ChristmasCheer #NaughtySanta&quot;}\" data-sheets-userformat=\"{&quot;2&quot;:8705,&quot;3&quot;:{&quot;1&quot;:0},&quot;12&quot;:0,&quot;16&quot;:12}\">\u015awi\u0119ta \ud83c\udf84 ju\u017c s\u0105! Czas na gor\u0105c\u0105 czekolad\u0119, ciasteczka \ud83c\udf6a i niegrzeczny prezent ode mnie \ud83d\ude09 #ChristmasCheer #NaughtySanta<\/span><\/li>\n<\/ul>\n<p><strong>(Zawiera r\u00f3wnie\u017c wersje bez hashtag\u00f3w dla ka\u017cdego podpisu)<\/strong><\/p>","protected":false},"featured_media":1242,"comment_status":"open","ping_status":"closed","template":"","meta":[],"product_brand":[],"product_cat":[22],"product_tag":[23],"class_list":{"0":"post-572","1":"product","2":"type-product","3":"status-publish","4":"has-post-thumbnail","6":"product_cat-captions","7":"product_tag-christmas","8":"infinite-scroll-item","9":"no-featured-image-padding","10":"sales-flash-overlay","11":"woocommerce-text-align-center","12":"woocommerce-image-align-center","13":"wc-has-gallery","15":"first","16":"instock","17":"downloadable","18":"virtual","19":"sold-individually","20":"purchasable","21":"product-type-simple"},"aioseo_notices":[],"_links":{"self":[{"href":"https:\/\/subtomy.com\/pl\/wp-json\/wp\/v2\/product\/572","targetHints":{"allow":["GET"]}}],"collection":[{"href":"https:\/\/subtomy.com\/pl\/wp-json\/wp\/v2\/product"}],"about":[{"href":"https:\/\/subtomy.com\/pl\/wp-json\/wp\/v2\/types\/product"}],"replies":[{"embeddable":true,"href":"https:\/\/subtomy.com\/pl\/wp-json\/wp\/v2\/comments?post=572"}],"wp:featuredmedia":[{"embeddable":true,"href":"https:\/\/subtomy.com\/pl\/wp-json\/wp\/v2\/media\/1242"}],"wp:attachment":[{"href":"https:\/\/subtomy.com\/pl\/wp-json\/wp\/v2\/media?parent=572"}],"wp:term":[{"taxonomy":"product_brand","embeddable":true,"href":"https:\/\/subtomy.com\/pl\/wp-json\/wp\/v2\/product_brand?post=572"},{"taxonomy":"product_cat","embeddable":true,"href":"https:\/\/subtomy.com\/pl\/wp-json\/wp\/v2\/product_cat?post=572"},{"taxonomy":"product_tag","embeddable":true,"href":"https:\/\/subtomy.com\/pl\/wp-json\/wp\/v2\/product_tag?post=572"}],"curies":[{"name":"wp","href":"https:\/\/api.w.org\/{rel}","templated":true}]}}