{"id":608,"date":"2023-04-14T19:14:00","date_gmt":"2023-04-15T00:14:00","guid":{"rendered":"https:\/\/shop.cammodelagency.com\/?post_type=product&#038;p=608"},"modified":"2024-03-02T21:46:54","modified_gmt":"2024-03-03T02:46:54","slug":"findom-caption-pack","status":"publish","type":"product","link":"https:\/\/subtomy.com\/pl\/produkt\/findom-caption-pack\/","title":{"rendered":"100+ FinDom\/Financial Domination Caption Pack dla medi\u00f3w spo\u0142eczno\u015bciowych, Reddit, Onlyfans itp."},"content":{"rendered":"<p>Je\u015bli jeste\u015b doros\u0142ym modelem oferuj\u0105cym us\u0142ugi dominacji finansowej i chcesz zaanga\u017cowa\u0107 swoich paypigs i niewolnik\u00f3w pieni\u0119\u017cnych, nasz pakiet podpis\u00f3w dominacji finansowej w mediach spo\u0142eczno\u015bciowych jest dok\u0142adnie tym, czego potrzebujesz!<\/p>\n<p>Nasz pakiet zawiera 100 unikalnych podpis\u00f3w zaprojektowanych, aby pom\u00f3c ci potwierdzi\u0107 swoj\u0105 dominacj\u0119, sprawi\u0107, by twoi obserwatorzy poczuli si\u0119 ulegli, a ostatecznie zwi\u0119kszy\u0107 twoje zarobki. Niezale\u017cnie od tego, czy pokazujesz swoje markowe ubrania, obnosisz si\u0119 ze swoim luksusowym stylem \u017cycia, czy po prostu przypominasz swoim obserwatorom, kto tu rz\u0105dzi, nasze podpisy pomog\u0105 ci z\u0142o\u017cy\u0107 o\u015bwiadczenie.<\/p>\n<p>Nasze podpisy obejmuj\u0105 szeroki zakres temat\u00f3w, od dokuczania po drwiny i wszystko pomi\u0119dzy. Niezale\u017cnie od tego, czy chcesz zainspirowa\u0107 swoich obserwuj\u0105cych do z\u0142o\u017cenia Ci ho\u0142du, zaoferowa\u0107 ekskluzywne tre\u015bci swoim najlepiej zarabiaj\u0105cym u\u017cytkownikom, czy te\u017c przypomnie\u0107 wszystkim o ich miejscu w Twoim \u015bwiecie, mamy dla Ciebie rozwi\u0105zanie. A dzi\u0119ki naszemu \u0142atwemu w u\u017cyciu formatowi mo\u017cesz szybko i \u0142atwo skopiowa\u0107 i wklei\u0107 wybrany podpis do swoich post\u00f3w w mediach spo\u0142eczno\u015bciowych, oszcz\u0119dzaj\u0105c czas i wysi\u0142ek.<\/p>\n<p>Je\u015bli wi\u0119c jeste\u015b gotowy, aby przenie\u015b\u0107 swoj\u0105 gr\u0119 o dominacj\u0119 finansow\u0105 na wy\u017cszy poziom i zmaksymalizowa\u0107 swoje zarobki, ju\u017c dzi\u015b zam\u00f3w nasz pakiet motywacyjny do dominacji finansowej w mediach spo\u0142eczno\u015bciowych!<\/p>","protected":false},"excerpt":{"rendered":"<p>Nasz pakiet zawiera 100 unikalnych podpis\u00f3w, kt\u00f3re pomog\u0105 Ci przyci\u0105gn\u0105\u0107 uwag\u0119 obserwuj\u0105cych Ci\u0119 os\u00f3b i sk\u0142oni\u0107 ich do otwarcia dla Ciebie portfela. Niezale\u017cnie od tego, czy publikujesz zdj\u0119cie w luksusowym stroju, obnosisz si\u0119 ze swoim bogactwem i w\u0142adz\u0105, czy po prostu rzucasz prowokacyjn\u0105 wiadomo\u015b\u0107, nasze podpisy pomog\u0105 Ci wywrze\u0107 wra\u017cenie.<\/p>\n<p><strong>Przyk\u0142ady:<\/strong><\/p>\n<ul>\n<li><span data-sheets-value=\"{&quot;1&quot;:2,&quot;2&quot;:&quot;Better start counting those coins, boys. \ud83d\udcb0 I'm not here to play nice - I'm here to take your hard earned cash and put it in my pocket where it belongs. Come and get a taste of what you can't resist...you know you want to! \ud83d\ude08 #Goddess&quot;}\" data-sheets-userformat=\"{&quot;2&quot;:8961,&quot;3&quot;:{&quot;1&quot;:0},&quot;11&quot;:4,&quot;12&quot;:0,&quot;16&quot;:12}\">Lepiej zacznijcie liczy\u0107 monety, ch\u0142opcy. \ud83d\udcb0 Nie jestem tu po to, by si\u0119 dobrze bawi\u0107 - jestem tu po to, by zabra\u0107 twoj\u0105 ci\u0119\u017cko zarobion\u0105 got\u00f3wk\u0119 i schowa\u0107 j\u0105 do kieszeni, gdzie jej miejsce. Przyjd\u017a i posmakuj tego, czemu nie mo\u017cesz si\u0119 oprze\u0107... wiesz, \u017ce chcesz! #Goddess<\/span><\/li>\n<li><span data-sheets-value=\"{&quot;1&quot;:2,&quot;2&quot;:&quot;Flawless and in control, I live for the power games that come with financial domination. Your extravagance is my pleasure; you will beg to be my pay pig \ud83e\udd11\ud83d\udcb0&quot;}\" data-sheets-userformat=\"{&quot;2&quot;:8961,&quot;3&quot;:{&quot;1&quot;:0},&quot;11&quot;:4,&quot;12&quot;:0,&quot;16&quot;:12}\">Bezb\u0142\u0119dny i kontroluj\u0105cy, \u017cyj\u0119 dla gier w\u0142adzy, kt\u00f3re pochodz\u0105 z dominacji finansowej. Twoja ekstrawagancja jest moj\u0105 przyjemno\u015bci\u0105; b\u0119dziesz b\u0142aga\u0107, by by\u0107 moj\u0105 \u015bwini\u0105 \ud83e\udd11\ud83d\udcb0<\/span><\/li>\n<li><span data-sheets-value=\"{&quot;1&quot;:2,&quot;2&quot;:&quot;Look at you, so desperate and thirsty for a Goddess like me. You're nothing more than my piggy bank, ready to do whatever it takes to be allowed to worship me \ud83d\udcb0\ud83d\udc51&quot;}\" data-sheets-userformat=\"{&quot;2&quot;:8961,&quot;3&quot;:{&quot;1&quot;:0},&quot;11&quot;:4,&quot;12&quot;:0,&quot;16&quot;:12}\">Sp\u00f3jrz na siebie, tak zdesperowana i spragniona Bogini takiej jak ja. Jeste\u015b niczym wi\u0119cej ni\u017c moj\u0105 \u015bwink\u0105 skarbonk\u0105, gotow\u0105 zrobi\u0107 wszystko, aby m\u00f3c mnie czci\u0107 \ud83d\udcb0\ud83d\udc51<\/span><\/li>\n<\/ul>","protected":false},"featured_media":2252,"comment_status":"open","ping_status":"closed","template":"","meta":[],"product_brand":[],"product_cat":[22],"product_tag":[28],"class_list":{"0":"post-608","1":"product","2":"type-product","3":"status-publish","4":"has-post-thumbnail","6":"product_cat-captions","7":"product_tag-findom","8":"infinite-scroll-item","9":"no-featured-image-padding","10":"sales-flash-overlay","11":"woocommerce-text-align-center","12":"woocommerce-image-align-center","13":"wc-has-gallery","15":"first","16":"instock","17":"downloadable","18":"virtual","19":"sold-individually","20":"purchasable","21":"product-type-simple"},"aioseo_notices":[],"_links":{"self":[{"href":"https:\/\/subtomy.com\/pl\/wp-json\/wp\/v2\/product\/608","targetHints":{"allow":["GET"]}}],"collection":[{"href":"https:\/\/subtomy.com\/pl\/wp-json\/wp\/v2\/product"}],"about":[{"href":"https:\/\/subtomy.com\/pl\/wp-json\/wp\/v2\/types\/product"}],"replies":[{"embeddable":true,"href":"https:\/\/subtomy.com\/pl\/wp-json\/wp\/v2\/comments?post=608"}],"wp:featuredmedia":[{"embeddable":true,"href":"https:\/\/subtomy.com\/pl\/wp-json\/wp\/v2\/media\/2252"}],"wp:attachment":[{"href":"https:\/\/subtomy.com\/pl\/wp-json\/wp\/v2\/media?parent=608"}],"wp:term":[{"taxonomy":"product_brand","embeddable":true,"href":"https:\/\/subtomy.com\/pl\/wp-json\/wp\/v2\/product_brand?post=608"},{"taxonomy":"product_cat","embeddable":true,"href":"https:\/\/subtomy.com\/pl\/wp-json\/wp\/v2\/product_cat?post=608"},{"taxonomy":"product_tag","embeddable":true,"href":"https:\/\/subtomy.com\/pl\/wp-json\/wp\/v2\/product_tag?post=608"}],"curies":[{"name":"wp","href":"https:\/\/api.w.org\/{rel}","templated":true}]}}