{"id":628,"date":"2023-04-17T15:11:27","date_gmt":"2023-04-17T20:11:27","guid":{"rendered":"https:\/\/shop.cammodelagency.com\/?post_type=product&#038;p=628"},"modified":"2024-03-25T00:24:30","modified_gmt":"2024-03-25T05:24:30","slug":"bratty-captions","status":"publish","type":"product","link":"https:\/\/subtomy.com\/pl\/produkt\/bachorowate-podpisy\/","title":{"rendered":"100+ Bratty Captions dla OnlyFans, Reddit, medi\u00f3w spo\u0142eczno\u015bciowych"},"content":{"rendered":"<p>Jeste\u015b modelk\u0105 OnlyFans, kt\u00f3ra uwielbia obnosi\u0107 si\u0119 ze swoim luksusowym stylem \u017cycia i chce zaanga\u017cowa\u0107 swoich odbiorc\u00f3w w mediach spo\u0142eczno\u015bciowych? Nasz zepsuty pakiet podpis\u00f3w w mediach spo\u0142eczno\u015bciowych jest w\u0142a\u015bnie tym, czego potrzebujesz!<\/p>\n<p>Nasz pakiet zawiera ponad 100 unikalnych podpis\u00f3w, kt\u00f3re pomog\u0105 ci zaprezentowa\u0107 sw\u00f3j bogaty i wystawny styl \u017cycia, jednocze\u015bnie nawi\u0105zuj\u0105c kontakt z obserwuj\u0105cymi. Niezale\u017cnie od tego, czy publikujesz zdj\u0119cie, na kt\u00f3rym robisz zakupy w luksusowych sklepach, podr\u00f3\u017cujesz w luksusie, czy po prostu pokazujesz swoje designerskie stroje, nasze podpisy pomog\u0105 Ci zaanga\u017cowa\u0107 odbiorc\u00f3w i promowa\u0107 swoje us\u0142ugi wideo.<\/p>\n<p>Nasze podpisy obejmuj\u0105 szereg temat\u00f3w, od bezczelnych po zabawne i wszystko pomi\u0119dzy. Niezale\u017cnie od tego, czy chcesz dra\u017cni\u0107 swoich obserwuj\u0105cych nutk\u0105 tajemniczo\u015bci, czy te\u017c pokaza\u0107 swoj\u0105 pewn\u0105 siebie i asertywn\u0105 stron\u0119, mamy dla Ciebie wszystko. A dzi\u0119ki naszemu \u0142atwemu w u\u017cyciu formatowi mo\u017cesz szybko i \u0142atwo skopiowa\u0107 i wklei\u0107 wybrany podpis do swoich post\u00f3w w mediach spo\u0142eczno\u015bciowych, oszcz\u0119dzaj\u0105c czas i wysi\u0142ek.<\/p>\n<p>Je\u015bli wi\u0119c jeste\u015b zepsutym modelem OnlyFans, kt\u00f3ry chce nawi\u0105za\u0107 kontakt z publiczno\u015bci\u0105 i promowa\u0107 swoje us\u0142ugi wideo, zam\u00f3w nasz zepsuty pakiet podpis\u00f3w w mediach spo\u0142eczno\u015bciowych ju\u017c dzi\u015b!<\/p>","protected":false},"excerpt":{"rendered":"<p><strong>Do\u017cywotnie aktualizacje i dost\u0119p!<\/strong><\/p>\n<p>Jeste\u015b modelem OnlyFans, kt\u00f3ry uosabia rozpieszczonego bachora i chcesz promowa\u0107 swoje us\u0142ugi wideo w mediach spo\u0142eczno\u015bciowych? Nasz pakiet podpis\u00f3w w mediach spo\u0142eczno\u015bciowych jest tutaj, aby pom\u00f3c!<\/p>\n<p>Przyk\u0142ady obejmuj\u0105:<\/p>\n<ul>\n<li><span data-sheets-value=\"{&quot;1&quot;:2,&quot;2&quot;:&quot;Do you crave a bratty princess who always gets her way? \ud83e\udd34 I'm here to be spoiled, admired and adored. DM me if you're up for the challenge \ud83d\ude09 &quot;}\" data-sheets-userformat=\"{&quot;2&quot;:14656,&quot;9&quot;:0,&quot;11&quot;:4,&quot;14&quot;:{&quot;1&quot;:2,&quot;2&quot;:0},&quot;15&quot;:&quot;Verdana&quot;,&quot;16&quot;:11}\">Pragniesz rozwydrzonej ksi\u0119\u017cniczki, kt\u00f3ra zawsze stawia na swoim? Jestem tutaj, aby by\u0107 rozpieszczan\u0105, podziwian\u0105 i uwielbian\u0105. DM mnie, je\u015bli jeste\u015b gotowy na wyzwanie \ud83d\ude09<\/span><\/li>\n<li><span data-sheets-value=\"{&quot;1&quot;:2,&quot;2&quot;:&quot;For members only \ud83d\udc40 I'm the brat who always gets her way! \ud83e\udd2d Come talk to me and spoil me rotten...I'm feelin' sexy AF &amp; ready for some naughty fun! \ud83d\ude0d &quot;}\" data-sheets-userformat=\"{&quot;2&quot;:14656,&quot;9&quot;:0,&quot;11&quot;:4,&quot;14&quot;:{&quot;1&quot;:2,&quot;2&quot;:0},&quot;15&quot;:&quot;Verdana&quot;,&quot;16&quot;:11}\">Tylko dla cz\u0142onk\u00f3w \ud83d\udc40 Jestem bachorem, kt\u00f3ry zawsze stawia na swoim! Porozmawiaj ze mn\u0105 i rozpieszczaj mnie... Czuj\u0119 si\u0119 sexy AF i jestem gotowa na niegrzeczn\u0105 zabaw\u0119! \ud83d\ude0d <\/span><\/li>\n<li><span data-sheets-value=\"{&quot;1&quot;:2,&quot;2&quot;:&quot;Right now I'm sitting here, looking pretty and feeling naughty. \ud83d\udc45 I always get my way; so if you want to talk with me, you better be ready to spoil me! \ud83d\udcb0 &quot;}\" data-sheets-userformat=\"{&quot;2&quot;:14656,&quot;9&quot;:0,&quot;11&quot;:4,&quot;14&quot;:{&quot;1&quot;:2,&quot;2&quot;:0},&quot;15&quot;:&quot;Verdana&quot;,&quot;16&quot;:11}\">Teraz siedz\u0119 tutaj, wygl\u0105dam \u0142adnie i czuj\u0119 si\u0119 niegrzeczna. Zawsze stawiam na swoim, wi\u0119c je\u015bli chcesz ze mn\u0105 porozmawia\u0107, lepiej przygotuj si\u0119 na rozpieszczanie mnie! \ud83d\udcb0 <\/span><\/li>\n<\/ul>","protected":false},"featured_media":2305,"comment_status":"open","ping_status":"closed","template":"","meta":[],"product_brand":[],"product_cat":[22],"product_tag":[21],"class_list":{"0":"post-628","1":"product","2":"type-product","3":"status-publish","4":"has-post-thumbnail","6":"product_cat-captions","7":"product_tag-bratty","8":"infinite-scroll-item","9":"no-featured-image-padding","10":"sales-flash-overlay","11":"woocommerce-text-align-center","12":"woocommerce-image-align-center","13":"wc-has-gallery","15":"first","16":"instock","17":"downloadable","18":"virtual","19":"sold-individually","20":"purchasable","21":"product-type-simple"},"aioseo_notices":[],"_links":{"self":[{"href":"https:\/\/subtomy.com\/pl\/wp-json\/wp\/v2\/product\/628","targetHints":{"allow":["GET"]}}],"collection":[{"href":"https:\/\/subtomy.com\/pl\/wp-json\/wp\/v2\/product"}],"about":[{"href":"https:\/\/subtomy.com\/pl\/wp-json\/wp\/v2\/types\/product"}],"replies":[{"embeddable":true,"href":"https:\/\/subtomy.com\/pl\/wp-json\/wp\/v2\/comments?post=628"}],"wp:featuredmedia":[{"embeddable":true,"href":"https:\/\/subtomy.com\/pl\/wp-json\/wp\/v2\/media\/2305"}],"wp:attachment":[{"href":"https:\/\/subtomy.com\/pl\/wp-json\/wp\/v2\/media?parent=628"}],"wp:term":[{"taxonomy":"product_brand","embeddable":true,"href":"https:\/\/subtomy.com\/pl\/wp-json\/wp\/v2\/product_brand?post=628"},{"taxonomy":"product_cat","embeddable":true,"href":"https:\/\/subtomy.com\/pl\/wp-json\/wp\/v2\/product_cat?post=628"},{"taxonomy":"product_tag","embeddable":true,"href":"https:\/\/subtomy.com\/pl\/wp-json\/wp\/v2\/product_tag?post=628"}],"curies":[{"name":"wp","href":"https:\/\/api.w.org\/{rel}","templated":true}]}}