{"id":637,"date":"2023-04-17T16:13:24","date_gmt":"2023-04-17T21:13:24","guid":{"rendered":"https:\/\/shop.cammodelagency.com\/?post_type=product&#038;p=637"},"modified":"2024-04-02T18:10:44","modified_gmt":"2024-04-02T23:10:44","slug":"milf-captions","status":"publish","type":"product","link":"https:\/\/subtomy.com\/pl\/produkt\/milf-captions\/","title":{"rendered":"100+ MILF Captions dla OnlyFans, Reddit, Social Media"},"content":{"rendered":"<p>Jeste\u015b modelk\u0105 OnlyFans, kt\u00f3ra uosabia seksown\u0105 i pewn\u0105 siebie energi\u0119 MILF? Nasz pakiet podpis\u00f3w medialnych MILF jest tutaj, aby pom\u00f3c Ci zaprezentowa\u0107 sw\u00f3j nieodparty urok i promowa\u0107 swoje us\u0142ugi w mediach spo\u0142eczno\u015bciowych!<\/p>\n<p>Nasz pakiet zawiera ponad 100 unikalnych podpis\u00f3w, kt\u00f3re pomog\u0105 ci zaanga\u017cowa\u0107 obserwuj\u0105cych i promowa\u0107 swoje us\u0142ugi wideo. Niezale\u017cnie od tego, czy publikujesz swoje zdj\u0119cie w ulubionej bieli\u017anie, czy udost\u0119pniasz wiadomo\u015b\u0107, kt\u00f3ra emanuje pewno\u015bci\u0105 siebie i seksapilem, nasze podpisy pomog\u0105 Ci przyci\u0105gn\u0105\u0107 uwag\u0119 odbiorc\u00f3w i sprawi\u0107, \u017ce wr\u00f3c\u0105 po wi\u0119cej.<\/p>\n<p>Nasze podpisy obejmuj\u0105 szereg temat\u00f3w, od zalotnych po zmys\u0142owe i wszystko pomi\u0119dzy. Niezale\u017cnie od tego, czy chcesz dra\u017cni\u0107 swoich obserwator\u00f3w nutk\u0105 tajemniczo\u015bci, czy te\u017c pokaza\u0107 swoj\u0105 pewn\u0105 siebie i uwodzicielsk\u0105 stron\u0119, mamy dla Ciebie wszystko. A dzi\u0119ki naszemu \u0142atwemu w u\u017cyciu formatowi mo\u017cesz szybko i \u0142atwo skopiowa\u0107 i wklei\u0107 wybrany podpis do swoich post\u00f3w w mediach spo\u0142eczno\u015bciowych, oszcz\u0119dzaj\u0105c czas i wysi\u0142ek.<\/p>\n<p>Je\u015bli wi\u0119c jeste\u015b seksown\u0105 i pewn\u0105 siebie MILF, kt\u00f3ra chce zaanga\u017cowa\u0107 swoich obserwuj\u0105cych i promowa\u0107 swoje us\u0142ugi na OnlyFans, zam\u00f3w nasz pakiet podpis\u00f3w medialnych MILF ju\u017c dzi\u015b!<\/p>","protected":false},"excerpt":{"rendered":"<p><strong>Do\u017cywotni dost\u0119p i aktualizacje!<\/strong><\/p>\n<p>Jeste\u015b modelk\u0105 OnlyFans, kt\u00f3ra uosabia seksown\u0105 i pewn\u0105 siebie energi\u0119 MILF? Nasz pakiet podpis\u00f3w medialnych MILF jest tutaj, aby pom\u00f3c Ci zaprezentowa\u0107 sw\u00f3j nieodparty urok i promowa\u0107 swoje us\u0142ugi w mediach spo\u0142eczno\u015bciowych!<\/p>\n<p><strong>Przyk\u0142ady obejmuj\u0105:<\/strong><\/p>\n<ul>\n<li><span data-sheets-value=\"{&quot;1&quot;:2,&quot;2&quot;:&quot;Do you desire I'm feeling \ud83d\udc8bsexy and ready to show off my MILFy curves! Who wants to come talk with me, spoil me a bit, and watch as I milk my mommy titties? \ud83d\ude09 &quot;}\" data-sheets-userformat=\"{&quot;2&quot;:14656,&quot;9&quot;:0,&quot;11&quot;:4,&quot;14&quot;:{&quot;1&quot;:2,&quot;2&quot;:0},&quot;15&quot;:&quot;Verdana&quot;,&quot;16&quot;:11}\">Czy pragniesz, abym poczu\u0142a si\u0119 \ud83d\udc8bsexy i gotowa pokaza\u0107 moje MILFy krzywe! Kto chce ze mn\u0105 porozmawia\u0107, troch\u0119 mnie porozpieszcza\u0107 i popatrze\u0107, jak doj\u0119 moje mamusine cycuszki? \ud83d\ude09 <\/span><\/li>\n<li><span data-sheets-value=\"{&quot;1&quot;:2,&quot;2&quot;:&quot;I'm the naughty MILF you've been looking for! \ud83c\udf51 Come talk to me and let me know what turns you on. I'm here to be spoiled and pampered, so make sure to bring your best game. Dare I say, my mommy milkers are out of this world? \ud83d\ude09 &quot;}\" data-sheets-userformat=\"{&quot;2&quot;:14656,&quot;9&quot;:0,&quot;11&quot;:4,&quot;14&quot;:{&quot;1&quot;:2,&quot;2&quot;:0},&quot;15&quot;:&quot;Verdana&quot;,&quot;16&quot;:11}\">Jestem niegrzeczn\u0105 MILF, kt\u00f3rej szuka\u0142e\u015b! Porozmawiaj ze mn\u0105 i daj mi zna\u0107, co Ci\u0119 podnieca. Jestem tutaj, aby by\u0107 rozpieszczanym i rozpieszczanym, wi\u0119c upewnij si\u0119, \u017ce przyniesiesz swoj\u0105 najlepsz\u0105 gr\u0119.<\/span><\/li>\n<li><span data-sheets-value=\"{&quot;1&quot;:2,&quot;2&quot;:&quot;Pay the price and get the pleasure! \ud83d\udc8b I'm your MILF next door come to life. Come join me, be my naughty little secret. Let's talk dirty and explore each other's desires while I show off my hot body in lingerie that hugs me just right. &quot;}\" data-sheets-userformat=\"{&quot;2&quot;:14656,&quot;9&quot;:0,&quot;11&quot;:4,&quot;14&quot;:{&quot;1&quot;:2,&quot;2&quot;:0},&quot;15&quot;:&quot;Verdana&quot;,&quot;16&quot;:11}\">Zap\u0142a\u0107 cen\u0119 i czerp przyjemno\u015b\u0107! \ud83d\udc8b Jestem twoim MILF obok o\u017cywaj\u0105. Do\u0142\u0105cz do mnie, b\u0105d\u017a moim niegrzecznym ma\u0142ym sekretem. Porozmawiajmy spro\u015bnie i odkryjmy swoje pragnienia, podczas gdy ja poka\u017c\u0119 swoje gor\u0105ce cia\u0142o w bieli\u017anie, kt\u00f3ra dobrze mnie przytula. <\/span><\/li>\n<\/ul>","protected":false},"featured_media":2344,"comment_status":"open","ping_status":"closed","template":"","meta":[],"product_brand":[],"product_cat":[22],"product_tag":[34],"class_list":{"0":"post-637","1":"product","2":"type-product","3":"status-publish","4":"has-post-thumbnail","6":"product_cat-captions","7":"product_tag-milfs","8":"infinite-scroll-item","9":"no-featured-image-padding","10":"sales-flash-overlay","11":"woocommerce-text-align-center","12":"woocommerce-image-align-center","13":"wc-has-gallery","15":"first","16":"instock","17":"downloadable","18":"virtual","19":"sold-individually","20":"purchasable","21":"product-type-simple"},"aioseo_notices":[],"_links":{"self":[{"href":"https:\/\/subtomy.com\/pl\/wp-json\/wp\/v2\/product\/637","targetHints":{"allow":["GET"]}}],"collection":[{"href":"https:\/\/subtomy.com\/pl\/wp-json\/wp\/v2\/product"}],"about":[{"href":"https:\/\/subtomy.com\/pl\/wp-json\/wp\/v2\/types\/product"}],"replies":[{"embeddable":true,"href":"https:\/\/subtomy.com\/pl\/wp-json\/wp\/v2\/comments?post=637"}],"wp:featuredmedia":[{"embeddable":true,"href":"https:\/\/subtomy.com\/pl\/wp-json\/wp\/v2\/media\/2344"}],"wp:attachment":[{"href":"https:\/\/subtomy.com\/pl\/wp-json\/wp\/v2\/media?parent=637"}],"wp:term":[{"taxonomy":"product_brand","embeddable":true,"href":"https:\/\/subtomy.com\/pl\/wp-json\/wp\/v2\/product_brand?post=637"},{"taxonomy":"product_cat","embeddable":true,"href":"https:\/\/subtomy.com\/pl\/wp-json\/wp\/v2\/product_cat?post=637"},{"taxonomy":"product_tag","embeddable":true,"href":"https:\/\/subtomy.com\/pl\/wp-json\/wp\/v2\/product_tag?post=637"}],"curies":[{"name":"wp","href":"https:\/\/api.w.org\/{rel}","templated":true}]}}