{"id":676,"date":"2023-04-17T23:52:47","date_gmt":"2023-04-18T04:52:47","guid":{"rendered":"https:\/\/shop.cammodelagency.com\/?post_type=product&#038;p=676"},"modified":"2023-05-15T22:42:47","modified_gmt":"2023-05-16T03:42:47","slug":"strong-male-captions","status":"publish","type":"product","link":"https:\/\/subtomy.com\/pl\/produkt\/silne-meskie-napisy\/","title":{"rendered":"100+ Mocne M\u0119skie Captions dla OnlyFans, Reddit, Social Media, itp."},"content":{"rendered":"<p>Przedstawiamy najlepsze rozwi\u0105zanie dla modeli OnlyFans, kt\u00f3rzy chc\u0105 zwi\u0119kszy\u0107 swoj\u0105 obecno\u015b\u0107 w mediach spo\u0142eczno\u015bciowych i przyci\u0105gn\u0105\u0107 wi\u0119cej obserwuj\u0105cych: Strong Male Social Media Caption Pack. Pakiet ten zosta\u0142 specjalnie zaprojektowany dla modeli, kt\u00f3rzy sprzedaj\u0105 us\u0142ugi na OnlyFans i innych stronach fanklub\u00f3w, i zawiera szerok\u0105 gam\u0119 anga\u017cuj\u0105cych i przyci\u0105gaj\u0105cych uwag\u0119 podpis\u00f3w, kt\u00f3re z pewno\u015bci\u0105 przyci\u0105gn\u0105 uwag\u0119 odbiorc\u00f3w.<\/p>\n<p>Niezale\u017cnie od tego, czy chcesz zaprezentowa\u0107 swoje najnowsze tre\u015bci, promowa\u0107 nadchodz\u0105ce wydarzenia, czy po prostu zapewni\u0107 swoim obserwatorom rozrywk\u0119 i zaanga\u017cowanie, ten pakiet podpis\u00f3w ma wszystko, czego potrzebujesz. Od bezczelnych one-liner\u00f3w po prowokuj\u0105ce do my\u015blenia pytania, nasze podpisy s\u0105 starannie opracowane, aby przemawia\u0107 do r\u00f3\u017cnych odbiorc\u00f3w i utrzymywa\u0107 \u015bwie\u017co\u015b\u0107 i ekscytacj\u0119 tre\u015bci.<\/p>\n<p>Wi\u0119c je\u015bli jeste\u015b gotowy, aby przenie\u015b\u0107 sw\u00f3j biznes OnlyFans na wy\u017cszy poziom, nie czekaj d\u0142u\u017cej. Zam\u00f3w Straight Male Social Media Caption Pack ju\u017c dzi\u015b i zacznij wyr\u00f3\u017cnia\u0107 si\u0119 z t\u0142umu!<\/p>\n<p>Przyk\u0142ady obejmuj\u0105<\/p>\n<ul>\n<li><span data-sheets-value=\"{&quot;1&quot;:2,&quot;2&quot;:&quot;Do you desire a \ud83d\udcaa\ud83c\udffc man that's hung, handsome and horny? I'm your guy! DM me for hot conversations and let's explore our wildest fantasies together #sexy #horny #hungAF \ud83e\udd75&quot;}\" data-sheets-userformat=\"{&quot;2&quot;:8961,&quot;3&quot;:{&quot;1&quot;:0},&quot;11&quot;:4,&quot;12&quot;:0,&quot;16&quot;:12}\">Czy pragniesz m\u0119\u017cczyzny \ud83d\udcaa\ud83c\udffc, kt\u00f3ry jest g\u0142odny, przystojny i napalony? Jestem Twoim facetem! DM mnie do gor\u0105cych rozm\u00f3w i odkryjmy nasze najdziksze fantazje razem #sexy #horny #hungAF \ud83e\udd75<\/span><\/li>\n<li><span data-sheets-value=\"{&quot;1&quot;:2,&quot;2&quot;:&quot;Favorite thing to do? \ud83d\udd25 Let me show you!\ud83d\udca6I'm hung, handsome and strong. Come talk with me and let's explore our wildest fantasies together! I'm always horny for more \ud83d\ude1c &quot;}\" data-sheets-userformat=\"{&quot;2&quot;:14656,&quot;9&quot;:0,&quot;11&quot;:4,&quot;14&quot;:{&quot;1&quot;:2,&quot;2&quot;:0},&quot;15&quot;:&quot;Verdana&quot;,&quot;16&quot;:11}\">Ulubiona rzecz do robienia? Pozw\u00f3l, \u017ce Ci poka\u017c\u0119! \ud83d\udca6 Jestem przystojny i silny. Porozmawiaj ze mn\u0105 i odkryjmy razem nasze najdziksze fantazje! Zawsze jestem napalony na wi\u0119cej \ud83d\ude1c <\/span><\/li>\n<li><span data-sheets-value=\"{&quot;1&quot;:2,&quot;2&quot;:&quot;Shoulders back, abs tight. Come explore this strong and handsome \ud83e\udd29\ud83d\udcaa man who's always ready to talk with ya'll \ud83d\ude0f and just so happens to be extra horny tonight \ud83e\udd75 &quot;}\" data-sheets-userformat=\"{&quot;2&quot;:14656,&quot;9&quot;:0,&quot;11&quot;:4,&quot;14&quot;:{&quot;1&quot;:2,&quot;2&quot;:0},&quot;15&quot;:&quot;Verdana&quot;,&quot;16&quot;:11}\">Ramiona do ty\u0142u, napi\u0119ty brzuch. Przyjd\u017a pozna\u0107 tego silnego i przystojnego \ud83e\udd29\ud83d\udcaa m\u0119\u017cczyzn\u0119, kt\u00f3ry jest zawsze gotowy do rozmowy \ud83d\ude0f i tak si\u0119 sk\u0142ada, \u017ce jest dzi\u015b wyj\u0105tkowo napalony \ud83e\udd75. <\/span><\/li>\n<\/ul>","protected":false},"excerpt":{"rendered":"<p>Przedstawiamy najlepsze rozwi\u0105zanie dla modeli OnlyFans, kt\u00f3rzy chc\u0105 zwi\u0119kszy\u0107 swoj\u0105 obecno\u015b\u0107 w mediach spo\u0142eczno\u015bciowych i przyci\u0105gn\u0105\u0107 wi\u0119cej obserwuj\u0105cych: Strong Male Social Media Caption Pack. Przyk\u0142ady obejmuj\u0105<\/p>\n<p><strong>Przyk\u0142ady obejmuj\u0105<\/strong><\/p>\n<ul>\n<li><span data-sheets-value=\"{&quot;1&quot;:2,&quot;2&quot;:&quot;Do you desire a \ud83d\udcaa\ud83c\udffc man that's hung, handsome and horny? I'm your guy! DM me for hot conversations and let's explore our wildest fantasies together #sexy #horny #hungAF \ud83e\udd75&quot;}\" data-sheets-userformat=\"{&quot;2&quot;:8961,&quot;3&quot;:{&quot;1&quot;:0},&quot;11&quot;:4,&quot;12&quot;:0,&quot;16&quot;:12}\">Czy pragniesz m\u0119\u017cczyzny \ud83d\udcaa\ud83c\udffc, kt\u00f3ry jest g\u0142odny, przystojny i napalony? Jestem Twoim facetem! DM mnie do gor\u0105cych rozm\u00f3w i odkryjmy nasze najdziksze fantazje razem #sexy #horny #hungAF \ud83e\udd75<\/span><\/li>\n<li><span data-sheets-value=\"{&quot;1&quot;:2,&quot;2&quot;:&quot;Favorite thing to do? \ud83d\udd25 Let me show you!\ud83d\udca6I'm hung, handsome and strong. Come talk with me and let's explore our wildest fantasies together! I'm always horny for more \ud83d\ude1c &quot;}\" data-sheets-userformat=\"{&quot;2&quot;:14656,&quot;9&quot;:0,&quot;11&quot;:4,&quot;14&quot;:{&quot;1&quot;:2,&quot;2&quot;:0},&quot;15&quot;:&quot;Verdana&quot;,&quot;16&quot;:11}\">Ulubiona rzecz do robienia? Pozw\u00f3l, \u017ce Ci poka\u017c\u0119! \ud83d\udca6 Jestem przystojny i silny. Porozmawiaj ze mn\u0105 i odkryjmy razem nasze najdziksze fantazje! Zawsze jestem napalony na wi\u0119cej \ud83d\ude1c <\/span><\/li>\n<li><span data-sheets-value=\"{&quot;1&quot;:2,&quot;2&quot;:&quot;Shoulders back, abs tight. Come explore this strong and handsome \ud83e\udd29\ud83d\udcaa man who's always ready to talk with ya'll \ud83d\ude0f and just so happens to be extra horny tonight \ud83e\udd75 &quot;}\" data-sheets-userformat=\"{&quot;2&quot;:14656,&quot;9&quot;:0,&quot;11&quot;:4,&quot;14&quot;:{&quot;1&quot;:2,&quot;2&quot;:0},&quot;15&quot;:&quot;Verdana&quot;,&quot;16&quot;:11}\">Ramiona do ty\u0142u, napi\u0119ty brzuch. Przyjd\u017a pozna\u0107 tego silnego i przystojnego \ud83e\udd29\ud83d\udcaa m\u0119\u017cczyzn\u0119, kt\u00f3ry jest zawsze gotowy do rozmowy \ud83d\ude0f i tak si\u0119 sk\u0142ada, \u017ce jest dzi\u015b wyj\u0105tkowo napalony \ud83e\udd75.<\/span><\/li>\n<\/ul>","protected":false},"featured_media":1238,"comment_status":"open","ping_status":"closed","template":"","meta":[],"product_brand":[],"product_cat":[22],"product_tag":[33],"class_list":{"0":"post-676","1":"product","2":"type-product","3":"status-publish","4":"has-post-thumbnail","6":"product_cat-captions","7":"product_tag-men","8":"infinite-scroll-item","9":"no-featured-image-padding","10":"sales-flash-overlay","11":"woocommerce-text-align-center","12":"woocommerce-image-align-center","13":"wc-has-gallery","15":"first","16":"instock","17":"downloadable","18":"virtual","19":"sold-individually","20":"purchasable","21":"product-type-simple"},"aioseo_notices":[],"_links":{"self":[{"href":"https:\/\/subtomy.com\/pl\/wp-json\/wp\/v2\/product\/676","targetHints":{"allow":["GET"]}}],"collection":[{"href":"https:\/\/subtomy.com\/pl\/wp-json\/wp\/v2\/product"}],"about":[{"href":"https:\/\/subtomy.com\/pl\/wp-json\/wp\/v2\/types\/product"}],"replies":[{"embeddable":true,"href":"https:\/\/subtomy.com\/pl\/wp-json\/wp\/v2\/comments?post=676"}],"wp:featuredmedia":[{"embeddable":true,"href":"https:\/\/subtomy.com\/pl\/wp-json\/wp\/v2\/media\/1238"}],"wp:attachment":[{"href":"https:\/\/subtomy.com\/pl\/wp-json\/wp\/v2\/media?parent=676"}],"wp:term":[{"taxonomy":"product_brand","embeddable":true,"href":"https:\/\/subtomy.com\/pl\/wp-json\/wp\/v2\/product_brand?post=676"},{"taxonomy":"product_cat","embeddable":true,"href":"https:\/\/subtomy.com\/pl\/wp-json\/wp\/v2\/product_cat?post=676"},{"taxonomy":"product_tag","embeddable":true,"href":"https:\/\/subtomy.com\/pl\/wp-json\/wp\/v2\/product_tag?post=676"}],"curies":[{"name":"wp","href":"https:\/\/api.w.org\/{rel}","templated":true}]}}