{"id":687,"date":"2023-04-18T00:22:09","date_gmt":"2023-04-18T05:22:09","guid":{"rendered":"https:\/\/shop.cammodelagency.com\/?post_type=product&#038;p=687"},"modified":"2024-03-28T00:31:07","modified_gmt":"2024-03-28T05:31:07","slug":"straight-male-captions","status":"publish","type":"product","link":"https:\/\/subtomy.com\/pl\/produkt\/napisy-dla-heteroseksualnych-mezczyzn\/","title":{"rendered":"100+ Straight Male Captions for OnlyFans, Social Media, Reddit, etc."},"content":{"rendered":"<p>Przedstawiamy najlepsze rozwi\u0105zanie dla heteroseksualnych modeli OnlyFans, kt\u00f3rzy chc\u0105 zwi\u0119kszy\u0107 swoj\u0105 obecno\u015b\u0107 w mediach spo\u0142eczno\u015bciowych i przyci\u0105gn\u0105\u0107 wi\u0119cej obserwuj\u0105cych: Straight Male Social Media Caption Pack. Pakiet ten zosta\u0142 specjalnie zaprojektowany dla modeli, kt\u00f3rzy sprzedaj\u0105 us\u0142ugi na OnlyFans i zawiera szerok\u0105 gam\u0119 anga\u017cuj\u0105cych i przyci\u0105gaj\u0105cych uwag\u0119 podpis\u00f3w, kt\u00f3re z pewno\u015bci\u0105 przyci\u0105gn\u0105 uwag\u0119 odbiorc\u00f3w.<\/p>\n<p>Niezale\u017cnie od tego, czy chcesz zaprezentowa\u0107 swoje najnowsze tre\u015bci, promowa\u0107 nadchodz\u0105ce wydarzenia, czy po prostu zapewni\u0107 swoim obserwatorom rozrywk\u0119 i zaanga\u017cowanie, ten pakiet podpis\u00f3w ma wszystko, czego potrzebujesz. Od zabawnych one-liner\u00f3w po intryguj\u0105ce pytania, nasze podpisy s\u0105 starannie opracowane, aby przemawia\u0107 do m\u0119skiej publiczno\u015bci i utrzymywa\u0107 \u015bwie\u017co\u015b\u0107 i ekscytacj\u0119 tre\u015bci.<\/p>\n<p>Przyk\u0142ady:<\/p>\n<ul>\n<li><span data-sheets-value=\"{&quot;1&quot;:2,&quot;2&quot;:&quot;Do you like what you see? \ud83e\udd24 I'm feeling so horny right now and can't wait to chat with all my fans. Let's get to know each other better, shall we? \ud83d\ude09 &quot;}\" data-sheets-userformat=\"{&quot;2&quot;:14656,&quot;9&quot;:0,&quot;11&quot;:4,&quot;14&quot;:{&quot;1&quot;:2,&quot;2&quot;:0},&quot;15&quot;:&quot;Verdana&quot;,&quot;16&quot;:11}\">Podoba Ci si\u0119 to, co widzisz? Czuj\u0119 si\u0119 teraz taki napalony i nie mog\u0119 si\u0119 doczeka\u0107 rozmowy ze wszystkimi moimi fanami. Poznajmy si\u0119 lepiej, dobrze? \ud83d\ude09 <\/span><\/li>\n<li><span data-sheets-value=\"{&quot;1&quot;:2,&quot;2&quot;:&quot;Join my OnlyFans and let's get naughty \ud83d\udd25 I'm feeling really horny and ready to have some fun with you. Come talk to me, be my fan, and watch as I show off my handsome bod! \ud83d\ude0d #OnlyFansModel #MaleModel&quot;}\" data-sheets-userformat=\"{&quot;2&quot;:8961,&quot;3&quot;:{&quot;1&quot;:0},&quot;11&quot;:4,&quot;12&quot;:0,&quot;16&quot;:12}\">Do\u0142\u0105cz do moich fan\u00f3w OnlyFans i b\u0105d\u017amy niegrzeczni \ud83d\udd25 Czuj\u0119 si\u0119 naprawd\u0119 napalony i gotowy na dobr\u0105 zabaw\u0119 z Tob\u0105. Porozmawiaj ze mn\u0105, zosta\u0144 moim fanem i zobacz, jak pokazuj\u0119 swoje przystojne cia\u0142o! #OnlyFansModel #MaleModel<\/span><\/li>\n<li><span data-sheets-value=\"{&quot;1&quot;:2,&quot;2&quot;:&quot;Submit your thirstiest fantasies to me and \ud83e\udd24 I'll make them come true! Be bold, take the plunge and join me in my world of pleasure. \ud83d\udd25&quot;}\" data-sheets-userformat=\"{&quot;2&quot;:8961,&quot;3&quot;:{&quot;1&quot;:0},&quot;11&quot;:4,&quot;12&quot;:0,&quot;16&quot;:12}\">Prze\u015blij mi swoje najbardziej spragnione fantazje, a \ud83e\udd24 sprawi\u0119, \u017ce si\u0119 spe\u0142ni\u0105! B\u0105d\u017a odwa\u017cny, zanurz si\u0119 i do\u0142\u0105cz do mnie w moim \u015bwiecie przyjemno\u015bci. \ud83d\udd25<\/span><\/li>\n<\/ul>\n<p>Wi\u0119c je\u015bli jeste\u015b gotowy, aby przenie\u015b\u0107 sw\u00f3j biznes OnlyFans na wy\u017cszy poziom, nie czekaj d\u0142u\u017cej. Zam\u00f3w Straight Male Social Media Caption Pack ju\u017c dzi\u015b i zacznij wyr\u00f3\u017cnia\u0107 si\u0119 z t\u0142umu!<\/p>","protected":false},"excerpt":{"rendered":"<p>Przedstawiamy najlepsze rozwi\u0105zanie dla heteroseksualnych modeli OnlyFans, kt\u00f3rzy chc\u0105 zwi\u0119kszy\u0107 swoj\u0105 obecno\u015b\u0107 w mediach spo\u0142eczno\u015bciowych i przyci\u0105gn\u0105\u0107 wi\u0119cej obserwuj\u0105cych. Przyk\u0142ady:<\/p>\n<p>Przyk\u0142ady:<\/p>\n<ul>\n<li><span data-sheets-value=\"{&quot;1&quot;:2,&quot;2&quot;:&quot;Do you like what you see? \ud83e\udd24 I'm feeling so horny right now and can't wait to chat with all my fans. Let's get to know each other better, shall we? \ud83d\ude09 &quot;}\" data-sheets-userformat=\"{&quot;2&quot;:14656,&quot;9&quot;:0,&quot;11&quot;:4,&quot;14&quot;:{&quot;1&quot;:2,&quot;2&quot;:0},&quot;15&quot;:&quot;Verdana&quot;,&quot;16&quot;:11}\">Podoba Ci si\u0119 to, co widzisz? Czuj\u0119 si\u0119 teraz taki napalony i nie mog\u0119 si\u0119 doczeka\u0107 rozmowy ze wszystkimi moimi fanami. Poznajmy si\u0119 lepiej, dobrze? \ud83d\ude09 <\/span><\/li>\n<li><span data-sheets-value=\"{&quot;1&quot;:2,&quot;2&quot;:&quot;Join my OnlyFans and let's get naughty \ud83d\udd25 I'm feeling really horny and ready to have some fun with you. Come talk to me, be my fan, and watch as I show off my handsome bod! \ud83d\ude0d #OnlyFansModel #MaleModel&quot;}\" data-sheets-userformat=\"{&quot;2&quot;:8961,&quot;3&quot;:{&quot;1&quot;:0},&quot;11&quot;:4,&quot;12&quot;:0,&quot;16&quot;:12}\">Do\u0142\u0105cz do moich fan\u00f3w OnlyFans i b\u0105d\u017amy niegrzeczni \ud83d\udd25 Czuj\u0119 si\u0119 naprawd\u0119 napalony i gotowy na dobr\u0105 zabaw\u0119 z Tob\u0105. Porozmawiaj ze mn\u0105, zosta\u0144 moim fanem i zobacz, jak pokazuj\u0119 swoje przystojne cia\u0142o! #OnlyFansModel #MaleModel<\/span><\/li>\n<li><span data-sheets-value=\"{&quot;1&quot;:2,&quot;2&quot;:&quot;Submit your thirstiest fantasies to me and \ud83e\udd24 I'll make them come true! Be bold, take the plunge and join me in my world of pleasure. \ud83d\udd25&quot;}\" data-sheets-userformat=\"{&quot;2&quot;:8961,&quot;3&quot;:{&quot;1&quot;:0},&quot;11&quot;:4,&quot;12&quot;:0,&quot;16&quot;:12}\">Prze\u015blij mi swoje najbardziej spragnione fantazje, a \ud83e\udd24 sprawi\u0119, \u017ce si\u0119 spe\u0142ni\u0105! B\u0105d\u017a odwa\u017cny, zanurz si\u0119 i do\u0142\u0105cz do mnie w moim \u015bwiecie przyjemno\u015bci. \ud83d\udd25<\/span><\/li>\n<\/ul>","protected":false},"featured_media":2322,"comment_status":"open","ping_status":"closed","template":"","meta":[],"product_brand":[],"product_cat":[22],"product_tag":[33],"class_list":{"0":"post-687","1":"product","2":"type-product","3":"status-publish","4":"has-post-thumbnail","6":"product_cat-captions","7":"product_tag-men","8":"infinite-scroll-item","9":"no-featured-image-padding","10":"sales-flash-overlay","11":"woocommerce-text-align-center","12":"woocommerce-image-align-center","13":"wc-has-gallery","15":"first","16":"instock","17":"downloadable","18":"virtual","19":"sold-individually","20":"purchasable","21":"product-type-simple"},"aioseo_notices":[],"_links":{"self":[{"href":"https:\/\/subtomy.com\/pl\/wp-json\/wp\/v2\/product\/687","targetHints":{"allow":["GET"]}}],"collection":[{"href":"https:\/\/subtomy.com\/pl\/wp-json\/wp\/v2\/product"}],"about":[{"href":"https:\/\/subtomy.com\/pl\/wp-json\/wp\/v2\/types\/product"}],"replies":[{"embeddable":true,"href":"https:\/\/subtomy.com\/pl\/wp-json\/wp\/v2\/comments?post=687"}],"wp:featuredmedia":[{"embeddable":true,"href":"https:\/\/subtomy.com\/pl\/wp-json\/wp\/v2\/media\/2322"}],"wp:attachment":[{"href":"https:\/\/subtomy.com\/pl\/wp-json\/wp\/v2\/media?parent=687"}],"wp:term":[{"taxonomy":"product_brand","embeddable":true,"href":"https:\/\/subtomy.com\/pl\/wp-json\/wp\/v2\/product_brand?post=687"},{"taxonomy":"product_cat","embeddable":true,"href":"https:\/\/subtomy.com\/pl\/wp-json\/wp\/v2\/product_cat?post=687"},{"taxonomy":"product_tag","embeddable":true,"href":"https:\/\/subtomy.com\/pl\/wp-json\/wp\/v2\/product_tag?post=687"}],"curies":[{"name":"wp","href":"https:\/\/api.w.org\/{rel}","templated":true}]}}