{"id":1136,"date":"2023-05-11T20:21:26","date_gmt":"2023-05-12T01:21:26","guid":{"rendered":"https:\/\/subtomy.com\/?post_type=product&#038;p=1136"},"modified":"2024-03-02T21:54:02","modified_gmt":"2024-03-03T02:54:02","slug":"beta-humiliation-scripts","status":"publish","type":"product","link":"https:\/\/subtomy.com\/pt\/produto\/roteiros-de-humilhacao-beta\/","title":{"rendered":"5 Pacote de scripts de domina\u00e7\u00e3o financeira e Findom para pagamento de Beta Pig Humiliation"},"content":{"rendered":"<p>Obtenha roteiros para os seguintes cen\u00e1rios de humilha\u00e7\u00e3o de homens beta:<\/p>\n<ul>\n<li><strong>Fazer um homem beta pagar por sua inadequa\u00e7\u00e3o<\/strong> - Exigir que o macho beta pague uma taxa por n\u00e3o ser capaz de atender \u00e0s suas demandas financeiras. Estabele\u00e7a um plano de pagamento e exija pagamentos regulares do beta, lembrando-o de sua inadequa\u00e7\u00e3o e incapacidade de agradar o superior.<\/li>\n<li><strong>Humilhar um homem beta por sua falta de sucesso financeiro<\/strong> - Zombar e menosprezar o macho beta por n\u00e3o ser capaz de fornecer dinheiro suficiente para satisfazer as necessidades e desejos do dominante. Amea\u00e7ar expor a situa\u00e7\u00e3o financeira do macho beta a outras pessoas para aumentar a humilha\u00e7\u00e3o.<\/li>\n<li><strong>Desprezar um homem beta por sua inferioridade<\/strong> - Fa\u00e7a com que o homem beta se vista com roupas humilhantes ou realize tarefas degradantes. O beta deve usar roupas baratas ou pouco atraentes enquanto o dominante ostenta sua riqueza e itens de luxo.<\/li>\n<li><strong>Humilha\u00e7\u00e3o p\u00fablica de um macho beta<\/strong> - Exigir que o beta realize atos humilhantes em p\u00fablico, como usar um cartaz que declare sua inferioridade ou obrig\u00e1-lo a pedir dinheiro na rua. A humilha\u00e7\u00e3o pode ser ampliada pela presen\u00e7a de outras pessoas, que podem testemunhar a inadequa\u00e7\u00e3o do beta.<\/li>\n<li><strong>Domina\u00e7\u00e3o financeira da conta banc\u00e1ria de um homem beta\u00a0<\/strong>- Voc\u00ea sabe o que est\u00e1 acontecendo aqui!<\/li>\n<\/ul>\n<p><em>Voc\u00ea observa enquanto o macho beta se ajoelha diante de voc\u00ea. Sua cabe\u00e7a est\u00e1 baixa, seu rosto \u00e9 uma m\u00e1scara de vergonha e humilha\u00e7\u00e3o. Ele est\u00e1 aqui porque n\u00e3o conseguiu atender \u00e0s suas expectativas financeiras ou de outra natureza e agora precisa sofrer as consequ\u00eancias. Voc\u00ea saboreia esse momento, desfrutando da servid\u00e3o dele.<\/em><\/p>\n<p><em>\"Voc\u00ea n\u00e3o est\u00e1 \u00e0 altura\", voc\u00ea diz a ele com desd\u00e9m, \"ent\u00e3o agora voc\u00ea deve pagar\". O macho beta se mexe desconfortavelmente, mas n\u00e3o responde a voc\u00ea; ele sabe que n\u00e3o deve argumentar contra sua superioridade. Seus olhos permanecem nele como se o desafiassem a fazer algo a respeito, qualquer coisa que seja. Mas ele n\u00e3o faz nada, exceto aceitar o que est\u00e1 acontecendo entre voc\u00eas, um entendimento de que o dinheiro ser\u00e1 trocado por humilha\u00e7\u00e3o e degrada\u00e7\u00e3o hoje.<\/em><\/p>\n<p><em>Ele abre a carteira e entrega o dinheiro - muito menos do que o exigido pelos seus servi\u00e7os de achados e perdidos, mas mais do que suficiente, considerando o quanto ele \u00e9 in\u00fatil comparado a voc\u00ea -, o que faz com que um sorriso de satisfa\u00e7\u00e3o surja em seus l\u00e1bios. Esse tempo valeu a pena at\u00e9 agora, mas ainda h\u00e1 mais divers\u00e3o pela frente!<\/em><\/p>\n<p><em>Voc\u00ea aponta imperiosamente para o ch\u00e3o onde as moedas foram espalhadas anteriormente durante uma de suas demonstra\u00e7\u00f5es de superioridade, exigindo que cada moeda seja apanhada individualmente at\u00e9 que todas desapare\u00e7am de vista novamente. O macho beta tamb\u00e9m obedece a esse pedido, silenciosamente se encolhendo a cada movimento feito, apesar de saber muito bem que a desobedi\u00eancia resultaria em puni\u00e7\u00f5es ainda mais severas mais tarde.<\/em><\/p>\n<p><em>No entanto, quando todas as moedas tiverem sido coletadas, a aten\u00e7\u00e3o deles se desviar\u00e1 para voc\u00ea, aguardando ansiosamente qualquer outra dire\u00e7\u00e3o ou ordem dada em seguida...<\/em><\/p>","protected":false},"excerpt":{"rendered":"<p>Obtenha acesso instant\u00e2neo a 5 roteiros para humilha\u00e7\u00e3o de homens beta! 1.344 palavras de ouro que podem ser adaptadas tanto para v\u00eddeos gravados quanto para encontros virtuais individuais.<\/p>\n<p>O que est\u00e1 esperando? Melhore seu jogo de domina\u00e7\u00e3o agora mesmo.<\/p>","protected":false},"featured_media":2257,"comment_status":"closed","ping_status":"closed","template":"","meta":[],"product_brand":[],"product_cat":[47],"product_tag":[28],"class_list":{"0":"post-1136","1":"product","2":"type-product","3":"status-publish","4":"has-post-thumbnail","6":"product_cat-scripts","7":"product_tag-findom","8":"infinite-scroll-item","9":"no-featured-image-padding","10":"sales-flash-overlay","11":"woocommerce-text-align-center","12":"woocommerce-image-align-center","13":"wc-has-gallery","15":"first","16":"instock","17":"downloadable","18":"virtual","19":"sold-individually","20":"purchasable","21":"product-type-simple"},"aioseo_notices":[],"_links":{"self":[{"href":"https:\/\/subtomy.com\/pt\/wp-json\/wp\/v2\/product\/1136","targetHints":{"allow":["GET"]}}],"collection":[{"href":"https:\/\/subtomy.com\/pt\/wp-json\/wp\/v2\/product"}],"about":[{"href":"https:\/\/subtomy.com\/pt\/wp-json\/wp\/v2\/types\/product"}],"replies":[{"embeddable":true,"href":"https:\/\/subtomy.com\/pt\/wp-json\/wp\/v2\/comments?post=1136"}],"wp:featuredmedia":[{"embeddable":true,"href":"https:\/\/subtomy.com\/pt\/wp-json\/wp\/v2\/media\/2257"}],"wp:attachment":[{"href":"https:\/\/subtomy.com\/pt\/wp-json\/wp\/v2\/media?parent=1136"}],"wp:term":[{"taxonomy":"product_brand","embeddable":true,"href":"https:\/\/subtomy.com\/pt\/wp-json\/wp\/v2\/product_brand?post=1136"},{"taxonomy":"product_cat","embeddable":true,"href":"https:\/\/subtomy.com\/pt\/wp-json\/wp\/v2\/product_cat?post=1136"},{"taxonomy":"product_tag","embeddable":true,"href":"https:\/\/subtomy.com\/pt\/wp-json\/wp\/v2\/product_tag?post=1136"}],"curies":[{"name":"wp","href":"https:\/\/api.w.org\/{rel}","templated":true}]}}