{"id":1372,"date":"2023-05-15T22:49:16","date_gmt":"2023-05-16T03:49:16","guid":{"rendered":"https:\/\/subtomy.com\/?post_type=product&#038;p=1372"},"modified":"2023-05-24T16:42:13","modified_gmt":"2023-05-24T21:42:13","slug":"findom-debt-contract-template","status":"publish","type":"product","link":"https:\/\/subtomy.com\/pt\/produto\/findom-debt-contract-template\/","title":{"rendered":"Modelo de contrato de d\u00edvida da Findom"},"content":{"rendered":"<h3 style=\"text-align: center;\">Apresentando o Contrato de D\u00edvida Findom: Garanta a submiss\u00e3o financeira do seu porco pagador<\/h3>\n<p>Prenda seu porco pagador em um acordo inquebr\u00e1vel ao qual ele n\u00e3o poder\u00e1 resistir. Com o Findom Debt Contract, voc\u00ea pode exigir obedi\u00eancia financeira inabal\u00e1vel de seu submisso. Esse contrato meticulosamente elaborado acrescenta intensidade extra \u00e0 sua encena\u00e7\u00e3o, garantindo o compromisso do seu porco pagador com o cumprimento de suas obriga\u00e7\u00f5es financeiras.<\/p>\n<p><strong>O que voc\u00ea recebe:<\/strong><\/p>\n<ol>\n<li><strong>Contrato personaliz\u00e1vel de 698 palavras<\/strong>: Receba um contrato abrangente que engloba todos os aspectos de seu acordo financeiro. Esse documento de 698 palavras fornece uma base s\u00f3lida para estabelecer os termos e as condi\u00e7\u00f5es da d\u00edvida de seu porco pagador. O contrato est\u00e1 convenientemente dispon\u00edvel no Google Docs, permitindo a edi\u00e7\u00e3o universal sem esfor\u00e7o.<\/li>\n<li><strong>Se\u00e7\u00f5es personalizadas:<\/strong> O Contrato de D\u00edvida Findom oferece se\u00e7\u00f5es destacadas que podem ser perfeitamente personalizadas com o seu nome e o nome do seu submisso, acrescentando um toque pessoal \u00e0 sua din\u00e2mica de poder. Mergulhe na ilus\u00e3o do controle financeiro, refor\u00e7ando o seu dom\u00ednio sobre o seu porco pagador.<\/li>\n<li><strong>Flexibilidade para adapta\u00e7\u00e3o<\/strong>: Adapte o contrato de acordo com seus desejos e prefer\u00eancias. Adicione ou remova facilmente se\u00e7\u00f5es conforme achar necess\u00e1rio, garantindo que o contrato reflita a profundidade e a complexidade do seu jogo de pap\u00e9is. Fa\u00e7a dele uma verdadeira manifesta\u00e7\u00e3o de suas fantasias de domina\u00e7\u00e3o financeira.<\/li>\n<li><strong>Teatralidade da dramatiza\u00e7\u00e3o<\/strong>: \u00c9 essencial lembrar que os Contratos de D\u00edvida Findom s\u00e3o puramente teatrais por natureza, projetados para aumentar a intensidade e a imers\u00e3o de sua experi\u00eancia de interpreta\u00e7\u00e3o de pap\u00e9is. Eles s\u00e3o uma ferramenta poderosa para aprofundar a din\u00e2mica de submiss\u00e3o e controle financeiro, aumentando a conex\u00e3o emocional entre voc\u00ea e seu submisso.<\/li>\n<\/ol>\n<p>Abrace o fasc\u00ednio dram\u00e1tico do Findom Debt Contract, onde a fantasia encontra a realidade no mundo da domina\u00e7\u00e3o financeira. Com esse contrato em m\u00e3os, voc\u00ea pode elevar sua interpreta\u00e7\u00e3o de pap\u00e9is, solidificar sua autoridade e garantir que seu porco pagador n\u00e3o tenha outra escolha a n\u00e3o ser cumprir suas obriga\u00e7\u00f5es financeiras.<\/p>\n<p>Embora os contratos de d\u00edvida da Findom aumentem a profundidade da interpreta\u00e7\u00e3o de pap\u00e9is, eles n\u00e3o t\u00eam nenhuma validade legal. O consentimento, a comunica\u00e7\u00e3o e a confian\u00e7a continuam sendo fundamentais em qualquer din\u00e2mica de domina\u00e7\u00e3o financeira. Use o contrato de forma respons\u00e1vel e dentro dos limites entre voc\u00ea e seu submisso.<\/p>\n<p>Est\u00e1 pronto para ultrapassar os limites do controle financeiro e cativar o compromisso inabal\u00e1vel do seu porco pagador? Abrace o poder do Contrato de D\u00edvida Findom e veja seu submisso abrir m\u00e3o de sua liberdade financeira para servi-lo.<\/p>","protected":false},"excerpt":{"rendered":"<p>Prepare-se para prender seu porco pagador em um acordo que ele n\u00e3o tem escolha a n\u00e3o ser pagar.<\/p>\n<p><strong>O que voc\u00ea recebe:<\/strong><\/p>\n<ul>\n<li>Um contrato de 698 palavras facilmente personaliz\u00e1vel com um link para o arquivo do Google Docs para edi\u00e7\u00e3o universal<\/li>\n<li>Se\u00e7\u00f5es destacadas que podem ser personalizadas com o seu nome e o da sua submissa<\/li>\n<li>Adicione e remova se\u00e7\u00f5es facilmente, conforme achar necess\u00e1rio<\/li>\n<\/ul>\n<p><em>Lembre-se de que os contratos de d\u00edvida do findom s\u00e3o puramente teatrais, apenas aumentando a profundidade do jogo de pap\u00e9is.\u00a0<\/em><\/p>","protected":false},"featured_media":1543,"comment_status":"closed","ping_status":"closed","template":"","meta":[],"product_brand":[],"product_cat":[140],"product_tag":[28],"class_list":{"0":"post-1372","1":"product","2":"type-product","3":"status-publish","4":"has-post-thumbnail","6":"product_cat-tools","7":"product_tag-findom","8":"infinite-scroll-item","9":"no-featured-image-padding","10":"sales-flash-overlay","11":"woocommerce-text-align-center","12":"woocommerce-image-align-center","14":"first","15":"instock","16":"downloadable","17":"virtual","18":"sold-individually","19":"purchasable","20":"product-type-simple"},"aioseo_notices":[],"_links":{"self":[{"href":"https:\/\/subtomy.com\/pt\/wp-json\/wp\/v2\/product\/1372","targetHints":{"allow":["GET"]}}],"collection":[{"href":"https:\/\/subtomy.com\/pt\/wp-json\/wp\/v2\/product"}],"about":[{"href":"https:\/\/subtomy.com\/pt\/wp-json\/wp\/v2\/types\/product"}],"replies":[{"embeddable":true,"href":"https:\/\/subtomy.com\/pt\/wp-json\/wp\/v2\/comments?post=1372"}],"wp:featuredmedia":[{"embeddable":true,"href":"https:\/\/subtomy.com\/pt\/wp-json\/wp\/v2\/media\/1543"}],"wp:attachment":[{"href":"https:\/\/subtomy.com\/pt\/wp-json\/wp\/v2\/media?parent=1372"}],"wp:term":[{"taxonomy":"product_brand","embeddable":true,"href":"https:\/\/subtomy.com\/pt\/wp-json\/wp\/v2\/product_brand?post=1372"},{"taxonomy":"product_cat","embeddable":true,"href":"https:\/\/subtomy.com\/pt\/wp-json\/wp\/v2\/product_cat?post=1372"},{"taxonomy":"product_tag","embeddable":true,"href":"https:\/\/subtomy.com\/pt\/wp-json\/wp\/v2\/product_tag?post=1372"}],"curies":[{"name":"wp","href":"https:\/\/api.w.org\/{rel}","templated":true}]}}