{"id":1561,"date":"2023-05-25T10:39:07","date_gmt":"2023-05-25T15:39:07","guid":{"rendered":"https:\/\/subtomy.com\/?post_type=product&#038;p=1561"},"modified":"2024-03-20T18:06:00","modified_gmt":"2024-03-20T23:06:00","slug":"findom-good-morning-messages","status":"publish","type":"product","link":"https:\/\/subtomy.com\/pt\/produto\/findom-good-morning-messages-2\/","title":{"rendered":"Findom 65 Pacote de mensagens de bom dia (mensagem em massa, 1 contra 1)"},"content":{"rendered":"<h3 style=\"text-align: center;\">Apresentando o pacote de 65 mensagens de bom dia da Findom: Fortale\u00e7a seu dom\u00ednio financeiro<\/h3>\n<p>Levantem-se e brilhem, dominantes financeiros! Assuma o controle do dia de seu submisso desde o momento em que ele acorda com o pacote Findom 65 Good Morning Messages Pack. Criada para mensagens em massa e intera\u00e7\u00f5es individuais personalizadas, essa cole\u00e7\u00e3o de mensagens provocantes e atraentes garantir\u00e1 que seu dom\u00ednio sobre as finan\u00e7as dele seja sentido desde o in\u00edcio de cada dia. Deixe que o poder de suas palavras guie a submiss\u00e3o financeira deles e solidifique seu controle.<\/p>\n<ol>\n<li><strong>Defina o tom de controle<\/strong>: Aproveite a oportunidade de estabelecer o dom\u00ednio come\u00e7ando o dia com uma mensagem que reforce seu controle financeiro. Lembre-os de que h\u00e1 contas a serem pagas e que voc\u00ea \u00e9 a for\u00e7a motriz por tr\u00e1s da instabilidade financeira e da insatisfa\u00e7\u00e3o deles.<\/li>\n<li><strong>Liberar o prazer matinal<\/strong>: Comece o dia deles com uma promessa sedutora de prazer e satisfa\u00e7\u00e3o. Fa\u00e7a com que eles saibam que, ao entregar o poder financeiro deles a voc\u00ea, eles poder\u00e3o experimentar a emo\u00e7\u00e3o de servir a um poderoso dominador financeiro como voc\u00ea.<\/li>\n<li><strong>Antecipa\u00e7\u00e3o de fa\u00edscas<\/strong>: Acenda o entusiasmo deles para o dia seguinte, provocando-os com a perspectiva de fluxos de caixa agrad\u00e1veis e com o prazer de se entregar ao jogo do dinheiro. Crie a expectativa da riqueza que eles contribuir\u00e3o de bom grado para o seu imp\u00e9rio.<\/li>\n<li><strong>Cultivar uma mentalidade submissa<\/strong>: Incentive uma mentalidade submissa desde o in\u00edcio do dia. Plante a semente do desejo deles de servi-lo e agrad\u00e1-lo financeiramente, lembrando-os do prazer e da satisfa\u00e7\u00e3o que os aguardam quando assumem o papel de seu devotado pagador.<\/li>\n<li><strong>Personalize suas mensagens<\/strong>: Adapte suas mensagens matinais a cada indiv\u00edduo, fazendo com que se sintam especiais e desejados. Use o nome dela, fa\u00e7a refer\u00eancia a transa\u00e7\u00f5es financeiras espec\u00edficas ou reconhe\u00e7a seus desejos exclusivos. A personaliza\u00e7\u00e3o acrescenta um toque que aprofunda a conex\u00e3o deles com voc\u00ea como dominante.<\/li>\n<li><strong>Promover a comunica\u00e7\u00e3o cont\u00ednua<\/strong>: Utilize o Pacote de Mensagens de Bom Dia para manter linhas abertas de comunica\u00e7\u00e3o com suas submissas.<\/li>\n<li><strong>Expanda seu imp\u00e9rio financeiro<\/strong>: Com o Findom 65 Good Morning Messages Pack, voc\u00ea tem uma ferramenta poderosa \u00e0 sua disposi\u00e7\u00e3o para cultivar e expandir seu imp\u00e9rio financeiro. Fortale\u00e7a seus relacionamentos com submissas, inspire maiores contribui\u00e7\u00f5es financeiras e solidifique sua posi\u00e7\u00e3o como dominador financeiro supremo.<\/li>\n<\/ol>\n<p>Comece cada dia com o pacote Findom 65 Good Morning Messages e testemunhe o impacto de suas palavras na submiss\u00e3o financeira de seus submissos. Estabele\u00e7a seu dom\u00ednio, desperte o desejo de servir e observe como a dedica\u00e7\u00e3o delas ao seu imp\u00e9rio financeiro se aprofunda. Abrace o poder de uma mensagem matinal bem elaborada e assuma o controle das finan\u00e7as deles como nunca antes.<\/p>\n<p>Pratique a domina\u00e7\u00e3o financeira respons\u00e1vel, respeitando os limites, o consentimento e a comunica\u00e7\u00e3o aberta em todas as intera\u00e7\u00f5es.<\/p>","protected":false},"excerpt":{"rendered":"<h3 style=\"text-align: center;\">Apresentando o pacote de 65 mensagens de bom dia da Findom: Fortale\u00e7a seu dom\u00ednio financeiro<\/h3>\n<p><strong>Inclui mensagens como<\/strong><\/p>\n<ul>\n<li>Uma manh\u00e3 incr\u00edvel. Vai ser um \u00f3timo dia para jogar com dinheiro! J\u00e1 estou esperando ansiosamente por todos os fluxos de caixa deliciosos que vir\u00e3o hoje. \ud83d\ude09 #GoodMorning #FinancialDomination #Findom<\/li>\n<li>Estou anunciando o in\u00edcio de mais um dia cheio de possibilidades! Espero que voc\u00ea esteja pronto para me deixar ainda mais rico hoje, meu pequeno pagador malandro. \ud83d\ude09 #Findom #Femdom #FinancialDomination<\/li>\n<li><span data-sheets-value=\"{&quot;1&quot;:2,&quot;2&quot;:&quot;I know it's been a while since I gave you something to be grateful for, so here's your chance: open your wallet and pay tribute to me this morning \u2615\ufe0f \ud83d\ude09&quot;}\" data-sheets-userformat=\"{&quot;2&quot;:8961,&quot;3&quot;:{&quot;1&quot;:0},&quot;11&quot;:4,&quot;12&quot;:0,&quot;16&quot;:12}\">Sei que j\u00e1 faz algum tempo que n\u00e3o lhe dou algo pelo que ser grato, ent\u00e3o aqui est\u00e1 sua chance: abra sua carteira e me homenageie esta manh\u00e3! \u2615\ufe0f \ud83d\ude09<\/span><\/li>\n<\/ul>","protected":false},"featured_media":2284,"comment_status":"closed","ping_status":"closed","template":"","meta":[],"product_brand":[],"product_cat":[141],"product_tag":[28],"class_list":{"0":"post-1561","1":"product","2":"type-product","3":"status-publish","4":"has-post-thumbnail","6":"product_cat-messaging","7":"product_tag-findom","8":"infinite-scroll-item","9":"no-featured-image-padding","10":"sales-flash-overlay","11":"woocommerce-text-align-center","12":"woocommerce-image-align-center","13":"wc-has-gallery","15":"first","16":"instock","17":"downloadable","18":"virtual","19":"sold-individually","20":"purchasable","21":"product-type-simple"},"aioseo_notices":[],"_links":{"self":[{"href":"https:\/\/subtomy.com\/pt\/wp-json\/wp\/v2\/product\/1561","targetHints":{"allow":["GET"]}}],"collection":[{"href":"https:\/\/subtomy.com\/pt\/wp-json\/wp\/v2\/product"}],"about":[{"href":"https:\/\/subtomy.com\/pt\/wp-json\/wp\/v2\/types\/product"}],"replies":[{"embeddable":true,"href":"https:\/\/subtomy.com\/pt\/wp-json\/wp\/v2\/comments?post=1561"}],"wp:featuredmedia":[{"embeddable":true,"href":"https:\/\/subtomy.com\/pt\/wp-json\/wp\/v2\/media\/2284"}],"wp:attachment":[{"href":"https:\/\/subtomy.com\/pt\/wp-json\/wp\/v2\/media?parent=1561"}],"wp:term":[{"taxonomy":"product_brand","embeddable":true,"href":"https:\/\/subtomy.com\/pt\/wp-json\/wp\/v2\/product_brand?post=1561"},{"taxonomy":"product_cat","embeddable":true,"href":"https:\/\/subtomy.com\/pt\/wp-json\/wp\/v2\/product_cat?post=1561"},{"taxonomy":"product_tag","embeddable":true,"href":"https:\/\/subtomy.com\/pt\/wp-json\/wp\/v2\/product_tag?post=1561"}],"curies":[{"name":"wp","href":"https:\/\/api.w.org\/{rel}","templated":true}]}}