{"id":59,"date":"2022-06-06T15:46:47","date_gmt":"2022-06-06T20:46:47","guid":{"rendered":"https:\/\/shop.cammodelagency.com\/?post_type=product&#038;p=59"},"modified":"2023-09-03T00:47:37","modified_gmt":"2023-09-03T05:47:37","slug":"how-to-sell-your-dick-pics-to-1000-per-month","status":"publish","type":"product","link":"https:\/\/subtomy.com\/pt\/produto\/how-to-sell-your-dick-pics-to-1000-per-month\/","title":{"rendered":"Como vender suas fotos D* para $1.000 por m\u00eas"},"content":{"rendered":"<h2 style=\"text-align: center;\">Como voc\u00ea pode ganhar $1.000 ou MAIS por m\u00eas com a venda de fotos de p\u00eanis, liberando este plano completo<\/h2>\n<p><img loading=\"lazy\" decoding=\"async\" class=\"aligncenter wp-image-61 size-full\" src=\"https:\/\/subtomy.com\/wp-content\/uploads\/2022\/06\/Selling-Your.jpg\" alt=\"\" width=\"960\" height=\"540\" srcset=\"https:\/\/subtomy.com\/wp-content\/uploads\/2022\/06\/Selling-Your.jpg 960w, https:\/\/subtomy.com\/wp-content\/uploads\/2022\/06\/Selling-Your-600x338.jpg 600w, https:\/\/subtomy.com\/wp-content\/uploads\/2022\/06\/Selling-Your-300x169.jpg 300w, https:\/\/subtomy.com\/wp-content\/uploads\/2022\/06\/Selling-Your-768x432.jpg 768w, https:\/\/subtomy.com\/wp-content\/uploads\/2022\/06\/Selling-Your-18x10.jpg 18w\" sizes=\"auto, (max-width: 960px) 100vw, 960px\" \/><\/p>\n<p style=\"text-align: center;\"><strong><span style=\"color: #008000;\">Saiba exatamente como estou ganhando mais de $1.100 por m\u00eas (no piloto autom\u00e1tico!)<\/span><\/strong><\/p>\n<p>Voc\u00ea adora tirar fotos, mas n\u00e3o sabe como ganhar dinheiro com elas. Voc\u00ea j\u00e1 tentou vend\u00ea-las on-line antes, mas nunca conseguiu vender nada.<\/p>\n<p>Agora, aqui est\u00e1 um curso que lhe ensinar\u00e1 como vender suas fotos de p\u00eanis on-line para obter uma renda mensal de $1.000 ou mais. Este n\u00e3o \u00e9 um esquema para enriquecer rapidamente; \u00e9 um guia passo a passo que lhe mostrar\u00e1 como construir um neg\u00f3cio bem-sucedido de fotos de p\u00eanis a partir do zero.<\/p>\n<p>Aprenda a vender suas fotos de p\u00eanis on-line e ganhe a vida em tempo integral fazendo o que voc\u00ea ama! Este curso em v\u00eddeo mostra tudo o que voc\u00ea precisa saber, desde encontrar o mercado certo para suas fotos at\u00e9 gerenciar clientes.<\/p>\n<p>Com isso <strong>curso em v\u00eddeo<\/strong>Voc\u00ea receber\u00e1 um despejo de conhecimento de tudo, desde<\/p>\n<ul>\n<li>Qual plataforma usar<\/li>\n<li>Como gerenciar clientes<\/li>\n<li>Como aumentar sua base de clientes<\/li>\n<li>Uma maneira de automatizar o 97% do neg\u00f3cio<\/li>\n<\/ul>\n<p>O que tem dentro:<\/p>\n<ul>\n<li>12 v\u00eddeos que o orientam <strong>EXATAMENTE<\/strong> Como come\u00e7ar<\/li>\n<li>Um PDF de toda a apresenta\u00e7\u00e3o para que voc\u00ea possa consultar facilmente os principais pontos abordados durante o curso<\/li>\n<\/ul>\n<p>H\u00e1 muitas pessoas interessadas em vender fotos de p\u00eanis on-line. Afinal, essa \u00e9 uma \u00f3tima maneira de ganhar dinheiro extra. E quem n\u00e3o gosta de um p\u00eanis?<\/p>\n<p>No entanto, antes de come\u00e7ar a vender suas fotos, voc\u00ea precisa saber como fazer isso. \u00c9 a\u00ed que entra o nosso curso em v\u00eddeo. Ensinaremos tudo o que voc\u00ea precisa saber, desde como encontrar os compradores certos at\u00e9 o tipo de fotos que eles procuram.<\/p>\n<p>Portanto, quer voc\u00ea seja um profissional experiente ou esteja apenas come\u00e7ando, nosso curso o ajudar\u00e1 a obter o m\u00e1ximo de suas fotos de p\u00eanis.<\/p>\n<p>Ent\u00e3o, o que est\u00e1 esperando?<\/p>","protected":false},"excerpt":{"rendered":"<p>Aprenda a vender suas fotos de p\u00eanis on-line e ganhe a vida em tempo integral fazendo o que voc\u00ea ama! Este curso em v\u00eddeo mostra tudo o que voc\u00ea precisa saber, desde encontrar o mercado certo para suas fotos at\u00e9 gerenciar clientes.<\/p>\n<p><strong>Role a tela para baixo para assistir ao v\u00eddeo sobre o que voc\u00ea receber\u00e1 neste curso \ud83d\udc47\ud83c\udffe<\/strong><\/p>","protected":false},"featured_media":1539,"comment_status":"open","ping_status":"closed","template":"","meta":[],"product_brand":[],"product_cat":[41],"product_tag":[33,40],"class_list":{"0":"post-59","1":"product","2":"type-product","3":"status-publish","4":"has-post-thumbnail","6":"product_cat-video-course","7":"product_tag-men","8":"product_tag-video","9":"infinite-scroll-item","10":"no-featured-image-padding","11":"sales-flash-overlay","12":"woocommerce-text-align-center","13":"woocommerce-image-align-center","15":"first","16":"instock","17":"downloadable","18":"virtual","19":"sold-individually","20":"purchasable","21":"product-type-simple"},"aioseo_notices":[],"_links":{"self":[{"href":"https:\/\/subtomy.com\/pt\/wp-json\/wp\/v2\/product\/59","targetHints":{"allow":["GET"]}}],"collection":[{"href":"https:\/\/subtomy.com\/pt\/wp-json\/wp\/v2\/product"}],"about":[{"href":"https:\/\/subtomy.com\/pt\/wp-json\/wp\/v2\/types\/product"}],"replies":[{"embeddable":true,"href":"https:\/\/subtomy.com\/pt\/wp-json\/wp\/v2\/comments?post=59"}],"wp:featuredmedia":[{"embeddable":true,"href":"https:\/\/subtomy.com\/pt\/wp-json\/wp\/v2\/media\/1539"}],"wp:attachment":[{"href":"https:\/\/subtomy.com\/pt\/wp-json\/wp\/v2\/media?parent=59"}],"wp:term":[{"taxonomy":"product_brand","embeddable":true,"href":"https:\/\/subtomy.com\/pt\/wp-json\/wp\/v2\/product_brand?post=59"},{"taxonomy":"product_cat","embeddable":true,"href":"https:\/\/subtomy.com\/pt\/wp-json\/wp\/v2\/product_cat?post=59"},{"taxonomy":"product_tag","embeddable":true,"href":"https:\/\/subtomy.com\/pt\/wp-json\/wp\/v2\/product_tag?post=59"}],"curies":[{"name":"wp","href":"https:\/\/api.w.org\/{rel}","templated":true}]}}