{"id":670,"date":"2023-04-17T20:59:22","date_gmt":"2023-04-18T01:59:22","guid":{"rendered":"https:\/\/shop.cammodelagency.com\/?post_type=product&#038;p=670"},"modified":"2023-05-15T22:42:56","modified_gmt":"2023-05-16T03:42:56","slug":"squirting-captions","status":"publish","type":"product","link":"https:\/\/subtomy.com\/pt\/produto\/legendas-de-esguichos\/","title":{"rendered":"100+ Squirting Caption Pack for OnlyFans, Reddit, Social Media, etc."},"content":{"rendered":"<p>Voc\u00ea \u00e9 uma modelo OnlyFans que adora mostrar suas habilidades de squirting e se conectar com seus seguidores nas m\u00eddias sociais? Nosso pacote de legendas de m\u00eddia para garotas esguichando est\u00e1 aqui para ajud\u00e1-la a promover seus servi\u00e7os e envolver seu p\u00fablico! Exemplos:<\/p>\n<p>Nosso pacote inclui 100 legendas exclusivas criadas para ajud\u00e1-lo a destacar suas habilidades de squirting e promover seus servi\u00e7os de v\u00eddeo. Quer esteja publicando uma foto ou um v\u00eddeo de si mesmo fazendo squirting ou compartilhando uma mensagem que destaca suas habilidades, nossas legendas o ajudar\u00e3o a captar a aten\u00e7\u00e3o do p\u00fablico e a mostrar seu talento.<\/p>\n<p>Nossas legendas abrangem uma variedade de temas, desde travessos at\u00e9 brincalh\u00f5es, e tudo o mais. Se voc\u00ea quiser provocar seus seguidores com uma pr\u00e9via ou compartilhar uma mensagem que destaque suas habilidades exclusivas, temos o que voc\u00ea precisa. E com nosso formato f\u00e1cil de usar, voc\u00ea pode copiar e colar a legenda escolhida de forma r\u00e1pida e f\u00e1cil em suas publica\u00e7\u00f5es nas m\u00eddias sociais, economizando tempo e esfor\u00e7o.<\/p>\n<p>Exemplos:<\/p>\n<ul>\n<li><span data-sheets-value=\"{&quot;1&quot;:2,&quot;2&quot;:&quot;Don't settle for anything less than \ud83d\udd25! I'm ready to get wet, wild, and naughty with you. Come explore my world of pleasure where squirting is a specialty. Ready to chat with my fans and satisfy all your desires? Let's make it happen! \ud83d\ude0f &quot;}\" data-sheets-userformat=\"{&quot;2&quot;:14656,&quot;9&quot;:0,&quot;11&quot;:4,&quot;14&quot;:{&quot;1&quot;:2,&quot;2&quot;:0},&quot;15&quot;:&quot;Verdana&quot;,&quot;16&quot;:11}\">N\u00e3o se contente com nada menos que \ud83d\udd25! Estou pronta para ficar molhada, selvagem e safada com voc\u00ea. Venha explorar meu mundo de prazer, onde o squirting \u00e9 uma especialidade. Pronto para conversar com meus f\u00e3s e satisfazer todos os seus desejos? Vamos fazer isso acontecer! \ud83d\ude0f <\/span><\/li>\n<li><span data-sheets-value=\"{&quot;1&quot;:2,&quot;2&quot;:&quot;Love getting naughty and talking with my fans \ud83e\udd29 I'm so horny, wet, and ready to squirt all over you \ud83d\ude09 Let's have some fun together \ud83d\udca6 Come talk to me on OnlyFans and let's get nasty \ud83d\udd25\ud83d\ude08&quot;}\" data-sheets-userformat=\"{&quot;2&quot;:8961,&quot;3&quot;:{&quot;1&quot;:0},&quot;11&quot;:4,&quot;12&quot;:0,&quot;16&quot;:12}\">Adoro ser safada e conversar com meus f\u00e3s \ud83e\udd29 Estou com muito tes\u00e3o, molhada e pronta para esguichar em cima de voc\u00ea \ud83d\ude09 Vamos nos divertir juntos \ud83d\udca6 Venha falar comigo no OnlyFans e vamos ser safados \ud83d\udd25\ud83d\ude08<\/span><\/li>\n<li><span data-sheets-value=\"{&quot;1&quot;:2,&quot;2&quot;:&quot;The top of my thighs are \ud83d\udd25 and I'm feeling extra horny tonight! Come join me, let's get freaky together. I love squirting for all my fans and can't wait to hear what naughty things you have in mind for us. Let's make it a night to remember \ud83d\udca6&quot;}\" data-sheets-userformat=\"{&quot;2&quot;:8961,&quot;3&quot;:{&quot;1&quot;:0},&quot;11&quot;:4,&quot;12&quot;:0,&quot;16&quot;:12}\">A parte superior das minhas coxas est\u00e1 \ud83d\udd25 e estou sentindo muito tes\u00e3o esta noite! Venha se juntar a mim, vamos nos divertir juntos. Eu adoro esguichar para todos os meus f\u00e3s e mal posso esperar para ouvir quais coisas safadas voc\u00ea tem em mente para n\u00f3s. Vamos fazer desta uma noite inesquec\u00edvel \ud83d\udca6<\/span><\/li>\n<\/ul>\n<p>Portanto, se voc\u00ea \u00e9 uma garota esguichando que deseja envolver seus seguidores e promover seus servi\u00e7os no OnlyFans, solicite nosso pacote de legendas de m\u00eddia para garotas esguichando hoje mesmo!<\/p>","protected":false},"excerpt":{"rendered":"<p>Voc\u00ea \u00e9 uma modelo OnlyFans que adora mostrar suas habilidades de squirting e se conectar com seus seguidores nas m\u00eddias sociais? Nosso pacote de legendas de m\u00eddia para garotas esguichando est\u00e1 aqui para ajud\u00e1-la a promover seus servi\u00e7os e envolver seu p\u00fablico! Exemplos:<\/p>\n<p>Exemplos:<\/p>\n<ul>\n<li><span data-sheets-value=\"{&quot;1&quot;:2,&quot;2&quot;:&quot;Don't settle for anything less than \ud83d\udd25! I'm ready to get wet, wild, and naughty with you. Come explore my world of pleasure where squirting is a specialty. Ready to chat with my fans and satisfy all your desires? Let's make it happen! \ud83d\ude0f &quot;}\" data-sheets-userformat=\"{&quot;2&quot;:14656,&quot;9&quot;:0,&quot;11&quot;:4,&quot;14&quot;:{&quot;1&quot;:2,&quot;2&quot;:0},&quot;15&quot;:&quot;Verdana&quot;,&quot;16&quot;:11}\">N\u00e3o se contente com nada menos que \ud83d\udd25! Estou pronta para ficar molhada, selvagem e safada com voc\u00ea. Venha explorar meu mundo de prazer, onde o squirting \u00e9 uma especialidade. Pronto para conversar com meus f\u00e3s e satisfazer todos os seus desejos? Vamos fazer isso acontecer! \ud83d\ude0f <\/span><\/li>\n<li><span data-sheets-value=\"{&quot;1&quot;:2,&quot;2&quot;:&quot;Love getting naughty and talking with my fans \ud83e\udd29 I'm so horny, wet, and ready to squirt all over you \ud83d\ude09 Let's have some fun together \ud83d\udca6 Come talk to me on OnlyFans and let's get nasty \ud83d\udd25\ud83d\ude08&quot;}\" data-sheets-userformat=\"{&quot;2&quot;:8961,&quot;3&quot;:{&quot;1&quot;:0},&quot;11&quot;:4,&quot;12&quot;:0,&quot;16&quot;:12}\">Adoro ser safada e conversar com meus f\u00e3s \ud83e\udd29 Estou com muito tes\u00e3o, molhada e pronta para esguichar em cima de voc\u00ea \ud83d\ude09 Vamos nos divertir juntos \ud83d\udca6 Venha falar comigo no OnlyFans e vamos ser safados \ud83d\udd25\ud83d\ude08<\/span><\/li>\n<li><span data-sheets-value=\"{&quot;1&quot;:2,&quot;2&quot;:&quot;The top of my thighs are \ud83d\udd25 and I'm feeling extra horny tonight! Come join me, let's get freaky together. I love squirting for all my fans and can't wait to hear what naughty things you have in mind for us. Let's make it a night to remember \ud83d\udca6&quot;}\" data-sheets-userformat=\"{&quot;2&quot;:8961,&quot;3&quot;:{&quot;1&quot;:0},&quot;11&quot;:4,&quot;12&quot;:0,&quot;16&quot;:12}\">A parte superior das minhas coxas est\u00e1 \ud83d\udd25 e estou sentindo muito tes\u00e3o esta noite! Venha se juntar a mim, vamos nos divertir juntos. Eu adoro esguichar para todos os meus f\u00e3s e mal posso esperar para ouvir quais coisas safadas voc\u00ea tem em mente para n\u00f3s. Vamos fazer desta uma noite inesquec\u00edvel \ud83d\udca6<\/span><\/li>\n<\/ul>","protected":false},"featured_media":1236,"comment_status":"open","ping_status":"closed","template":"","meta":[],"product_brand":[],"product_cat":[22],"product_tag":[38],"class_list":{"0":"post-670","1":"product","2":"type-product","3":"status-publish","4":"has-post-thumbnail","6":"product_cat-captions","7":"product_tag-squirting","8":"infinite-scroll-item","9":"no-featured-image-padding","10":"sales-flash-overlay","11":"woocommerce-text-align-center","12":"woocommerce-image-align-center","13":"wc-has-gallery","15":"first","16":"instock","17":"downloadable","18":"virtual","19":"sold-individually","20":"purchasable","21":"product-type-simple"},"aioseo_notices":[],"_links":{"self":[{"href":"https:\/\/subtomy.com\/pt\/wp-json\/wp\/v2\/product\/670","targetHints":{"allow":["GET"]}}],"collection":[{"href":"https:\/\/subtomy.com\/pt\/wp-json\/wp\/v2\/product"}],"about":[{"href":"https:\/\/subtomy.com\/pt\/wp-json\/wp\/v2\/types\/product"}],"replies":[{"embeddable":true,"href":"https:\/\/subtomy.com\/pt\/wp-json\/wp\/v2\/comments?post=670"}],"wp:featuredmedia":[{"embeddable":true,"href":"https:\/\/subtomy.com\/pt\/wp-json\/wp\/v2\/media\/1236"}],"wp:attachment":[{"href":"https:\/\/subtomy.com\/pt\/wp-json\/wp\/v2\/media?parent=670"}],"wp:term":[{"taxonomy":"product_brand","embeddable":true,"href":"https:\/\/subtomy.com\/pt\/wp-json\/wp\/v2\/product_brand?post=670"},{"taxonomy":"product_cat","embeddable":true,"href":"https:\/\/subtomy.com\/pt\/wp-json\/wp\/v2\/product_cat?post=670"},{"taxonomy":"product_tag","embeddable":true,"href":"https:\/\/subtomy.com\/pt\/wp-json\/wp\/v2\/product_tag?post=670"}],"curies":[{"name":"wp","href":"https:\/\/api.w.org\/{rel}","templated":true}]}}