{"id":701,"date":"2023-04-18T13:46:11","date_gmt":"2023-04-18T18:46:11","guid":{"rendered":"https:\/\/shop.cammodelagency.com\/?post_type=product&#038;p=701"},"modified":"2023-05-15T22:42:21","modified_gmt":"2023-05-16T03:42:21","slug":"100-booty-captions-for-social-media-onlyfans-reddit-etc","status":"publish","type":"product","link":"https:\/\/subtomy.com\/pt\/produto\/mais-de-100-booty-captions-for-social-media-onlyfans-reddit-etc\/","title":{"rendered":"Mais de 100 Booty Captions for Social Media, OnlyFans, Reddit, etc."},"content":{"rendered":"<p>Apresentamos a solu\u00e7\u00e3o definitiva para as modelos BBW OnlyFans que desejam aprimorar sua presen\u00e7a nas m\u00eddias sociais e atrair mais seguidores: o BBW Social Media Caption Pack. Esse pacote foi projetado especificamente para modelos que desejam exibir sua beleza e seus recursos exclusivos de uma forma que seja sexy e empoderadora.<\/p>\n<p>Com o BBW Social Media Caption Pack, voc\u00ea receber\u00e1 uma s\u00e9rie de legendas personalizadas que s\u00e3o adaptadas \u00e0s necessidades das modelos BBW. Nossas legendas s\u00e3o envolventes, chamam a aten\u00e7\u00e3o e s\u00e3o cuidadosamente elaboradas para destacar seus recursos da melhor maneira poss\u00edvel. De piadas divertidas a perguntas instigantes, nossas legendas s\u00e3o projetadas para estimular conversas e se conectar com seus f\u00e3s em um n\u00edvel mais profundo.<\/p>\n<p>Nossa equipe de especialistas experientes em m\u00eddia social entende os desafios enfrentados pelas modelos BBW e criou este pacote pensando nas suas necessidades. Sabemos como acentuar suas curvas e fazer com que voc\u00ea se sinta confiante e sexy, sem recorrer a padr\u00f5es de beleza irrealistas ou inating\u00edveis.<\/p>\n<p>Se voc\u00ea est\u00e1 apenas come\u00e7ando no OnlyFans ou procurando levar o seu neg\u00f3cio para o pr\u00f3ximo n\u00edvel, o BBW Social Media Caption Pack \u00e9 a ferramenta perfeita para aumentar a sua visibilidade e atrair mais seguidores. Com a nossa estrat\u00e9gia abrangente de m\u00eddia social, voc\u00ea poder\u00e1 construir um p\u00fablico forte e engajado que aprecia a sua beleza \u00fanica e apoia o seu sucesso.<\/p>\n<p>Nossas legendas abrangem uma s\u00e9rie de t\u00f3picos, incluindo ser grossa, querer conversar com os f\u00e3s e estar excitada. Entendemos que esses s\u00e3o elementos importantes do setor de modelos BBW e criamos legendas que falam sobre esses t\u00f3picos de uma forma que \u00e9 de bom gosto e envolvente.<\/p>\n<p>Ent\u00e3o, por que esperar? Encomende hoje mesmo o BBW Social Media Caption Pack e comece a levar o seu neg\u00f3cio OnlyFans para o pr\u00f3ximo n\u00edvel. Com nossa orienta\u00e7\u00e3o especializada e recursos profissionais, voc\u00ea poder\u00e1 exibir sua beleza e seus bens com orgulho e atrair o p\u00fablico que merece.<\/p>","protected":false},"excerpt":{"rendered":"<p>Os exemplos incluem:<\/p>\n<ul>\n<li><span data-sheets-value=\"{&quot;1&quot;:2,&quot;2&quot;:&quot;Flawless curves and a booty so thick you can bounce a quarter off it \ud83e\udd11 Come join me and let's explore my world of sensuality! I'm feeling extra naughty today, so come get to know me better...I promise you won't regret it \ud83d\ude09 &quot;}\" data-sheets-userformat=\"{&quot;2&quot;:14656,&quot;9&quot;:0,&quot;11&quot;:4,&quot;14&quot;:{&quot;1&quot;:2,&quot;2&quot;:0},&quot;15&quot;:&quot;Verdana&quot;,&quot;16&quot;:11}\">Curvas perfeitas e um bumbum t\u00e3o grosso que voc\u00ea pode bater uma moeda nele \ud83e\udd11 Venha se juntar a mim e vamos explorar meu mundo de sensualidade! Estou me sentindo muito safada hoje, ent\u00e3o venha me conhecer melhor... prometo que n\u00e3o vai se arrepender \ud83d\ude09 <\/span><\/li>\n<li><span data-sheets-value=\"{&quot;1&quot;:2,&quot;2&quot;:&quot;Join the party \ud83c\udf89! I'm feeling extra thick and horny tonight, so come play with me. My booty is ready for some attention and I can't wait to talk naughty things with my fans \ud83e\udd29 &quot;}\" data-sheets-userformat=\"{&quot;2&quot;:14656,&quot;9&quot;:0,&quot;11&quot;:4,&quot;14&quot;:{&quot;1&quot;:2,&quot;2&quot;:0},&quot;15&quot;:&quot;Verdana&quot;,&quot;16&quot;:11}\">Participe da festa \ud83c\udf89! Estou me sentindo muito grossa e excitada hoje, ent\u00e3o venha brincar comigo. Meu bumbum est\u00e1 pronto para receber aten\u00e7\u00e3o e mal posso esperar para conversar sobre coisas safadas com meus f\u00e3s \ud83e\udd29 <\/span><\/li>\n<li><span data-sheets-value=\"{&quot;1&quot;:2,&quot;2&quot;:&quot;The most delicious \ud83c\udf51 in town! Come chat with me and find out what it's like to be this thick and horny. I'm ready to show you why my fans come back for more... \ud83d\ude09 &quot;}\" data-sheets-userformat=\"{&quot;2&quot;:14656,&quot;9&quot;:0,&quot;11&quot;:4,&quot;14&quot;:{&quot;1&quot;:2,&quot;2&quot;:0},&quot;15&quot;:&quot;Verdana&quot;,&quot;16&quot;:11}\">O mais delicioso \ud83c\udf51 da cidade! Venha conversar comigo e descubra como \u00e9 ser t\u00e3o grosso e cheio de tes\u00e3o. Estou pronto para lhe mostrar por que meus f\u00e3s voltam para mais... \ud83d\ude09 <\/span><\/li>\n<\/ul>","protected":false},"featured_media":1146,"comment_status":"open","ping_status":"closed","template":"","meta":[],"product_brand":[],"product_cat":[22],"product_tag":[20],"class_list":{"0":"post-701","1":"product","2":"type-product","3":"status-publish","4":"has-post-thumbnail","6":"product_cat-captions","7":"product_tag-booty","8":"infinite-scroll-item","9":"no-featured-image-padding","10":"sales-flash-overlay","11":"woocommerce-text-align-center","12":"woocommerce-image-align-center","13":"wc-has-gallery","15":"first","16":"instock","17":"downloadable","18":"virtual","19":"sold-individually","20":"purchasable","21":"product-type-simple"},"aioseo_notices":[],"_links":{"self":[{"href":"https:\/\/subtomy.com\/pt\/wp-json\/wp\/v2\/product\/701","targetHints":{"allow":["GET"]}}],"collection":[{"href":"https:\/\/subtomy.com\/pt\/wp-json\/wp\/v2\/product"}],"about":[{"href":"https:\/\/subtomy.com\/pt\/wp-json\/wp\/v2\/types\/product"}],"replies":[{"embeddable":true,"href":"https:\/\/subtomy.com\/pt\/wp-json\/wp\/v2\/comments?post=701"}],"wp:featuredmedia":[{"embeddable":true,"href":"https:\/\/subtomy.com\/pt\/wp-json\/wp\/v2\/media\/1146"}],"wp:attachment":[{"href":"https:\/\/subtomy.com\/pt\/wp-json\/wp\/v2\/media?parent=701"}],"wp:term":[{"taxonomy":"product_brand","embeddable":true,"href":"https:\/\/subtomy.com\/pt\/wp-json\/wp\/v2\/product_brand?post=701"},{"taxonomy":"product_cat","embeddable":true,"href":"https:\/\/subtomy.com\/pt\/wp-json\/wp\/v2\/product_cat?post=701"},{"taxonomy":"product_tag","embeddable":true,"href":"https:\/\/subtomy.com\/pt\/wp-json\/wp\/v2\/product_tag?post=701"}],"curies":[{"name":"wp","href":"https:\/\/api.w.org\/{rel}","templated":true}]}}