{"id":976,"date":"2023-05-02T00:54:58","date_gmt":"2023-05-02T05:54:58","guid":{"rendered":"https:\/\/subtomy.com\/?post_type=product&#038;p=976"},"modified":"2023-05-12T16:56:42","modified_gmt":"2023-05-12T21:56:42","slug":"31-content-ideas","status":"publish","type":"product","link":"https:\/\/subtomy.com\/pt\/produto\/31-ideias-de-conteudo\/","title":{"rendered":"31 Ideias de conte\u00fado: The Ultimate Playbook For Growing Your OnlyFans Following And Monetizing Your Content (O manual definitivo para aumentar o n\u00famero de seguidores do OnlyFans e monetizar seu conte\u00fado)"},"content":{"rendered":"<h2>Introdu\u00e7\u00e3o<\/h2>\n<p><span style=\"font-weight: 400;\">Bem-vindo a \"31 ideias de conte\u00fado para seu neg\u00f3cio de conte\u00fado\"! Se voc\u00ea \u00e9 um criador de conte\u00fado em busca de inspira\u00e7\u00e3o e novas ideias para levar seu neg\u00f3cio ao pr\u00f3ximo n\u00edvel, voc\u00ea veio ao lugar certo.<\/span><\/p>\n<p><span style=\"font-weight: 400;\">Este livro explorar\u00e1 v\u00e1rias ideias de conte\u00fado para ajud\u00e1-lo a interagir com seus f\u00e3s e aumentar o n\u00famero de seguidores. N\u00e3o importa se voc\u00ea est\u00e1 apenas come\u00e7ando ou se deseja mudar as coisas, essas ideias o ajudar\u00e3o a criar conte\u00fado que seus f\u00e3s v\u00e3o adorar.<\/span><\/p>\n<p><span style=\"font-weight: 400;\">De sess\u00f5es de fotos de lingerie e trajes de banho a sess\u00f5es ao ar livre na praia ou na natureza, cobriremos uma variedade de conte\u00fado visual que mostre sua beleza e personalidade. Tamb\u00e9m exploraremos atualiza\u00e7\u00f5es dos bastidores, sess\u00f5es de perguntas e respostas com f\u00e3s, mensagens personalizadas e hist\u00f3rias er\u00f3ticas ou grava\u00e7\u00f5es de \u00e1udio que criar\u00e3o uma conex\u00e3o mais profunda com seu p\u00fablico.<\/span><\/p>\n<p><span style=\"font-weight: 400;\">Para os interessados em cosplay, ioga ou culin\u00e1ria, oferecemos ideias criativas para mostrar seus talentos e paix\u00f5es. Tamb\u00e9m discutiremos colabora\u00e7\u00f5es com outros criadores do OnlyFans, esfor\u00e7os de arrecada\u00e7\u00e3o de fundos para institui\u00e7\u00f5es de caridade e conte\u00fado exclusivo para assinantes que manter\u00e3o seus f\u00e3s envolvidos e ansiosos por mais.<\/span><\/p>\n<p><span style=\"font-weight: 400;\">Quer voc\u00ea seja um criador de conte\u00fado experiente ou esteja apenas come\u00e7ando, este livro o ajudar\u00e1 a explorar sua criatividade e a criar um neg\u00f3cio de conte\u00fado bem-sucedido. Ent\u00e3o, pegue um caderno e vamos mergulhar de cabe\u00e7a!<\/span><\/p>","protected":false},"excerpt":{"rendered":"<h3><strong>31 ideias para seu neg\u00f3cio de conte\u00fado<\/strong><\/h3>\n<h4><span style=\"font-weight: 400;\">O manual definitivo para aumentar o n\u00famero de seguidores do OnlyFans e monetizar seu conte\u00fado<\/span><\/h4>\n<p><span style=\"font-weight: 400;\">Este livro explorar\u00e1 v\u00e1rias ideias de conte\u00fado para ajud\u00e1-lo a interagir com seus f\u00e3s e aumentar o n\u00famero de seguidores. N\u00e3o importa se voc\u00ea est\u00e1 apenas come\u00e7ando ou se deseja mudar as coisas, essas ideias o ajudar\u00e3o a criar conte\u00fado que seus f\u00e3s v\u00e3o adorar.<\/span><\/p>\n<p><strong><a href=\"https:\/\/www.amazon.com\/dp\/B0C42Z7QXX\">Baixe-o em seu Kindle ou compre a vers\u00e3o impressa na Amazon!<\/a><\/strong><\/p>","protected":false},"featured_media":1240,"comment_status":"closed","ping_status":"closed","template":"","meta":[],"product_brand":[],"product_cat":[27],"product_tag":[],"class_list":{"0":"post-976","1":"product","2":"type-product","3":"status-publish","4":"has-post-thumbnail","6":"product_cat-ebook","7":"infinite-scroll-item","8":"no-featured-image-padding","9":"sales-flash-overlay","10":"woocommerce-text-align-center","11":"woocommerce-image-align-center","13":"first","14":"instock","15":"downloadable","16":"virtual","17":"sold-individually","18":"purchasable","19":"product-type-simple"},"aioseo_notices":[],"_links":{"self":[{"href":"https:\/\/subtomy.com\/pt\/wp-json\/wp\/v2\/product\/976","targetHints":{"allow":["GET"]}}],"collection":[{"href":"https:\/\/subtomy.com\/pt\/wp-json\/wp\/v2\/product"}],"about":[{"href":"https:\/\/subtomy.com\/pt\/wp-json\/wp\/v2\/types\/product"}],"replies":[{"embeddable":true,"href":"https:\/\/subtomy.com\/pt\/wp-json\/wp\/v2\/comments?post=976"}],"wp:featuredmedia":[{"embeddable":true,"href":"https:\/\/subtomy.com\/pt\/wp-json\/wp\/v2\/media\/1240"}],"wp:attachment":[{"href":"https:\/\/subtomy.com\/pt\/wp-json\/wp\/v2\/media?parent=976"}],"wp:term":[{"taxonomy":"product_brand","embeddable":true,"href":"https:\/\/subtomy.com\/pt\/wp-json\/wp\/v2\/product_brand?post=976"},{"taxonomy":"product_cat","embeddable":true,"href":"https:\/\/subtomy.com\/pt\/wp-json\/wp\/v2\/product_cat?post=976"},{"taxonomy":"product_tag","embeddable":true,"href":"https:\/\/subtomy.com\/pt\/wp-json\/wp\/v2\/product_tag?post=976"}],"curies":[{"name":"wp","href":"https:\/\/api.w.org\/{rel}","templated":true}]}}