{"id":745,"date":"2023-04-19T15:25:09","date_gmt":"2023-04-19T20:25:09","guid":{"rendered":"https:\/\/shop.cammodelagency.com\/?page_id=745"},"modified":"2023-06-29T15:13:35","modified_gmt":"2023-06-29T20:13:35","slug":"home-2","status":"publish","type":"page","link":"https:\/\/subtomy.com\/ro\/","title":{"rendered":"Acas\u0103"},"content":{"rendered":"<div class=\"gb-container gb-container-5d1a2f5a\">\n<div class=\"gb-container gb-container-0aa1ed2e\">\n<div class=\"gb-grid-wrapper gb-grid-wrapper-8d0a289f\">\n<div class=\"gb-grid-column gb-grid-column-00fc2d4d\"><div class=\"gb-container gb-container-00fc2d4d hide-on-mobile\"><\/div><\/div>\n\n<div class=\"gb-grid-column gb-grid-column-f36c200f\"><div class=\"gb-container gb-container-f36c200f\">\n\n<h1 class=\"gb-headline gb-headline-4f2cd24e gb-headline-text\">Cele mai bune resurse pentru creatorii de adul\u021bi<\/h1>\n\n\n\n<h1 class=\"gb-headline gb-headline-cf151fdf gb-headline-text\">Nu mai r\u0103m\u00e2ne\u021bi niciodat\u0103 \u00een pan\u0103 de idei<\/h1>\n\n\n\n<p class=\"gb-headline gb-headline-ccb54542 gb-headline-text\">From <a class=\"thirstylink\" target=\"_blank\" title=\"Hypefury\" href=\"https:\/\/subtomy.com\/ro\/go\/hypefury\/\" data-shortcode=\"true\">caption<\/a> packs to content ideas, we have you covered so your business can grow!<\/p>\n\n\n<div class=\"gb-container gb-container-62a240a0\">\n\n<a class=\"gb-button gb-button-f96fabd4 gb-button-text rounded-icon\" href=\"https:\/\/subtomy.com\/ro\/shop\/\">du-te la cump\u0103r\u0103turi chiar acum!<\/a>\n\n<\/div>\n<\/div><\/div>\n<\/div>\n\n<div class=\"gb-container gb-container-8c78d1c3\">\n<div class=\"gb-grid-wrapper gb-grid-wrapper-185d76cb\">\n<div class=\"gb-grid-column gb-grid-column-01e25075\"><div class=\"gb-container gb-container-01e25075\">\n\n<a class=\"gb-button gb-button-63d708fa gb-button-text\" href=\"https:\/\/subtomy.com\/ro\/produs-categorie\/legende\/\" target=\"_blank\" rel=\"noopener noreferrer\">Caption Packs<\/a>\n\n<\/div><\/div>\n\n<div class=\"gb-grid-column gb-grid-column-6afdc5c4\"><div class=\"gb-container gb-container-6afdc5c4\">\n\n<a class=\"gb-button gb-button-46f1b5ad gb-button-text\" href=\"https:\/\/subtomy.com\/ro\/produs-categorie\/question-packs\/\" target=\"_blank\" rel=\"noopener noreferrer\">\u00eentreb\u0103ri Pachete<\/a>\n\n<\/div><\/div>\n\n<div class=\"gb-grid-column gb-grid-column-5a5cab95\"><div class=\"gb-container gb-container-5a5cab95\">\n\n<a class=\"gb-button gb-button-1d97c513 gb-button-text\" href=\"https:\/\/subtomy.com\/ro\/produs-categorie\/scripts\/\" target=\"_blank\" rel=\"noopener noreferrer\">scripturi<\/a>\n\n<\/div><\/div>\n\n<div class=\"gb-grid-column gb-grid-column-05c060d5\"><div class=\"gb-container gb-container-05c060d5\">\n\n<a class=\"gb-button gb-button-f17900d2 gb-button-text\" href=\"https:\/\/subtomy.com\/ro\/produs-categorie\/ebook\/\">ghidaje<\/a>\n\n<\/div><\/div>\n<\/div>\n<\/div>\n<\/div>\n<div class=\"gb-shapes\"><div class=\"gb-shape gb-shape-1\"><svg xmlns=\"http:\/\/www.w3.org\/2000\/svg\" viewbox=\"0 0 1200 217.3\" preserveaspectratio=\"none\"><path d=\"M1200 195.6l-25-22.2c-25-21.9-75-66.9-125-75.5-50-8.9-100 17.8-150 26.7-50 8.6-100 .2-150-13.3-50-13.1-100-31.4-150-26.7-50 4.4-100 31.1-150 26.7-50-4.8-100-39.8-150-66.7C250 18.1 200-.2 150 0 100-.2 50 18.1 25 26.7L0 35.6v181.7h1200v-21.7z\"\/><\/svg><\/div><\/div><\/div>\n\n\n<script src=\"https:\/\/cammodelagency.activehosted.com\/f\/embed.php?id=11\" type=\"text\/javascript\" charset=\"utf-8\"><\/script>\n\n\n\n<h2 class=\"gb-headline gb-headline-351f4feb gb-headline-text\">Cele mai populare<\/h2>\n\n\n<div class=\"gb-container gb-container-e8dd7ba6\">\n<div data-block-name=\"woocommerce\/product-best-sellers\" data-columns=\"5\" data-content-visibility=\"{&quot;image&quot;:true,&quot;title&quot;:false,&quot;price&quot;:false,&quot;rating&quot;:false,&quot;button&quot;:true}\" data-rows=\"1\" class=\"wc-block-grid wp-block-product-best-sellers wp-block-woocommerce-product-best-sellers wc-block-product-best-sellers has-5-columns\"><ul class=\"wc-block-grid__products\"><li class=\"wc-block-grid__product\">\n\t\t\t\t<a href=\"https:\/\/subtomy.com\/ro\/produs\/findom-caption-pack\/\" class=\"wc-block-grid__product-link\">\n\t\t\t\t\t\n\t\t\t\t\t<div class=\"wc-block-grid__product-image\"><img loading=\"lazy\" decoding=\"async\" width=\"300\" height=\"300\" src=\"https:\/\/subtomy.com\/wp-content\/uploads\/2023\/04\/50-Findom-Captions-300x300.png\" class=\"attachment-woocommerce_thumbnail size-woocommerce_thumbnail\" alt=\"100+ FinDom\/Financial Domination Caption Pack pentru Social Media, Reddit, Onlyfans, etc.\" srcset=\"https:\/\/subtomy.com\/wp-content\/uploads\/2023\/04\/50-Findom-Captions-300x300.png 300w, https:\/\/subtomy.com\/wp-content\/uploads\/2023\/04\/50-Findom-Captions-1024x1024.png 1024w, https:\/\/subtomy.com\/wp-content\/uploads\/2023\/04\/50-Findom-Captions-150x150.png 150w, https:\/\/subtomy.com\/wp-content\/uploads\/2023\/04\/50-Findom-Captions-768x768.png 768w, https:\/\/subtomy.com\/wp-content\/uploads\/2023\/04\/50-Findom-Captions-1536x1536.png 1536w, https:\/\/subtomy.com\/wp-content\/uploads\/2023\/04\/50-Findom-Captions-12x12.png 12w, https:\/\/subtomy.com\/wp-content\/uploads\/2023\/04\/50-Findom-Captions-600x600.png 600w, https:\/\/subtomy.com\/wp-content\/uploads\/2023\/04\/50-Findom-Captions-100x100.png 100w, https:\/\/subtomy.com\/wp-content\/uploads\/2023\/04\/50-Findom-Captions.png 2000w\" sizes=\"auto, (max-width: 300px) 100vw, 300px\" \/><\/div>\n\t\t\t\t\t\n\t\t\t\t<\/a>\n\t\t\t\t\n\t\t\t\t\n\t\t\t\t<div class=\"wp-block-button wc-block-grid__product-add-to-cart\"><a href=\"\/ro\/wp-json\/wp\/v2\/pages\/745?add-to-cart=608\" aria-label=\"Adaug\u0103 \u00een co\u0219: &amp;lbquo;100+ FinDom\/Financial Domination Caption Pack for Social Media, Reddit, Onlyfans, etc.\u201d\" data-quantity=\"1\" data-product_id=\"608\" data-product_sku=\"\" data-price=\"4.99\" rel=\"nofollow\" class=\"wp-block-button__link  add_to_cart_button ajax_add_to_cart\" data-no-translation=\"\" data-trp-gettext=\"\" data-no-translation-aria-label=\"\">Adaug\u0103 \u00een co\u0219<\/a><\/div>\n\t\t\t<\/li><li class=\"wc-block-grid__product\">\n\t\t\t\t<a href=\"https:\/\/subtomy.com\/ro\/produs\/beta-humiliation-scripts\/\" class=\"wc-block-grid__product-link\">\n\t\t\t\t\t\n\t\t\t\t\t<div class=\"wc-block-grid__product-image\"><img loading=\"lazy\" decoding=\"async\" width=\"300\" height=\"300\" src=\"https:\/\/subtomy.com\/wp-content\/uploads\/2023\/05\/5-beta-pay-pig-scripts-for-findoms-300x300.png\" class=\"attachment-woocommerce_thumbnail size-woocommerce_thumbnail\" alt=\"5 Beta Pl\u0103ti\u021bi porcul de plat\u0103 Umilire Findom \/ Pachet de scripturi de dominare financiar\u0103\" srcset=\"https:\/\/subtomy.com\/wp-content\/uploads\/2023\/05\/5-beta-pay-pig-scripts-for-findoms-300x300.png 300w, https:\/\/subtomy.com\/wp-content\/uploads\/2023\/05\/5-beta-pay-pig-scripts-for-findoms-1024x1024.png 1024w, https:\/\/subtomy.com\/wp-content\/uploads\/2023\/05\/5-beta-pay-pig-scripts-for-findoms-150x150.png 150w, https:\/\/subtomy.com\/wp-content\/uploads\/2023\/05\/5-beta-pay-pig-scripts-for-findoms-768x768.png 768w, https:\/\/subtomy.com\/wp-content\/uploads\/2023\/05\/5-beta-pay-pig-scripts-for-findoms-1536x1536.png 1536w, https:\/\/subtomy.com\/wp-content\/uploads\/2023\/05\/5-beta-pay-pig-scripts-for-findoms-12x12.png 12w, https:\/\/subtomy.com\/wp-content\/uploads\/2023\/05\/5-beta-pay-pig-scripts-for-findoms-600x600.png 600w, https:\/\/subtomy.com\/wp-content\/uploads\/2023\/05\/5-beta-pay-pig-scripts-for-findoms-100x100.png 100w, https:\/\/subtomy.com\/wp-content\/uploads\/2023\/05\/5-beta-pay-pig-scripts-for-findoms.png 2000w\" sizes=\"auto, (max-width: 300px) 100vw, 300px\" \/><\/div>\n\t\t\t\t\t\n\t\t\t\t<\/a>\n\t\t\t\t\n\t\t\t\t\n\t\t\t\t<div class=\"wp-block-button wc-block-grid__product-add-to-cart\"><a href=\"\/ro\/wp-json\/wp\/v2\/pages\/745?add-to-cart=1136\" aria-label=\"Adaug\u0103 \u00een co\u0219: &amp;lbquo;5 Beta Pay Pig Humiliation Findom\/Financial Domination Scripts Pack\u201d\" data-quantity=\"1\" data-product_id=\"1136\" data-product_sku=\"\" data-price=\"4.99\" rel=\"nofollow\" class=\"wp-block-button__link  add_to_cart_button ajax_add_to_cart\" data-no-translation=\"\" data-trp-gettext=\"\" data-no-translation-aria-label=\"\">Adaug\u0103 \u00een co\u0219<\/a><\/div>\n\t\t\t<\/li><li class=\"wc-block-grid__product\">\n\t\t\t\t<a href=\"https:\/\/subtomy.com\/ro\/produs\/findom-question-pack\/\" class=\"wc-block-grid__product-link\">\n\t\t\t\t\t\n\t\t\t\t\t<div class=\"wc-block-grid__product-image\"><img loading=\"lazy\" decoding=\"async\" width=\"300\" height=\"300\" src=\"https:\/\/subtomy.com\/wp-content\/uploads\/2023\/05\/Findom-100-Question-Pack-for-OnlyFans-Loyalfans-Fansly-Reddit-Twitter-etc-300x300.png\" class=\"attachment-woocommerce_thumbnail size-woocommerce_thumbnail\" alt=\"Findom Pachet de 100 de \u00eentreb\u0103ri pentru OnlyFans, Loyalfans, Reddit, Twitter, etc.\" srcset=\"https:\/\/subtomy.com\/wp-content\/uploads\/2023\/05\/Findom-100-Question-Pack-for-OnlyFans-Loyalfans-Fansly-Reddit-Twitter-etc-300x300.png 300w, https:\/\/subtomy.com\/wp-content\/uploads\/2023\/05\/Findom-100-Question-Pack-for-OnlyFans-Loyalfans-Fansly-Reddit-Twitter-etc-1024x1024.png 1024w, https:\/\/subtomy.com\/wp-content\/uploads\/2023\/05\/Findom-100-Question-Pack-for-OnlyFans-Loyalfans-Fansly-Reddit-Twitter-etc-150x150.png 150w, https:\/\/subtomy.com\/wp-content\/uploads\/2023\/05\/Findom-100-Question-Pack-for-OnlyFans-Loyalfans-Fansly-Reddit-Twitter-etc-768x768.png 768w, https:\/\/subtomy.com\/wp-content\/uploads\/2023\/05\/Findom-100-Question-Pack-for-OnlyFans-Loyalfans-Fansly-Reddit-Twitter-etc-1536x1536.png 1536w, https:\/\/subtomy.com\/wp-content\/uploads\/2023\/05\/Findom-100-Question-Pack-for-OnlyFans-Loyalfans-Fansly-Reddit-Twitter-etc-12x12.png 12w, https:\/\/subtomy.com\/wp-content\/uploads\/2023\/05\/Findom-100-Question-Pack-for-OnlyFans-Loyalfans-Fansly-Reddit-Twitter-etc-600x600.png 600w, https:\/\/subtomy.com\/wp-content\/uploads\/2023\/05\/Findom-100-Question-Pack-for-OnlyFans-Loyalfans-Fansly-Reddit-Twitter-etc-100x100.png 100w, https:\/\/subtomy.com\/wp-content\/uploads\/2023\/05\/Findom-100-Question-Pack-for-OnlyFans-Loyalfans-Fansly-Reddit-Twitter-etc.png 2000w\" sizes=\"auto, (max-width: 300px) 100vw, 300px\" \/><\/div>\n\t\t\t\t\t\n\t\t\t\t<\/a>\n\t\t\t\t\n\t\t\t\t\n\t\t\t\t<div class=\"wp-block-button wc-block-grid__product-add-to-cart\"><a href=\"\/ro\/wp-json\/wp\/v2\/pages\/745?add-to-cart=1540\" aria-label=\"Adaug\u0103 \u00een co\u0219: &amp;lbquo;Findom 100-Question Pack for OnlyFans, Loyalfans, Reddit, Twitter, etc.\u201d\" data-quantity=\"1\" data-product_id=\"1540\" data-product_sku=\"\" data-price=\"4.99\" rel=\"nofollow\" class=\"wp-block-button__link  add_to_cart_button ajax_add_to_cart\" data-no-translation=\"\" data-trp-gettext=\"\" data-no-translation-aria-label=\"\">Adaug\u0103 \u00een co\u0219<\/a><\/div>\n\t\t\t<\/li><li class=\"wc-block-grid__product\">\n\t\t\t\t<a href=\"https:\/\/subtomy.com\/ro\/produs\/foot-fetish-captions\/\" class=\"wc-block-grid__product-link\">\n\t\t\t\t\t\n\t\t\t\t\t<div class=\"wc-block-grid__product-image\"><img loading=\"lazy\" decoding=\"async\" width=\"300\" height=\"300\" src=\"https:\/\/subtomy.com\/wp-content\/uploads\/2023\/04\/100-Foot-Fetish-Captions-300x300.png\" class=\"attachment-woocommerce_thumbnail size-woocommerce_thumbnail\" alt=\"100+ Legende de feti\u0219uri cu picioare pentru Social Media, Reddit, OnlyFans, etc.\" srcset=\"https:\/\/subtomy.com\/wp-content\/uploads\/2023\/04\/100-Foot-Fetish-Captions-300x300.png 300w, https:\/\/subtomy.com\/wp-content\/uploads\/2023\/04\/100-Foot-Fetish-Captions-1024x1024.png 1024w, https:\/\/subtomy.com\/wp-content\/uploads\/2023\/04\/100-Foot-Fetish-Captions-150x150.png 150w, https:\/\/subtomy.com\/wp-content\/uploads\/2023\/04\/100-Foot-Fetish-Captions-768x768.png 768w, https:\/\/subtomy.com\/wp-content\/uploads\/2023\/04\/100-Foot-Fetish-Captions-1536x1536.png 1536w, https:\/\/subtomy.com\/wp-content\/uploads\/2023\/04\/100-Foot-Fetish-Captions-12x12.png 12w, https:\/\/subtomy.com\/wp-content\/uploads\/2023\/04\/100-Foot-Fetish-Captions-600x600.png 600w, https:\/\/subtomy.com\/wp-content\/uploads\/2023\/04\/100-Foot-Fetish-Captions-100x100.png 100w, https:\/\/subtomy.com\/wp-content\/uploads\/2023\/04\/100-Foot-Fetish-Captions.png 2000w\" sizes=\"auto, (max-width: 300px) 100vw, 300px\" \/><\/div>\n\t\t\t\t\t\n\t\t\t\t<\/a>\n\t\t\t\t\n\t\t\t\t\n\t\t\t\t<div class=\"wp-block-button wc-block-grid__product-add-to-cart\"><a href=\"\/ro\/wp-json\/wp\/v2\/pages\/745?add-to-cart=604\" aria-label=\"Adaug\u0103 \u00een co\u0219: &amp;lbquo;100+ Foot Fetish Captions for Social Media, Reddit, OnlyFans, etc.\u201d\" data-quantity=\"1\" data-product_id=\"604\" data-product_sku=\"\" data-price=\"4.99\" rel=\"nofollow\" class=\"wp-block-button__link  add_to_cart_button ajax_add_to_cart\" data-no-translation=\"\" data-trp-gettext=\"\" data-no-translation-aria-label=\"\">Adaug\u0103 \u00een co\u0219<\/a><\/div>\n\t\t\t<\/li><li class=\"wc-block-grid__product\">\n\t\t\t\t<a href=\"https:\/\/subtomy.com\/ro\/produs\/how-to-sell-your-dick-pics-to-1000-per-month\/\" class=\"wc-block-grid__product-link\">\n\t\t\t\t\t\n\t\t\t\t\t<div class=\"wc-block-grid__product-image\"><img loading=\"lazy\" decoding=\"async\" width=\"300\" height=\"300\" src=\"https:\/\/subtomy.com\/wp-content\/uploads\/2022\/06\/Sell-Dick-Pics-Online-300x300.png\" class=\"attachment-woocommerce_thumbnail size-woocommerce_thumbnail\" alt=\"Cum s\u0103-\u021bi vinzi fotografiile D* la $1.000 pe lun\u0103\" srcset=\"https:\/\/subtomy.com\/wp-content\/uploads\/2022\/06\/Sell-Dick-Pics-Online-300x300.png 300w, https:\/\/subtomy.com\/wp-content\/uploads\/2022\/06\/Sell-Dick-Pics-Online-150x150.png 150w, https:\/\/subtomy.com\/wp-content\/uploads\/2022\/06\/Sell-Dick-Pics-Online-12x12.png 12w, https:\/\/subtomy.com\/wp-content\/uploads\/2022\/06\/Sell-Dick-Pics-Online-100x100.png 100w, https:\/\/subtomy.com\/wp-content\/uploads\/2022\/06\/Sell-Dick-Pics-Online.png 600w\" sizes=\"auto, (max-width: 300px) 100vw, 300px\" \/><\/div>\n\t\t\t\t\t\n\t\t\t\t<\/a>\n\t\t\t\t\n\t\t\t\t\n\t\t\t\t<div class=\"wp-block-button wc-block-grid__product-add-to-cart\"><a href=\"\/ro\/wp-json\/wp\/v2\/pages\/745?add-to-cart=59\" aria-label=\"Adaug\u0103 \u00een co\u0219: &amp;lbquo;How to Sell Your D* Pics to $1,000 Per Month\u201d\" data-quantity=\"1\" data-product_id=\"59\" data-product_sku=\"dickpic\" data-price=\"9.99\" rel=\"nofollow\" class=\"wp-block-button__link  add_to_cart_button ajax_add_to_cart\" data-no-translation=\"\" data-trp-gettext=\"\" data-no-translation-aria-label=\"\">Adaug\u0103 \u00een co\u0219<\/a><\/div>\n\t\t\t<\/li><\/ul><\/div>\n<\/div>\n\n<div class=\"gb-container gb-container-6271510f\">\n<div class=\"gb-container gb-container-896b4add\">\n\n<h2 class=\"gb-headline gb-headline-fd6e6829 gb-headline-text\">Ultimele noastre produse<\/h2>\n\n\n\n<div class=\"gb-grid-wrapper gb-grid-wrapper-15911538 gb-query-loop-wrapper\">\n<div class=\"gb-grid-column gb-grid-column-458e7e8b\"><div class=\"gb-container gb-container-458e7e8b\" style=\"--background-image: url(https:\/\/subtomy.com\/wp-content\/uploads\/2024\/05\/Dominatrix-Bundle-for-Onlyfans-Reddit-Loyalfans-Social-Media-etc.png);\"><a class=\"gb-container-link\" href=\"https:\/\/subtomy.com\/ro\/produs\/dominatrix-bundle\/\"><\/a>\n<div class=\"gb-container gb-container-b79ab86a\">\n<p class=\"gb-headline gb-headline-9f1d37f1 dynamic-term-class gb-headline-text\"><span class=\"post-term-item term-bundle\"><a href=\"https:\/\/subtomy.com\/ro\/produs-categorie\/bundle\/\">Bundle<\/a><\/span><\/p>\n<\/div>\n<\/div><\/div>\n\n<div class=\"gb-grid-column gb-grid-column-458e7e8b\"><div class=\"gb-container gb-container-458e7e8b\" style=\"--background-image: url(https:\/\/subtomy.com\/wp-content\/uploads\/2024\/05\/140-Dominatrix-Engagement-Questions-Pack-for-Onlyfans-Reddit-Loyalfans-Social-Media-etc.png);\"><a class=\"gb-container-link\" href=\"https:\/\/subtomy.com\/ro\/produs\/dominatrix-engagement-questions-pack\/\"><\/a>\n<div class=\"gb-container gb-container-b79ab86a\">\n<p class=\"gb-headline gb-headline-9f1d37f1 dynamic-term-class gb-headline-text\"><span class=\"post-term-item term-question-packs\"><a href=\"https:\/\/subtomy.com\/ro\/produs-categorie\/question-packs\/\">Pachete de \u00eentreb\u0103ri<\/a><\/span><\/p>\n<\/div>\n<\/div><\/div>\n\n<div class=\"gb-grid-column gb-grid-column-458e7e8b\"><div class=\"gb-container gb-container-458e7e8b\" style=\"--background-image: url(https:\/\/subtomy.com\/wp-content\/uploads\/2024\/05\/198-Dominatrix-Mass-Message-Pack-for-Onlyfans-Reddit-Loyalfans-Social-Media-etc.png);\"><a class=\"gb-container-link\" href=\"https:\/\/subtomy.com\/ro\/produs\/dominatrix-mass-message-pack\/\"><\/a>\n<div class=\"gb-container gb-container-b79ab86a\">\n<p class=\"gb-headline gb-headline-9f1d37f1 dynamic-term-class gb-headline-text\"><span class=\"post-term-item term-messaging\"><a href=\"https:\/\/subtomy.com\/ro\/produs-categorie\/messaging\/\">Mesagerie<\/a><\/span><\/p>\n<\/div>\n<\/div><\/div>\n\n<div class=\"gb-grid-column gb-grid-column-458e7e8b\"><div class=\"gb-container gb-container-458e7e8b\" style=\"--background-image: url(https:\/\/subtomy.com\/wp-content\/uploads\/2024\/05\/Cam-Model-Bundle-for-Onlyfans-Reddit-Loyalfans-Social-Media-etc.png);\"><a class=\"gb-container-link\" href=\"https:\/\/subtomy.com\/ro\/produs\/5-in-1-cam-model-bundle\/\"><\/a>\n<div class=\"gb-container gb-container-b79ab86a\">\n<p class=\"gb-headline gb-headline-9f1d37f1 dynamic-term-class gb-headline-text\"><span class=\"post-term-item term-bundle\"><a href=\"https:\/\/subtomy.com\/ro\/produs-categorie\/bundle\/\">Bundle<\/a><\/span><\/p>\n<\/div>\n<\/div><\/div>\n\n<div class=\"gb-grid-column gb-grid-column-458e7e8b\"><div class=\"gb-container gb-container-458e7e8b\" style=\"--background-image: url(https:\/\/subtomy.com\/wp-content\/uploads\/2024\/05\/65-Cam-Model-evening-Message-Pack-for-Onlyfans-Reddit-Loyalfans-Social-Media-etc.png);\"><a class=\"gb-container-link\" href=\"https:\/\/subtomy.com\/ro\/produs\/cam-model-evening-message\/\"><\/a>\n<div class=\"gb-container gb-container-b79ab86a\">\n<p class=\"gb-headline gb-headline-9f1d37f1 dynamic-term-class gb-headline-text\"><span class=\"post-term-item term-messaging\"><a href=\"https:\/\/subtomy.com\/ro\/produs-categorie\/messaging\/\">Mesagerie<\/a><\/span><\/p>\n<\/div>\n<\/div><\/div>\n\n<div class=\"gb-grid-column gb-grid-column-458e7e8b\"><div class=\"gb-container gb-container-458e7e8b\" style=\"--background-image: url(https:\/\/subtomy.com\/wp-content\/uploads\/2024\/05\/65-Cam-Model-Morning-Message-Pack-for-Onlyfans-Reddit-Loyalfans-Social-Media-etc.png);\"><a class=\"gb-container-link\" href=\"https:\/\/subtomy.com\/ro\/produs\/cam-model-morning-message\/\"><\/a>\n<div class=\"gb-container gb-container-b79ab86a\">\n<p class=\"gb-headline gb-headline-9f1d37f1 dynamic-term-class gb-headline-text\"><span class=\"post-term-item term-messaging\"><a href=\"https:\/\/subtomy.com\/ro\/produs-categorie\/messaging\/\">Mesagerie<\/a><\/span><\/p>\n<\/div>\n<\/div><\/div>\n\n<div class=\"gb-grid-column gb-grid-column-458e7e8b\"><div class=\"gb-container gb-container-458e7e8b\" style=\"--background-image: url(https:\/\/subtomy.com\/wp-content\/uploads\/2024\/05\/140-Cam-Model-Engagement-Questions-Pack-for-Onlyfans-Reddit-Loyalfans-Social-Media-etc.png);\"><a class=\"gb-container-link\" href=\"https:\/\/subtomy.com\/ro\/produs\/cam-model-engagement-questions-pack\/\"><\/a>\n<div class=\"gb-container gb-container-b79ab86a\">\n<p class=\"gb-headline gb-headline-9f1d37f1 dynamic-term-class gb-headline-text\"><span class=\"post-term-item term-question-packs\"><a href=\"https:\/\/subtomy.com\/ro\/produs-categorie\/question-packs\/\">Pachete de \u00eentreb\u0103ri<\/a><\/span><\/p>\n<\/div>\n<\/div><\/div>\n\n<div class=\"gb-grid-column gb-grid-column-458e7e8b\"><div class=\"gb-container gb-container-458e7e8b\" style=\"--background-image: url(https:\/\/subtomy.com\/wp-content\/uploads\/2024\/05\/200-cam-model-mass-or-1-on-1-messages-Pack-for-Onlyfans-Reddit-Loyalfans-Social-Media-etc.png);\"><a class=\"gb-container-link\" href=\"https:\/\/subtomy.com\/ro\/produs\/cam-model-message-pack\/\"><\/a>\n<div class=\"gb-container gb-container-b79ab86a\">\n<p class=\"gb-headline gb-headline-9f1d37f1 dynamic-term-class gb-headline-text\"><span class=\"post-term-item term-messaging\"><a href=\"https:\/\/subtomy.com\/ro\/produs-categorie\/messaging\/\">Mesagerie<\/a><\/span><\/p>\n<\/div>\n<\/div><\/div>\n\n<div class=\"gb-grid-column gb-grid-column-458e7e8b\"><div class=\"gb-container gb-container-458e7e8b\" style=\"--background-image: url(https:\/\/subtomy.com\/wp-content\/uploads\/2024\/05\/220-cam-model-caption-Pack-for-Onlyfans-Reddit-Loyalfans-Social-Media-etc.png);\"><a class=\"gb-container-link\" href=\"https:\/\/subtomy.com\/ro\/produs\/cam-girl-captions\/\"><\/a>\n<div class=\"gb-container gb-container-b79ab86a\">\n<p class=\"gb-headline gb-headline-9f1d37f1 dynamic-term-class gb-headline-text\"><span class=\"post-term-item term-captions\"><a href=\"https:\/\/subtomy.com\/ro\/produs-categorie\/legende\/\">Caption Packs<\/a><\/span><\/p>\n<\/div>\n<\/div><\/div>\n<\/div>\n\n<\/div>\n<\/div>\n\n<div class=\"gb-container gb-container-24e66b33\">\n<div class=\"gb-container gb-container-57503386\">\n\n<h2 class=\"gb-headline gb-headline-fa5e0a83 gb-headline-text\">Ultimele noastre articole<\/h2>\n\n\n\n<div class=\"gb-grid-wrapper gb-grid-wrapper-3a6dd7ac gb-query-loop-wrapper\">\n<div class=\"gb-grid-column gb-grid-column-2f3745bc\"><div class=\"gb-container gb-container-2f3745bc\">\n<div class=\"gb-container gb-container-f3d242db\">\n<p class=\"gb-headline gb-headline-804f5762 dynamic-term-class gb-headline-text\"><a href=\"https:\/\/subtomy.com\/ro\/female-stripper-name-generator\/\">Female Stripper Name Generator<\/a><\/p>\n<\/div>\n<\/div><\/div>\n\n<div class=\"gb-grid-column gb-grid-column-2f3745bc\"><div class=\"gb-container gb-container-2f3745bc\">\n<div class=\"gb-container gb-container-f3d242db\">\n<p class=\"gb-headline gb-headline-804f5762 dynamic-term-class gb-headline-text\"><a href=\"https:\/\/subtomy.com\/ro\/male-swinger-name-generator\/\">Male Swinger Name Generator<\/a><\/p>\n<\/div>\n<\/div><\/div>\n\n<div class=\"gb-grid-column gb-grid-column-2f3745bc\"><div class=\"gb-container gb-container-2f3745bc\">\n<div class=\"gb-container gb-container-f3d242db\">\n<p class=\"gb-headline gb-headline-804f5762 dynamic-term-class gb-headline-text\"><a href=\"https:\/\/subtomy.com\/ro\/male-erotic-masseuse-name-generator\/\">Male Erotic Masseuse Name Generator<\/a><\/p>\n<\/div>\n<\/div><\/div>\n\n<div class=\"gb-grid-column gb-grid-column-2f3745bc\"><div class=\"gb-container gb-container-2f3745bc\">\n<div class=\"gb-container gb-container-f3d242db\">\n<p class=\"gb-headline gb-headline-804f5762 dynamic-term-class gb-headline-text\"><a href=\"https:\/\/subtomy.com\/ro\/male-nude-model-name-generator\/\">Male Nude Model Name Generator<\/a><\/p>\n<\/div>\n<\/div><\/div>\n\n<div class=\"gb-grid-column gb-grid-column-2f3745bc\"><div class=\"gb-container gb-container-2f3745bc\">\n<div class=\"gb-container gb-container-f3d242db\">\n<p class=\"gb-headline gb-headline-804f5762 dynamic-term-class gb-headline-text\"><a href=\"https:\/\/subtomy.com\/ro\/male-stripper-name-generator\/\">Male Stripper Name Generator<\/a><\/p>\n<\/div>\n<\/div><\/div>\n\n<div class=\"gb-grid-column gb-grid-column-2f3745bc\"><div class=\"gb-container gb-container-2f3745bc\">\n<div class=\"gb-container gb-container-f3d242db\">\n<p class=\"gb-headline gb-headline-804f5762 dynamic-term-class gb-headline-text\"><a href=\"https:\/\/subtomy.com\/ro\/male-prostitute-name-generator\/\">Male Prostitute Name Generator<\/a><\/p>\n<\/div>\n<\/div><\/div>\n\n<div class=\"gb-grid-column gb-grid-column-2f3745bc\"><div class=\"gb-container gb-container-2f3745bc\">\n<div class=\"gb-container gb-container-f3d242db\">\n<p class=\"gb-headline gb-headline-804f5762 dynamic-term-class gb-headline-text\"><a href=\"https:\/\/subtomy.com\/ro\/cam-boy-name-generator\/\">Cam Boy Name Generator<\/a><\/p>\n<\/div>\n<\/div><\/div>\n\n<div class=\"gb-grid-column gb-grid-column-2f3745bc\"><div class=\"gb-container gb-container-2f3745bc\">\n<div class=\"gb-container gb-container-f3d242db\">\n<p class=\"gb-headline gb-headline-804f5762 dynamic-term-class gb-headline-text\"><a href=\"https:\/\/subtomy.com\/ro\/call-boy-name-generator\/\">Call Boy Name Generator<\/a><\/p>\n<\/div>\n<\/div><\/div>\n\n<div class=\"gb-grid-column gb-grid-column-2f3745bc\"><div class=\"gb-container gb-container-2f3745bc\">\n<div class=\"gb-container gb-container-f3d242db\">\n<p class=\"gb-headline gb-headline-804f5762 dynamic-term-class gb-headline-text\"><a href=\"https:\/\/subtomy.com\/ro\/female-erotic-masseuse-name-generator\/\">Female Erotic Masseuse Name Generator<\/a><\/p>\n<\/div>\n<\/div><\/div>\n<\/div>\n\n<\/div>\n<\/div>","protected":false},"excerpt":{"rendered":"<p>Most Popular Our Latest Products Our Latest Articles<\/p>","protected":false},"author":1,"featured_media":0,"parent":0,"menu_order":0,"comment_status":"closed","ping_status":"closed","template":"","meta":{"footnotes":""},"class_list":{"0":"post-745","1":"page","2":"type-page","3":"status-publish","5":"infinite-scroll-item","6":"no-featured-image-padding"},"aioseo_notices":[],"_links":{"self":[{"href":"https:\/\/subtomy.com\/ro\/wp-json\/wp\/v2\/pages\/745","targetHints":{"allow":["GET"]}}],"collection":[{"href":"https:\/\/subtomy.com\/ro\/wp-json\/wp\/v2\/pages"}],"about":[{"href":"https:\/\/subtomy.com\/ro\/wp-json\/wp\/v2\/types\/page"}],"author":[{"embeddable":true,"href":"https:\/\/subtomy.com\/ro\/wp-json\/wp\/v2\/users\/1"}],"replies":[{"embeddable":true,"href":"https:\/\/subtomy.com\/ro\/wp-json\/wp\/v2\/comments?post=745"}],"version-history":[{"count":8,"href":"https:\/\/subtomy.com\/ro\/wp-json\/wp\/v2\/pages\/745\/revisions"}],"predecessor-version":[{"id":1976,"href":"https:\/\/subtomy.com\/ro\/wp-json\/wp\/v2\/pages\/745\/revisions\/1976"}],"wp:attachment":[{"href":"https:\/\/subtomy.com\/ro\/wp-json\/wp\/v2\/media?parent=745"}],"curies":[{"name":"wp","href":"https:\/\/api.w.org\/{rel}","templated":true}]}}