{"id":1136,"date":"2023-05-11T20:21:26","date_gmt":"2023-05-12T01:21:26","guid":{"rendered":"https:\/\/subtomy.com\/?post_type=product&#038;p=1136"},"modified":"2024-03-02T21:54:02","modified_gmt":"2024-03-03T02:54:02","slug":"beta-humiliation-scripts","status":"publish","type":"product","link":"https:\/\/subtomy.com\/ro\/produs\/beta-humiliation-scripts\/","title":{"rendered":"5 Beta Pl\u0103ti\u021bi porcul de plat\u0103 Umilire Findom \/ Pachet de scripturi de dominare financiar\u0103"},"content":{"rendered":"<p>Ob\u021bine\u021bi scenarii pentru urm\u0103toarele scenarii de umilire a b\u0103rbatului beta:<\/p>\n<ul>\n<li><strong>F\u0103c\u00e2nd un mascul beta s\u0103 pl\u0103teasc\u0103 pentru inadecvarea lor<\/strong> - Cere\u021bi ca b\u0103rbatul beta s\u0103 pl\u0103teasc\u0103 o tax\u0103 pentru c\u0103 nu este \u00een m\u0103sur\u0103 s\u0103 fac\u0103 fa\u021b\u0103 cerin\u021belor lor financiare. Stabili\u021bi un plan de plat\u0103 \u0219i cere\u021bi pl\u0103\u021bi regulate de la beta, amintindu-i de inadecvarea \u0219i incapacitatea lor de a-\u0219i mul\u021bumi superiorul.<\/li>\n<li><strong>Umilirea unui b\u0103rbat beta pentru lipsa lui de succes financiar<\/strong> - Batjocore\u0219te \u0219i denigreaz\u0103 masculul beta pentru c\u0103 nu este capabil s\u0103 ofere suficien\u021bi bani pentru a satisface nevoile \u0219i dorin\u021bele dominantei. Amenin\u021b\u0103 c\u0103 va expune situa\u021bia financiar\u0103 a b\u0103rbatului beta altora pentru a spori umilin\u021ba.<\/li>\n<li><strong>\u00cembr\u0103c\u00e2nd un mascul beta pentru inferioritatea lui<\/strong> - F\u0103-l pe b\u0103rbatul beta s\u0103 se \u00eembrace \u00een haine umilitoare sau s\u0103 \u00eendeplineasc\u0103 sarcini umilitoare. Beta trebuie s\u0103 poarte haine ieftine sau neatractive, \u00een timp ce dominantul \u00ee\u0219i etaleaz\u0103 bog\u0103\u021bia \u0219i obiectele de lux.<\/li>\n<li><strong>Umilirea public\u0103 a unui mascul beta<\/strong> - Cere\u021bi ca beta s\u0103 \u00eendeplineasc\u0103 acte umilitoare \u00een public, cum ar fi purtarea unui semn care s\u0103 le declare inferioritatea sau obligarea lor s\u0103 cer\u0219easc\u0103 bani pe strad\u0103. Umilin\u021ba ar putea fi amplificat\u0103 de prezen\u021ba altor persoane, care ar putea fi martore ale inadecv\u0103rii beta.<\/li>\n<li><strong>Domina\u021bia financiar\u0103 a contului bancar al unui b\u0103rbat beta\u00a0<\/strong>- \u0218tii ce se \u00eent\u00e2mpl\u0103 aici!<\/li>\n<\/ul>\n<p><em>Prive\u0219ti cum masculul beta \u00eengenuncheaz\u0103 \u00een fa\u021ba ta. Capul \u00eei at\u00e2rn\u0103 \u00een jos, fa\u021ba lui este o masc\u0103 de ru\u0219ine \u0219i umilin\u021b\u0103. Se afl\u0103 aici pentru c\u0103 nu a reu\u0219it s\u0103 v\u0103 satisfac\u0103 a\u0219tept\u0103rile financiare sau de alt\u0103 natur\u0103 \u0219i acum trebuie s\u0103 suporte consecin\u021bele. Savurezi acest moment, bucur\u00e2ndu-te de servitutea lui.<\/em><\/p>\n<p><em>\"Nu e\u0219ti la \u00een\u0103l\u021bime\", \u00eei spui cu dispre\u021b, \"a\u0219a c\u0103 acum trebuie s\u0103 pl\u0103te\u0219ti.\" B\u0103rbatul beta se deplaseaz\u0103 inconfortabil, dar nu-\u021bi r\u0103spunde; \u0219tie mai bine dec\u00e2t s\u0103 se opun\u0103 superiorit\u0103\u021bii tale. Ochii t\u0103i z\u0103bovesc asupra lui ca \u0219i cum l-ai provoca s\u0103 fac\u0103 ceva \u00een privin\u021ba asta, orice. Dar nimic nu vine din partea lui, cu excep\u021bia accept\u0103rii a ceea ce se \u00eent\u00e2mpl\u0103 \u00eentre voi, o \u00een\u021belegere c\u0103 banii vor fi schimba\u021bi pentru umilin\u021b\u0103 \u0219i degradare ast\u0103zi.<\/em><\/p>\n<p><em>\u00ce\u0219i deschide portofelul \u0219i \u00ee\u021bi \u00eenm\u00e2neaz\u0103 banii - mult mai pu\u021bini dec\u00e2t cei ceru\u021bi de serviciile tale de g\u0103selni\u021b\u0103, dar mai mult dec\u00e2t suficien\u021bi av\u00e2nd \u00een vedere c\u00e2t de lipsit de valoare este el \u00een compara\u021bie cu tine - ceea ce face ca un z\u00e2mbet satisf\u0103cut s\u0103-\u021bi apar\u0103 pe buze. Timpul acesta a meritat p\u00e2n\u0103 acum, dar mai este \u00eenc\u0103 distrac\u021bie!<\/em><\/p>\n<p><em>Ar\u0103ta\u021bi imperios spre p\u0103m\u00e2ntul pe care au fost \u00eempr\u0103\u0219tiate monedele mai devreme, \u00een timpul uneia dintre demonstra\u021biile dumneavoastr\u0103 de superioritate, cer\u00e2nd ca fiecare moned\u0103 s\u0103 fie adunat\u0103 individual p\u00e2n\u0103 c\u00e2nd vor disp\u0103rea din nou din vedere. Masculul beta se supune cu obedien\u021b\u0103 \u0219i acestei cereri, str\u00e2mb\u00e2nd din nas \u00een t\u0103cere la fiecare mi\u0219care f\u0103cut\u0103 \u00een ciuda faptului c\u0103 \u0219tia foarte bine c\u0103 neascultarea va duce la pedepse \u0219i mai aspre mai t\u00e2rziu.<\/em><\/p>\n<p><em>C\u00e2nd toate monedele au fost \u00een sf\u00e2r\u0219it adunate, \u00eens\u0103, aten\u021bia lor se abate de la ele \u0219i se \u00eendreapt\u0103 spre tine - a\u0219tept\u00e2nd cu ner\u0103bdare orice alt\u0103 direc\u021bie sau ordin dat \u00een continuare...<\/em><\/p>","protected":false},"excerpt":{"rendered":"<p>Ob\u021bine\u021bi acces instantaneu la 5 scenarii pentru umilirea masculului beta! 1.344 de cuvinte de aur care pot fi adaptate at\u00e2t pentru videoclipuri \u00eenregistrate, c\u00e2t \u0219i pentru \u00eent\u00e2lniri virtuale unu-la-unu.<\/p>\n<p>Ce mai a\u0219tep\u021bi? \u00cembun\u0103t\u0103\u021be\u0219te-\u021bi jocul de dominare chiar acum.<\/p>","protected":false},"featured_media":2257,"comment_status":"closed","ping_status":"closed","template":"","meta":[],"product_brand":[],"product_cat":[47],"product_tag":[28],"class_list":{"0":"post-1136","1":"product","2":"type-product","3":"status-publish","4":"has-post-thumbnail","6":"product_cat-scripts","7":"product_tag-findom","8":"infinite-scroll-item","9":"no-featured-image-padding","10":"sales-flash-overlay","11":"woocommerce-text-align-center","12":"woocommerce-image-align-center","13":"wc-has-gallery","15":"first","16":"instock","17":"downloadable","18":"virtual","19":"sold-individually","20":"purchasable","21":"product-type-simple"},"aioseo_notices":[],"_links":{"self":[{"href":"https:\/\/subtomy.com\/ro\/wp-json\/wp\/v2\/product\/1136","targetHints":{"allow":["GET"]}}],"collection":[{"href":"https:\/\/subtomy.com\/ro\/wp-json\/wp\/v2\/product"}],"about":[{"href":"https:\/\/subtomy.com\/ro\/wp-json\/wp\/v2\/types\/product"}],"replies":[{"embeddable":true,"href":"https:\/\/subtomy.com\/ro\/wp-json\/wp\/v2\/comments?post=1136"}],"wp:featuredmedia":[{"embeddable":true,"href":"https:\/\/subtomy.com\/ro\/wp-json\/wp\/v2\/media\/2257"}],"wp:attachment":[{"href":"https:\/\/subtomy.com\/ro\/wp-json\/wp\/v2\/media?parent=1136"}],"wp:term":[{"taxonomy":"product_brand","embeddable":true,"href":"https:\/\/subtomy.com\/ro\/wp-json\/wp\/v2\/product_brand?post=1136"},{"taxonomy":"product_cat","embeddable":true,"href":"https:\/\/subtomy.com\/ro\/wp-json\/wp\/v2\/product_cat?post=1136"},{"taxonomy":"product_tag","embeddable":true,"href":"https:\/\/subtomy.com\/ro\/wp-json\/wp\/v2\/product_tag?post=1136"}],"curies":[{"name":"wp","href":"https:\/\/api.w.org\/{rel}","templated":true}]}}