{"id":1540,"date":"2023-05-24T16:39:17","date_gmt":"2023-05-24T21:39:17","guid":{"rendered":"https:\/\/subtomy.com\/?post_type=product&#038;p=1540"},"modified":"2024-03-02T22:05:11","modified_gmt":"2024-03-03T03:05:11","slug":"findom-question-pack","status":"publish","type":"product","link":"https:\/\/subtomy.com\/ro\/produs\/findom-question-pack\/","title":{"rendered":"Findom Pachet de 100 de \u00eentreb\u0103ri pentru OnlyFans, Loyalfans, Reddit, Twitter, etc."},"content":{"rendered":"<h3 style=\"text-align: center;\">V\u0103 prezent\u0103m pachetul de 100 de \u00eentreb\u0103ri FinDom: Elibera\u021bi-v\u0103 domina\u021bia financiar\u0103<\/h3>\n<p>Apel la to\u021bi dominan\u021bii financiari! Sunte\u021bi gata s\u0103 v\u0103 ridica\u021bi controlul, s\u0103 v\u0103 captiva\u021bi publicul \u0219i s\u0103 v\u0103 asigura\u021bi c\u0103 clien\u021bii dvs. v\u0103 doresc domina\u021bia financiar\u0103 mai mult ca niciodat\u0103? Intra\u021bi \u00een lumina reflectoarelor cu pachetul FinDom 100-Question Pack, un instrument puternic conceput pentru platforme precum OnlyFans, Loyalfans, Reddit, Twitter \u0219i alte canale de socializare.<\/p>\n<ol>\n<li><strong>Domina\u021bi-v\u0103 pia\u021ba<\/strong>: C\u00e2\u0219tiga\u021bi un avantaj competitiv \u00een domina\u021bia financiar\u0103 cu acest pachet de \u00eentreb\u0103ri meticulos \u00eengrijit. Captiva\u021bi-v\u0103 publicul, atrage\u021bi noi prospec\u021bi \u0219i l\u0103sa\u021bi o amprent\u0103 de ne\u0219ters asupra clien\u021bilor dvs. existen\u021bi \u00een timp ce prelua\u021bi f\u0103r\u0103 efort controlul asupra dorin\u021belor lor.<\/li>\n<li><strong>Aprinde\u021bi dorin\u021ba lor<\/strong>: Dezl\u0103n\u021bui\u021bi un v\u00e2rtej de emo\u021bii \u0219i trezi\u021bi dorin\u021ba insa\u021biabil\u0103 de supunere financiar\u0103 a adep\u021bilor dumneavoastr\u0103. Elaborat\u0103 cu precizie, fiecare \u00eentrebare este conceput\u0103 pentru a st\u00e2rni anticipare intens\u0103, dorin\u021b\u0103 \u0219i o nevoie cople\u0219itoare de a le \u00eendeplini cele mai profunde fantezii financiare.<\/li>\n<li><strong>Alimenta\u021bi cheltuielile clien\u021bilor<\/strong>: Duce\u021bi-v\u0103 clien\u021bii \u00eentr-o c\u0103l\u0103torie \u00een care pl\u0103cerea \u0219i cheltuielile se \u00eempletesc. Prin valorificarea strategic\u0103 a pachetului FinDom cu 100 de \u00eentreb\u0103ri, pute\u021bi debloca dorin\u021ba lor de a investi mai mult, amplific\u00e2ndu-le dorin\u021ba de a v\u0103 mul\u021bumi \u0219i de a v\u0103 servi din punct de vedere financiar.<\/li>\n<li><strong>Personaliza\u021bi-v\u0103 abordarea<\/strong>: Adapta\u021bi-v\u0103 strategia de interogare la stilul \u0219i preferin\u021bele dumneavoastr\u0103 individuale. Fie c\u0103 prefera\u021bi autoritatea impun\u0103toare sau manipularea subtil\u0103, aceste \u00eentreb\u0103ri v\u0103 permit s\u0103 v\u0103 ajusta\u021bi abordarea, asigur\u00e2nd un impact maxim la fiecare interac\u021biune.<\/li>\n<li><strong>Cultiva\u021bi loialitatea<\/strong>: Aprofunda\u021bi conexiunea cu baza dvs. de clien\u021bi existent\u0103, oferindu-le o experien\u021b\u0103 unic\u0103 \u0219i captivant\u0103. Pachetul de 100 de \u00eentreb\u0103ri FinDom stimuleaz\u0103 loialitatea, stabilindu-v\u0103 ca autoritate incontestabil\u0103 \u00een domeniul domina\u021biei financiare \u0219i \u00eencuraj\u00e2nd afacerile repetate.<\/li>\n<li><strong>Amplifica\u021bi implicarea<\/strong>: \u00cencuraja\u021bi-v\u0103 adep\u021bii s\u0103 se implice \u00een mod activ \u00een con\u021binutul \u0219i discu\u021biile dumneavoastr\u0103. Declan\u0219a\u021bi conversa\u021bii stimulative, invita\u021bi-i s\u0103 \u00ee\u0219i \u00eemp\u0103rt\u0103\u0219easc\u0103 dorin\u021bele \u0219i limitele \u0219i crea\u021bi o comunitate \u00een care supu\u0219ii \u0219i dominan\u021bii financiari se pot conecta \u0219i se pot sus\u021bine reciproc.<\/li>\n<li><strong>\u00cemputernice\u0219te-\u021bi domina\u021bia<\/strong>: Dezv\u0103lui\u021bi secretele unei domina\u021bii financiare irezistibile, dezv\u0103luind dorin\u021bele ascunse ale clien\u021bilor dumneavoastr\u0103. Cu pachetul de 100 de \u00eentreb\u0103ri FinDom drept ghid, v\u0103 pute\u021bi pune \u00een valoare expertiza, pute\u021bi spori anticiparea \u0219i v\u0103 pute\u021bi consolida pozi\u021bia de for\u021b\u0103 dominant\u0103 pe care ace\u0219tia o doresc.<\/li>\n<\/ol>\n<p>Dezl\u0103n\u021bui\u021bi puterea pachetului FinDom 100 de \u00eentreb\u0103ri \u0219i urm\u0103ri\u021bi cum domina\u021bia dvs. financiar\u0103 atinge noi culmi. Intra\u021bi \u00een control nelimitat, satisfac\u021bie de neegalat \u0219i o baz\u0103 de clien\u021bi loiali care se supun de bun\u0103 voie ispr\u0103vilor dvs. financiare.<\/p>","protected":false},"excerpt":{"rendered":"<p>V\u0103 prezent\u0103m pachetul de 100 de \u00eentreb\u0103ri FinDom: Elibera\u021bi-v\u0103 domina\u021bia financiar\u0103<\/p>\n<p>Apel la to\u021bi dominan\u021bii financiari! Sunte\u021bi gata s\u0103 v\u0103 ridica\u021bi controlul, s\u0103 v\u0103 captiva\u021bi publicul \u0219i s\u0103 v\u0103 asigura\u021bi c\u0103 clien\u021bii dvs. v\u0103 doresc domina\u021bia financiar\u0103 mai mult ca niciodat\u0103? Intr\u0103 \u00een lumina reflectoarelor cu FinDom 100-Question Pack, un instrument puternic conceput exclusiv pentru platforme precum OnlyFans, Loyalfans, Reddit, Twitter \u0219i alte canale de social media.<\/p>\n<ul>\n<li><em>Unde vrei s\u0103-mi pun cizma? \ud83c\udf86 Supune-te \u0219i pl\u0103te\u0219te pentru umilin\u021ba ta acum, porcu\u0219orule! \ud83d\udcb8<\/em><\/li>\n<li><em>Cine vrea s\u0103 fie supusul meu financiar \u0219i s\u0103 fac\u0103 tot ce trebuie \ud83d\udcb8pentru a m\u0103 face fericit\u0103? Sunt gata s\u0103 preiau controlul \u0219i s\u0103 te umilesc p\u00e2n\u0103 c\u00e2nd nu te vei putea ab\u021bine s\u0103 nu implori mai mult. \ud83d\ude08<\/em><\/li>\n<li><em>Cine este gata s\u0103 fie \ud83e\udd11\ud83d\udcb8 dus la limit\u0103 de c\u0103tre sexy Findom-ul lor? \ud83d\udd25E\u0219ti dispus s\u0103 renun\u021bi la tot controlul \u0219i s\u0103 fii complet expus, umilit \u0219i pus la locul t\u0103u pentru mine? \ud83d\ude08<\/em><\/li>\n<\/ul>","protected":false},"featured_media":2259,"comment_status":"closed","ping_status":"closed","template":"","meta":[],"product_brand":[],"product_cat":[35],"product_tag":[28],"class_list":{"0":"post-1540","1":"product","2":"type-product","3":"status-publish","4":"has-post-thumbnail","6":"product_cat-question-packs","7":"product_tag-findom","8":"infinite-scroll-item","9":"no-featured-image-padding","10":"sales-flash-overlay","11":"woocommerce-text-align-center","12":"woocommerce-image-align-center","13":"wc-has-gallery","15":"first","16":"instock","17":"downloadable","18":"virtual","19":"sold-individually","20":"purchasable","21":"product-type-simple"},"aioseo_notices":[],"_links":{"self":[{"href":"https:\/\/subtomy.com\/ro\/wp-json\/wp\/v2\/product\/1540","targetHints":{"allow":["GET"]}}],"collection":[{"href":"https:\/\/subtomy.com\/ro\/wp-json\/wp\/v2\/product"}],"about":[{"href":"https:\/\/subtomy.com\/ro\/wp-json\/wp\/v2\/types\/product"}],"replies":[{"embeddable":true,"href":"https:\/\/subtomy.com\/ro\/wp-json\/wp\/v2\/comments?post=1540"}],"wp:featuredmedia":[{"embeddable":true,"href":"https:\/\/subtomy.com\/ro\/wp-json\/wp\/v2\/media\/2259"}],"wp:attachment":[{"href":"https:\/\/subtomy.com\/ro\/wp-json\/wp\/v2\/media?parent=1540"}],"wp:term":[{"taxonomy":"product_brand","embeddable":true,"href":"https:\/\/subtomy.com\/ro\/wp-json\/wp\/v2\/product_brand?post=1540"},{"taxonomy":"product_cat","embeddable":true,"href":"https:\/\/subtomy.com\/ro\/wp-json\/wp\/v2\/product_cat?post=1540"},{"taxonomy":"product_tag","embeddable":true,"href":"https:\/\/subtomy.com\/ro\/wp-json\/wp\/v2\/product_tag?post=1540"}],"curies":[{"name":"wp","href":"https:\/\/api.w.org\/{rel}","templated":true}]}}