{"id":1561,"date":"2023-05-25T10:39:07","date_gmt":"2023-05-25T15:39:07","guid":{"rendered":"https:\/\/subtomy.com\/?post_type=product&#038;p=1561"},"modified":"2024-03-20T18:06:00","modified_gmt":"2024-03-20T23:06:00","slug":"findom-good-morning-messages","status":"publish","type":"product","link":"https:\/\/subtomy.com\/ro\/produs\/findom-messaje-de-buna-dimineata-2\/","title":{"rendered":"Findom 65 Pachet de mesaje de bun\u0103 diminea\u021ba (Mesaj de mas\u0103, 1 la 1)"},"content":{"rendered":"<h3 style=\"text-align: center;\">V\u0103 prezent\u0103m pachetul de mesaje de bun\u0103 diminea\u021b\u0103 Findom 65: \u00cemputernice\u0219te-\u021bi domina\u021bia financiar\u0103<\/h3>\n<p>Ridica\u021bi-v\u0103 \u0219i str\u0103luci\u021bi, dominan\u021bi financiari! Preia controlul asupra zilei supu\u0219ilor t\u0103i din momentul \u00een care se trezesc cu pachetul Findom 65 Mesaje de bun\u0103 diminea\u021ba. Conceput\u0103 pentru mesaje \u00een mas\u0103 \u0219i interac\u021biuni personalizate de tip \"unu-la-unu\", aceast\u0103 colec\u021bie de mesaje provocatoare \u0219i atr\u0103g\u0103toare se va asigura c\u0103 domina\u021bia dvs. asupra finan\u021belor lor se simte \u00eenc\u0103 de la \u00eenceputul fiec\u0103rei zile. L\u0103sa\u021bi puterea cuvintelor dvs. s\u0103 le ghideze supunerea financiar\u0103 \u0219i s\u0103 v\u0103 consolideze controlul.<\/p>\n<ol>\n<li><strong>Stabili\u021bi tonul de control<\/strong>: Profita\u021bi de oportunitatea de a v\u0103 stabili domina\u021bia, \u00eencep\u00e2ndu-v\u0103 ziua cu un mesaj care s\u0103 v\u0103 \u00eent\u0103reasc\u0103 controlul financiar. Reaminti\u021bi-le c\u0103 exist\u0103 facturi de pl\u0103tit \u0219i c\u0103 dumneavoastr\u0103 sunte\u021bi for\u021ba motrice din spatele instabilit\u0103\u021bii \u0219i nemul\u021bumirii lor financiare.<\/li>\n<li><strong>Dezl\u0103n\u021bui\u021bi pl\u0103cerea de diminea\u021b\u0103<\/strong>: \u00cencepe\u021bi-le ziua cu o promisiune ispititoare de pl\u0103cere \u0219i satisfac\u021bie. Spune\u021bi-le c\u0103, ced\u00e2ndu-\u0219i puterea financiar\u0103 \u00een favoarea dumneavoastr\u0103, pot tr\u0103i senza\u021bia exaltant\u0103 de a servi un dominator financiar puternic ca dumneavoastr\u0103.<\/li>\n<li><strong>Anticiparea sc\u00e2nteii<\/strong>: Aprinde\u021bi-le entuziasmul pentru ziua urm\u0103toare, provoc\u00e2ndu-le cu perspectiva unor fluxuri de numerar \u00eenc\u00e2nt\u0103toare \u0219i cu pl\u0103cerea de a se deda la jocuri de bani. Crea\u021bi anticiparea bog\u0103\u021biei cu care vor contribui de bun\u0103voie la imperiul dumneavoastr\u0103.<\/li>\n<li><strong>Cultiva\u021bi o mentalitate supus\u0103<\/strong>: \u00cencuraja\u021bi o mentalitate supus\u0103 \u00eenc\u0103 de la \u00eenceputul zilei. Planta\u021bi s\u0103m\u00e2n\u021ba dorin\u021bei lor de a v\u0103 servi \u0219i de a v\u0103 mul\u021bumi financiar, amintindu-le de pl\u0103cerea \u0219i \u00eemplinirea care \u00eei a\u0219teapt\u0103 pe m\u0103sur\u0103 ce \u00ee\u0219i \u00eembr\u0103\u021bi\u0219eaz\u0103 rolul de pl\u0103titor devotat al dumneavoastr\u0103.<\/li>\n<li><strong>Personaliza\u021bi-v\u0103 mesajele<\/strong>: Adapta\u021bi mesajele de diminea\u021b\u0103 la fiecare persoan\u0103 \u00een parte, f\u0103c\u00e2ndu-le s\u0103 se simt\u0103 speciale \u0219i dorite. Folosi\u021bi numele lor, face\u021bi referire la tranzac\u021bii financiare specifice sau recunoa\u0219te\u021bi dorin\u021bele lor unice. Personalizarea adaug\u0103 o not\u0103 care ad\u00e2nce\u0219te conexiunea lor cu dumneavoastr\u0103 ca dominator.<\/li>\n<li><strong>Promovarea comunic\u0103rii continue<\/strong>: Folosi\u021bi Pachetul de mesaje de bun\u0103 diminea\u021ba pentru a men\u021bine deschise liniile de comunicare cu supu\u0219ii dumneavoastr\u0103.<\/li>\n<li><strong>Extinde\u021bi-v\u0103 imperiul financiar<\/strong>: Cu pachetul Findom 65 Mesaje de Bun\u0103 Diminea\u021ba, ave\u021bi la dispozi\u021bie un instrument puternic pentru a v\u0103 cultiva \u0219i extinde imperiul financiar. Consolida\u021bi-v\u0103 rela\u021biile cu supu\u0219ii, inspira\u021bi contribu\u021bii financiare sporite \u0219i consolida\u021bi-v\u0103 pozi\u021bia de dominator financiar suprem al acestora.<\/li>\n<\/ol>\n<p>\u00cencepe\u021bi fiecare zi cu Pachetul Findom 65 Mesaje de Bun\u0103 Diminea\u021ba \u0219i fi\u021bi martori la impactul cuvintelor dumneavoastr\u0103 asupra supunerii financiare a supu\u0219ilor dumneavoastr\u0103. Stabili\u021bi-v\u0103 domina\u021bia, aprinde\u021bi-le dorin\u021ba de a servi \u0219i observa\u021bi cum se ad\u00e2nce\u0219te devotamentul lor fa\u021b\u0103 de imperiul dvs. financiar. \u00cembr\u0103\u021bi\u0219eaz\u0103 puterea unui mesaj de diminea\u021b\u0103 bine elaborat \u0219i preia controlul asupra finan\u021belor lor ca niciodat\u0103 \u00eenainte.<\/p>\n<p>V\u0103 rug\u0103m s\u0103 practica\u021bi o dominare financiar\u0103 responsabil\u0103, respect\u00e2nd limitele, consim\u021b\u0103m\u00e2ntul \u0219i comunicarea deschis\u0103 \u00een toate interac\u021biunile.<\/p>","protected":false},"excerpt":{"rendered":"<h3 style=\"text-align: center;\">V\u0103 prezent\u0103m pachetul de mesaje de bun\u0103 diminea\u021b\u0103 Findom 65: \u00cemputernice\u0219te-\u021bi domina\u021bia financiar\u0103<\/h3>\n<p><strong>Include mesaje precum<\/strong><\/p>\n<ul>\n<li>O diminea\u021b\u0103 minunat\u0103. Va fi o zi grozav\u0103 pentru jocul cu bani! A\u0219tept deja cu ner\u0103bdare toate fluxurile de numerar obraznice \u0219i delicioase care vor veni ast\u0103zi. \ud83d\ude09 #GoodMorning #FinancialDomination #Findom<\/li>\n<li>V\u0103 anun\u021b \u00eenceputul unei alte zile pline de posibilit\u0103\u021bi! \ud83d\udcb8 Sper c\u0103 e\u0219ti gata s\u0103 m\u0103 faci \u0219i mai bogat\u0103 ast\u0103zi, micul meu porcu\u0219or de plat\u0103 obraznic. \ud83d\ude09 #Findom #Femdom #FinancialDomination<\/li>\n<li><span data-sheets-value=\"{&quot;1&quot;:2,&quot;2&quot;:&quot;I know it's been a while since I gave you something to be grateful for, so here's your chance: open your wallet and pay tribute to me this morning \u2615\ufe0f \ud83d\ude09&quot;}\" data-sheets-userformat=\"{&quot;2&quot;:8961,&quot;3&quot;:{&quot;1&quot;:0},&quot;11&quot;:4,&quot;12&quot;:0,&quot;16&quot;:12}\">\u0218tiu c\u0103 a trecut ceva timp de c\u00e2nd nu v-am mai oferit ceva pentru care s\u0103 fi\u021bi recunosc\u0103tori, a\u0219a c\u0103 iat\u0103 \u0219ansa voastr\u0103: deschide\u021bi portofelul \u0219i aduce\u021bi-mi un omagiu \u00een aceast\u0103 diminea\u021b\u0103! \u2615\ufe0f \ud83d\ude09<\/span><\/li>\n<\/ul>","protected":false},"featured_media":2284,"comment_status":"closed","ping_status":"closed","template":"","meta":[],"product_brand":[],"product_cat":[141],"product_tag":[28],"class_list":{"0":"post-1561","1":"product","2":"type-product","3":"status-publish","4":"has-post-thumbnail","6":"product_cat-messaging","7":"product_tag-findom","8":"infinite-scroll-item","9":"no-featured-image-padding","10":"sales-flash-overlay","11":"woocommerce-text-align-center","12":"woocommerce-image-align-center","13":"wc-has-gallery","15":"first","16":"instock","17":"downloadable","18":"virtual","19":"sold-individually","20":"purchasable","21":"product-type-simple"},"aioseo_notices":[],"_links":{"self":[{"href":"https:\/\/subtomy.com\/ro\/wp-json\/wp\/v2\/product\/1561","targetHints":{"allow":["GET"]}}],"collection":[{"href":"https:\/\/subtomy.com\/ro\/wp-json\/wp\/v2\/product"}],"about":[{"href":"https:\/\/subtomy.com\/ro\/wp-json\/wp\/v2\/types\/product"}],"replies":[{"embeddable":true,"href":"https:\/\/subtomy.com\/ro\/wp-json\/wp\/v2\/comments?post=1561"}],"wp:featuredmedia":[{"embeddable":true,"href":"https:\/\/subtomy.com\/ro\/wp-json\/wp\/v2\/media\/2284"}],"wp:attachment":[{"href":"https:\/\/subtomy.com\/ro\/wp-json\/wp\/v2\/media?parent=1561"}],"wp:term":[{"taxonomy":"product_brand","embeddable":true,"href":"https:\/\/subtomy.com\/ro\/wp-json\/wp\/v2\/product_brand?post=1561"},{"taxonomy":"product_cat","embeddable":true,"href":"https:\/\/subtomy.com\/ro\/wp-json\/wp\/v2\/product_cat?post=1561"},{"taxonomy":"product_tag","embeddable":true,"href":"https:\/\/subtomy.com\/ro\/wp-json\/wp\/v2\/product_tag?post=1561"}],"curies":[{"name":"wp","href":"https:\/\/api.w.org\/{rel}","templated":true}]}}