{"id":2174,"date":"2023-12-19T16:09:37","date_gmt":"2023-12-19T21:09:37","guid":{"rendered":"https:\/\/subtomy.com\/?post_type=product&#038;p=2174"},"modified":"2024-02-01T00:00:45","modified_gmt":"2024-02-01T05:00:45","slug":"complete-content-guide-for-february","status":"publish","type":"product","link":"https:\/\/subtomy.com\/ro\/produs\/ghid-complet-de-continut-pentru-luna-februarie\/","title":{"rendered":"Ghid complet de con\u021binut pentru luna februarie (tem\u0103, legende, DM-uri \u00een mas\u0103, scenariu video, idee de con\u021binut)"},"content":{"rendered":"<p>Dezl\u0103n\u021bui\u021bi-v\u0103 creativitatea \u0219i captiva\u021bi-v\u0103 publicul cu ghidul nostru meticulos conceput special pentru creatorii de con\u021binut pentru adul\u021bi. \"Ghidul complet de con\u021binut pentru luna februarie\" este arma ta secret\u0103, oferindu-\u021bi 29 de zile de teme de con\u021binut atent curatoriate, idei detaliate de con\u021binut, scenarii video, legende pentru social media \u0219i DM-uri \u00een mas\u0103 personalizate. Ridica\u021bi jocul dvs. de con\u021binut pentru adul\u021bi \u0219i face\u021bi din februarie o lun\u0103 de neuitat.<\/p>\n<p><strong>Ce este \u00een interior:<\/strong><\/p>\n<ol>\n<li><strong>Teme de con\u021binut zilnic:<\/strong> Aprinde\u021bi pasiunea \u0219i entuziasmul cu 29 de teme unice de con\u021binut concepute pentru a rezona cu publicul dumneavoastr\u0103 adult. Fiecare zi, de la senzual la juc\u0103u\u0219, aduce o nou\u0103 oportunitate de a v\u0103 conecta intim.<\/li>\n<li><strong>Idei detaliate de con\u021binut:<\/strong> Elibera\u021bi-v\u0103 de constr\u00e2ngerile creative cu idei detaliate de con\u021binut care r\u0103spund dorin\u021belor \u0219i fanteziilor publicului dumneavoastr\u0103. Condimenta\u021bi-v\u0103 con\u021binutul \u0219i face\u021bi-i s\u0103 revin\u0103 pentru mai mult.<\/li>\n<li><strong>Script video:<\/strong> Transform\u0103-\u021bi fanteziile \u00een realitate cu scenarii video realizate de profesioni\u0219ti. Scenariile noastre sunt concepute pentru a v\u0103 \u00eembun\u0103t\u0103\u021bi povestea, asigur\u00e2ndu-v\u0103 c\u0103 videoclipurile dvs. sunt atr\u0103g\u0103toare \u0219i se conecteaz\u0103 la un nivel mai profund.<\/li>\n<li><strong>Legende pentru social media:<\/strong> Seduce\u021bi-v\u0103 audien\u021ba cu legende care atrag aten\u021bia \u0219i care \u00eei las\u0103 s\u0103 vrea mai mult. Stimula\u021bi implicarea \u0219i crea\u021bi o prezen\u021b\u0103 online seduc\u0103toare cu ajutorul legendei care capteaz\u0103 esen\u021ba con\u021binutului dvs.<\/li>\n<li><strong>\u0218abloane DM \u00een mas\u0103:<\/strong> Maximiza\u021bi-v\u0103 impactul cu \u0219abloane personalizate de mesaje directe de diminea\u021b\u0103, de sear\u0103 \u0219i generale. Crea\u021bi mesaje intime care s\u0103 rezoneze cu publicul dvs., men\u021bin\u00e2nd marca dvs. \u00een minte pe tot parcursul zilei.<\/li>\n<\/ol>\n<p><strong>De ce \u00ee\u021bi va pl\u0103cea:<\/strong><\/p>\n<ul>\n<li><strong>Adaptat pentru creatorii de con\u021binut pentru adul\u021bi:<\/strong> Acest ghid este conceput special pentru a satisface nevoile \u0219i dorin\u021bele unice ale creatorilor de con\u021binut pentru adul\u021bi, asigur\u00e2ndu-v\u0103 c\u0103 ave\u021bi instrumentele necesare pentru a crea con\u021binut care s\u0103 rezoneze cu publicul dumneavoastr\u0103.<\/li>\n<li><strong>Creativitate sporit\u0103:<\/strong> Elibera\u021bi-v\u0103 de blocajele creative \u0219i explora\u021bi noi t\u0103r\u00e2muri ale crea\u021biei de con\u021binut pentru adul\u021bi cu teme zilnice \u0219i idei detaliate care dep\u0103\u0219esc limitele.<\/li>\n<li><strong>Angajament sporit:<\/strong> Legendele seduc\u0103toare, scenariile realizate de profesioni\u0219ti \u0219i DM-urile personalizate se combin\u0103 pentru a crea o experien\u021b\u0103 captivant\u0103 pentru publicul t\u0103u, men\u021bin\u00e2ndu-l implicat \u0219i a\u0219tept\u00e2nd cu ner\u0103bdare urm\u0103toarea ta crea\u021bie.<\/li>\n<\/ul>\n<p>Face\u021bi din februarie luna februarie cea mai tare \u0219i mai atractiv\u0103 lun\u0103 de p\u00e2n\u0103 acum. Comanda\u021bi acum \"Ghidul complet de con\u021binut pentru februarie\" \u0219i scufunda\u021bi-v\u0103 \u00eentr-o lume a cre\u0103rii de con\u021binut pentru adul\u021bi care dep\u0103\u0219e\u0219te limitele \u0219i las\u0103 o impresie de durat\u0103.<\/p>","protected":false},"excerpt":{"rendered":"<p>Aprinde\u021bi pasiunea \u0219i \u00eembun\u0103t\u0103\u021bi\u021bi-v\u0103 crearea de con\u021binut pentru adul\u021bi cu \"Ghidul complet de con\u021binut pentru luna februarie\". Explora\u021bi 29 de zile de con\u021binut tematic, fiecare oferind idei detaliate, scenarii video realizate \u00een mod profesionist, legende seduc\u0103toare pentru re\u021belele de socializare \u0219i DM-uri \u00een mas\u0103 personalizate. Adaptat pentru creatorii de con\u021binut pentru adul\u021bi, acest ghid este cheia ta pentru o lun\u0103 februarie captivant\u0103 \u0219i captivant\u0103.<\/p>\n<p style=\"text-align: right;\"><em>Disponibil \u00een formate HTML, PDF, CSV \u0219i XLS.<\/em><\/p>","protected":false},"featured_media":2179,"comment_status":"closed","ping_status":"closed","template":"","meta":[],"product_brand":[],"product_cat":[183],"product_tag":[142],"class_list":{"0":"post-2174","1":"product","2":"type-product","3":"status-publish","4":"has-post-thumbnail","6":"product_cat-monthly-package","7":"product_tag-onlyfans","8":"infinite-scroll-item","9":"no-featured-image-padding","10":"sales-flash-overlay","11":"woocommerce-text-align-center","12":"woocommerce-image-align-center","13":"wc-has-gallery","15":"first","16":"instock","17":"downloadable","18":"virtual","19":"purchasable","20":"product-type-simple"},"aioseo_notices":[],"_links":{"self":[{"href":"https:\/\/subtomy.com\/ro\/wp-json\/wp\/v2\/product\/2174","targetHints":{"allow":["GET"]}}],"collection":[{"href":"https:\/\/subtomy.com\/ro\/wp-json\/wp\/v2\/product"}],"about":[{"href":"https:\/\/subtomy.com\/ro\/wp-json\/wp\/v2\/types\/product"}],"replies":[{"embeddable":true,"href":"https:\/\/subtomy.com\/ro\/wp-json\/wp\/v2\/comments?post=2174"}],"wp:featuredmedia":[{"embeddable":true,"href":"https:\/\/subtomy.com\/ro\/wp-json\/wp\/v2\/media\/2179"}],"wp:attachment":[{"href":"https:\/\/subtomy.com\/ro\/wp-json\/wp\/v2\/media?parent=2174"}],"wp:term":[{"taxonomy":"product_brand","embeddable":true,"href":"https:\/\/subtomy.com\/ro\/wp-json\/wp\/v2\/product_brand?post=2174"},{"taxonomy":"product_cat","embeddable":true,"href":"https:\/\/subtomy.com\/ro\/wp-json\/wp\/v2\/product_cat?post=2174"},{"taxonomy":"product_tag","embeddable":true,"href":"https:\/\/subtomy.com\/ro\/wp-json\/wp\/v2\/product_tag?post=2174"}],"curies":[{"name":"wp","href":"https:\/\/api.w.org\/{rel}","templated":true}]}}