{"id":585,"date":"2023-04-13T23:44:56","date_gmt":"2023-04-14T04:44:56","guid":{"rendered":"https:\/\/shop.cammodelagency.com\/?post_type=product&#038;p=585"},"modified":"2024-03-26T19:39:22","modified_gmt":"2024-03-27T00:39:22","slug":"onlyfans-captions","status":"publish","type":"product","link":"https:\/\/subtomy.com\/ro\/produs\/onlyfans-legende\/","title":{"rendered":"100+ Pachet de legende OnlyFans, Reddit \u0219i Social Media"},"content":{"rendered":"<p>Dori\u021bi s\u0103 p\u0103stra\u021bi con\u021binutul OnlyFans proasp\u0103t \u0219i atractiv? Pachetul nostru de subtitr\u0103ri de social media pentru modelele pentru adul\u021bi te-a acoperit!<\/p>\n<p>Cu <strong>Peste 100 de legende unice<\/strong> conceput special pentru con\u021binut pentru adul\u021bi, pachetul nostru v\u0103 va ajuta s\u0103 capta\u021bi aten\u021bia publicului \u0219i s\u0103 \u00eel face\u021bi s\u0103 revin\u0103 pentru mai mult. De la cochet\u0103rie la explicit, legendele noastre acoper\u0103 o gam\u0103 larg\u0103 de teme \u0219i scenarii, astfel \u00eenc\u00e2t pute\u021bi g\u0103si legenda perfect\u0103 pentru fiecare postare.<\/p>\n<p>Formatul nostru u\u0219or de utilizat simplific\u0103 copierea \u0219i lipirea legendei alese \u00een postarea OnlyFans, economisind timp \u0219i efort. \u00cen plus, cu at\u00e2t de multe op\u021biuni din care po\u021bi alege, nu vei r\u0103m\u00e2ne niciodat\u0103 \u00een pan\u0103 de idei pentru con\u021binutul t\u0103u.<\/p>\n<p>Fie c\u0103 dori\u021bi s\u0103 v\u0103 prezenta\u021bi cel mai recent set de lenjerie intim\u0103, s\u0103 \u00eemp\u0103rt\u0103\u0219i\u021bi o poveste fierbinte sau pur \u0219i simplu s\u0103 v\u0103 conecta\u021bi cu publicul dvs. la un nivel mai personal, pachetul nostru de subtitr\u0103ri pentru re\u021belele sociale are tot ceea ce ave\u021bi nevoie pentru a scoate \u00een eviden\u021b\u0103 con\u021binutul OnlyFans.<\/p>\n<p>Deci, de ce s\u0103 a\u0219tept\u0103m? Comand\u0103 ast\u0103zi pachetul nostru de subtitr\u0103ri pentru social media OnlyFans \u0219i du-\u021bi con\u021binutul la urm\u0103torul nivel!<\/p>\n<p>Pachetul nostru include <strong>100+ legende unice<\/strong> concepute special pentru con\u021binutul OnlyFans, astfel \u00eenc\u00e2t s\u0103 pute\u021bi capta aten\u021bia celor care v\u0103 urm\u0103resc \u0219i s\u0103-i face\u021bi s\u0103 revin\u0103 pentru mai mult. Fie c\u0103 dori\u021bi s\u0103 v\u0103 prezenta\u021bi cel mai recent set de lenjerie intim\u0103, s\u0103 \u00eemp\u0103rt\u0103\u0219i\u021bi o scen\u0103 de du\u0219 fierbinte sau s\u0103 le oferi\u021bi urm\u0103ritorilor dvs. o privire \u00een culisele rutinei dvs. zilnice, legendele noastre v\u0103 vor ajuta s\u0103 v\u0103 impune\u021bi.<\/p>\n<p>Legendele noastre acoper\u0103 o gam\u0103 larg\u0103 de teme, de la ludic la provocator \u0219i tot ce se afl\u0103 \u00eentre ele. Fie c\u0103 dori\u021bi s\u0103 v\u0103 tachina\u021bi urm\u0103ritorii cu o privire de ansamblu sau s\u0103 \u00eei atrage\u021bi cu un mesaj senzual, avem tot ce v\u0103 trebuie. Iar cu formatul nostru u\u0219or de utilizat, po\u021bi copia \u0219i lipi rapid \u0219i u\u0219or legenda aleas\u0103 \u00een post\u0103rile tale OnlyFans, economisind timp \u0219i efort.<\/p>\n<p>A\u0219a c\u0103, dac\u0103 e\u0219ti preg\u0103tit s\u0103-\u021bi duci con\u021binutul OnlyFans la nivelul urm\u0103tor \u0219i s\u0103-\u021bi men\u021bii adep\u021bii implica\u021bi \u0219i entuziasma\u021bi, comand\u0103 ast\u0103zi pachetul nostru de subtitr\u0103ri pentru social media!<\/p>","protected":false},"excerpt":{"rendered":"<p><strong>Actualiz\u0103ri pe via\u021b\u0103!<\/strong><\/p>\n<p>Vrei s\u0103 faci ca con\u021binutul t\u0103u OnlyFans s\u0103 ias\u0103 \u00een eviden\u021b\u0103? Nu c\u0103uta\u021bi mai departe de pachetul nostru de subtitr\u0103ri de social media pentru modele adulte!<\/p>\n<p>Exemple<\/p>\n<ul>\n<li><span data-sheets-value=\"{&quot;1&quot;:2,&quot;2&quot;:&quot;Easy as 1-2-3, let's get naughty \ud83d\udc8b Ready to unleash my wild side - who's ready to join me? #ReadyToPlay \ud83d\ude08&quot;}\" data-sheets-userformat=\"{&quot;2&quot;:8961,&quot;3&quot;:{&quot;1&quot;:0},&quot;11&quot;:4,&quot;12&quot;:0,&quot;16&quot;:12}\">U\u0219or ca 1-2-3, hai s\u0103 fim obraznici \ud83d\udc8b Gata s\u0103-mi dezl\u0103n\u021bui partea s\u0103lbatic\u0103 - cine e gata s\u0103 mi se al\u0103ture? #ReadyToPlay \ud83d\ude08<\/span><\/li>\n<li><span data-sheets-value=\"{&quot;1&quot;:2,&quot;2&quot;:&quot;Love to tease you with my \ud83d\udc8b\ud83e\udd75 Let's chat and explore our wildest fantasies together! #sexytime&quot;}\" data-sheets-userformat=\"{&quot;2&quot;:8961,&quot;3&quot;:{&quot;1&quot;:0},&quot;11&quot;:4,&quot;12&quot;:0,&quot;16&quot;:12}\">Iubesc s\u0103 te tachinez cu \ud83d\udc8b\ud83e\udd75 Hai s\u0103 vorbim \u0219i s\u0103 explor\u0103m cele mai s\u0103lbatice fantezii \u00eempreun\u0103! #sexytime<\/span><\/li>\n<li><span data-sheets-value=\"{&quot;1&quot;:2,&quot;2&quot;:&quot;Reward yourself with some pleasure \ud83d\udca6 I'm feeling extra naughty today, wanna join me? \ud83d\ude09 #LetMeTeaseYou&quot;}\" data-sheets-userformat=\"{&quot;2&quot;:8961,&quot;3&quot;:{&quot;1&quot;:0},&quot;11&quot;:4,&quot;12&quot;:0,&quot;16&quot;:12}\">Recompenseaz\u0103-te cu pu\u021bin\u0103 pl\u0103cere \ud83d\udca6 M\u0103 simt foarte obraznic\u0103 ast\u0103zi, vrei s\u0103 mi te al\u0103turi? \ud83d\ude09 #LetMeTeaseYou<\/span><\/li>\n<\/ul>\n<p><strong>(De asemenea, include versiuni f\u0103r\u0103 hashtag ale fiec\u0103rei legende)<\/strong><\/p>","protected":false},"featured_media":2318,"comment_status":"open","ping_status":"closed","template":"","meta":[],"product_brand":[],"product_cat":[22],"product_tag":[142],"class_list":{"0":"post-585","1":"product","2":"type-product","3":"status-publish","4":"has-post-thumbnail","6":"product_cat-captions","7":"product_tag-onlyfans","8":"infinite-scroll-item","9":"no-featured-image-padding","10":"sales-flash-overlay","11":"woocommerce-text-align-center","12":"woocommerce-image-align-center","13":"wc-has-gallery","15":"first","16":"instock","17":"downloadable","18":"virtual","19":"sold-individually","20":"purchasable","21":"product-type-simple"},"aioseo_notices":[],"_links":{"self":[{"href":"https:\/\/subtomy.com\/ro\/wp-json\/wp\/v2\/product\/585","targetHints":{"allow":["GET"]}}],"collection":[{"href":"https:\/\/subtomy.com\/ro\/wp-json\/wp\/v2\/product"}],"about":[{"href":"https:\/\/subtomy.com\/ro\/wp-json\/wp\/v2\/types\/product"}],"replies":[{"embeddable":true,"href":"https:\/\/subtomy.com\/ro\/wp-json\/wp\/v2\/comments?post=585"}],"wp:featuredmedia":[{"embeddable":true,"href":"https:\/\/subtomy.com\/ro\/wp-json\/wp\/v2\/media\/2318"}],"wp:attachment":[{"href":"https:\/\/subtomy.com\/ro\/wp-json\/wp\/v2\/media?parent=585"}],"wp:term":[{"taxonomy":"product_brand","embeddable":true,"href":"https:\/\/subtomy.com\/ro\/wp-json\/wp\/v2\/product_brand?post=585"},{"taxonomy":"product_cat","embeddable":true,"href":"https:\/\/subtomy.com\/ro\/wp-json\/wp\/v2\/product_cat?post=585"},{"taxonomy":"product_tag","embeddable":true,"href":"https:\/\/subtomy.com\/ro\/wp-json\/wp\/v2\/product_tag?post=585"}],"curies":[{"name":"wp","href":"https:\/\/api.w.org\/{rel}","templated":true}]}}