{"id":59,"date":"2022-06-06T15:46:47","date_gmt":"2022-06-06T20:46:47","guid":{"rendered":"https:\/\/shop.cammodelagency.com\/?post_type=product&#038;p=59"},"modified":"2023-09-03T00:47:37","modified_gmt":"2023-09-03T05:47:37","slug":"how-to-sell-your-dick-pics-to-1000-per-month","status":"publish","type":"product","link":"https:\/\/subtomy.com\/ro\/produs\/how-to-sell-your-dick-pics-to-1000-per-month\/","title":{"rendered":"Cum s\u0103-\u021bi vinzi fotografiile D* la $1.000 pe lun\u0103"},"content":{"rendered":"<h2 style=\"text-align: center;\">Cum po\u021bi face $1,000 sau mai mult pe lun\u0103 din v\u00e2nzarea de poze cu penisuri prin eliberarea acestui plan complet<\/h2>\n<p><img loading=\"lazy\" decoding=\"async\" class=\"aligncenter wp-image-61 size-full\" src=\"https:\/\/subtomy.com\/wp-content\/uploads\/2022\/06\/Selling-Your.jpg\" alt=\"\" width=\"960\" height=\"540\" srcset=\"https:\/\/subtomy.com\/wp-content\/uploads\/2022\/06\/Selling-Your.jpg 960w, https:\/\/subtomy.com\/wp-content\/uploads\/2022\/06\/Selling-Your-600x338.jpg 600w, https:\/\/subtomy.com\/wp-content\/uploads\/2022\/06\/Selling-Your-300x169.jpg 300w, https:\/\/subtomy.com\/wp-content\/uploads\/2022\/06\/Selling-Your-768x432.jpg 768w, https:\/\/subtomy.com\/wp-content\/uploads\/2022\/06\/Selling-Your-18x10.jpg 18w\" sizes=\"auto, (max-width: 960px) 100vw, 960px\" \/><\/p>\n<p style=\"text-align: center;\"><strong><span style=\"color: #008000;\">Afla\u021bi exact cum fac peste $1,100 pe lun\u0103 (pe pilot automat!)<\/span><\/strong><\/p>\n<p>\u00ce\u021bi place s\u0103 faci fotografii, dar nu \u0219tii cum s\u0103 faci bani din ele. Ai mai \u00eencercat s\u0103 le vinzi online, dar nu ai reu\u0219it s\u0103 faci nicio v\u00e2nzare.<\/p>\n<p>Acum, iat\u0103 un curs care te va \u00eenv\u0103\u021ba cum s\u0103 \u00ee\u021bi vinzi pozele cu scule online pentru un venit lunar de $1.000 sau mai mult. Aceasta nu este o schem\u0103 de \u00eembog\u0103\u021bire rapid\u0103; este un ghid pas cu pas care \u00ee\u021bi va ar\u0103ta cum s\u0103 construie\u0219ti o afacere de succes cu poze de penis de la zero.<\/p>\n<p>\u00cenva\u021b\u0103 cum s\u0103-\u021bi vinzi online pozele cu m\u0103dularele \u0219i s\u0103 c\u00e2\u0219tigi un trai cu norm\u0103 \u00eentreag\u0103 f\u0103c\u00e2nd ceea ce-\u021bi place! Acest curs video v\u0103 prezint\u0103 tot ce trebuie s\u0103 \u0219ti\u021bi, de la g\u0103sirea pie\u021bei potrivite pentru fotografiile dvs. p\u00e2n\u0103 la gestionarea clien\u021bilor.<\/p>\n<p>Cu acest <strong>curs video<\/strong>, ve\u021bi ob\u021bine o sumedenie de cuno\u0219tin\u021be despre tot ce \u00eenseamn\u0103 de la<\/p>\n<ul>\n<li>Ce platform\u0103 s\u0103 folosi\u021bi<\/li>\n<li>Cum s\u0103 gestionezi clien\u021bii<\/li>\n<li>Cum s\u0103-\u021bi cre\u0219ti baza de clien\u021bi<\/li>\n<li>O modalitate de a automatiza 97% de afaceri<\/li>\n<\/ul>\n<p>Ce se afl\u0103 \u00een interior:<\/p>\n<ul>\n<li>12 clipuri video care v\u0103 conduc prin <strong>EXACT<\/strong> cum s\u0103 \u00eencepe\u021bi<\/li>\n<li>Un PDF al \u00eentregii prezent\u0103ri, astfel \u00eenc\u00e2t s\u0103 pute\u021bi consulta cu u\u0219urin\u021b\u0103 punctele cheie prezentate pe parcursul cursului.<\/li>\n<\/ul>\n<p>Exist\u0103 o mul\u021bime de oameni care sunt interesa\u021bi s\u0103 v\u00e2nd\u0103 poze cu pule online. La urma urmei, este o modalitate excelent\u0103 de a face ni\u0219te bani \u00een plus. \u0218i cine nu iube\u0219te ni\u0219te penisuri?<\/p>\n<p>Cu toate acestea, \u00eenainte de a \u00eencepe s\u0103 v\u0103 vinde\u021bi fotografiile, trebuie s\u0103 \u0219ti\u021bi cum s\u0103 proceda\u021bi. Aici intervine cursul nostru video. Te vom \u00eenv\u0103\u021ba tot ce trebuie s\u0103 \u0219tii, de la cum s\u0103 g\u0103se\u0219ti cump\u0103r\u0103torii potrivi\u021bi p\u00e2n\u0103 la ce fel de fotografii caut\u0103 ace\u0219tia.<\/p>\n<p>A\u0219adar, fie c\u0103 sunte\u021bi un profesionist experimentat sau sunte\u021bi la \u00eenceput, cursul nostru v\u0103 va ajuta s\u0103 ob\u021bine\u021bi cele mai bune rezultate din fotografiile de penis.<\/p>\n<p>Deci, ce mai a\u0219tep\u021bi?<\/p>","protected":false},"excerpt":{"rendered":"<p>\u00cenva\u021b\u0103 cum s\u0103-\u021bi vinzi online pozele cu m\u0103dularele \u0219i s\u0103 c\u00e2\u0219tigi un trai cu norm\u0103 \u00eentreag\u0103 f\u0103c\u00e2nd ceea ce-\u021bi place! Acest curs video v\u0103 prezint\u0103 tot ce trebuie s\u0103 \u0219ti\u021bi, de la g\u0103sirea pie\u021bei potrivite pentru fotografiile dvs. p\u00e2n\u0103 la gestionarea clien\u021bilor.<\/p>\n<p><strong>Derula\u021bi \u00een jos pentru a viziona videoclipul despre ceea ce ve\u021bi ob\u021bine \u00een acest curs \ud83d\udc47\ud83c\udffe<\/strong><\/p>","protected":false},"featured_media":1539,"comment_status":"open","ping_status":"closed","template":"","meta":[],"product_brand":[],"product_cat":[41],"product_tag":[33,40],"class_list":{"0":"post-59","1":"product","2":"type-product","3":"status-publish","4":"has-post-thumbnail","6":"product_cat-video-course","7":"product_tag-men","8":"product_tag-video","9":"infinite-scroll-item","10":"no-featured-image-padding","11":"sales-flash-overlay","12":"woocommerce-text-align-center","13":"woocommerce-image-align-center","15":"first","16":"instock","17":"downloadable","18":"virtual","19":"sold-individually","20":"purchasable","21":"product-type-simple"},"aioseo_notices":[],"_links":{"self":[{"href":"https:\/\/subtomy.com\/ro\/wp-json\/wp\/v2\/product\/59","targetHints":{"allow":["GET"]}}],"collection":[{"href":"https:\/\/subtomy.com\/ro\/wp-json\/wp\/v2\/product"}],"about":[{"href":"https:\/\/subtomy.com\/ro\/wp-json\/wp\/v2\/types\/product"}],"replies":[{"embeddable":true,"href":"https:\/\/subtomy.com\/ro\/wp-json\/wp\/v2\/comments?post=59"}],"wp:featuredmedia":[{"embeddable":true,"href":"https:\/\/subtomy.com\/ro\/wp-json\/wp\/v2\/media\/1539"}],"wp:attachment":[{"href":"https:\/\/subtomy.com\/ro\/wp-json\/wp\/v2\/media?parent=59"}],"wp:term":[{"taxonomy":"product_brand","embeddable":true,"href":"https:\/\/subtomy.com\/ro\/wp-json\/wp\/v2\/product_brand?post=59"},{"taxonomy":"product_cat","embeddable":true,"href":"https:\/\/subtomy.com\/ro\/wp-json\/wp\/v2\/product_cat?post=59"},{"taxonomy":"product_tag","embeddable":true,"href":"https:\/\/subtomy.com\/ro\/wp-json\/wp\/v2\/product_tag?post=59"}],"curies":[{"name":"wp","href":"https:\/\/api.w.org\/{rel}","templated":true}]}}