{"id":604,"date":"2023-04-14T18:59:44","date_gmt":"2023-04-14T23:59:44","guid":{"rendered":"https:\/\/shop.cammodelagency.com\/?post_type=product&#038;p=604"},"modified":"2024-03-21T14:20:51","modified_gmt":"2024-03-21T19:20:51","slug":"foot-fetish-captions","status":"publish","type":"product","link":"https:\/\/subtomy.com\/ro\/produs\/foot-fetish-captions\/","title":{"rendered":"100+ Legende de feti\u0219uri cu picioare pentru Social Media, Reddit, OnlyFans, etc."},"content":{"rendered":"<p>Dac\u0103 sunte\u021bi un model pentru adul\u021bi care vinde con\u021binut despre picioare, \u0219ti\u021bi c\u0103 legendele sunt esen\u021biale pentru a capta aten\u021bia entuzia\u0219tilor feti\u0219ului picioarelor. De aceea, am creat cel mai bun pachet de subtitr\u0103ri pentru feti\u0219uri cu picioare \u00een social media pentru modelele pentru adul\u021bi ca tine!<\/p>\n<p>Pachetul nostru include 100 de legende unice, concepute special pentru con\u021binut pentru picioare, astfel \u00eenc\u00e2t s\u0103 v\u0103 pute\u021bi pune \u00een valoare picioarele frumoase \u0219i s\u0103 v\u0103 face\u021bi urm\u0103ritorii s\u0103 revin\u0103 pentru mai mult. Fie c\u0103 \u00ee\u021bi ar\u0103\u021bi cea mai recent\u0103 pedichiur\u0103, faci un masaj la picioare sau \u00eemp\u0103rt\u0103\u0219e\u0219ti perechea ta preferat\u0103 de tocuri, legendele noastre te vor ajuta s\u0103 faci o declara\u021bie.<\/p>\n<p>Legendele noastre acoper\u0103 o gam\u0103 larg\u0103 de teme, de la cochet\u0103rie la dominant\u0103 \u0219i tot ce se afl\u0103 \u00eentre ele. Fie c\u0103 dori\u021bi s\u0103 v\u0103 tachina\u021bi urm\u0103ritorii cu o descriere ispititoare sau s\u0103 le da\u021bi o comand\u0103 c\u0103reia s\u0103 nu-i poat\u0103 rezista, avem tot ce v\u0103 trebuie. Iar cu formatul nostru u\u0219or de utilizat, pute\u021bi copia \u0219i lipi rapid \u0219i u\u0219or legenda aleas\u0103 \u00een post\u0103rile dvs. pe re\u021belele de socializare, economisind timp \u0219i efort.<\/p>\n<p>Deci, dac\u0103 e\u0219ti gata s\u0103 \u00ee\u021bi duci con\u021binutul despre picioare la nivelul urm\u0103tor \u0219i s\u0103 atragi un public loial de entuzia\u0219ti ai feti\u0219ului cu picioare, comand\u0103 ast\u0103zi pachetul nostru de legend\u0103 pentru media social\u0103 pentru feti\u0219ul cu picioare!<\/p>","protected":false},"excerpt":{"rendered":"<p><strong>Actualiz\u0103ri pe via\u021b\u0103!<\/strong><\/p>\n<p>Dac\u0103 sunte\u021bi un model pentru adul\u021bi care vinde con\u021binut pentru picioare \u0219i c\u0103uta\u021bi s\u0103 v\u0103 implica\u021bi publicul feti\u0219ist, pachetul nostru de legend\u0103 de social media pentru feti\u0219ismul cu picioare este exact ceea ce ave\u021bi nevoie!<\/p>\n<p><strong>Exemple de legende:<\/strong><\/p>\n<ul>\n<li><span data-sheets-value=\"{&quot;1&quot;:2,&quot;2&quot;:&quot;As good as my feet look in heels, they feel even better out of them \ud83d\ude09 &quot;}\" data-sheets-userformat=\"{&quot;2&quot;:8192,&quot;16&quot;:12}\">Pe c\u00e2t de bine arat\u0103 picioarele mele pe tocuri, pe at\u00e2t de bine se simt \u0219i mai bine f\u0103r\u0103 ele \ud83d\ude09 <\/span><\/li>\n<li><span data-sheets-value=\"{&quot;1&quot;:2,&quot;2&quot;:&quot;Flawless feet that will make you go \ud83e\udd24\ud83d\udca6\ud83d\ude0d Time to come and worship at my altar! #FeetLoversWelcome&quot;}\" data-sheets-userformat=\"{&quot;2&quot;:8961,&quot;3&quot;:{&quot;1&quot;:0},&quot;11&quot;:4,&quot;12&quot;:0,&quot;16&quot;:12}\">Picioare f\u0103r\u0103 cusur care te vor face s\u0103 spui \ud83e\udd24\ud83d\udca6\ud83d\ude0d E timpul s\u0103 vii s\u0103 te \u00eenchini la altarul meu! #FeetLoversWelcome<\/span><\/li>\n<li><span data-sheets-value=\"{&quot;1&quot;:2,&quot;2&quot;:&quot;Only my feet can make you feel this way \ud83d\udc8b Come explore the pleasure and let me show you just how good it can be. \ud83e\udd24 #FeetLover&quot;}\" data-sheets-userformat=\"{&quot;2&quot;:8961,&quot;3&quot;:{&quot;1&quot;:0},&quot;11&quot;:4,&quot;12&quot;:0,&quot;16&quot;:12}\">Doar picioarele mele te pot face s\u0103 te sim\u021bi a\u0219a \ud83d\udc8b Vino s\u0103 explorezi pl\u0103cerea \u0219i las\u0103-m\u0103 s\u0103-\u021bi ar\u0103t c\u00e2t de bine poate fi. \ud83e\udd24 #FeetLover<\/span><\/li>\n<\/ul>\n<p>Toate legendele cu hashtag-uri au o versiune alternativ\u0103 f\u0103r\u0103 hashtag-uri, pentru a fi u\u0219or de copiat \u0219i lipit.<\/p>","protected":false},"featured_media":2288,"comment_status":"open","ping_status":"closed","template":"","meta":[],"product_brand":[],"product_cat":[22],"product_tag":[30],"class_list":{"0":"post-604","1":"product","2":"type-product","3":"status-publish","4":"has-post-thumbnail","6":"product_cat-captions","7":"product_tag-foot-fetish","8":"infinite-scroll-item","9":"no-featured-image-padding","10":"sales-flash-overlay","11":"woocommerce-text-align-center","12":"woocommerce-image-align-center","13":"wc-has-gallery","15":"first","16":"instock","17":"downloadable","18":"virtual","19":"sold-individually","20":"purchasable","21":"product-type-simple"},"aioseo_notices":[],"_links":{"self":[{"href":"https:\/\/subtomy.com\/ro\/wp-json\/wp\/v2\/product\/604","targetHints":{"allow":["GET"]}}],"collection":[{"href":"https:\/\/subtomy.com\/ro\/wp-json\/wp\/v2\/product"}],"about":[{"href":"https:\/\/subtomy.com\/ro\/wp-json\/wp\/v2\/types\/product"}],"replies":[{"embeddable":true,"href":"https:\/\/subtomy.com\/ro\/wp-json\/wp\/v2\/comments?post=604"}],"wp:featuredmedia":[{"embeddable":true,"href":"https:\/\/subtomy.com\/ro\/wp-json\/wp\/v2\/media\/2288"}],"wp:attachment":[{"href":"https:\/\/subtomy.com\/ro\/wp-json\/wp\/v2\/media?parent=604"}],"wp:term":[{"taxonomy":"product_brand","embeddable":true,"href":"https:\/\/subtomy.com\/ro\/wp-json\/wp\/v2\/product_brand?post=604"},{"taxonomy":"product_cat","embeddable":true,"href":"https:\/\/subtomy.com\/ro\/wp-json\/wp\/v2\/product_cat?post=604"},{"taxonomy":"product_tag","embeddable":true,"href":"https:\/\/subtomy.com\/ro\/wp-json\/wp\/v2\/product_tag?post=604"}],"curies":[{"name":"wp","href":"https:\/\/api.w.org\/{rel}","templated":true}]}}