{"id":608,"date":"2023-04-14T19:14:00","date_gmt":"2023-04-15T00:14:00","guid":{"rendered":"https:\/\/shop.cammodelagency.com\/?post_type=product&#038;p=608"},"modified":"2024-03-02T21:46:54","modified_gmt":"2024-03-03T02:46:54","slug":"findom-caption-pack","status":"publish","type":"product","link":"https:\/\/subtomy.com\/ro\/produs\/findom-caption-pack\/","title":{"rendered":"100+ FinDom\/Financial Domination Caption Pack pentru Social Media, Reddit, Onlyfans, etc."},"content":{"rendered":"<p>Dac\u0103 e\u0219ti un model pentru adul\u021bi care ofer\u0103 servicii de dominare financiar\u0103 \u0219i cau\u021bi s\u0103-\u021bi angajezi pl\u0103titorii \u0219i sclavii t\u0103i de bani, pachetul nostru de captionare a social media de dominare financiar\u0103 este exact ceea ce ai nevoie!<\/p>\n<p>Pachetul nostru include 100 de legende unice concepute pentru a v\u0103 ajuta s\u0103 v\u0103 afirma\u021bi domina\u021bia, s\u0103 v\u0103 face\u021bi adep\u021bii s\u0103 se simt\u0103 supu\u0219i \u0219i, \u00een cele din urm\u0103, s\u0103 v\u0103 cre\u0219te\u021bi c\u00e2\u0219tigurile. Fie c\u0103 v\u0103 ar\u0103ta\u021bi hainele de designer, v\u0103 etala\u021bi stilul de via\u021b\u0103 luxos sau pur \u0219i simplu le reaminti\u021bi urm\u0103ritorilor dvs. cine este la conducere, legendele noastre v\u0103 vor ajuta s\u0103 v\u0103 impune\u021bi.<\/p>\n<p>Legendele noastre acoper\u0103 o gam\u0103 larg\u0103 de teme, de la tachin\u0103ri la batjocuri \u0219i tot ce se afl\u0103 \u00eentre ele. Fie c\u0103 dori\u021bi s\u0103 v\u0103 inspira\u021bi adep\u021bii s\u0103 v\u0103 omagieze, s\u0103 oferi\u021bi con\u021binut exclusiv celor mai buni pl\u0103titori sau s\u0103 le reaminti\u021bi tuturor locul pe care \u00eel ocup\u0103 \u00een lumea dumneavoastr\u0103, noi v\u0103 acoperim. Iar cu formatul nostru u\u0219or de utilizat, pute\u021bi s\u0103 copia\u021bi \u0219i s\u0103 lipi\u021bi rapid \u0219i u\u0219or legenda aleas\u0103 de dvs. \u00een post\u0103rile dvs. pe re\u021belele de socializare, economisind timp \u0219i efort.<\/p>\n<p>Deci, dac\u0103 sunte\u021bi gata s\u0103 v\u0103 duce\u021bi jocul de dominare financiar\u0103 la nivelul urm\u0103tor \u0219i s\u0103 v\u0103 maximiza\u021bi c\u00e2\u0219tigurile, comanda\u021bi ast\u0103zi pachetul nostru de captare a domina\u021biei financiare \u00een social media!<\/p>","protected":false},"excerpt":{"rendered":"<p>Pachetul nostru include 100 de subtitr\u0103ri unice concepute pentru a v\u0103 ajuta s\u0103 v\u0103 captiva\u021bi adep\u021bii findom \u0219i s\u0103 \u00eei determina\u021bi s\u0103 \u00ee\u0219i deschid\u0103 portofelele pentru dvs. Fie c\u0103 posta\u021bi o fotografie cu dvs. \u00eentr-o \u021binut\u0103 luxoas\u0103, v\u0103 etala\u021bi bog\u0103\u021bia \u0219i puterea sau pur \u0219i simplu lansa\u021bi un mesaj provocator, legendele noastre v\u0103 vor ajuta s\u0103 ave\u021bi un impact.<\/p>\n<p><strong>Exemple:<\/strong><\/p>\n<ul>\n<li><span data-sheets-value=\"{&quot;1&quot;:2,&quot;2&quot;:&quot;Better start counting those coins, boys. \ud83d\udcb0 I'm not here to play nice - I'm here to take your hard earned cash and put it in my pocket where it belongs. Come and get a taste of what you can't resist...you know you want to! \ud83d\ude08 #Goddess&quot;}\" data-sheets-userformat=\"{&quot;2&quot;:8961,&quot;3&quot;:{&quot;1&quot;:0},&quot;11&quot;:4,&quot;12&quot;:0,&quot;16&quot;:12}\">Mai bine a\u021bi \u00eencepe s\u0103 num\u0103ra\u021bi monedele, b\u0103ie\u021bi. \ud83d\udcb0 Nu sunt aici ca s\u0103 m\u0103 joc frumos - sunt aici ca s\u0103 v\u0103 iau banii c\u00e2\u0219tiga\u021bi cu greu \u0219i s\u0103 \u00eei pun \u00een buzunarul meu, acolo unde le este locul. Veni\u021bi s\u0103 gusta\u021bi din ceea ce nu pute\u021bi rezista... \u0219ti\u021bi c\u0103 vre\u021bi! \ud83d\ude08 #Goddess<\/span><\/li>\n<li><span data-sheets-value=\"{&quot;1&quot;:2,&quot;2&quot;:&quot;Flawless and in control, I live for the power games that come with financial domination. Your extravagance is my pleasure; you will beg to be my pay pig \ud83e\udd11\ud83d\udcb0&quot;}\" data-sheets-userformat=\"{&quot;2&quot;:8961,&quot;3&quot;:{&quot;1&quot;:0},&quot;11&quot;:4,&quot;12&quot;:0,&quot;16&quot;:12}\">F\u0103r\u0103 cusur \u0219i \u00een control, tr\u0103iesc pentru jocurile de putere care vin cu domina\u021bia financiar\u0103. Extravagan\u021ba ta este pl\u0103cerea mea; vei implora s\u0103 fii porcul meu de plat\u0103 \ud83e\udd11\ud83d\udcb0\ud83d\udcb0.<\/span><\/li>\n<li><span data-sheets-value=\"{&quot;1&quot;:2,&quot;2&quot;:&quot;Look at you, so desperate and thirsty for a Goddess like me. You're nothing more than my piggy bank, ready to do whatever it takes to be allowed to worship me \ud83d\udcb0\ud83d\udc51&quot;}\" data-sheets-userformat=\"{&quot;2&quot;:8961,&quot;3&quot;:{&quot;1&quot;:0},&quot;11&quot;:4,&quot;12&quot;:0,&quot;16&quot;:12}\">Uit\u0103-te la tine, at\u00e2t de disperat\u0103 \u0219i \u00eensetat\u0103 dup\u0103 o Zei\u021b\u0103 ca mine. Nu e\u0219ti nimic mai mult dec\u00e2t pu\u0219culi\u021ba mea de bani, gata s\u0103 faci orice pentru a \u021bi se permite s\u0103 m\u0103 venerezi \ud83d\udcb0\ud83d\udc51\ud83d\udc51.<\/span><\/li>\n<\/ul>","protected":false},"featured_media":2252,"comment_status":"open","ping_status":"closed","template":"","meta":[],"product_brand":[],"product_cat":[22],"product_tag":[28],"class_list":{"0":"post-608","1":"product","2":"type-product","3":"status-publish","4":"has-post-thumbnail","6":"product_cat-captions","7":"product_tag-findom","8":"infinite-scroll-item","9":"no-featured-image-padding","10":"sales-flash-overlay","11":"woocommerce-text-align-center","12":"woocommerce-image-align-center","13":"wc-has-gallery","15":"first","16":"instock","17":"downloadable","18":"virtual","19":"sold-individually","20":"purchasable","21":"product-type-simple"},"aioseo_notices":[],"_links":{"self":[{"href":"https:\/\/subtomy.com\/ro\/wp-json\/wp\/v2\/product\/608","targetHints":{"allow":["GET"]}}],"collection":[{"href":"https:\/\/subtomy.com\/ro\/wp-json\/wp\/v2\/product"}],"about":[{"href":"https:\/\/subtomy.com\/ro\/wp-json\/wp\/v2\/types\/product"}],"replies":[{"embeddable":true,"href":"https:\/\/subtomy.com\/ro\/wp-json\/wp\/v2\/comments?post=608"}],"wp:featuredmedia":[{"embeddable":true,"href":"https:\/\/subtomy.com\/ro\/wp-json\/wp\/v2\/media\/2252"}],"wp:attachment":[{"href":"https:\/\/subtomy.com\/ro\/wp-json\/wp\/v2\/media?parent=608"}],"wp:term":[{"taxonomy":"product_brand","embeddable":true,"href":"https:\/\/subtomy.com\/ro\/wp-json\/wp\/v2\/product_brand?post=608"},{"taxonomy":"product_cat","embeddable":true,"href":"https:\/\/subtomy.com\/ro\/wp-json\/wp\/v2\/product_cat?post=608"},{"taxonomy":"product_tag","embeddable":true,"href":"https:\/\/subtomy.com\/ro\/wp-json\/wp\/v2\/product_tag?post=608"}],"curies":[{"name":"wp","href":"https:\/\/api.w.org\/{rel}","templated":true}]}}