{"id":628,"date":"2023-04-17T15:11:27","date_gmt":"2023-04-17T20:11:27","guid":{"rendered":"https:\/\/shop.cammodelagency.com\/?post_type=product&#038;p=628"},"modified":"2024-03-25T00:24:30","modified_gmt":"2024-03-25T05:24:30","slug":"bratty-captions","status":"publish","type":"product","link":"https:\/\/subtomy.com\/ro\/produs\/legende-bratty\/","title":{"rendered":"100+ Bratty Captions pentru OnlyFans, Reddit, Social Media"},"content":{"rendered":"<p>E\u0219ti un model OnlyFans c\u0103ruia \u00eei place s\u0103 \u00ee\u0219i etaleze stilul de via\u021b\u0103 luxos \u0219i care dore\u0219te s\u0103 \u00ee\u0219i implice publicul pe re\u021belele sociale? Pachetul nostru de subtitrare r\u0103sf\u0103\u021bat\u0103 pentru social media este exact ceea ce ai nevoie!<\/p>\n<p>Pachetul nostru include peste 100 de legende unice concepute pentru a v\u0103 ajuta s\u0103 v\u0103 prezenta\u021bi stilul de via\u021b\u0103 opulent \u0219i somptuos, \u00een timp ce v\u0103 conecta\u021bi cu cei care v\u0103 urm\u0103resc. Fie c\u0103 posta\u021bi o fotografie \u00een care face\u021bi cump\u0103r\u0103turi \u00een magazine de lux, c\u0103l\u0103tori\u021bi \u00een lux sau pur \u0219i simplu v\u0103 prezenta\u021bi \u021binutele de designer, legendele noastre v\u0103 vor ajuta s\u0103 v\u0103 atrage\u021bi publicul \u0219i s\u0103 v\u0103 promova\u021bi serviciile video.<\/p>\n<p>Legendele noastre acoper\u0103 o gam\u0103 larg\u0103 de teme, de la cele mai \u00eendr\u0103zne\u021be la cele mai juc\u0103u\u0219e \u0219i tot ce se afl\u0103 \u00eentre ele. Fie c\u0103 dori\u021bi s\u0103 v\u0103 tachina\u021bi urm\u0103ritorii cu o not\u0103 de mister sau s\u0103 v\u0103 prezenta\u021bi latura \u00eencrez\u0103toare \u0219i asertiv\u0103, avem tot ce v\u0103 trebuie. Iar cu formatul nostru u\u0219or de utilizat, pute\u021bi copia \u0219i lipi rapid \u0219i u\u0219or legenda aleas\u0103 \u00een post\u0103rile dvs. pe re\u021belele de socializare, economisind timp \u0219i efort.<\/p>\n<p>A\u0219adar, dac\u0103 e\u0219ti un model OnlyFans r\u0103sf\u0103\u021bat care dore\u0219te s\u0103 se conecteze cu publicul t\u0103u \u0219i s\u0103 \u00ee\u0219i promoveze serviciile video, comand\u0103 ast\u0103zi pachetul nostru de subtitr\u0103ri pentru social media r\u0103sf\u0103\u021bat!<\/p>","protected":false},"excerpt":{"rendered":"<p><strong>Actualiz\u0103ri \u0219i acces pe via\u021b\u0103!<\/strong><\/p>\n<p>E\u0219ti un model OnlyFans care \u00eentruchipeaz\u0103 un copil r\u0103sf\u0103\u021bat \u0219i vrei s\u0103-\u021bi promovezi serviciile video pe re\u021belele sociale? Pachetul nostru de legende pentru social media este aici pentru a v\u0103 ajuta!<\/p>\n<p>Printre exemple se num\u0103r\u0103:<\/p>\n<ul>\n<li><span data-sheets-value=\"{&quot;1&quot;:2,&quot;2&quot;:&quot;Do you crave a bratty princess who always gets her way? \ud83e\udd34 I'm here to be spoiled, admired and adored. DM me if you're up for the challenge \ud83d\ude09 &quot;}\" data-sheets-userformat=\"{&quot;2&quot;:14656,&quot;9&quot;:0,&quot;11&quot;:4,&quot;14&quot;:{&quot;1&quot;:2,&quot;2&quot;:0},&quot;15&quot;:&quot;Verdana&quot;,&quot;16&quot;:11}\">\u00ce\u021bi dore\u0219ti o prin\u021bes\u0103 r\u0103sf\u0103\u021bat\u0103 care s\u0103 fac\u0103 mereu cum vrea ea? \ud83e\udd34 Sunt aici pentru a fi r\u0103sf\u0103\u021bat\u0103, admirat\u0103 \u0219i adorat\u0103. D\u0103-mi un DM dac\u0103 e\u0219ti preg\u0103tit pentru aceast\u0103 provocare \ud83d\ude09.<\/span><\/li>\n<li><span data-sheets-value=\"{&quot;1&quot;:2,&quot;2&quot;:&quot;For members only \ud83d\udc40 I'm the brat who always gets her way! \ud83e\udd2d Come talk to me and spoil me rotten...I'm feelin' sexy AF &amp; ready for some naughty fun! \ud83d\ude0d &quot;}\" data-sheets-userformat=\"{&quot;2&quot;:14656,&quot;9&quot;:0,&quot;11&quot;:4,&quot;14&quot;:{&quot;1&quot;:2,&quot;2&quot;:0},&quot;15&quot;:&quot;Verdana&quot;,&quot;16&quot;:11}\">Doar pentru membri \ud83d\udc40 Sunt pu\u0219toaica care face mereu cum vrea ea! \ud83e\udd2d Vino s\u0103 vorbe\u0219ti cu mine \u0219i s\u0103 m\u0103 r\u0103sfe\u021bi de moarte...m\u0103 simt sexy AF &amp; gata pentru distrac\u021bie obraznic\u0103! \ud83d\ude0d <\/span><\/li>\n<li><span data-sheets-value=\"{&quot;1&quot;:2,&quot;2&quot;:&quot;Right now I'm sitting here, looking pretty and feeling naughty. \ud83d\udc45 I always get my way; so if you want to talk with me, you better be ready to spoil me! \ud83d\udcb0 &quot;}\" data-sheets-userformat=\"{&quot;2&quot;:14656,&quot;9&quot;:0,&quot;11&quot;:4,&quot;14&quot;:{&quot;1&quot;:2,&quot;2&quot;:0},&quot;15&quot;:&quot;Verdana&quot;,&quot;16&quot;:11}\">Chiar acum stau aici, ar\u0103t\u00e2nd frumos \u0219i sim\u021bindu-m\u0103 obraznic\u0103. \ud83d\udc45 \u00centotdeauna fac ce vreau eu; a\u0219a c\u0103 dac\u0103 vrei s\u0103 vorbe\u0219ti cu mine, ar fi bine s\u0103 fii preg\u0103tit s\u0103 m\u0103 r\u0103sfe\u021bi! \ud83d\udcb0 <\/span><\/li>\n<\/ul>","protected":false},"featured_media":2305,"comment_status":"open","ping_status":"closed","template":"","meta":[],"product_brand":[],"product_cat":[22],"product_tag":[21],"class_list":{"0":"post-628","1":"product","2":"type-product","3":"status-publish","4":"has-post-thumbnail","6":"product_cat-captions","7":"product_tag-bratty","8":"infinite-scroll-item","9":"no-featured-image-padding","10":"sales-flash-overlay","11":"woocommerce-text-align-center","12":"woocommerce-image-align-center","13":"wc-has-gallery","15":"first","16":"instock","17":"downloadable","18":"virtual","19":"sold-individually","20":"purchasable","21":"product-type-simple"},"aioseo_notices":[],"_links":{"self":[{"href":"https:\/\/subtomy.com\/ro\/wp-json\/wp\/v2\/product\/628","targetHints":{"allow":["GET"]}}],"collection":[{"href":"https:\/\/subtomy.com\/ro\/wp-json\/wp\/v2\/product"}],"about":[{"href":"https:\/\/subtomy.com\/ro\/wp-json\/wp\/v2\/types\/product"}],"replies":[{"embeddable":true,"href":"https:\/\/subtomy.com\/ro\/wp-json\/wp\/v2\/comments?post=628"}],"wp:featuredmedia":[{"embeddable":true,"href":"https:\/\/subtomy.com\/ro\/wp-json\/wp\/v2\/media\/2305"}],"wp:attachment":[{"href":"https:\/\/subtomy.com\/ro\/wp-json\/wp\/v2\/media?parent=628"}],"wp:term":[{"taxonomy":"product_brand","embeddable":true,"href":"https:\/\/subtomy.com\/ro\/wp-json\/wp\/v2\/product_brand?post=628"},{"taxonomy":"product_cat","embeddable":true,"href":"https:\/\/subtomy.com\/ro\/wp-json\/wp\/v2\/product_cat?post=628"},{"taxonomy":"product_tag","embeddable":true,"href":"https:\/\/subtomy.com\/ro\/wp-json\/wp\/v2\/product_tag?post=628"}],"curies":[{"name":"wp","href":"https:\/\/api.w.org\/{rel}","templated":true}]}}