{"id":673,"date":"2023-04-17T21:29:49","date_gmt":"2023-04-18T02:29:49","guid":{"rendered":"https:\/\/shop.cammodelagency.com\/?post_type=product&#038;p=673"},"modified":"2024-03-26T20:15:53","modified_gmt":"2024-03-27T01:15:53","slug":"big-boobs-captions","status":"publish","type":"product","link":"https:\/\/subtomy.com\/ro\/produs\/big-boobs-captions\/","title":{"rendered":"100+ Pachet de subtitr\u0103ri cu s\u00e2ni mari pentru OnlyFans, Reddit, Social Media, etc."},"content":{"rendered":"<p>E\u0219ti un model OnlyFans cu s\u00e2ni mari \u0219i frumo\u0219i care vrea s\u0103 atrag\u0103 mai mul\u021bi fani \u0219i urm\u0103ritori pe social media? Pachetul nostru de legende media pentru fete cu s\u00e2ni mari este aici pentru a te ajuta s\u0103 \u00ee\u021bi promovezi serviciile \u0219i s\u0103 te conectezi cu publicul t\u0103u!<\/p>\n<p>Pachetul nostru include 100 de subtitr\u0103ri unice concepute pentru a v\u0103 ajuta s\u0103 v\u0103 eviden\u021bia\u021bi bunurile \u0219i s\u0103 v\u0103 promova\u021bi serviciile video. Fie c\u0103 posta\u021bi o fotografie sau un videoclip care v\u0103 pune \u00een eviden\u021b\u0103 s\u00e2nii mari sau \u00eemp\u0103rt\u0103\u0219i\u021bi un mesaj care v\u0103 eviden\u021biaz\u0103 curbele, legendele noastre v\u0103 vor ajuta s\u0103 capta\u021bi aten\u021bia publicului \u0219i s\u0103 v\u0103 pune\u021bi \u00een valoare frumuse\u021bea unic\u0103.<\/p>\n<p>Legendele noastre acoper\u0103 o gam\u0103 larg\u0103 de teme, de la senzual la juc\u0103u\u0219 \u0219i tot ce se afl\u0103 \u00eentre ele. Fie c\u0103 dori\u021bi s\u0103 v\u0103 tachina\u021bi urm\u0103ritorii cu un mesaj seduc\u0103tor sau s\u0103 \u00eemp\u0103rt\u0103\u0219i\u021bi un mesaj juc\u0103u\u0219 care s\u0103 v\u0103 eviden\u021bieze atuurile, noi v\u0103 acoperim. Iar cu formatul nostru u\u0219or de utilizat, pute\u021bi copia \u0219i lipi rapid \u0219i u\u0219or legenda aleas\u0103 \u00een post\u0103rile dvs. pe re\u021belele de socializare, economisind timp \u0219i efort.<\/p>\n<p>Deci, dac\u0103 e\u0219ti o fat\u0103 cu s\u00e2ni mari care vrea s\u0103 atrag\u0103 mai mul\u021bi fani \u0219i urm\u0103ritori pe OnlyFans, comand\u0103 ast\u0103zi pachetul nostru de subtitr\u0103ri media pentru fete cu s\u00e2ni mari!<\/p>\n<p>Exemple<\/p>\n<ul>\n<li><span data-sheets-value=\"{&quot;1&quot;:2,&quot;2&quot;:&quot;Do you like my \ud83e\udd29busty figure? I'm feeling extra \ud83d\udd25horny tonight, so let's have some naughty fun! Come chat with me to see how far I can take you \ud83d\ude09 &quot;}\" data-sheets-userformat=\"{&quot;2&quot;:14656,&quot;9&quot;:0,&quot;11&quot;:4,&quot;14&quot;:{&quot;1&quot;:2,&quot;2&quot;:0},&quot;15&quot;:&quot;Verdana&quot;,&quot;16&quot;:11}\">\u00ce\u021bi place silueta mea \ud83e\udd29busty? M\u0103 simt extra \ud83d\udd25horny \u00een seara asta, a\u0219a c\u0103 hai s\u0103 ne distr\u0103m obraznic! Vino pe chat cu mine ca s\u0103 vezi c\u00e2t de departe te pot duce \ud83d\ude09. <\/span><\/li>\n<li><span data-sheets-value=\"{&quot;1&quot;:2,&quot;2&quot;:&quot;Join the party! \ud83c\udf89 I'm always ready to show off my busty body and have some fun. If you've been looking for someone sexy, hot, and horny -- that's me! Come explore the wild side with me and let's get naughty together. \ud83d\ude08 &quot;}\" data-sheets-userformat=\"{&quot;2&quot;:14656,&quot;9&quot;:0,&quot;11&quot;:4,&quot;14&quot;:{&quot;1&quot;:2,&quot;2&quot;:0},&quot;15&quot;:&quot;Verdana&quot;,&quot;16&quot;:11}\">Al\u0103tura\u021bi-v\u0103 petrecerii! \ud83c\udf89 Sunt mereu gata s\u0103-mi ar\u0103t corpul plin de s\u00e2ni \u0219i s\u0103 m\u0103 distrez. Dac\u0103 ai c\u0103utat pe cineva sexy, fierbinte \u0219i excitat - eu sunt aceea! Vino s\u0103 explorezi partea s\u0103lbatic\u0103 cu mine \u0219i hai s\u0103 fim obraznici \u00eempreun\u0103. \ud83d\ude08 <\/span><\/li>\n<li><span data-sheets-value=\"{&quot;1&quot;:2,&quot;2&quot;:&quot;Submit to my world of pleasure \ud83e\udd0d Big boobs, long lashes and a thirst for adventure \ud83d\ude09 I'm ready to make all your fantasies come true. Come explore with me and let's get naughty together \ud83d\udc8b &quot;}\" data-sheets-userformat=\"{&quot;2&quot;:14656,&quot;9&quot;:0,&quot;11&quot;:4,&quot;14&quot;:{&quot;1&quot;:2,&quot;2&quot;:0},&quot;15&quot;:&quot;Verdana&quot;,&quot;16&quot;:11}\">Supune-te lumii mele de pl\u0103cere \ud83e\udd0d S\u00e2ni mari, gene lungi \u0219i o sete de aventur\u0103 \ud83d\ude09 Sunt gata s\u0103-\u021bi fac toate fanteziile s\u0103 devin\u0103 realitate. Vino s\u0103 explorezi cu mine \u0219i s\u0103 devenim obraznici \u00eempreun\u0103 \ud83d\udc8b<\/span><\/li>\n<\/ul>","protected":false},"excerpt":{"rendered":"<p>E\u0219ti un model OnlyFans cu s\u00e2ni mari \u0219i frumo\u0219i care vrea s\u0103 atrag\u0103 mai mul\u021bi fani \u0219i urm\u0103ritori pe social media? Pachetul nostru de legende media pentru fete cu s\u00e2ni mari este aici pentru a te ajuta s\u0103 \u00ee\u021bi promovezi serviciile \u0219i s\u0103 te conectezi cu publicul t\u0103u!<\/p>\n<p>Exemple<\/p>\n<ul>\n<li><span data-sheets-value=\"{&quot;1&quot;:2,&quot;2&quot;:&quot;Do you like my \ud83e\udd29busty figure? I'm feeling extra \ud83d\udd25horny tonight, so let's have some naughty fun! Come chat with me to see how far I can take you \ud83d\ude09 &quot;}\" data-sheets-userformat=\"{&quot;2&quot;:14656,&quot;9&quot;:0,&quot;11&quot;:4,&quot;14&quot;:{&quot;1&quot;:2,&quot;2&quot;:0},&quot;15&quot;:&quot;Verdana&quot;,&quot;16&quot;:11}\">\u00ce\u021bi place silueta mea \ud83e\udd29busty? M\u0103 simt extra \ud83d\udd25horny \u00een seara asta, a\u0219a c\u0103 hai s\u0103 ne distr\u0103m obraznic! Vino pe chat cu mine ca s\u0103 vezi c\u00e2t de departe te pot duce \ud83d\ude09. <\/span><\/li>\n<li><span data-sheets-value=\"{&quot;1&quot;:2,&quot;2&quot;:&quot;Join the party! \ud83c\udf89 I'm always ready to show off my busty body and have some fun. If you've been looking for someone sexy, hot, and horny -- that's me! Come explore the wild side with me and let's get naughty together. \ud83d\ude08 &quot;}\" data-sheets-userformat=\"{&quot;2&quot;:14656,&quot;9&quot;:0,&quot;11&quot;:4,&quot;14&quot;:{&quot;1&quot;:2,&quot;2&quot;:0},&quot;15&quot;:&quot;Verdana&quot;,&quot;16&quot;:11}\">Al\u0103tura\u021bi-v\u0103 petrecerii! \ud83c\udf89 Sunt mereu gata s\u0103-mi ar\u0103t corpul plin de s\u00e2ni \u0219i s\u0103 m\u0103 distrez. Dac\u0103 ai c\u0103utat pe cineva sexy, fierbinte \u0219i excitat - eu sunt aceea! Vino s\u0103 explorezi partea s\u0103lbatic\u0103 cu mine \u0219i hai s\u0103 fim obraznici \u00eempreun\u0103. \ud83d\ude08 <\/span><\/li>\n<li><span data-sheets-value=\"{&quot;1&quot;:2,&quot;2&quot;:&quot;Submit to my world of pleasure \ud83e\udd0d Big boobs, long lashes and a thirst for adventure \ud83d\ude09 I'm ready to make all your fantasies come true. Come explore with me and let's get naughty together \ud83d\udc8b &quot;}\" data-sheets-userformat=\"{&quot;2&quot;:14656,&quot;9&quot;:0,&quot;11&quot;:4,&quot;14&quot;:{&quot;1&quot;:2,&quot;2&quot;:0},&quot;15&quot;:&quot;Verdana&quot;,&quot;16&quot;:11}\">Supune-te lumii mele de pl\u0103cere \ud83e\udd0d S\u00e2ni mari, gene lungi \u0219i o sete de aventur\u0103 \ud83d\ude09 Sunt gata s\u0103-\u021bi fac toate fanteziile s\u0103 devin\u0103 realitate. Vino s\u0103 explorezi cu mine \u0219i s\u0103 devenim obraznici \u00eempreun\u0103 \ud83d\udc8b <\/span><\/li>\n<\/ul>","protected":false},"featured_media":2320,"comment_status":"open","ping_status":"closed","template":"","meta":[],"product_brand":[],"product_cat":[22],"product_tag":[19],"class_list":{"0":"post-673","1":"product","2":"type-product","3":"status-publish","4":"has-post-thumbnail","6":"product_cat-captions","7":"product_tag-big-boobs","8":"infinite-scroll-item","9":"no-featured-image-padding","10":"sales-flash-overlay","11":"woocommerce-text-align-center","12":"woocommerce-image-align-center","13":"wc-has-gallery","15":"first","16":"instock","17":"downloadable","18":"virtual","19":"sold-individually","20":"purchasable","21":"product-type-simple"},"aioseo_notices":[],"_links":{"self":[{"href":"https:\/\/subtomy.com\/ro\/wp-json\/wp\/v2\/product\/673","targetHints":{"allow":["GET"]}}],"collection":[{"href":"https:\/\/subtomy.com\/ro\/wp-json\/wp\/v2\/product"}],"about":[{"href":"https:\/\/subtomy.com\/ro\/wp-json\/wp\/v2\/types\/product"}],"replies":[{"embeddable":true,"href":"https:\/\/subtomy.com\/ro\/wp-json\/wp\/v2\/comments?post=673"}],"wp:featuredmedia":[{"embeddable":true,"href":"https:\/\/subtomy.com\/ro\/wp-json\/wp\/v2\/media\/2320"}],"wp:attachment":[{"href":"https:\/\/subtomy.com\/ro\/wp-json\/wp\/v2\/media?parent=673"}],"wp:term":[{"taxonomy":"product_brand","embeddable":true,"href":"https:\/\/subtomy.com\/ro\/wp-json\/wp\/v2\/product_brand?post=673"},{"taxonomy":"product_cat","embeddable":true,"href":"https:\/\/subtomy.com\/ro\/wp-json\/wp\/v2\/product_cat?post=673"},{"taxonomy":"product_tag","embeddable":true,"href":"https:\/\/subtomy.com\/ro\/wp-json\/wp\/v2\/product_tag?post=673"}],"curies":[{"name":"wp","href":"https:\/\/api.w.org\/{rel}","templated":true}]}}