{"id":701,"date":"2023-04-18T13:46:11","date_gmt":"2023-04-18T18:46:11","guid":{"rendered":"https:\/\/shop.cammodelagency.com\/?post_type=product&#038;p=701"},"modified":"2023-05-15T22:42:21","modified_gmt":"2023-05-16T03:42:21","slug":"100-booty-captions-for-social-media-onlyfans-reddit-etc","status":"publish","type":"product","link":"https:\/\/subtomy.com\/ro\/produs\/100-capturi-pentru-fundul-fundului-pentru-social-media-onlyfans-reddit-etc\/","title":{"rendered":"100+ Capturi pentru fundul fundului pentru Social Media, OnlyFans, Reddit, etc."},"content":{"rendered":"<p>V\u0103 prezent\u0103m solu\u021bia suprem\u0103 pentru modelele OnlyFans cu \u021b\u00e2\u021be mari care doresc s\u0103 \u00ee\u0219i \u00eembun\u0103t\u0103\u021beasc\u0103 prezen\u021ba \u00een social media \u0219i s\u0103 atrag\u0103 mai mul\u021bi adep\u021bi: Pachetul Big Booty Social Media Caption. Acest pachet este conceput special pentru modelele care doresc s\u0103-\u0219i pun\u0103 \u00een valoare frumuse\u021bea \u0219i atuurile unice \u00eentr-un mod care este at\u00e2t sexy, c\u00e2t \u0219i responsabilizant.<\/p>\n<p>Cu pachetul de subtitr\u0103ri pentru re\u021belele sociale Big Booty, ve\u021bi primi o gam\u0103 de subtitr\u0103ri personalizate, adaptate nevoilor modelelor cu funduri mari. Legendele noastre sunt atr\u0103g\u0103toare, atrag aten\u021bia \u0219i sunt create cu grij\u0103 pentru a v\u0103 eviden\u021bia atuurile \u00een cea mai bun\u0103 lumin\u0103 posibil\u0103. De la replici juc\u0103u\u0219e la \u00eentreb\u0103ri care te fac s\u0103 te g\u00e2nde\u0219ti, legendele noastre sunt concepute pentru a st\u00e2rni conversa\u021bii \u0219i pentru a te conecta cu fanii t\u0103i la un nivel mai profund.<\/p>\n<p>Echipa noastr\u0103 de exper\u021bi experimenta\u021bi \u00een social media \u00een\u021belege provoc\u0103rile cu care se confrunt\u0103 modelele cu funduri mari \u0219i a conceput acest pachet \u021bin\u00e2nd cont de nevoile tale. \u0218tim cum s\u0103 v\u0103 accentu\u0103m curbele \u0219i s\u0103 v\u0103 facem s\u0103 v\u0103 sim\u021bi\u021bi \u00eencrez\u0103toare \u0219i sexy, f\u0103r\u0103 a recurge la standarde de frumuse\u021be nerealiste sau de neatins.<\/p>\n<p>Fie c\u0103 e\u0219ti la \u00eenceput pe OnlyFans sau vrei s\u0103-\u021bi duci afacerea la nivelul urm\u0103tor, pachetul de legend\u0103 Small Boobs Social Media este instrumentul perfect pentru a-\u021bi cre\u0219te vizibilitatea \u0219i a atrage mai mul\u021bi adep\u021bi. Cu strategia noastr\u0103 cuprinz\u0103toare de social media, vei reu\u0219i s\u0103 construie\u0219ti un public puternic \u0219i implicat, care \u00ee\u021bi apreciaz\u0103 frumuse\u021bea unic\u0103 \u0219i \u00ee\u021bi sus\u021bine succesul.<\/p>\n<p>Legendele noastre acoper\u0103 o gam\u0103 larg\u0103 de subiecte, inclusiv faptul c\u0103 sunt groase, c\u0103 vor s\u0103 vorbeasc\u0103 cu fanii \u0219i c\u0103 sunt excitate. \u00cen\u021belegem c\u0103 acestea sunt elemente importante ale industriei de modelare cu fundul mare \u0219i am creat legende care vorbesc despre aceste subiecte \u00eentr-un mod care este at\u00e2t de bun gust, c\u00e2t \u0219i atr\u0103g\u0103tor.<\/p>\n<p>Deci, de ce s\u0103 a\u0219tept\u0103m? Comand\u0103 pachetul Big Booty Social Media Caption Pack ast\u0103zi \u0219i \u00eencepe s\u0103-\u021bi duci afacerea OnlyFans la nivelul urm\u0103tor. Cu \u00eendrumarea noastr\u0103 expert\u0103 \u0219i resursele noastre profesionale, vei putea s\u0103 \u00ee\u021bi prezin\u021bi frumuse\u021bea \u0219i atuurile cu m\u00e2ndrie \u0219i s\u0103 atragi publicul pe care \u00eel meri\u021bi.<\/p>","protected":false},"excerpt":{"rendered":"<p>Printre exemple se num\u0103r\u0103:<\/p>\n<ul>\n<li><span data-sheets-value=\"{&quot;1&quot;:2,&quot;2&quot;:&quot;Flawless curves and a booty so thick you can bounce a quarter off it \ud83e\udd11 Come join me and let's explore my world of sensuality! I'm feeling extra naughty today, so come get to know me better...I promise you won't regret it \ud83d\ude09 &quot;}\" data-sheets-userformat=\"{&quot;2&quot;:14656,&quot;9&quot;:0,&quot;11&quot;:4,&quot;14&quot;:{&quot;1&quot;:2,&quot;2&quot;:0},&quot;15&quot;:&quot;Verdana&quot;,&quot;16&quot;:11}\">Curbe impecabile \u0219i un fund at\u00e2t de gros \u00eenc\u00e2t po\u021bi s\u0103ri o moned\u0103 de pe el \ud83e\udd11 Vino al\u0103turi de mine \u0219i hai s\u0103 explor\u0103m lumea mea de senzualitate! M\u0103 simt foarte obraznic\u0103 ast\u0103zi, a\u0219a c\u0103 vino s\u0103 m\u0103 cuno\u0219ti mai bine...\u00ee\u021bi promit c\u0103 nu vei regreta \ud83d\ude09 <\/span><\/li>\n<li><span data-sheets-value=\"{&quot;1&quot;:2,&quot;2&quot;:&quot;Join the party \ud83c\udf89! I'm feeling extra thick and horny tonight, so come play with me. My booty is ready for some attention and I can't wait to talk naughty things with my fans \ud83e\udd29 &quot;}\" data-sheets-userformat=\"{&quot;2&quot;:14656,&quot;9&quot;:0,&quot;11&quot;:4,&quot;14&quot;:{&quot;1&quot;:2,&quot;2&quot;:0},&quot;15&quot;:&quot;Verdana&quot;,&quot;16&quot;:11}\">Al\u0103tur\u0103-te petrecerii \ud83c\udf89! M\u0103 simt foarte groas\u0103 \u0219i excitat\u0103 \u00een seara asta, a\u0219a c\u0103 vino s\u0103 te joci cu mine. Fundul meu este gata pentru pu\u021bin\u0103 aten\u021bie \u0219i abia a\u0219tept s\u0103 vorbesc lucruri obraznice cu fanii mei \ud83e\udd29 \ud83e\udd29. <\/span><\/li>\n<li><span data-sheets-value=\"{&quot;1&quot;:2,&quot;2&quot;:&quot;The most delicious \ud83c\udf51 in town! Come chat with me and find out what it's like to be this thick and horny. I'm ready to show you why my fans come back for more... \ud83d\ude09 &quot;}\" data-sheets-userformat=\"{&quot;2&quot;:14656,&quot;9&quot;:0,&quot;11&quot;:4,&quot;14&quot;:{&quot;1&quot;:2,&quot;2&quot;:0},&quot;15&quot;:&quot;Verdana&quot;,&quot;16&quot;:11}\">Cel mai delicios \ud83c\udf51 din ora\u0219! Vino s\u0103 stai de vorb\u0103 cu mine \u0219i afl\u0103 cum e s\u0103 fii at\u00e2t de groas\u0103 \u0219i excitat\u0103. Sunt gata s\u0103 \u00ee\u021bi ar\u0103t de ce fanii mei se \u00eentorc pentru mai mult... \ud83d\ude09 . <\/span><\/li>\n<\/ul>","protected":false},"featured_media":1146,"comment_status":"open","ping_status":"closed","template":"","meta":[],"product_brand":[],"product_cat":[22],"product_tag":[20],"class_list":{"0":"post-701","1":"product","2":"type-product","3":"status-publish","4":"has-post-thumbnail","6":"product_cat-captions","7":"product_tag-booty","8":"infinite-scroll-item","9":"no-featured-image-padding","10":"sales-flash-overlay","11":"woocommerce-text-align-center","12":"woocommerce-image-align-center","13":"wc-has-gallery","15":"first","16":"instock","17":"downloadable","18":"virtual","19":"sold-individually","20":"purchasable","21":"product-type-simple"},"aioseo_notices":[],"_links":{"self":[{"href":"https:\/\/subtomy.com\/ro\/wp-json\/wp\/v2\/product\/701","targetHints":{"allow":["GET"]}}],"collection":[{"href":"https:\/\/subtomy.com\/ro\/wp-json\/wp\/v2\/product"}],"about":[{"href":"https:\/\/subtomy.com\/ro\/wp-json\/wp\/v2\/types\/product"}],"replies":[{"embeddable":true,"href":"https:\/\/subtomy.com\/ro\/wp-json\/wp\/v2\/comments?post=701"}],"wp:featuredmedia":[{"embeddable":true,"href":"https:\/\/subtomy.com\/ro\/wp-json\/wp\/v2\/media\/1146"}],"wp:attachment":[{"href":"https:\/\/subtomy.com\/ro\/wp-json\/wp\/v2\/media?parent=701"}],"wp:term":[{"taxonomy":"product_brand","embeddable":true,"href":"https:\/\/subtomy.com\/ro\/wp-json\/wp\/v2\/product_brand?post=701"},{"taxonomy":"product_cat","embeddable":true,"href":"https:\/\/subtomy.com\/ro\/wp-json\/wp\/v2\/product_cat?post=701"},{"taxonomy":"product_tag","embeddable":true,"href":"https:\/\/subtomy.com\/ro\/wp-json\/wp\/v2\/product_tag?post=701"}],"curies":[{"name":"wp","href":"https:\/\/api.w.org\/{rel}","templated":true}]}}