{"id":1830,"date":"2023-06-06T18:25:26","date_gmt":"2023-06-06T23:25:26","guid":{"rendered":"https:\/\/subtomy.com\/?post_type=product&#038;p=1830"},"modified":"2024-03-21T14:37:50","modified_gmt":"2024-03-21T19:37:50","slug":"foot-fetish-morning-messages","status":"publish","type":"product","link":"https:\/\/subtomy.com\/sk\/produkt\/foot-fetish-morning-messages\/","title":{"rendered":"65 Foot Fetish Morning Messages Pack pre hromadn\u00e9 spr\u00e1vy a 1 na 1"},"content":{"rendered":"<h3 style=\"text-align: center;\">Predstavujeme bal\u00edk 65 Foot Fetish Morning Messages Pack: Napl\u0148te ich fant\u00e1zie o noh\u00e1ch za \u00fasvitu<\/h3>\n<p>Zlep\u0161ite r\u00e1na svojich predplatite\u013eov pomocou bal\u00edka rann\u00fdch spr\u00e1v 65 Foot Fetish. T\u00e1to zbierka l\u00e1kav\u00fdch a zvodn\u00fdch spr\u00e1v, ur\u010den\u00e1 na hromadn\u00e9 zasielanie spr\u00e1v a personalizovan\u00e9 interakcie 1 na 1, prebud\u00ed ich footfeti\u0161ov\u00e9 t\u00fa\u017eby a nastav\u00ed t\u00f3n pre de\u0148 pln\u00fd pote\u0161enia zameran\u00e9ho na nohy.<\/p>\n<ol>\n<li><strong>L\u00e1kav\u00e9 v\u00fdzvy na prebudenie<\/strong>: Up\u00fatajte ich pozornos\u0165 od chv\u00edle, ke\u010f vstan\u00fa, l\u00e1kav\u00fdmi a vzru\u0161uj\u00facimi bud\u00edkmi. Pou\u017eite provokat\u00edvny jazyk, sugest\u00edvne emotikony alebo \u017eiv\u00e9 opisy, aby ich prin\u00fatili dychtivo o\u010dak\u00e1va\u0165 pote\u0161enie n\u00f4h, ktor\u00e9 ich \u010dak\u00e1.<\/li>\n<li><strong>Personalizovan\u00e1 adresa<\/strong>: Nadvia\u017ete osobn\u00fd kontakt osloven\u00edm svojich odberate\u013eov menom alebo zahrnut\u00edm ich \u0161pecifick\u00fdch z\u00e1ujmov v oblasti foot feti\u0161u. Dajte im pocit, \u017ee s\u00fa viden\u00ed a \u017eiadan\u00ed, \u010d\u00edm vytvor\u00edte pocit intimity, ktor\u00fd zintenz\u00edvni ich vzru\u0161enie z nadch\u00e1dzaj\u00faceho d\u0148a.<\/li>\n<li><strong>Zmyseln\u00e9 scen\u00e1re pre nohy<\/strong>: Nama\u013eujte zmyseln\u00e9 scen\u00e9rie, ktor\u00e9 podnietia ich fant\u00e1ziu a prebudia ich predstavivos\u0165. Pop\u00ed\u0161te l\u00e1kav\u00e9 aktivity zameran\u00e9 na nohy, ako je napr\u00edklad l\u00edzanie prstov na noh\u00e1ch, mas\u00e1\u017ee chodidiel alebo sk\u00famanie r\u00f4znych text\u00far, \u010d\u00edm podnietite ich t\u00fa\u017eby a priprav\u00edte p\u00f4du pre ich dobrodru\u017estv\u00e1 zameran\u00e9 na nohy.<\/li>\n<li><strong>Ritu\u00e1ly starostlivosti o nohy<\/strong>: Pode\u013ete sa o tipy a ritu\u00e1ly na starostlivos\u0165 o nohy a ich rozmazn\u00e1vanie. Ve\u010fte ich k rutinnej starostlivosti o seba, k\u00fape\u013eom n\u00f4h alebo nan\u00e1\u0161aniu kr\u00e9mov a olejov, aby boli ich nohy pripraven\u00e9 na de\u0148 pln\u00fd radosti.<\/li>\n<li><strong>Obuvn\u00e9 poku\u0161enia<\/strong>: Op\u00ed\u0161te im l\u00e1kav\u00e9 mo\u017enosti obuvi, ktor\u00e9 si m\u00f4\u017eu dopria\u0165 po\u010das cel\u00e9ho d\u0148a. Od podp\u00e4tkov po pan\u010duchy, od bos\u00fdch n\u00f4h po sexi sand\u00e1le, zl\u00e1kajte ich mo\u017enos\u0165ami, ako m\u00f4\u017eu ich nohy urobi\u0165 dojem a up\u00fata\u0165 pozornos\u0165.<\/li>\n<li><strong>Interakt\u00edvne zapojenie<\/strong>: Podporte interakciu t\u00fdm, \u017ee ich vyzvete, aby sa podelili o svoje fant\u00e1zie, preferencie alebo sk\u00fasenosti s nohami. Podporujte bezpe\u010dn\u00fd priestor pre otvoren\u00fd dial\u00f3g, ktor\u00fd im umo\u017en\u00ed vyjadri\u0165 svoje t\u00fa\u017eby a preh\u013abi\u0165 ich spojenie s ich cestou za foot feti\u0161om.<\/li>\n<li><strong>Teasing Teasers<\/strong>: Podr\u00e1\u017edite ich zmysly l\u00e1kav\u00fdmi z\u00e1bleskami bud\u00faceho obsahu zameran\u00e9ho na nohy, aktiv\u00edt alebo prekvapen\u00ed. Vytvorte v nich o\u010dak\u00e1vanie a vzru\u0161enie z toho, \u010do pr\u00edde, a nechajte ich t\u00fa\u017ei\u0165 po \u010fal\u0161om pote\u0161en\u00ed s\u00favisiacom s nohami.<\/li>\n<li><strong>Exkluz\u00edvne z\u00e1\u017eitky pre nohy<\/strong>: Pon\u00faknite im exkluz\u00edvne z\u00e1\u017eitky alebo odmeny za ich vernos\u0165 a podporu. Poskytnite im pr\u00edstup k personalizovan\u00e9mu obsahu pre nohy, v\u00fdzvam s tematikou n\u00f4h alebo \u0161peci\u00e1lnym privil\u00e9gi\u00e1m, v\u010faka ktor\u00fdm sa bud\u00fa c\u00edti\u0165 cenen\u00ed a docenen\u00ed.<\/li>\n<li><strong>Reflexia po zasadnut\u00ed<\/strong>Po skon\u010den\u00ed stretnutia poskytnite chv\u00ed\u013eu na zamyslenie a starostlivos\u0165. Povzbu\u010fte ich, aby sa podelili o svoje my\u0161lienky, em\u00f3cie alebo ak\u00fako\u013evek sp\u00e4tn\u00fa v\u00e4zbu, ktor\u00fa m\u00f4\u017eu ma\u0165 o svojich z\u00e1\u017eitkoch s foot feti\u0161om. Oce\u0148te ich d\u00f4veru a odhodlanie sk\u00fama\u0165 s vami svoje fant\u00e1zie o noh\u00e1ch.<\/li>\n<\/ol>\n<p>Bal\u00ed\u010dek rann\u00fdch spr\u00e1v 65 Foot Fetish v\u00e1m umo\u017en\u00ed naplni\u0165 fant\u00e1zie va\u0161ich odberate\u013eov o noh\u00e1ch a urobi\u0165 ich r\u00e1na nezabudnute\u013en\u00fdmi. Prebu\u010fte ich t\u00fa\u017eby, uspokojte ich feti\u0161e n\u00f4h a pripravte p\u00f4du pre de\u0148 pln\u00fd rozko\u0161e zameranej na nohy.<\/p>\n<p>Nezabudnite uprednostni\u0165 s\u00fahlas, komunik\u00e1ciu a vytvori\u0165 bezpe\u010dn\u00e9 prostredie pre svojich odberate\u013eov. Povzbudzujte ich, aby sk\u00famali svoje hranice vlastn\u00fdm tempom, a v\u017edy re\u0161pektujte ich hranice.<\/p>","protected":false},"excerpt":{"rendered":"<h3 style=\"text-align: center;\">Predstavujeme bal\u00edk 65 Foot Fetish Morning Messages Pack: Napl\u0148te ich fant\u00e1zie o noh\u00e1ch za \u00fasvitu<\/h3>\n<p>Pr\u00edklady:<\/p>\n<ul>\n<li><em> V\u0161etky va\u0161e fant\u00e1zie o noh\u00e1ch sa stan\u00fa skuto\u010dnos\u0165ou! \ud83d\ude08 Zobu\u010f sa a za\u010dni svoj de\u0148 s mal\u00fdm pote\u0161en\u00edm - vk\u013azni do nie\u010doho hodv\u00e1bneho, vezmi si poh\u00e1r v\u00edna a nechaj ma, aby som \u0165a dr\u00e1\u017edila svojimi prstami. \ud83d\udc8b Moje nohy sa postaraj\u00fa o to, aby tvoje r\u00e1no bolo v\u0161etko, len nie oby\u010dajn\u00e9. \ud83e\udd29 <\/em><\/li>\n<li><em>Oznamujeme dne\u0161n\u00fa rann\u00fa #FeetFantasy \ud83e\uddb6\ud83d\udc8b Zobu\u010fte sa a pripravte sa na to, aby ste sa so mnou mohli odd\u00e1va\u0165 svojim najdivokej\u0161\u00edm feti\u0161om na nohy! \ud83d\ude09 U\u017e teraz mysl\u00edm na v\u0161etky nezbednosti, ktor\u00e9 m\u00f4\u017eete robi\u0165 s mojimi nohami, ako napr\u00edklad olizova\u0165 ich, k\u00fdm nebud\u00fa pekne mokr\u00e9. Po\u010fme sa dnes spolu zabavi\u0165... nebude\u0161 \u013eutova\u0165! \ud83e\udd29 <\/em><\/li>\n<li><em>Tak dobr\u00e9, ako len moje r\u00e1na m\u00f4\u017eu by\u0165, sn\u00edvam o tvojich chodidl\u00e1ch \ud83e\udd24\ud83d\udca6 Zobu\u010f sa a dovo\u013e mi, aby som sa c\u00edtila naozaj v\u00fdnimo\u010dne s mas\u00e1\u017eou chodidiel. Bude to st\u00e1\u0165 za to! \ud83d\ude0f\ud83d\ude1b<\/em><\/li>\n<\/ul>","protected":false},"featured_media":2292,"comment_status":"closed","ping_status":"closed","template":"","meta":[],"product_brand":[],"product_cat":[141],"product_tag":[30],"class_list":{"0":"post-1830","1":"product","2":"type-product","3":"status-publish","4":"has-post-thumbnail","6":"product_cat-messaging","7":"product_tag-foot-fetish","8":"infinite-scroll-item","9":"no-featured-image-padding","10":"sales-flash-overlay","11":"woocommerce-text-align-center","12":"woocommerce-image-align-center","13":"wc-has-gallery","15":"first","16":"instock","17":"downloadable","18":"virtual","19":"sold-individually","20":"purchasable","21":"product-type-simple"},"aioseo_notices":[],"_links":{"self":[{"href":"https:\/\/subtomy.com\/sk\/wp-json\/wp\/v2\/product\/1830","targetHints":{"allow":["GET"]}}],"collection":[{"href":"https:\/\/subtomy.com\/sk\/wp-json\/wp\/v2\/product"}],"about":[{"href":"https:\/\/subtomy.com\/sk\/wp-json\/wp\/v2\/types\/product"}],"replies":[{"embeddable":true,"href":"https:\/\/subtomy.com\/sk\/wp-json\/wp\/v2\/comments?post=1830"}],"wp:featuredmedia":[{"embeddable":true,"href":"https:\/\/subtomy.com\/sk\/wp-json\/wp\/v2\/media\/2292"}],"wp:attachment":[{"href":"https:\/\/subtomy.com\/sk\/wp-json\/wp\/v2\/media?parent=1830"}],"wp:term":[{"taxonomy":"product_brand","embeddable":true,"href":"https:\/\/subtomy.com\/sk\/wp-json\/wp\/v2\/product_brand?post=1830"},{"taxonomy":"product_cat","embeddable":true,"href":"https:\/\/subtomy.com\/sk\/wp-json\/wp\/v2\/product_cat?post=1830"},{"taxonomy":"product_tag","embeddable":true,"href":"https:\/\/subtomy.com\/sk\/wp-json\/wp\/v2\/product_tag?post=1830"}],"curies":[{"name":"wp","href":"https:\/\/api.w.org\/{rel}","templated":true}]}}