{"id":2024,"date":"2023-08-02T19:40:03","date_gmt":"2023-08-03T00:40:03","guid":{"rendered":"https:\/\/subtomy.com\/?post_type=product&#038;p=2024"},"modified":"2023-08-02T22:38:53","modified_gmt":"2023-08-03T03:38:53","slug":"custom-captions-and-scripts","status":"publish","type":"product","link":"https:\/\/subtomy.com\/sk\/produkt\/vlastne-nadpisy-a-skripty\/","title":{"rendered":"Vlastn\u00e9 titulky, skripty a \u010fal\u0161ie"},"content":{"rendered":"<h2 style=\"text-align: center;\">M\u00e1te probl\u00e9my s neust\u00e1lym vytv\u00e1ran\u00edm p\u00fatav\u00e9ho a zauj\u00edmav\u00e9ho obsahu pre svoje platformy soci\u00e1lnych m\u00e9di\u00ed?<\/h2>\n<p><strong>\u010co pon\u00fakame:<\/strong><\/p>\n<ol>\n<li><strong>30 titulkov v soci\u00e1lnych m\u00e9di\u00e1ch:<\/strong> Odha\u013ete silu p\u00f4sobiv\u00e9ho rozpr\u00e1vania pr\u00edbehov pomocou 30 profesion\u00e1lne vytvoren\u00fdch titulkov pre soci\u00e1lne m\u00e9di\u00e1. N\u00e1\u0161 t\u00edm sk\u00fasen\u00fdch autorov vytvor\u00ed p\u00fatav\u00e9 a zna\u010dkov\u00e9 titulky, ktor\u00e9 bud\u00fa rezonova\u0165 s va\u0161ou cie\u013eovou skupinou a zanechaj\u00fa v nej t\u00fa\u017ebu zapoji\u0165 sa do v\u00e1\u0161ho obsahu.<\/li>\n<li><strong>10 vlastn\u00fdch DM (hromadn\u00e9 spr\u00e1vy alebo 1 na 1):<\/strong> Vytvorte si hlb\u0161ie spojenie so svojimi sledovate\u013emi prostredn\u00edctvom personalizovan\u00fdch spr\u00e1v DM. Na\u0161e prisp\u00f4soben\u00e9 DM s\u00fa navrhnut\u00e9 tak, aby vytv\u00e1rali skuto\u010dn\u00e9 interakcie, podporovali vz\u0165ahy a viedli zmyslupln\u00e9 konverz\u00e1cie, \u010d\u00edm v\u00e1m pom\u00e1haj\u00fa budova\u0165 loj\u00e1lnu a anga\u017eovan\u00fa komunitu.<\/li>\n<li><strong>3 video scen\u00e1re:<\/strong> Nechajte na\u0161ich kvalifikovan\u00fdch scen\u00e1ristov vytvori\u0165 presved\u010div\u00e9 scen\u00e1re vide\u00ed prisp\u00f4soben\u00e9 osobnosti a cie\u013eom va\u0161ej zna\u010dky. Na\u0161e scen\u00e1re zaujm\u00fa va\u0161e publikum a zanechaj\u00fa trval\u00fd dojem.<\/li>\n<\/ol>\n<p><strong>Ako to funguje:<\/strong><\/p>\n<ol>\n<li><strong>Dotazn\u00edk:<\/strong> Za\u010d\u00edname h\u013abkov\u00fdm dotazn\u00edkom, aby sme pochopili va\u0161u zna\u010dku, cie\u013eov\u00fa skupinu a obsahov\u00e9 ciele. T\u00fdm sa zabezpe\u010d\u00ed, \u017ee n\u00e1\u0161 obsah bude dokonale zodpoveda\u0165 va\u0161ej v\u00edzii.<\/li>\n<li><strong>Tvorba obsahu na mieru:<\/strong> N\u00e1\u0161 t\u00edm odborn\u00edkov kreat\u00edvne a prec\u00edzne pripravuje ka\u017ed\u00fd obsah, \u010d\u00edm zabezpe\u010duje, \u017ee bude ma\u0165 odozvu u v\u00e1\u0161ho publika a posiln\u00ed identitu va\u0161ej zna\u010dky.<\/li>\n<li><strong>Mesa\u010dn\u00e1 dod\u00e1vka:<\/strong> Ka\u017ed\u00fd mesiac dostanete d\u00e1vku 30 profesion\u00e1lne nap\u00edsan\u00fdch titulkov, 10 vlastn\u00fdch DM, 3 video scen\u00e1re a \u010fal\u0161ie inform\u00e1cie, ktor\u00e9 s\u00fa pripraven\u00e9 posilni\u0165 va\u0161e podnikanie.<\/li>\n<\/ol>\n<p>V\u0161etok tento v\u00fdnimo\u010dn\u00fd obsah a kreativitu z\u00edskate za v\u00fdhodn\u00fa cenu len $99\/mesiac. Na\u0161\u00edm cie\u013eom je posilni\u0165 strat\u00e9giu v\u00e1\u0161ho podnikania bez toho, aby ste museli prepadn\u00fa\u0165.<\/p>\n<p><strong>Pre\u010do si vybra\u0165 pr\u00e1ve n\u00e1s:<\/strong><\/p>\n<ul>\n<li><strong>Odbornos\u0165 v odvetv\u00ed:<\/strong> M\u00e1me rozsiahle sk\u00fasenosti v odvetv\u00ed pre dospel\u00fdch, \u010do n\u00e1m umo\u017e\u0148uje vytv\u00e1ra\u0165 obsah, ktor\u00fd dodr\u017eiava usmernenia platforiem a z\u00e1rove\u0148 zvy\u0161uje anga\u017eovanos\u0165.<\/li>\n<li><strong>Kreat\u00edvna v\u00fdnimo\u010dnos\u0165:<\/strong> N\u00e1\u0161 t\u00edm kvalifikovan\u00fdch autorov a scen\u00e1ristov sa venuje tvorbe \u0161pi\u010dkov\u00e9ho obsahu, ktor\u00fd va\u0161u zna\u010dku pov\u00fd\u0161i nad ostatn\u00e9.<\/li>\n<li><strong>Konzistentnos\u0165 a pohodlie:<\/strong> Rozl\u00fa\u010dte sa so stresom z tvorby obsahu. V\u010faka n\u00e1\u0161mu modelu mesa\u010dn\u00e9ho predplatn\u00e9ho budete pravidelne dost\u00e1va\u0165 \u010derstv\u00fd, vysokokvalitn\u00fd obsah bez ak\u00fdchko\u013evek probl\u00e9mov.<\/li>\n<\/ul>\n<p>Ste pripraven\u00ed zlep\u0161i\u0165 svoju hru na soci\u00e1lnych sie\u0165ach a zanecha\u0165 trval\u00fd dojem na svoje publikum?<\/p>","protected":false},"excerpt":{"rendered":"<p><strong>Z\u00edskajte 30 profesion\u00e1lne vytvoren\u00fdch titulkov, 10 vlastn\u00fdch DM pre hlb\u0161ie spojenie s va\u0161imi sledovate\u013emi a 3 p\u00fatav\u00e9 scen\u00e1re vide\u00ed prisp\u00f4soben\u00e9 va\u0161ej zna\u010dke.<\/strong><\/p>\n<p>N\u00e1\u0161 proces zah\u0155\u0148a h\u013abkov\u00fd dotazn\u00edk na pochopenie va\u0161ej v\u00edzie a zabezpe\u010denie s\u00faladu obsahu.<\/p>\n<p>Ka\u017ed\u00fd mesiac budete dost\u00e1va\u0165 \u010derstv\u00fd, vysokokvalitn\u00fd obsah len za $99\/mesiac.<\/p>\n<p>Zlep\u0161ite svoju hru na soci\u00e1lnych sie\u0165ach a zanechajte trval\u00fd dojem na svoje publikum.<\/p>\n<p>Pridajte sa teraz a na\u0161tartujte svoje podnikanie!<\/p>\n<p><strong>Po zak\u00fapen\u00ed dostanete na \u00fa\u010dtenku pozn\u00e1mku s odkazom na dotazn\u00edk, ktor\u00fd m\u00f4\u017eete vyplni\u0165. Ak ho nem\u00f4\u017eete n\u00e1js\u0165, <a href=\"https:\/\/subtomy.com\/sk\/dotaznik-s-vlastnym-obsahom\/\">kliknut\u00edm sem sa dostanete na str\u00e1nku s dotazn\u00edkom<\/a>.\u00a0<\/strong><\/p>","protected":false},"featured_media":2025,"comment_status":"open","ping_status":"closed","template":"","meta":[],"product_brand":[],"product_cat":[179],"product_tag":[],"class_list":{"0":"post-2024","1":"product","2":"type-product","3":"status-publish","4":"has-post-thumbnail","6":"product_cat-micro-services","7":"infinite-scroll-item","8":"no-featured-image-padding","9":"sales-flash-overlay","10":"woocommerce-text-align-center","11":"woocommerce-image-align-center","13":"first","14":"instock","15":"featured","16":"virtual","17":"product-type-subscription"},"aioseo_notices":[],"_links":{"self":[{"href":"https:\/\/subtomy.com\/sk\/wp-json\/wp\/v2\/product\/2024","targetHints":{"allow":["GET"]}}],"collection":[{"href":"https:\/\/subtomy.com\/sk\/wp-json\/wp\/v2\/product"}],"about":[{"href":"https:\/\/subtomy.com\/sk\/wp-json\/wp\/v2\/types\/product"}],"replies":[{"embeddable":true,"href":"https:\/\/subtomy.com\/sk\/wp-json\/wp\/v2\/comments?post=2024"}],"wp:featuredmedia":[{"embeddable":true,"href":"https:\/\/subtomy.com\/sk\/wp-json\/wp\/v2\/media\/2025"}],"wp:attachment":[{"href":"https:\/\/subtomy.com\/sk\/wp-json\/wp\/v2\/media?parent=2024"}],"wp:term":[{"taxonomy":"product_brand","embeddable":true,"href":"https:\/\/subtomy.com\/sk\/wp-json\/wp\/v2\/product_brand?post=2024"},{"taxonomy":"product_cat","embeddable":true,"href":"https:\/\/subtomy.com\/sk\/wp-json\/wp\/v2\/product_cat?post=2024"},{"taxonomy":"product_tag","embeddable":true,"href":"https:\/\/subtomy.com\/sk\/wp-json\/wp\/v2\/product_tag?post=2024"}],"curies":[{"name":"wp","href":"https:\/\/api.w.org\/{rel}","templated":true}]}}