{"id":59,"date":"2022-06-06T15:46:47","date_gmt":"2022-06-06T20:46:47","guid":{"rendered":"https:\/\/shop.cammodelagency.com\/?post_type=product&#038;p=59"},"modified":"2023-09-03T00:47:37","modified_gmt":"2023-09-03T05:47:37","slug":"how-to-sell-your-dick-pics-to-1000-per-month","status":"publish","type":"product","link":"https:\/\/subtomy.com\/sk\/produkt\/how-to-sell-your-dick-pics-to-1000-per-month\/","title":{"rendered":"Ako preda\u0165 svoje D* fotky na $1,000 mesa\u010dne"},"content":{"rendered":"<h2 style=\"text-align: center;\">Ako m\u00f4\u017eete urobi\u0165 $1,000 alebo viac mesa\u010dne z predaja Dick Pics uvo\u013enen\u00edm tohto kompletn\u00e9ho pl\u00e1nu<\/h2>\n<p><img loading=\"lazy\" decoding=\"async\" class=\"aligncenter wp-image-61 size-full\" src=\"https:\/\/subtomy.com\/wp-content\/uploads\/2022\/06\/Selling-Your.jpg\" alt=\"\" width=\"960\" height=\"540\" srcset=\"https:\/\/subtomy.com\/wp-content\/uploads\/2022\/06\/Selling-Your.jpg 960w, https:\/\/subtomy.com\/wp-content\/uploads\/2022\/06\/Selling-Your-600x338.jpg 600w, https:\/\/subtomy.com\/wp-content\/uploads\/2022\/06\/Selling-Your-300x169.jpg 300w, https:\/\/subtomy.com\/wp-content\/uploads\/2022\/06\/Selling-Your-768x432.jpg 768w, https:\/\/subtomy.com\/wp-content\/uploads\/2022\/06\/Selling-Your-18x10.jpg 18w\" sizes=\"auto, (max-width: 960px) 100vw, 960px\" \/><\/p>\n<p style=\"text-align: center;\"><strong><span style=\"color: #008000;\">Nau\u010dte sa presne, ako rob\u00edm viac ako $1,100 za mesiac (na autopilota!)<\/span><\/strong><\/p>\n<p>Radi fotografujete, ale neviete, ako na tom zarobi\u0165. Sk\u00fa\u0161ali ste ich u\u017e pred\u00e1va\u0165 online, ale nikdy sa v\u00e1m nepodarilo dosiahnu\u0165 \u017eiadny predaj.<\/p>\n<p>Teraz je tu kurz, ktor\u00fd v\u00e1s nau\u010d\u00ed, ako pred\u00e1va\u0165 svoje fotky vt\u00e1kov online s mesa\u010dn\u00fdm pr\u00edjmom $1,000 alebo viac. Toto nie je \u017eiadna sch\u00e9ma r\u00fdchleho zbohatnutia; je to sprievodca krok za krokom, ktor\u00fd v\u00e1m uk\u00e1\u017ee, ako vybudova\u0165 \u00faspe\u0161n\u00e9 podnikanie s obr\u00e1zkami penisov od nuly.<\/p>\n<p>Nau\u010dte sa, ako pred\u00e1va\u0165 svoje obr\u00e1zky vt\u00e1kov online a zar\u00e1ba\u0165 si na pln\u00fd \u00fav\u00e4zok t\u00fdm, \u010do v\u00e1s bav\u00ed! Tento videokurz v\u00e1s obozn\u00e1mi so v\u0161etk\u00fdm, \u010do potrebujete vedie\u0165, od h\u013eadania spr\u00e1vneho trhu pre va\u0161e fotografie a\u017e po spr\u00e1vu klientov.<\/p>\n<p>S t\u00fdmto <strong>video kurz<\/strong>, z\u00edskate preh\u013ead o v\u0161etkom od<\/p>\n<ul>\n<li>Ak\u00fa platformu pou\u017e\u00edva\u0165<\/li>\n<li>Ako spravova\u0165 klientov<\/li>\n<li>Ako roz\u0161\u00edri\u0165 svoju klientsku z\u00e1klad\u0148u<\/li>\n<li>Sp\u00f4sob automatiz\u00e1cie 97% podnikania<\/li>\n<\/ul>\n<p>\u010co je vo vn\u00fatri:<\/p>\n<ul>\n<li>12 vide\u00ed, ktor\u00e9 v\u00e1s preved\u00fa <strong>PRESNE<\/strong> ako za\u010da\u0165<\/li>\n<li>PDF s celou prezent\u00e1ciou, aby ste sa mohli \u013eahko obozn\u00e1mi\u0165 s k\u013e\u00fa\u010dov\u00fdmi bodmi kurzu<\/li>\n<\/ul>\n<p>Existuje ve\u013ea \u013eud\u00ed, ktor\u00ed maj\u00fa z\u00e1ujem o predaj fotografi\u00ed penisov online. Koniec koncov, je to skvel\u00fd sp\u00f4sob, ako si zarobi\u0165 nejak\u00e9 peniaze navy\u0161e. A kto by nemal r\u00e1d nejak\u00fd penis?<\/p>\n<p>Predt\u00fdm, ako za\u010dnete pred\u00e1va\u0165 svoje fotografie, mus\u00edte vedie\u0165, ako na to. Na to sl\u00fa\u017ei n\u00e1\u0161 videokurz. Nau\u010d\u00edme v\u00e1s v\u0161etko, \u010do potrebujete vedie\u0165, od toho, ako n\u00e1js\u0165 spr\u00e1vnych kupuj\u00facich, a\u017e po to, ak\u00e9 fotografie h\u013eadaj\u00fa.<\/p>\n<p>\u010ci u\u017e ste sk\u00fasen\u00fd profesion\u00e1l, alebo len za\u010d\u00ednate, n\u00e1\u0161 kurz v\u00e1m pom\u00f4\u017ee vy\u0165a\u017ei\u0165 z va\u0161ich fotografi\u00ed penisu maximum.<\/p>\n<p>Na \u010do teda \u010dak\u00e1te?<\/p>","protected":false},"excerpt":{"rendered":"<p>Nau\u010dte sa, ako pred\u00e1va\u0165 svoje obr\u00e1zky vt\u00e1kov online a zar\u00e1ba\u0165 si na pln\u00fd \u00fav\u00e4zok t\u00fdm, \u010do v\u00e1s bav\u00ed! Tento videokurz v\u00e1s obozn\u00e1mi so v\u0161etk\u00fdm, \u010do potrebujete vedie\u0165, od h\u013eadania spr\u00e1vneho trhu pre va\u0161e fotografie a\u017e po spr\u00e1vu klientov.<\/p>\n<p><strong>Prejdite dole a pozrite si video o tom, \u010do z\u00edskate v tomto kurze \ud83d\udc47\ud83c\udffe<\/strong><\/p>","protected":false},"featured_media":1539,"comment_status":"open","ping_status":"closed","template":"","meta":[],"product_brand":[],"product_cat":[41],"product_tag":[33,40],"class_list":{"0":"post-59","1":"product","2":"type-product","3":"status-publish","4":"has-post-thumbnail","6":"product_cat-video-course","7":"product_tag-men","8":"product_tag-video","9":"infinite-scroll-item","10":"no-featured-image-padding","11":"sales-flash-overlay","12":"woocommerce-text-align-center","13":"woocommerce-image-align-center","15":"first","16":"instock","17":"downloadable","18":"virtual","19":"sold-individually","20":"purchasable","21":"product-type-simple"},"aioseo_notices":[],"_links":{"self":[{"href":"https:\/\/subtomy.com\/sk\/wp-json\/wp\/v2\/product\/59","targetHints":{"allow":["GET"]}}],"collection":[{"href":"https:\/\/subtomy.com\/sk\/wp-json\/wp\/v2\/product"}],"about":[{"href":"https:\/\/subtomy.com\/sk\/wp-json\/wp\/v2\/types\/product"}],"replies":[{"embeddable":true,"href":"https:\/\/subtomy.com\/sk\/wp-json\/wp\/v2\/comments?post=59"}],"wp:featuredmedia":[{"embeddable":true,"href":"https:\/\/subtomy.com\/sk\/wp-json\/wp\/v2\/media\/1539"}],"wp:attachment":[{"href":"https:\/\/subtomy.com\/sk\/wp-json\/wp\/v2\/media?parent=59"}],"wp:term":[{"taxonomy":"product_brand","embeddable":true,"href":"https:\/\/subtomy.com\/sk\/wp-json\/wp\/v2\/product_brand?post=59"},{"taxonomy":"product_cat","embeddable":true,"href":"https:\/\/subtomy.com\/sk\/wp-json\/wp\/v2\/product_cat?post=59"},{"taxonomy":"product_tag","embeddable":true,"href":"https:\/\/subtomy.com\/sk\/wp-json\/wp\/v2\/product_tag?post=59"}],"curies":[{"name":"wp","href":"https:\/\/api.w.org\/{rel}","templated":true}]}}