{"id":604,"date":"2023-04-14T18:59:44","date_gmt":"2023-04-14T23:59:44","guid":{"rendered":"https:\/\/shop.cammodelagency.com\/?post_type=product&#038;p=604"},"modified":"2024-03-21T14:20:51","modified_gmt":"2024-03-21T19:20:51","slug":"foot-fetish-captions","status":"publish","type":"product","link":"https:\/\/subtomy.com\/sk\/produkt\/foot-fetish-captions\/","title":{"rendered":"100+ Foot Fetish Captions pre soci\u00e1lne m\u00e9di\u00e1, Reddit, OnlyFans at\u010f."},"content":{"rendered":"<p>Ak ste modelka pre dospel\u00fdch, ktor\u00e1 pred\u00e1va obsah o noh\u00e1ch, viete, \u017ee titulky s\u00fa k\u013e\u00fa\u010dom k up\u00fataniu pozornosti nad\u0161encov foot feti\u0161u. Preto sme pre modelky pre dospel\u00fdch, ako ste vy, vytvorili dokonal\u00fd bal\u00edk titulkov pre foot feti\u0161 na soci\u00e1lnych sie\u0165ach!<\/p>\n<p>N\u00e1\u0161 bal\u00edk obsahuje 100 jedine\u010dn\u00fdch titulkov navrhnut\u00fdch \u0161peci\u00e1lne pre obsah o chodidl\u00e1ch, tak\u017ee m\u00f4\u017eete prezentova\u0165 svoje kr\u00e1sne nohy a udr\u017eiava\u0165 svojich sledovate\u013eov, aby sa k v\u00e1m vracali. \u010ci u\u017e ukazujete svoju najnov\u0161iu pedik\u00faru, rob\u00edte mas\u00e1\u017e chodidiel, alebo sa del\u00edte o svoj ob\u013e\u00faben\u00fd p\u00e1r podp\u00e4tkov, na\u0161e titulky v\u00e1m pom\u00f4\u017eu vynikn\u00fa\u0165.<\/p>\n<p>Na\u0161e titulky pokr\u00fdvaj\u00fa r\u00f4zne t\u00e9my, od koketn\u00fdch a\u017e po dominantn\u00e9 a v\u0161etko medzi nimi. \u010ci u\u017e chcete svojich sledovate\u013eov podr\u00e1\u017edi\u0165 dr\u00e1\u017ediv\u00fdm opisom, alebo im da\u0165 pr\u00edkaz, ktor\u00e9mu neodolaj\u00fa, m\u00e1me pre v\u00e1s rie\u0161enie. A v\u010faka n\u00e1\u0161mu \u013eahko pou\u017eite\u013en\u00e9mu form\u00e1tu m\u00f4\u017eete vybran\u00fd titulok r\u00fdchlo a jednoducho skop\u00edrova\u0165 a vlo\u017ei\u0165 do pr\u00edspevkov v soci\u00e1lnych m\u00e9di\u00e1ch, \u010d\u00edm u\u0161etr\u00edte \u010das a n\u00e1mahu.<\/p>\n<p>Ak ste teda pripraven\u00ed posun\u00fa\u0165 svoj foot obsah na vy\u0161\u0161iu \u00farove\u0148 a pril\u00e1ka\u0165 vern\u00fdch nad\u0161encov foot feti\u0161u, objednajte si n\u00e1\u0161 bal\u00edk titulkov pre soci\u00e1lne m\u00e9di\u00e1 o foot feti\u0161i e\u0161te dnes!<\/p>","protected":false},"excerpt":{"rendered":"<p><strong>Do\u017eivotn\u00e9 aktualiz\u00e1cie!<\/strong><\/p>\n<p>Ak ste modelka pre dospel\u00fdch, ktor\u00e1 pred\u00e1va obsah s nohami a chce zauja\u0165 svoje publikum foot feti\u0161u, n\u00e1\u0161 bal\u00edk titulkov pre soci\u00e1lne m\u00e9di\u00e1 foot feti\u0161u je presne to, \u010do potrebujete!<\/p>\n<p><strong>Pr\u00edklady titulkov:<\/strong><\/p>\n<ul>\n<li><span data-sheets-value=\"{&quot;1&quot;:2,&quot;2&quot;:&quot;As good as my feet look in heels, they feel even better out of them \ud83d\ude09 &quot;}\" data-sheets-userformat=\"{&quot;2&quot;:8192,&quot;16&quot;:12}\">Ako dobre vyzeraj\u00fa moje nohy v podp\u00e4tkoch, tak e\u0161te lep\u0161ie sa c\u00edtia mimo nich \ud83d\ude09 <\/span><\/li>\n<li><span data-sheets-value=\"{&quot;1&quot;:2,&quot;2&quot;:&quot;Flawless feet that will make you go \ud83e\udd24\ud83d\udca6\ud83d\ude0d Time to come and worship at my altar! #FeetLoversWelcome&quot;}\" data-sheets-userformat=\"{&quot;2&quot;:8961,&quot;3&quot;:{&quot;1&quot;:0},&quot;11&quot;:4,&quot;12&quot;:0,&quot;16&quot;:12}\">Bezchybn\u00e9 nohy, ktor\u00e9 \u0165a don\u00fatia \u00eds\u0165 \ud83e\udd24\ud83d\udca6\ud83d\ude0d Je \u010das pr\u00eds\u0165 a pokloni\u0165 sa pri mojom olt\u00e1ri! #FeetLoversWelcome<\/span><\/li>\n<li><span data-sheets-value=\"{&quot;1&quot;:2,&quot;2&quot;:&quot;Only my feet can make you feel this way \ud83d\udc8b Come explore the pleasure and let me show you just how good it can be. \ud83e\udd24 #FeetLover&quot;}\" data-sheets-userformat=\"{&quot;2&quot;:8961,&quot;3&quot;:{&quot;1&quot;:0},&quot;11&quot;:4,&quot;12&quot;:0,&quot;16&quot;:12}\">Iba moje nohy ti m\u00f4\u017eu sp\u00f4sobi\u0165 tak\u00fdto pocit \ud83d\udc8b Po\u010f presk\u00fama\u0165 rozko\u0161 a dovo\u013e mi uk\u00e1za\u0165 ti, ak\u00e9 to m\u00f4\u017ee by\u0165 dobr\u00e9. \ud83e\udd24 #FeetLover<\/span><\/li>\n<\/ul>\n<p>V\u0161etky nadpisy s hashtagmi maj\u00fa alternat\u00edvnu verziu bez hashtagov na jednoduch\u00e9 kop\u00edrovanie a vkladanie.<\/p>","protected":false},"featured_media":2288,"comment_status":"open","ping_status":"closed","template":"","meta":[],"product_brand":[],"product_cat":[22],"product_tag":[30],"class_list":{"0":"post-604","1":"product","2":"type-product","3":"status-publish","4":"has-post-thumbnail","6":"product_cat-captions","7":"product_tag-foot-fetish","8":"infinite-scroll-item","9":"no-featured-image-padding","10":"sales-flash-overlay","11":"woocommerce-text-align-center","12":"woocommerce-image-align-center","13":"wc-has-gallery","15":"first","16":"instock","17":"downloadable","18":"virtual","19":"sold-individually","20":"purchasable","21":"product-type-simple"},"aioseo_notices":[],"_links":{"self":[{"href":"https:\/\/subtomy.com\/sk\/wp-json\/wp\/v2\/product\/604","targetHints":{"allow":["GET"]}}],"collection":[{"href":"https:\/\/subtomy.com\/sk\/wp-json\/wp\/v2\/product"}],"about":[{"href":"https:\/\/subtomy.com\/sk\/wp-json\/wp\/v2\/types\/product"}],"replies":[{"embeddable":true,"href":"https:\/\/subtomy.com\/sk\/wp-json\/wp\/v2\/comments?post=604"}],"wp:featuredmedia":[{"embeddable":true,"href":"https:\/\/subtomy.com\/sk\/wp-json\/wp\/v2\/media\/2288"}],"wp:attachment":[{"href":"https:\/\/subtomy.com\/sk\/wp-json\/wp\/v2\/media?parent=604"}],"wp:term":[{"taxonomy":"product_brand","embeddable":true,"href":"https:\/\/subtomy.com\/sk\/wp-json\/wp\/v2\/product_brand?post=604"},{"taxonomy":"product_cat","embeddable":true,"href":"https:\/\/subtomy.com\/sk\/wp-json\/wp\/v2\/product_cat?post=604"},{"taxonomy":"product_tag","embeddable":true,"href":"https:\/\/subtomy.com\/sk\/wp-json\/wp\/v2\/product_tag?post=604"}],"curies":[{"name":"wp","href":"https:\/\/api.w.org\/{rel}","templated":true}]}}