{"id":608,"date":"2023-04-14T19:14:00","date_gmt":"2023-04-15T00:14:00","guid":{"rendered":"https:\/\/shop.cammodelagency.com\/?post_type=product&#038;p=608"},"modified":"2024-03-02T21:46:54","modified_gmt":"2024-03-03T02:46:54","slug":"findom-caption-pack","status":"publish","type":"product","link":"https:\/\/subtomy.com\/sk\/produkt\/findom-caption-pack\/","title":{"rendered":"100+ FinDom\/Financial Domination Caption Pack pre soci\u00e1lne m\u00e9di\u00e1, Reddit, Onlyfans at\u010f."},"content":{"rendered":"<p>Ak ste modelka pre dospel\u00fdch, ktor\u00e1 pon\u00faka slu\u017eby finan\u010dnej nadvl\u00e1dy a chce zapoji\u0165 svojich platiacich a pe\u0148a\u017en\u00fdch otrokov, n\u00e1\u0161 bal\u00edk titulkov pre finan\u010dn\u00e9 nadvl\u00e1dy na soci\u00e1lnych sie\u0165ach je presne to, \u010do potrebujete!<\/p>\n<p>N\u00e1\u0161 bal\u00edk obsahuje 100 jedine\u010dn\u00fdch titulkov, ktor\u00e9 v\u00e1m pom\u00f4\u017eu potvrdi\u0165 va\u0161u dominanciu, podriadi\u0165 sa va\u0161im sledovate\u013eom a v kone\u010dnom d\u00f4sledku zv\u00fd\u0161i\u0165 va\u0161e pr\u00edjmy. \u010ci u\u017e predv\u00e1dzate svoje zna\u010dkov\u00e9 oble\u010denie, chv\u00e1lite svoj luxusn\u00fd \u017eivotn\u00fd \u0161t\u00fdl, alebo len pripom\u00ednate svojim sledovate\u013eom, kto je tu p\u00e1nom, na\u0161e titulky v\u00e1m pom\u00f4\u017eu vyjadri\u0165 sa.<\/p>\n<p>Na\u0161e titulky pokr\u00fdvaj\u00fa r\u00f4zne t\u00e9my, od podpichovania a\u017e po posme\u0161ky a v\u0161etko medzi nimi. \u010ci u\u017e chcete in\u0161pirova\u0165 svojich sledovate\u013eov, aby v\u00e1m vzdali hold, pon\u00faknu\u0165 exkluz\u00edvny obsah svojim najlep\u0161\u00edm platite\u013eom, alebo pripomen\u00fa\u0165 ka\u017ed\u00e9mu jeho miesto vo va\u0161om svete, m\u00e1me pre v\u00e1s rie\u0161enie. A v\u010faka n\u00e1\u0161mu \u013eahko pou\u017eite\u013en\u00e9mu form\u00e1tu m\u00f4\u017eete vybran\u00fd titulok r\u00fdchlo a jednoducho skop\u00edrova\u0165 a vlo\u017ei\u0165 do pr\u00edspevkov v soci\u00e1lnych m\u00e9di\u00e1ch, \u010d\u00edm u\u0161etr\u00edte \u010das a n\u00e1mahu.<\/p>\n<p>Ak ste teda pripraven\u00ed posun\u00fa\u0165 svoju hru na finan\u010dn\u00fa dominanciu na vy\u0161\u0161iu \u00farove\u0148 a maximalizova\u0165 svoje z\u00e1robky, objednajte si n\u00e1\u0161 bal\u00edk titulkov pre finan\u010dn\u00fa dominanciu na soci\u00e1lnych sie\u0165ach e\u0161te dnes!<\/p>","protected":false},"excerpt":{"rendered":"<p>N\u00e1\u0161 bal\u00edk obsahuje 100 jedine\u010dn\u00fdch titulkov, ktor\u00e9 v\u00e1m pom\u00f4\u017eu zauja\u0165 va\u0161ich sledovate\u013eov a prin\u00fati\u0165 ich, aby pre v\u00e1s otvorili svoje pe\u0148a\u017eenky. \u010ci u\u017e zverej\u0148ujete svoju fotografiu v luxusnom oble\u010den\u00ed, chv\u00e1lite sa svoj\u00edm bohatstvom a mocou, alebo jednoducho len tak p\u00fa\u0161\u0165ate provokat\u00edvny odkaz, na\u0161e titulky v\u00e1m pom\u00f4\u017eu urobi\u0165 dojem.<\/p>\n<p><strong>Pr\u00edklady:<\/strong><\/p>\n<ul>\n<li><span data-sheets-value=\"{&quot;1&quot;:2,&quot;2&quot;:&quot;Better start counting those coins, boys. \ud83d\udcb0 I'm not here to play nice - I'm here to take your hard earned cash and put it in my pocket where it belongs. Come and get a taste of what you can't resist...you know you want to! \ud83d\ude08 #Goddess&quot;}\" data-sheets-userformat=\"{&quot;2&quot;:8961,&quot;3&quot;:{&quot;1&quot;:0},&quot;11&quot;:4,&quot;12&quot;:0,&quot;16&quot;:12}\">Rad\u0161ej za\u010dnite po\u010d\u00edta\u0165 mince, chlapci. \ud83d\udcb0 Nie som tu, aby som sa s vami pekne hral - som tu, aby som v\u00e1m zobral \u0165a\u017eko zaroben\u00e9 peniaze a dal si ich do vrecka, kam patria. Pr\u00ed\u010fte a ochutnajte to, \u010domu nem\u00f4\u017eete odola\u0165... ve\u010f viete, \u017ee chcete! \ud83d\ude08 #Goddess<\/span><\/li>\n<li><span data-sheets-value=\"{&quot;1&quot;:2,&quot;2&quot;:&quot;Flawless and in control, I live for the power games that come with financial domination. Your extravagance is my pleasure; you will beg to be my pay pig \ud83e\udd11\ud83d\udcb0&quot;}\" data-sheets-userformat=\"{&quot;2&quot;:8961,&quot;3&quot;:{&quot;1&quot;:0},&quot;11&quot;:4,&quot;12&quot;:0,&quot;16&quot;:12}\">Bezchybn\u00e1 a kontrolovan\u00e1, \u017eijem pre mocensk\u00e9 hry, ktor\u00e9 s\u00fa spojen\u00e9 s finan\u010dnou nadvl\u00e1dou. Tvoja extravagancia je moj\u00edm pote\u0161en\u00edm; bude\u0161 prosi\u0165, aby si bol moj\u00edm platen\u00fdm prasa\u0165om \ud83e\udd11\ud83d\udcb0<\/span><\/li>\n<li><span data-sheets-value=\"{&quot;1&quot;:2,&quot;2&quot;:&quot;Look at you, so desperate and thirsty for a Goddess like me. You're nothing more than my piggy bank, ready to do whatever it takes to be allowed to worship me \ud83d\udcb0\ud83d\udc51&quot;}\" data-sheets-userformat=\"{&quot;2&quot;:8961,&quot;3&quot;:{&quot;1&quot;:0},&quot;11&quot;:4,&quot;12&quot;:0,&quot;16&quot;:12}\">Pozri sa na seba, tak\u00e1 z\u00fafal\u00e1 a sm\u00e4dn\u00e1 po bohyni, ako som ja. Nie si ni\u010d viac ne\u017e moje prasiatko, pripraven\u00e1 urobi\u0165 \u010doko\u013evek, aby si ma mohla uctieva\u0165 \ud83d\udcb0\ud83d\udc51<\/span><\/li>\n<\/ul>","protected":false},"featured_media":2252,"comment_status":"open","ping_status":"closed","template":"","meta":[],"product_brand":[],"product_cat":[22],"product_tag":[28],"class_list":{"0":"post-608","1":"product","2":"type-product","3":"status-publish","4":"has-post-thumbnail","6":"product_cat-captions","7":"product_tag-findom","8":"infinite-scroll-item","9":"no-featured-image-padding","10":"sales-flash-overlay","11":"woocommerce-text-align-center","12":"woocommerce-image-align-center","13":"wc-has-gallery","15":"first","16":"instock","17":"downloadable","18":"virtual","19":"sold-individually","20":"purchasable","21":"product-type-simple"},"aioseo_notices":[],"_links":{"self":[{"href":"https:\/\/subtomy.com\/sk\/wp-json\/wp\/v2\/product\/608","targetHints":{"allow":["GET"]}}],"collection":[{"href":"https:\/\/subtomy.com\/sk\/wp-json\/wp\/v2\/product"}],"about":[{"href":"https:\/\/subtomy.com\/sk\/wp-json\/wp\/v2\/types\/product"}],"replies":[{"embeddable":true,"href":"https:\/\/subtomy.com\/sk\/wp-json\/wp\/v2\/comments?post=608"}],"wp:featuredmedia":[{"embeddable":true,"href":"https:\/\/subtomy.com\/sk\/wp-json\/wp\/v2\/media\/2252"}],"wp:attachment":[{"href":"https:\/\/subtomy.com\/sk\/wp-json\/wp\/v2\/media?parent=608"}],"wp:term":[{"taxonomy":"product_brand","embeddable":true,"href":"https:\/\/subtomy.com\/sk\/wp-json\/wp\/v2\/product_brand?post=608"},{"taxonomy":"product_cat","embeddable":true,"href":"https:\/\/subtomy.com\/sk\/wp-json\/wp\/v2\/product_cat?post=608"},{"taxonomy":"product_tag","embeddable":true,"href":"https:\/\/subtomy.com\/sk\/wp-json\/wp\/v2\/product_tag?post=608"}],"curies":[{"name":"wp","href":"https:\/\/api.w.org\/{rel}","templated":true}]}}