{"id":676,"date":"2023-04-17T23:52:47","date_gmt":"2023-04-18T04:52:47","guid":{"rendered":"https:\/\/shop.cammodelagency.com\/?post_type=product&#038;p=676"},"modified":"2023-05-15T22:42:47","modified_gmt":"2023-05-16T03:42:47","slug":"strong-male-captions","status":"publish","type":"product","link":"https:\/\/subtomy.com\/sk\/produkt\/silne-muzske-nadpisy\/","title":{"rendered":"100+ siln\u00fdch mu\u017esk\u00fdch titulkov pre OnlyFans, Reddit, soci\u00e1lne m\u00e9di\u00e1 at\u010f."},"content":{"rendered":"<p>Predstavujeme dokonal\u00e9 rie\u0161enie pre modely OnlyFans, ktor\u00ed chc\u00fa zlep\u0161i\u0165 svoju pr\u00edtomnos\u0165 na soci\u00e1lnych sie\u0165ach a pril\u00e1ka\u0165 viac sledovate\u013eov: Strong Male Social Media Caption Pack. Tento bal\u00edk je \u0161peci\u00e1lne navrhnut\u00fd pre modelov, ktor\u00ed pred\u00e1vaj\u00fa slu\u017eby na str\u00e1nkach OnlyFans a in\u00fdch fankluboch, a obsahuje \u0161irok\u00fa \u0161k\u00e1lu p\u00fatav\u00fdch a pozornos\u0165 p\u00fataj\u00facich titulkov, ktor\u00e9 ur\u010dite zaujm\u00fa va\u0161e publikum.<\/p>\n<p>\u010ci u\u017e chcete prezentova\u0165 svoj najnov\u0161\u00ed obsah, propagova\u0165 nadch\u00e1dzaj\u00face podujatia, alebo jednoducho zabavi\u0165 a zauja\u0165 svojich sledovate\u013eov, tento bal\u00edk titulkov obsahuje v\u0161etko, \u010do potrebujete. Na\u0161e titulky s\u00fa starostlivo vytvoren\u00e9 tak, aby oslovili r\u00f4zne publik\u00e1 a udr\u017eali v\u00e1\u0161 obsah svie\u017ei a vzru\u0161uj\u00faci - od drz\u00fdch jednohubiek a\u017e po ot\u00e1zky na zamyslenie.<\/p>\n<p>Ak ste teda pripraven\u00ed posun\u00fa\u0165 svoje podnikanie v slu\u017ebe OnlyFans na vy\u0161\u0161iu \u00farove\u0148, u\u017e ne\u010dakajte. Objednajte si Strong Male Social Media Caption Pack e\u0161te dnes a za\u010dnite vy\u010dnieva\u0165 z davu!<\/p>\n<p>Pr\u00edklady zah\u0155\u0148aj\u00fa<\/p>\n<ul>\n<li><span data-sheets-value=\"{&quot;1&quot;:2,&quot;2&quot;:&quot;Do you desire a \ud83d\udcaa\ud83c\udffc man that's hung, handsome and horny? I'm your guy! DM me for hot conversations and let's explore our wildest fantasies together #sexy #horny #hungAF \ud83e\udd75&quot;}\" data-sheets-userformat=\"{&quot;2&quot;:8961,&quot;3&quot;:{&quot;1&quot;:0},&quot;11&quot;:4,&quot;12&quot;:0,&quot;16&quot;:12}\">T\u00fa\u017eite po mu\u017eovi \ud83d\udcaa\ud83c\udffc, ktor\u00fd je zavesen\u00fd, pekn\u00fd a nadr\u017ean\u00fd? Som tvoj chlap! DM ma na hor\u00face konverz\u00e1cie a po\u010fme spolu presk\u00fama\u0165 na\u0161e najodv\u00e1\u017enej\u0161ie fant\u00e1zie. #sexy #horny #hungAF \ud83e\udd75<\/span><\/li>\n<li><span data-sheets-value=\"{&quot;1&quot;:2,&quot;2&quot;:&quot;Favorite thing to do? \ud83d\udd25 Let me show you!\ud83d\udca6I'm hung, handsome and strong. Come talk with me and let's explore our wildest fantasies together! I'm always horny for more \ud83d\ude1c &quot;}\" data-sheets-userformat=\"{&quot;2&quot;:14656,&quot;9&quot;:0,&quot;11&quot;:4,&quot;14&quot;:{&quot;1&quot;:2,&quot;2&quot;:0},&quot;15&quot;:&quot;Verdana&quot;,&quot;16&quot;:11}\">\u010co rob\u00edte najrad\u0161ej? \ud83d\udd25 Uk\u00e1\u017eem ti to!\ud83d\udca6 Som zavesen\u00fd, pekn\u00fd a siln\u00fd. Pr\u00ed\u010f sa so mnou porozpr\u00e1va\u0165 a po\u010fme spolu presk\u00fama\u0165 na\u0161e najdivokej\u0161ie fant\u00e1zie! Som v\u017edy nadr\u017ean\u00fd na viac \ud83d\ude1c <\/span><\/li>\n<li><span data-sheets-value=\"{&quot;1&quot;:2,&quot;2&quot;:&quot;Shoulders back, abs tight. Come explore this strong and handsome \ud83e\udd29\ud83d\udcaa man who's always ready to talk with ya'll \ud83d\ude0f and just so happens to be extra horny tonight \ud83e\udd75 &quot;}\" data-sheets-userformat=\"{&quot;2&quot;:14656,&quot;9&quot;:0,&quot;11&quot;:4,&quot;14&quot;:{&quot;1&quot;:2,&quot;2&quot;:0},&quot;15&quot;:&quot;Verdana&quot;,&quot;16&quot;:11}\">Ramen\u00e1 dozadu, bru\u0161n\u00e9 svaly napnut\u00e9. Po\u010f presk\u00fama\u0165 tohto siln\u00e9ho a pekn\u00e9ho \ud83e\udd29\ud83d\udcaa mu\u017ea, ktor\u00fd je v\u017edy pripraven\u00fd porozpr\u00e1va\u0165 sa s vami \ud83d\ude0f a zhodou okolnost\u00ed je dnes ve\u010der mimoriadne nadr\u017ean\u00fd \ud83e\udd75 <\/span><\/li>\n<\/ul>","protected":false},"excerpt":{"rendered":"<p>Predstavujeme dokonal\u00e9 rie\u0161enie pre modely OnlyFans, ktor\u00ed chc\u00fa zlep\u0161i\u0165 svoju pr\u00edtomnos\u0165 na soci\u00e1lnych sie\u0165ach a pril\u00e1ka\u0165 viac sledovate\u013eov: Strong Male Social Media Caption Pack. Pr\u00edklady zah\u0155\u0148aj\u00fa<\/p>\n<p><strong>Pr\u00edklady zah\u0155\u0148aj\u00fa<\/strong><\/p>\n<ul>\n<li><span data-sheets-value=\"{&quot;1&quot;:2,&quot;2&quot;:&quot;Do you desire a \ud83d\udcaa\ud83c\udffc man that's hung, handsome and horny? I'm your guy! DM me for hot conversations and let's explore our wildest fantasies together #sexy #horny #hungAF \ud83e\udd75&quot;}\" data-sheets-userformat=\"{&quot;2&quot;:8961,&quot;3&quot;:{&quot;1&quot;:0},&quot;11&quot;:4,&quot;12&quot;:0,&quot;16&quot;:12}\">T\u00fa\u017eite po mu\u017eovi \ud83d\udcaa\ud83c\udffc, ktor\u00fd je zavesen\u00fd, pekn\u00fd a nadr\u017ean\u00fd? Som tvoj chlap! DM ma na hor\u00face konverz\u00e1cie a po\u010fme spolu presk\u00fama\u0165 na\u0161e najodv\u00e1\u017enej\u0161ie fant\u00e1zie. #sexy #horny #hungAF \ud83e\udd75<\/span><\/li>\n<li><span data-sheets-value=\"{&quot;1&quot;:2,&quot;2&quot;:&quot;Favorite thing to do? \ud83d\udd25 Let me show you!\ud83d\udca6I'm hung, handsome and strong. Come talk with me and let's explore our wildest fantasies together! I'm always horny for more \ud83d\ude1c &quot;}\" data-sheets-userformat=\"{&quot;2&quot;:14656,&quot;9&quot;:0,&quot;11&quot;:4,&quot;14&quot;:{&quot;1&quot;:2,&quot;2&quot;:0},&quot;15&quot;:&quot;Verdana&quot;,&quot;16&quot;:11}\">\u010co rob\u00edte najrad\u0161ej? \ud83d\udd25 Uk\u00e1\u017eem ti to!\ud83d\udca6 Som zavesen\u00fd, pekn\u00fd a siln\u00fd. Pr\u00ed\u010f sa so mnou porozpr\u00e1va\u0165 a po\u010fme spolu presk\u00fama\u0165 na\u0161e najdivokej\u0161ie fant\u00e1zie! Som v\u017edy nadr\u017ean\u00fd na viac \ud83d\ude1c <\/span><\/li>\n<li><span data-sheets-value=\"{&quot;1&quot;:2,&quot;2&quot;:&quot;Shoulders back, abs tight. Come explore this strong and handsome \ud83e\udd29\ud83d\udcaa man who's always ready to talk with ya'll \ud83d\ude0f and just so happens to be extra horny tonight \ud83e\udd75 &quot;}\" data-sheets-userformat=\"{&quot;2&quot;:14656,&quot;9&quot;:0,&quot;11&quot;:4,&quot;14&quot;:{&quot;1&quot;:2,&quot;2&quot;:0},&quot;15&quot;:&quot;Verdana&quot;,&quot;16&quot;:11}\">Ramen\u00e1 dozadu, bru\u0161n\u00e9 svaly napnut\u00e9. Po\u010f presk\u00fama\u0165 tohto siln\u00e9ho a pekn\u00e9ho \ud83e\udd29\ud83d\udcaa mu\u017ea, ktor\u00fd je v\u017edy pripraven\u00fd porozpr\u00e1va\u0165 sa s vami \ud83d\ude0f a zhodou okolnost\u00ed je dnes ve\u010der mimoriadne nadr\u017ean\u00fd \ud83e\udd75<\/span><\/li>\n<\/ul>","protected":false},"featured_media":1238,"comment_status":"open","ping_status":"closed","template":"","meta":[],"product_brand":[],"product_cat":[22],"product_tag":[33],"class_list":{"0":"post-676","1":"product","2":"type-product","3":"status-publish","4":"has-post-thumbnail","6":"product_cat-captions","7":"product_tag-men","8":"infinite-scroll-item","9":"no-featured-image-padding","10":"sales-flash-overlay","11":"woocommerce-text-align-center","12":"woocommerce-image-align-center","13":"wc-has-gallery","15":"first","16":"instock","17":"downloadable","18":"virtual","19":"sold-individually","20":"purchasable","21":"product-type-simple"},"aioseo_notices":[],"_links":{"self":[{"href":"https:\/\/subtomy.com\/sk\/wp-json\/wp\/v2\/product\/676","targetHints":{"allow":["GET"]}}],"collection":[{"href":"https:\/\/subtomy.com\/sk\/wp-json\/wp\/v2\/product"}],"about":[{"href":"https:\/\/subtomy.com\/sk\/wp-json\/wp\/v2\/types\/product"}],"replies":[{"embeddable":true,"href":"https:\/\/subtomy.com\/sk\/wp-json\/wp\/v2\/comments?post=676"}],"wp:featuredmedia":[{"embeddable":true,"href":"https:\/\/subtomy.com\/sk\/wp-json\/wp\/v2\/media\/1238"}],"wp:attachment":[{"href":"https:\/\/subtomy.com\/sk\/wp-json\/wp\/v2\/media?parent=676"}],"wp:term":[{"taxonomy":"product_brand","embeddable":true,"href":"https:\/\/subtomy.com\/sk\/wp-json\/wp\/v2\/product_brand?post=676"},{"taxonomy":"product_cat","embeddable":true,"href":"https:\/\/subtomy.com\/sk\/wp-json\/wp\/v2\/product_cat?post=676"},{"taxonomy":"product_tag","embeddable":true,"href":"https:\/\/subtomy.com\/sk\/wp-json\/wp\/v2\/product_tag?post=676"}],"curies":[{"name":"wp","href":"https:\/\/api.w.org\/{rel}","templated":true}]}}