{"id":976,"date":"2023-05-02T00:54:58","date_gmt":"2023-05-02T05:54:58","guid":{"rendered":"https:\/\/subtomy.com\/?post_type=product&#038;p=976"},"modified":"2023-05-12T16:56:42","modified_gmt":"2023-05-12T21:56:42","slug":"31-content-ideas","status":"publish","type":"product","link":"https:\/\/subtomy.com\/sk\/produkt\/31-obsah-idey\/","title":{"rendered":"31 n\u00e1padov na obsah: Vydajte kone\u010dn\u00fa pr\u00edru\u010dku pre rast po\u010dtu sledovate\u013eov OnlyFans a spe\u0148a\u017eenie v\u00e1\u0161ho obsahu"},"content":{"rendered":"<h2>\u00davod<\/h2>\n<p><span style=\"font-weight: 400;\">Vitajte na str\u00e1nke \"31 n\u00e1padov na obsah pre va\u0161e podnikanie s obsahom\"! Ak ste tvorcom obsahu a h\u013ead\u00e1te in\u0161pir\u00e1ciu a nov\u00e9 n\u00e1pady, ktor\u00e9 by posunuli va\u0161e podnikanie na vy\u0161\u0161iu \u00farove\u0148, ste na spr\u00e1vnom mieste.<\/span><\/p>\n<p><span style=\"font-weight: 400;\">V tejto knihe n\u00e1jdete r\u00f4zne n\u00e1pady na obsah, ktor\u00e9 v\u00e1m pom\u00f4\u017eu nadviaza\u0165 kontakt s va\u0161imi fan\u00fa\u0161ikmi a zv\u00fd\u0161i\u0165 po\u010det va\u0161ich sledovate\u013eov. \u010ci u\u017e pr\u00e1ve za\u010d\u00ednate, alebo chcete nie\u010do zmeni\u0165, tieto n\u00e1pady v\u00e1m pom\u00f4\u017eu vytvori\u0165 obsah, ktor\u00fd si va\u0161i fan\u00fa\u0161ikovia ob\u013e\u00fabia.<\/span><\/p>\n<p><span style=\"font-weight: 400;\">Od fotenia spodnej bielizne a plaviek a\u017e po fotenie v exteri\u00e9ri na pl\u00e1\u017ei alebo v pr\u00edrode - pokryjeme cel\u00fd rad vizu\u00e1lneho obsahu, ktor\u00fd uk\u00e1\u017ee va\u0161u kr\u00e1su a osobnos\u0165. Presk\u00famame aj aktualiz\u00e1cie zo z\u00e1kulisia, rel\u00e1cie ot\u00e1zok a odpoved\u00ed s fan\u00fa\u0161ikmi, osobn\u00e9 v\u00fdkriky a erotick\u00e9 pr\u00edbehy alebo zvukov\u00e9 nahr\u00e1vky, ktor\u00e9 vytvoria hlb\u0161ie spojenie s va\u0161\u00edm publikom.<\/span><\/p>\n<p><span style=\"font-weight: 400;\">Pre t\u00fdch, ktor\u00ed sa zauj\u00edmaj\u00fa o cosplay, jogu alebo varenie, sme pripravili kreat\u00edvne n\u00e1pady na prezent\u00e1ciu va\u0161ich talentov a v\u00e1\u0161n\u00ed. Rozoberieme aj spolupr\u00e1cu s in\u00fdmi tvorcami OnlyFans, snahy o z\u00edskavanie finan\u010dn\u00fdch prostriedkov pre charitat\u00edvne organiz\u00e1cie a obsah ur\u010den\u00fd len pre predplatite\u013eov, ktor\u00fd udr\u017e\u00ed va\u0161ich fan\u00fa\u0161ikov v nap\u00e4t\u00ed a t\u00fa\u017ebe po \u010fal\u0161om obsahu.<\/span><\/p>\n<p><span style=\"font-weight: 400;\">\u010ci u\u017e ste sk\u00fasen\u00fd tvorca obsahu, alebo len za\u010d\u00ednate, t\u00e1to kniha v\u00e1m pom\u00f4\u017ee vyu\u017ei\u0165 va\u0161u kreativitu a vybudova\u0165 \u00faspe\u0161n\u00fd biznis s obsahom. Tak\u017ee si vezmite z\u00e1pisn\u00edk a po\u010fme sa do toho ponori\u0165!<\/span><\/p>","protected":false},"excerpt":{"rendered":"<h3><strong>31 n\u00e1padov pre va\u0161e podnikanie s obsahom<\/strong><\/h3>\n<h4><span style=\"font-weight: 400;\">Kone\u010dn\u00fd n\u00e1vod na rast sledovanosti a spe\u0148a\u017eenie obsahu OnlyFans<\/span><\/h4>\n<p><span style=\"font-weight: 400;\">V tejto knihe n\u00e1jdete r\u00f4zne n\u00e1pady na obsah, ktor\u00e9 v\u00e1m pom\u00f4\u017eu nadviaza\u0165 kontakt s va\u0161imi fan\u00fa\u0161ikmi a zv\u00fd\u0161i\u0165 po\u010det va\u0161ich sledovate\u013eov. \u010ci u\u017e pr\u00e1ve za\u010d\u00ednate, alebo chcete nie\u010do zmeni\u0165, tieto n\u00e1pady v\u00e1m pom\u00f4\u017eu vytvori\u0165 obsah, ktor\u00fd si va\u0161i fan\u00fa\u0161ikovia ob\u013e\u00fabia.<\/span><\/p>\n<p><strong><a href=\"https:\/\/www.amazon.com\/dp\/B0C42Z7QXX\">Z\u00edskajte ju na Kindle alebo si ju k\u00fapte v tla\u010denej verzii na Amazone!<\/a><\/strong><\/p>","protected":false},"featured_media":1240,"comment_status":"closed","ping_status":"closed","template":"","meta":[],"product_brand":[],"product_cat":[27],"product_tag":[],"class_list":{"0":"post-976","1":"product","2":"type-product","3":"status-publish","4":"has-post-thumbnail","6":"product_cat-ebook","7":"infinite-scroll-item","8":"no-featured-image-padding","9":"sales-flash-overlay","10":"woocommerce-text-align-center","11":"woocommerce-image-align-center","13":"first","14":"instock","15":"downloadable","16":"virtual","17":"sold-individually","18":"purchasable","19":"product-type-simple"},"aioseo_notices":[],"_links":{"self":[{"href":"https:\/\/subtomy.com\/sk\/wp-json\/wp\/v2\/product\/976","targetHints":{"allow":["GET"]}}],"collection":[{"href":"https:\/\/subtomy.com\/sk\/wp-json\/wp\/v2\/product"}],"about":[{"href":"https:\/\/subtomy.com\/sk\/wp-json\/wp\/v2\/types\/product"}],"replies":[{"embeddable":true,"href":"https:\/\/subtomy.com\/sk\/wp-json\/wp\/v2\/comments?post=976"}],"wp:featuredmedia":[{"embeddable":true,"href":"https:\/\/subtomy.com\/sk\/wp-json\/wp\/v2\/media\/1240"}],"wp:attachment":[{"href":"https:\/\/subtomy.com\/sk\/wp-json\/wp\/v2\/media?parent=976"}],"wp:term":[{"taxonomy":"product_brand","embeddable":true,"href":"https:\/\/subtomy.com\/sk\/wp-json\/wp\/v2\/product_brand?post=976"},{"taxonomy":"product_cat","embeddable":true,"href":"https:\/\/subtomy.com\/sk\/wp-json\/wp\/v2\/product_cat?post=976"},{"taxonomy":"product_tag","embeddable":true,"href":"https:\/\/subtomy.com\/sk\/wp-json\/wp\/v2\/product_tag?post=976"}],"curies":[{"name":"wp","href":"https:\/\/api.w.org\/{rel}","templated":true}]}}