{"id":1561,"date":"2023-05-25T10:39:07","date_gmt":"2023-05-25T15:39:07","guid":{"rendered":"https:\/\/subtomy.com\/?post_type=product&#038;p=1561"},"modified":"2024-03-20T18:06:00","modified_gmt":"2024-03-20T23:06:00","slug":"findom-good-morning-messages","status":"publish","type":"product","link":"https:\/\/subtomy.com\/sl\/izdelek\/findom-good-morning-messages-2\/","title":{"rendered":"Findom 65 Zbirka sporo\u010dil za dobro jutro (mno\u017ei\u010dno sporo\u010dilo, 1-na-1)"},"content":{"rendered":"<h3 style=\"text-align: center;\">Predstavljamo paket Findom 65 Sporo\u010dila za dobro jutro: Okrepite svojo finan\u010dno prevlado<\/h3>\n<p>Dvignite se in sijajte, finan\u010dni dominanti! S paketom Findom 65 Sporo\u010dila za dobro jutro prevzemite nadzor nad dnevom svoje podrejene od trenutka, ko se zbudi. Ta zbirka provokativnih in privla\u010dnih sporo\u010dil, ki so namenjena mno\u017ei\u010dnemu po\u0161iljanju sporo\u010dil in osebnim individualnim stikom, bo zagotovila, da bo va\u0161a prevlada nad njihovimi financami \u010dutiti \u017ee od samega za\u010detka vsakega dne. Naj mo\u010d va\u0161ih besed usmerja njihovo finan\u010dno podrejenost in utrjuje va\u0161 nadzor.<\/p>\n<ol>\n<li><strong>Dolo\u010dite ton nadzora<\/strong>: Izkoristite prilo\u017enost za vzpostavitev prevlade in za\u010dnite dan s sporo\u010dilom, ki krepi va\u0161 finan\u010dni nadzor. Spomnite jih, da je treba pla\u010dati ra\u010dune in da ste vi gonilna sila njihove finan\u010dne nestabilnosti in nezadovoljstva.<\/li>\n<li><strong>Sprostite jutranji u\u017eitek<\/strong>: Za\u010dnite dan z vabljivo obljubo u\u017eitka in zadovoljstva. Naj vedo, da lahko s tem, ko vam predajo svojo finan\u010dno mo\u010d, izkusijo vznemirljiv vzpon slu\u017eenja mo\u010dnemu finan\u010dnemu dominatorju, kot ste vi.<\/li>\n<li><strong>Iskra pri\u010dakovanja<\/strong>: Spodbudite njihovo navdu\u0161enje nad prihodnjim dnem, tako da jih dra\u017eite z obetom \u010dudovitih denarnih tokov in u\u017eitkom, da se prepustijo igranju z denarjem. Vzbujajte pri\u010dakovanje bogastva, ki ga bodo z veseljem prispevali v va\u0161 imperij.<\/li>\n<li><strong>Vzgoja podrejene miselnosti<\/strong>: Spodbujajte podrejeno miselnost \u017ee od za\u010detka dneva. Zasejte seme njihove \u017eelje, da bi vam slu\u017eili in vas finan\u010dno zadovoljili, ter jih spomnite na u\u017eitek in izpolnitev, ki jih \u010dakata, ko bodo sprejeli svojo vlogo predanega pla\u010danca.<\/li>\n<li><strong>Prilagodite svoja sporo\u010dila<\/strong>: Jutranja sporo\u010dila prilagodite vsakemu posamezniku, da se bo po\u010dutil posebno in za\u017eeleno. Uporabite njihovo ime, omenite dolo\u010dene finan\u010dne transakcije ali potrdite njihove edinstvene \u017eelje. Personalizacija doda pridih, ki poglobi njihovo povezanost z vami kot njihovim dominantom.<\/li>\n<li><strong>Spodbujanje stalne komunikacije<\/strong>: Uporabite paket sporo\u010dil za dobro jutro, da ohranite odprto komunikacijo s svojimi podrejenimi.<\/li>\n<li><strong>Raz\u0161irite svoj finan\u010dni imperij<\/strong>: S paketom Findom 65 sporo\u010dil za dobro jutro imate na voljo mo\u010dno orodje za gojenje in \u0161irjenje svojega finan\u010dnega imperija. Okrepite svoje odnose s podrejenimi, spodbudite ve\u010dje finan\u010dne prispevke in utrdite svoj polo\u017eaj njihovega kon\u010dnega finan\u010dnega dominatorja.<\/li>\n<\/ol>\n<p>Vsak dan za\u010dnite s paketom Findom 65 Sporo\u010dila za dobro jutro in bodite pri\u010da vplivu svojih besed na finan\u010dno podrejenost svojih podrejenih. Vzpostavite svojo prevlado, pod\u017egite njihovo \u017eeljo po slu\u017eenju in opazujte, kako se bo njihova predanost va\u0161emu finan\u010dnemu imperiju \u0161e poglobila. Sprejmite mo\u010d dobro oblikovanega jutranjega sporo\u010dila in prevzemite nadzor nad njihovimi financami kot \u0161e nikoli prej.<\/p>\n<p>Prosimo, da v vseh interakcijah prakticirate odgovorno finan\u010dno dominacijo, spo\u0161tovanje meja, privolitev in odprto komunikacijo.<\/p>","protected":false},"excerpt":{"rendered":"<h3 style=\"text-align: center;\">Predstavljamo paket Findom 65 Sporo\u010dila za dobro jutro: Okrepite svojo finan\u010dno prevlado<\/h3>\n<p><strong>Vklju\u010duje sporo\u010dila, kot so<\/strong><\/p>\n<ul>\n<li>Neverjetno jutro. To bo odli\u010den dan za igranje denarja! \u017de se veselim vseh porednih in slastnih denarnih tokov, ki bodo pri\u0161li danes \ud83d\ude09 #GoodMorning #FinancialDomination #Findom<\/li>\n<li>Napovedujem za\u010detek novega dneva, polnega mo\u017enosti! \ud83d\udcb8 Upam, da si me danes pripravljen narediti \u0161e bogatej\u0161o, moj poredni mali pla\u010danec \ud83d\ude09 #Findom #Femdom #FinancialDomination<\/li>\n<li><span data-sheets-value=\"{&quot;1&quot;:2,&quot;2&quot;:&quot;I know it's been a while since I gave you something to be grateful for, so here's your chance: open your wallet and pay tribute to me this morning \u2615\ufe0f \ud83d\ude09&quot;}\" data-sheets-userformat=\"{&quot;2&quot;:8961,&quot;3&quot;:{&quot;1&quot;:0},&quot;11&quot;:4,&quot;12&quot;:0,&quot;16&quot;:12}\">Vem, da je minilo \u017ee nekaj \u010dasa, odkar sem vam dal nekaj, za kar bi bili lahko hvale\u017eni, zato imate prilo\u017enost: odprite denarnico in se mi danes zjutraj poklonite! \u2615\ufe0f \ud83d\ude09<\/span><\/li>\n<\/ul>","protected":false},"featured_media":2284,"comment_status":"closed","ping_status":"closed","template":"","meta":[],"product_brand":[],"product_cat":[141],"product_tag":[28],"class_list":{"0":"post-1561","1":"product","2":"type-product","3":"status-publish","4":"has-post-thumbnail","6":"product_cat-messaging","7":"product_tag-findom","8":"infinite-scroll-item","9":"no-featured-image-padding","10":"sales-flash-overlay","11":"woocommerce-text-align-center","12":"woocommerce-image-align-center","13":"wc-has-gallery","15":"first","16":"instock","17":"downloadable","18":"virtual","19":"sold-individually","20":"purchasable","21":"product-type-simple"},"aioseo_notices":[],"_links":{"self":[{"href":"https:\/\/subtomy.com\/sl\/wp-json\/wp\/v2\/product\/1561","targetHints":{"allow":["GET"]}}],"collection":[{"href":"https:\/\/subtomy.com\/sl\/wp-json\/wp\/v2\/product"}],"about":[{"href":"https:\/\/subtomy.com\/sl\/wp-json\/wp\/v2\/types\/product"}],"replies":[{"embeddable":true,"href":"https:\/\/subtomy.com\/sl\/wp-json\/wp\/v2\/comments?post=1561"}],"wp:featuredmedia":[{"embeddable":true,"href":"https:\/\/subtomy.com\/sl\/wp-json\/wp\/v2\/media\/2284"}],"wp:attachment":[{"href":"https:\/\/subtomy.com\/sl\/wp-json\/wp\/v2\/media?parent=1561"}],"wp:term":[{"taxonomy":"product_brand","embeddable":true,"href":"https:\/\/subtomy.com\/sl\/wp-json\/wp\/v2\/product_brand?post=1561"},{"taxonomy":"product_cat","embeddable":true,"href":"https:\/\/subtomy.com\/sl\/wp-json\/wp\/v2\/product_cat?post=1561"},{"taxonomy":"product_tag","embeddable":true,"href":"https:\/\/subtomy.com\/sl\/wp-json\/wp\/v2\/product_tag?post=1561"}],"curies":[{"name":"wp","href":"https:\/\/api.w.org\/{rel}","templated":true}]}}