{"id":2024,"date":"2023-08-02T19:40:03","date_gmt":"2023-08-03T00:40:03","guid":{"rendered":"https:\/\/subtomy.com\/?post_type=product&#038;p=2024"},"modified":"2023-08-02T22:38:53","modified_gmt":"2023-08-03T03:38:53","slug":"custom-captions-and-scripts","status":"publish","type":"product","link":"https:\/\/subtomy.com\/sl\/izdelek\/napisi-in-skripte-po-meri\/","title":{"rendered":"Podnapisi po meri, skripte in \u0161e ve\u010d"},"content":{"rendered":"<h2 style=\"text-align: center;\">Se trudite dosledno ustvarjati zanimive in privla\u010dne vsebine za svoje platforme dru\u017eabnih medijev?<\/h2>\n<p><strong>Kaj ponujamo:<\/strong><\/p>\n<ol>\n<li><strong>30 napisov za dru\u017ebene medije:<\/strong> Odkrijte mo\u010d u\u010dinkovitega pripovedovanja zgodb s 30 profesionalno oblikovanimi napisi za dru\u017ebene medije. Na\u0161a ekipa izku\u0161enih piscev bo pripravila privla\u010dne in z blagovno znamko usklajene napise, ki bodo odmevali pri va\u0161em ciljnem ob\u010dinstvu, ki bo z veseljem sodelovalo z va\u0161o vsebino.<\/li>\n<li><strong>10 DM po meri (mno\u017ei\u010dna sporo\u010dila ali 1 na 1):<\/strong> S personaliziranimi sporo\u010dili DM vzpostavite globlje povezave s sledilci. Na\u0161i DM-ji po meri so zasnovani tako, da ustvarjajo pristne interakcije, krepijo odnose in spodbujajo pomembne pogovore ter vam pomagajo graditi zvesto in zavzeto skupnost.<\/li>\n<li><strong>3 video skripte:<\/strong> Naj na\u0161i usposobljeni scenaristi pripravijo prepri\u010dljive scenarije videoposnetkov, prilagojene osebnosti in ciljem va\u0161e blagovne znamke. Na\u0161i scenariji bodo o\u010darali va\u0161e ob\u010dinstvo in pustili trajen u\u010dinek.<\/li>\n<\/ol>\n<p><strong>Kako deluje:<\/strong><\/p>\n<ol>\n<li><strong>Vpra\u0161alnik:<\/strong> Za\u010dnemo s poglobljenim vpra\u0161alnikom, da bi razumeli va\u0161o blagovno znamko, ciljno ob\u010dinstvo in vsebinske cilje. Tako zagotovimo, da bo na\u0161a vsebina popolnoma usklajena z va\u0161o vizijo.<\/li>\n<li><strong>Ustvarjanje prilagojene vsebine:<\/strong> Na\u0161a strokovna ekipa kreativno in natan\u010dno oblikuje vsako vsebino, da bo odmevala pri va\u0161em ob\u010dinstvu in krepila identiteto va\u0161e blagovne znamke.<\/li>\n<li><strong>Mese\u010dna dostava:<\/strong> Vsak mesec boste prejeli paket 30 profesionalno napisanih napisov, 10 DM po meri, 3 scenarije videoposnetkov in \u0161e ve\u010d, pripravljenih za dodatno okrepitev va\u0161ega poslovanja.<\/li>\n<\/ol>\n<p>Vsa ta izjemna vsebina in ustvarjalnost sta na voljo po ugodni ceni le $99 na mesec. Na\u0161 cilj je okrepiti strategijo va\u0161ega podjetja, ne da bi pri tem razbili banko.<\/p>\n<p><strong>Zakaj izbrati nas:<\/strong><\/p>\n<ul>\n<li><strong>Strokovno znanje in izku\u0161nje v panogi:<\/strong> Imamo bogate izku\u0161nje v industriji za odrasle, kar nam omogo\u010da ustvarjanje vsebin, ki upo\u0161tevajo smernice platforme in hkrati spodbujajo sodelovanje.<\/li>\n<li><strong>Ustvarjalna odli\u010dnost:<\/strong> Na\u0161a ekipa izurjenih piscev in scenaristov je predana ustvarjanju vrhunskih vsebin, ki va\u0161o blagovno znamko povzdignejo nad hrup.<\/li>\n<li><strong>Doslednost in priro\u010dnost:<\/strong> Poslovite se od stresa pri ustvarjanju vsebine. Z na\u0161im modelom mese\u010dne naro\u010dnine boste redno prejemali sve\u017ee, visokokakovostne vsebine brez te\u017eav.<\/li>\n<\/ul>\n<p>Ste pripravljeni izbolj\u0161ati svojo igro v dru\u017eabnih medijih in pustiti trajen vtis na svoje ob\u010dinstvo?<\/p>","protected":false},"excerpt":{"rendered":"<p><strong>Pridobite 30 profesionalno oblikovanih napisov, 10 DM-jev po meri za globlje stike s sledilci in 3 privla\u010dne video scenarije, prilagojene va\u0161i blagovni znamki.<\/strong><\/p>\n<p>Na\u0161 postopek vklju\u010duje poglobljen vpra\u0161alnik za razumevanje va\u0161e vizije, s katerim zagotovimo usklajenost vsebine.<\/p>\n<p>Vsak mesec boste prejeli sve\u017eo, visokokakovostno vsebino za samo $99\/mesec.<\/p>\n<p>Izbolj\u0161ajte svojo igro v dru\u017eabnih medijih in pustite trajen vtis na svoje ob\u010dinstvo.<\/p>\n<p>Pridru\u017eite se zdaj in pospe\u0161ite svoje poslovanje!<\/p>\n<p><strong>Po nakupu boste na ra\u010dunu prejeli obvestilo s povezavo do vpra\u0161alnika, ki ga morate izpolniti. \u010ce ga ne najdete, <a href=\"https:\/\/subtomy.com\/sl\/vprasalnik-o-vsebini-po-meri\/\">kliknite tukaj, da se vam odpre stran z vpra\u0161alnikom.<\/a>.\u00a0<\/strong><\/p>","protected":false},"featured_media":2025,"comment_status":"open","ping_status":"closed","template":"","meta":[],"product_brand":[],"product_cat":[179],"product_tag":[],"class_list":{"0":"post-2024","1":"product","2":"type-product","3":"status-publish","4":"has-post-thumbnail","6":"product_cat-micro-services","7":"infinite-scroll-item","8":"no-featured-image-padding","9":"sales-flash-overlay","10":"woocommerce-text-align-center","11":"woocommerce-image-align-center","13":"first","14":"instock","15":"featured","16":"virtual","17":"product-type-subscription"},"aioseo_notices":[],"_links":{"self":[{"href":"https:\/\/subtomy.com\/sl\/wp-json\/wp\/v2\/product\/2024","targetHints":{"allow":["GET"]}}],"collection":[{"href":"https:\/\/subtomy.com\/sl\/wp-json\/wp\/v2\/product"}],"about":[{"href":"https:\/\/subtomy.com\/sl\/wp-json\/wp\/v2\/types\/product"}],"replies":[{"embeddable":true,"href":"https:\/\/subtomy.com\/sl\/wp-json\/wp\/v2\/comments?post=2024"}],"wp:featuredmedia":[{"embeddable":true,"href":"https:\/\/subtomy.com\/sl\/wp-json\/wp\/v2\/media\/2025"}],"wp:attachment":[{"href":"https:\/\/subtomy.com\/sl\/wp-json\/wp\/v2\/media?parent=2024"}],"wp:term":[{"taxonomy":"product_brand","embeddable":true,"href":"https:\/\/subtomy.com\/sl\/wp-json\/wp\/v2\/product_brand?post=2024"},{"taxonomy":"product_cat","embeddable":true,"href":"https:\/\/subtomy.com\/sl\/wp-json\/wp\/v2\/product_cat?post=2024"},{"taxonomy":"product_tag","embeddable":true,"href":"https:\/\/subtomy.com\/sl\/wp-json\/wp\/v2\/product_tag?post=2024"}],"curies":[{"name":"wp","href":"https:\/\/api.w.org\/{rel}","templated":true}]}}