{"id":604,"date":"2023-04-14T18:59:44","date_gmt":"2023-04-14T23:59:44","guid":{"rendered":"https:\/\/shop.cammodelagency.com\/?post_type=product&#038;p=604"},"modified":"2024-03-21T14:20:51","modified_gmt":"2024-03-21T19:20:51","slug":"foot-fetish-captions","status":"publish","type":"product","link":"https:\/\/subtomy.com\/sl\/izdelek\/foot-fetish-captions\/","title":{"rendered":"100+ Foot Fetish Captions za dru\u017ebene medije, Reddit, OnlyFans itd."},"content":{"rendered":"<p>\u010ce ste model za odrasle, ki prodaja vsebine o nogah, veste, da so napisi klju\u010dnega pomena za pritegnitev pozornosti navdu\u0161encev nad foot feti\u0161em. Zato smo za modele za odrasle, kot ste vi, ustvarili popoln paket napisov za foot feti\u0161 v dru\u017eabnih medijih!<\/p>\n<p>Na\u0161 paket vklju\u010duje 100 edinstvenih napisov, zasnovanih posebej za vsebino o nogah, s katerimi lahko predstavite svoje \u010dudovite noge in poskrbite, da se bodo va\u0161i sledilci vra\u010dali k vam. Ne glede na to, ali \u017eelite pokazati najnovej\u0161o pedikuro, masa\u017eo stopal ali deliti svoj najljub\u0161i par pet, vam bodo na\u0161i napisi pomagali izstopati.<\/p>\n<p>Na\u0161i napisi zajemajo razli\u010dne teme, od koketnih do dominantnih in vse vmes. Ne glede na to, ali \u017eelite svoje sledilce dra\u017eiti z dra\u017eljivim opisom ali jim dati ukaz, ki se mu ne bodo mogli upreti, poskrbeli smo za vas. Z na\u0161o preprosto obliko za uporabo pa lahko izbrani napis hitro in preprosto kopirate in prilepite v objave v dru\u017eabnih omre\u017ejih, kar vam prihrani \u010das in trud.<\/p>\n<p>\u010ce ste pripravljeni, da svojo vsebino o nogah dvignete na vi\u0161jo raven in pritegnete zveste sledilce navdu\u0161encev nad foot feti\u0161em, \u0161e danes naro\u010dite na\u0161 paket napisov za dru\u017ebene medije o foot feti\u0161u!<\/p>","protected":false},"excerpt":{"rendered":"<p><strong>Do\u017eivljenjske posodobitve!<\/strong><\/p>\n<p>\u010ce ste model za odrasle, ki prodaja vsebino o nogah, in \u017eelite pritegniti ob\u010dinstvo za foot feti\u0161, je na\u0161 paket napisov za socialne medije o foot feti\u0161u to\u010dno to, kar potrebujete!<\/p>\n<p><strong>Primeri napisov:<\/strong><\/p>\n<ul>\n<li><span data-sheets-value=\"{&quot;1&quot;:2,&quot;2&quot;:&quot;As good as my feet look in heels, they feel even better out of them \ud83d\ude09 &quot;}\" data-sheets-userformat=\"{&quot;2&quot;:8192,&quot;16&quot;:12}\">Tako dobro, kot so moja stopala videti v petah, se po\u010dutijo \u0161e bolje brez njih \ud83d\ude09 <\/span><\/li>\n<li><span data-sheets-value=\"{&quot;1&quot;:2,&quot;2&quot;:&quot;Flawless feet that will make you go \ud83e\udd24\ud83d\udca6\ud83d\ude0d Time to come and worship at my altar! #FeetLoversWelcome&quot;}\" data-sheets-userformat=\"{&quot;2&quot;:8961,&quot;3&quot;:{&quot;1&quot;:0},&quot;11&quot;:4,&quot;12&quot;:0,&quot;16&quot;:12}\">Brezhibne noge, ob katerih boste \u0161li \ud83e\udd24\ud83d\udca6\ud83d\ude0d \u010cas je, da pridete in se poklonite mojemu oltarju! #FeetLoversWelcome<\/span><\/li>\n<li><span data-sheets-value=\"{&quot;1&quot;:2,&quot;2&quot;:&quot;Only my feet can make you feel this way \ud83d\udc8b Come explore the pleasure and let me show you just how good it can be. \ud83e\udd24 #FeetLover&quot;}\" data-sheets-userformat=\"{&quot;2&quot;:8961,&quot;3&quot;:{&quot;1&quot;:0},&quot;11&quot;:4,&quot;12&quot;:0,&quot;16&quot;:12}\">Samo moja stopala ti lahko pri\u010darajo tak\u0161en ob\u010dutek \ud83d\udc8b Pridi raziskat u\u017eitek in dovoli, da ti poka\u017eem, kako dobro je lahko. \ud83e\udd24 #FeetLover<\/span><\/li>\n<\/ul>\n<p>Vsi napisi s hashtagi imajo alternativno razli\u010dico brez hashtagov za enostavno kopiranje in pripenjanje.<\/p>","protected":false},"featured_media":2288,"comment_status":"open","ping_status":"closed","template":"","meta":[],"product_brand":[],"product_cat":[22],"product_tag":[30],"class_list":{"0":"post-604","1":"product","2":"type-product","3":"status-publish","4":"has-post-thumbnail","6":"product_cat-captions","7":"product_tag-foot-fetish","8":"infinite-scroll-item","9":"no-featured-image-padding","10":"sales-flash-overlay","11":"woocommerce-text-align-center","12":"woocommerce-image-align-center","13":"wc-has-gallery","15":"first","16":"instock","17":"downloadable","18":"virtual","19":"sold-individually","20":"purchasable","21":"product-type-simple"},"aioseo_notices":[],"_links":{"self":[{"href":"https:\/\/subtomy.com\/sl\/wp-json\/wp\/v2\/product\/604","targetHints":{"allow":["GET"]}}],"collection":[{"href":"https:\/\/subtomy.com\/sl\/wp-json\/wp\/v2\/product"}],"about":[{"href":"https:\/\/subtomy.com\/sl\/wp-json\/wp\/v2\/types\/product"}],"replies":[{"embeddable":true,"href":"https:\/\/subtomy.com\/sl\/wp-json\/wp\/v2\/comments?post=604"}],"wp:featuredmedia":[{"embeddable":true,"href":"https:\/\/subtomy.com\/sl\/wp-json\/wp\/v2\/media\/2288"}],"wp:attachment":[{"href":"https:\/\/subtomy.com\/sl\/wp-json\/wp\/v2\/media?parent=604"}],"wp:term":[{"taxonomy":"product_brand","embeddable":true,"href":"https:\/\/subtomy.com\/sl\/wp-json\/wp\/v2\/product_brand?post=604"},{"taxonomy":"product_cat","embeddable":true,"href":"https:\/\/subtomy.com\/sl\/wp-json\/wp\/v2\/product_cat?post=604"},{"taxonomy":"product_tag","embeddable":true,"href":"https:\/\/subtomy.com\/sl\/wp-json\/wp\/v2\/product_tag?post=604"}],"curies":[{"name":"wp","href":"https:\/\/api.w.org\/{rel}","templated":true}]}}