{"id":631,"date":"2023-04-17T15:27:14","date_gmt":"2023-04-17T20:27:14","guid":{"rendered":"https:\/\/shop.cammodelagency.com\/?post_type=product&#038;p=631"},"modified":"2024-03-24T06:16:29","modified_gmt":"2024-03-24T11:16:29","slug":"dominatrix-captions","status":"publish","type":"product","link":"https:\/\/subtomy.com\/sl\/izdelek\/napisi-dominatrix\/","title":{"rendered":"100+ Dominatrix napisov za Onlyfans, Reddit, dru\u017ebene medije itd."},"content":{"rendered":"<p>Ste model OnlyFans, ki iz\u017eareva mo\u010d in nadzor ter \u017eelite promovirati svoje video storitve dominatrix v dru\u017ebenih medijih? Na\u0161 paket medijskih napisov za dominatrix vam bo pri tem pomagal!<\/p>\n<p>Na\u0161 paket vsebuje ve\u010d kot 100 edinstvenih napisov, ki so zasnovani tako, da vam pomagajo pokazati va\u0161o dominantno in avtoritativno plat, hkrati pa privabijo va\u0161e ob\u010dinstvo. Ne glede na to, ali objavljate svojo fotografijo v najljub\u0161i obleki iz lateksa ali delite sporo\u010dilo, ki vzbuja pozornost, vam bodo na\u0161i napisi pomagali pritegniti sledilce in promovirati va\u0161e video storitve.<\/p>\n<p>Na\u0161i napisi zajemajo razli\u010dne teme, od ukazovalnih do zapeljivih in vse vmes. Ne glede na to, ali \u017eelite pokazati svojo prevlado ali svojim sledilcem predstaviti svojo zapeljivo plat, smo vam na voljo. Z na\u0161o preprosto obliko za uporabo lahko izbrani napis hitro in preprosto kopirate in prilepite v objave v dru\u017eabnih omre\u017ejih, kar vam prihrani \u010das in trud.<\/p>\n<p>\u010ce ste torej pripravljeni predstaviti svojo mo\u010d in nadzor ter promovirati svoje video storitve na OnlyFans, \u0161e danes naro\u010dite na\u0161 paket medijskih napisov za domine!<\/p>","protected":false},"excerpt":{"rendered":"<p><strong>Do\u017eivljenjske posodobitve in dostop!<\/strong><\/p>\n<p>Ste model OnlyFans, ki iz\u017eareva mo\u010d in nadzor ter \u017eelite promovirati svoje video storitve dominatrix v dru\u017ebenih medijih? Na\u0161 paket medijskih napisov za dominatrix vam bo pri tem pomagal!<\/p>\n<p><strong>Primeri:<\/strong><\/p>\n<ul>\n<li><span data-sheets-value=\"{&quot;1&quot;:2,&quot;2&quot;:&quot;Should you kneel at the feet of a goddess? \ud83e\udd34I'm here to show you that I always get my way. My power and beauty knows no bounds, so come spoil me with your attention! &quot;}\" data-sheets-userformat=\"{&quot;2&quot;:14656,&quot;9&quot;:0,&quot;11&quot;:4,&quot;14&quot;:{&quot;1&quot;:2,&quot;2&quot;:0},&quot;15&quot;:&quot;Verdana&quot;,&quot;16&quot;:11}\">Bi morali poklekniti pred noge boginje? \ud83e\udd34Pri\u0161la sem, da ti poka\u017eem, da je vedno po mojem. Moja mo\u010d in lepota ne poznata meja, zato me pridi razvajat s svojo pozornostjo! <\/span><\/li>\n<li><span data-sheets-value=\"{&quot;1&quot;:2,&quot;2&quot;:&quot;Do you want to be my submissive? \ud83d\ude08 I'm always in control and never let anyone stand in the way of getting what I want. My beauty is undeniable and I love talking with my fans, so come spoil me! \ud83d\udc8b &quot;}\" data-sheets-userformat=\"{&quot;2&quot;:14656,&quot;9&quot;:0,&quot;11&quot;:4,&quot;14&quot;:{&quot;1&quot;:2,&quot;2&quot;:0},&quot;15&quot;:&quot;Verdana&quot;,&quot;16&quot;:11}\">\u017deli\u0161 biti moja podrejena? \ud83d\ude08 Vedno imam vse pod nadzorom in nikoli ne dovolim, da bi me kdo oviral pri doseganju tega, kar \u017eelim. Moja lepota je nesporna in rada se pogovarjam s svojimi obo\u017eevalci, zato me pridite razvajat! \ud83d\udc8b <\/span><\/li>\n<li><span data-sheets-value=\"{&quot;1&quot;:2,&quot;2&quot;:&quot;Gorgeous and powerful \ud83d\udc81\ud83c\udffb\u200d\u2640\ufe0f I get what I want when I want it, so let's talk about how you can make that happen. Spoil me with gifts and attention - who knows what might come of it... \ud83d\ude09 &quot;}\" data-sheets-userformat=\"{&quot;2&quot;:14656,&quot;9&quot;:0,&quot;11&quot;:4,&quot;14&quot;:{&quot;1&quot;:2,&quot;2&quot;:0},&quot;15&quot;:&quot;Verdana&quot;,&quot;16&quot;:11}\">\u010cudovita in mo\u010dna \ud83d\udc81\ud83c\udffb\u200d\u2640\ufe0f Dobim, kar ho\u010dem, kadar ho\u010dem, zato se pogovorimo o tem, kako lahko to uresni\u010dite tudi vi. Razvajaj me z darili in pozornostjo - kdo ve, kaj se lahko iz tega rodi... \ud83d\ude09 <\/span><\/li>\n<\/ul>","protected":false},"featured_media":2298,"comment_status":"open","ping_status":"closed","template":"","meta":[],"product_brand":[],"product_cat":[22],"product_tag":[26],"class_list":{"0":"post-631","1":"product","2":"type-product","3":"status-publish","4":"has-post-thumbnail","6":"product_cat-captions","7":"product_tag-dominatrix","8":"infinite-scroll-item","9":"no-featured-image-padding","10":"sales-flash-overlay","11":"woocommerce-text-align-center","12":"woocommerce-image-align-center","13":"wc-has-gallery","15":"first","16":"instock","17":"downloadable","18":"virtual","19":"sold-individually","20":"purchasable","21":"product-type-simple"},"aioseo_notices":[],"_links":{"self":[{"href":"https:\/\/subtomy.com\/sl\/wp-json\/wp\/v2\/product\/631","targetHints":{"allow":["GET"]}}],"collection":[{"href":"https:\/\/subtomy.com\/sl\/wp-json\/wp\/v2\/product"}],"about":[{"href":"https:\/\/subtomy.com\/sl\/wp-json\/wp\/v2\/types\/product"}],"replies":[{"embeddable":true,"href":"https:\/\/subtomy.com\/sl\/wp-json\/wp\/v2\/comments?post=631"}],"wp:featuredmedia":[{"embeddable":true,"href":"https:\/\/subtomy.com\/sl\/wp-json\/wp\/v2\/media\/2298"}],"wp:attachment":[{"href":"https:\/\/subtomy.com\/sl\/wp-json\/wp\/v2\/media?parent=631"}],"wp:term":[{"taxonomy":"product_brand","embeddable":true,"href":"https:\/\/subtomy.com\/sl\/wp-json\/wp\/v2\/product_brand?post=631"},{"taxonomy":"product_cat","embeddable":true,"href":"https:\/\/subtomy.com\/sl\/wp-json\/wp\/v2\/product_cat?post=631"},{"taxonomy":"product_tag","embeddable":true,"href":"https:\/\/subtomy.com\/sl\/wp-json\/wp\/v2\/product_tag?post=631"}],"curies":[{"name":"wp","href":"https:\/\/api.w.org\/{rel}","templated":true}]}}