{"id":670,"date":"2023-04-17T20:59:22","date_gmt":"2023-04-18T01:59:22","guid":{"rendered":"https:\/\/shop.cammodelagency.com\/?post_type=product&#038;p=670"},"modified":"2023-05-15T22:42:56","modified_gmt":"2023-05-16T03:42:56","slug":"squirting-captions","status":"publish","type":"product","link":"https:\/\/subtomy.com\/sl\/izdelek\/squirting-napisi\/","title":{"rendered":"100+ Squirting Caption Pack za OnlyFans, Reddit, dru\u017ebene medije itd."},"content":{"rendered":"<p>Ste model OnlyFans, ki rad poka\u017ee svoje spretnosti squirtinga in se pove\u017ee s svojimi sledilci v dru\u017eabnih medijih? Na\u0161 paket medijskih napisov Squirting Girls je tu, da vam pomaga pri promociji va\u0161ih storitev in vklju\u010devanju va\u0161ega ob\u010dinstva! Primeri:<\/p>\n<p>Na\u0161 paket vklju\u010duje 100 edinstvenih napisov, ki so zasnovani tako, da vam pomagajo poudariti va\u0161e sposobnosti squirtinga in promovirati va\u0161e video storitve. Ne glede na to, ali objavljate fotografijo ali videoposnetek, na katerem se brizgate, ali delite sporo\u010dilo, ki poudarja va\u0161e sposobnosti, vam bodo na\u0161i napisi pomagali pritegniti pozornost ob\u010dinstva in predstaviti va\u0161 talent.<\/p>\n<p>Na\u0161i napisi pokrivajo razli\u010dne teme, od nagajivih do igrivih in vse vmes. Ne glede na to, ali \u017eelite svoje sledilce dra\u017eiti s prikritim pogledom ali deliti sporo\u010dilo, ki poudarja va\u0161e edinstvene sposobnosti, smo vam na voljo. Z na\u0161o preprosto obliko za uporabo lahko izbrani napis hitro in preprosto kopirate in prilepite v objave v dru\u017eabnih omre\u017ejih, kar vam prihrani \u010das in trud.<\/p>\n<p>Primeri:<\/p>\n<ul>\n<li><span data-sheets-value=\"{&quot;1&quot;:2,&quot;2&quot;:&quot;Don't settle for anything less than \ud83d\udd25! I'm ready to get wet, wild, and naughty with you. Come explore my world of pleasure where squirting is a specialty. Ready to chat with my fans and satisfy all your desires? Let's make it happen! \ud83d\ude0f &quot;}\" data-sheets-userformat=\"{&quot;2&quot;:14656,&quot;9&quot;:0,&quot;11&quot;:4,&quot;14&quot;:{&quot;1&quot;:2,&quot;2&quot;:0},&quot;15&quot;:&quot;Verdana&quot;,&quot;16&quot;:11}\">Ne zadovoljite se z ni\u010demer manj kot \ud83d\udd25! Pripravljena sem, da se z vami namo\u010dim, divjim in porednim. Pridite in razi\u0161\u010dite moj svet u\u017eitkov, kjer je squirting posebnost. Pripravljena klepetati z mojimi obo\u017eevalci in zadovoljiti vse tvoje \u017eelje? Naj se to zgodi! \ud83d\ude0f <\/span><\/li>\n<li><span data-sheets-value=\"{&quot;1&quot;:2,&quot;2&quot;:&quot;Love getting naughty and talking with my fans \ud83e\udd29 I'm so horny, wet, and ready to squirt all over you \ud83d\ude09 Let's have some fun together \ud83d\udca6 Come talk to me on OnlyFans and let's get nasty \ud83d\udd25\ud83d\ude08&quot;}\" data-sheets-userformat=\"{&quot;2&quot;:8961,&quot;3&quot;:{&quot;1&quot;:0},&quot;11&quot;:4,&quot;12&quot;:0,&quot;16&quot;:12}\">Rad se poigravam in pogovarjam s svojimi obo\u017eevalci \ud83e\udd29 Sem tako pohoten, moker in pripravljen, da se razpr\u0161im po tebi \ud83d\ude09 Zabavajmo se skupaj \ud83d\udca6 Pridite in se pogovorite z mano na OnlyFans in postanimo poredni \ud83d\udd25\ud83d\ude08<\/span><\/li>\n<li><span data-sheets-value=\"{&quot;1&quot;:2,&quot;2&quot;:&quot;The top of my thighs are \ud83d\udd25 and I'm feeling extra horny tonight! Come join me, let's get freaky together. I love squirting for all my fans and can't wait to hear what naughty things you have in mind for us. Let's make it a night to remember \ud83d\udca6&quot;}\" data-sheets-userformat=\"{&quot;2&quot;:8961,&quot;3&quot;:{&quot;1&quot;:0},&quot;11&quot;:4,&quot;12&quot;:0,&quot;16&quot;:12}\">Zgornji del mojih stegen je \ud83d\udd25 in nocoj se po\u010dutim zelo pohotno! Pridru\u017ei se mi, da se skupaj po\u0161alimo. Zelo rada \u0161krtam za vse svoje obo\u017eevalce in komaj \u010dakam, da sli\u0161im, kak\u0161ne poredne stvari ima\u0161 v mislih za nas. Naredimo no\u010d, ki si jo bomo zapomnili \ud83d\udca6<\/span><\/li>\n<\/ul>\n<p>\u010ce ste torej dekle, ki se ukvarja s squirtingom, in \u017eelite pritegniti svoje sledilce ter promovirati svoje storitve na OnlyFans, \u0161e danes naro\u010dite na\u0161 paket medijskih napisov za dekleta, ki se ukvarjajo s squirtingom!<\/p>","protected":false},"excerpt":{"rendered":"<p>Ste model OnlyFans, ki rad poka\u017ee svoje spretnosti squirtinga in se pove\u017ee s svojimi sledilci v dru\u017eabnih medijih? Na\u0161 paket medijskih napisov Squirting Girls je tu, da vam pomaga pri promociji va\u0161ih storitev in vklju\u010devanju va\u0161ega ob\u010dinstva! Primeri:<\/p>\n<p>Primeri:<\/p>\n<ul>\n<li><span data-sheets-value=\"{&quot;1&quot;:2,&quot;2&quot;:&quot;Don't settle for anything less than \ud83d\udd25! I'm ready to get wet, wild, and naughty with you. Come explore my world of pleasure where squirting is a specialty. Ready to chat with my fans and satisfy all your desires? Let's make it happen! \ud83d\ude0f &quot;}\" data-sheets-userformat=\"{&quot;2&quot;:14656,&quot;9&quot;:0,&quot;11&quot;:4,&quot;14&quot;:{&quot;1&quot;:2,&quot;2&quot;:0},&quot;15&quot;:&quot;Verdana&quot;,&quot;16&quot;:11}\">Ne zadovoljite se z ni\u010demer manj kot \ud83d\udd25! Pripravljena sem, da se z vami namo\u010dim, divjim in porednim. Pridite in razi\u0161\u010dite moj svet u\u017eitkov, kjer je squirting posebnost. Pripravljena klepetati z mojimi obo\u017eevalci in zadovoljiti vse tvoje \u017eelje? Naj se to zgodi! \ud83d\ude0f <\/span><\/li>\n<li><span data-sheets-value=\"{&quot;1&quot;:2,&quot;2&quot;:&quot;Love getting naughty and talking with my fans \ud83e\udd29 I'm so horny, wet, and ready to squirt all over you \ud83d\ude09 Let's have some fun together \ud83d\udca6 Come talk to me on OnlyFans and let's get nasty \ud83d\udd25\ud83d\ude08&quot;}\" data-sheets-userformat=\"{&quot;2&quot;:8961,&quot;3&quot;:{&quot;1&quot;:0},&quot;11&quot;:4,&quot;12&quot;:0,&quot;16&quot;:12}\">Rad se poigravam in pogovarjam s svojimi obo\u017eevalci \ud83e\udd29 Sem tako pohoten, moker in pripravljen, da se razpr\u0161im po tebi \ud83d\ude09 Zabavajmo se skupaj \ud83d\udca6 Pridite in se pogovorite z mano na OnlyFans in postanimo poredni \ud83d\udd25\ud83d\ude08<\/span><\/li>\n<li><span data-sheets-value=\"{&quot;1&quot;:2,&quot;2&quot;:&quot;The top of my thighs are \ud83d\udd25 and I'm feeling extra horny tonight! Come join me, let's get freaky together. I love squirting for all my fans and can't wait to hear what naughty things you have in mind for us. Let's make it a night to remember \ud83d\udca6&quot;}\" data-sheets-userformat=\"{&quot;2&quot;:8961,&quot;3&quot;:{&quot;1&quot;:0},&quot;11&quot;:4,&quot;12&quot;:0,&quot;16&quot;:12}\">Zgornji del mojih stegen je \ud83d\udd25 in nocoj se po\u010dutim zelo pohotno! Pridru\u017ei se mi, da se skupaj po\u0161alimo. Zelo rada \u0161krtam za vse svoje obo\u017eevalce in komaj \u010dakam, da sli\u0161im, kak\u0161ne poredne stvari ima\u0161 v mislih za nas. Naredimo no\u010d, ki si jo bomo zapomnili \ud83d\udca6<\/span><\/li>\n<\/ul>","protected":false},"featured_media":1236,"comment_status":"open","ping_status":"closed","template":"","meta":[],"product_brand":[],"product_cat":[22],"product_tag":[38],"class_list":{"0":"post-670","1":"product","2":"type-product","3":"status-publish","4":"has-post-thumbnail","6":"product_cat-captions","7":"product_tag-squirting","8":"infinite-scroll-item","9":"no-featured-image-padding","10":"sales-flash-overlay","11":"woocommerce-text-align-center","12":"woocommerce-image-align-center","13":"wc-has-gallery","15":"first","16":"instock","17":"downloadable","18":"virtual","19":"sold-individually","20":"purchasable","21":"product-type-simple"},"aioseo_notices":[],"_links":{"self":[{"href":"https:\/\/subtomy.com\/sl\/wp-json\/wp\/v2\/product\/670","targetHints":{"allow":["GET"]}}],"collection":[{"href":"https:\/\/subtomy.com\/sl\/wp-json\/wp\/v2\/product"}],"about":[{"href":"https:\/\/subtomy.com\/sl\/wp-json\/wp\/v2\/types\/product"}],"replies":[{"embeddable":true,"href":"https:\/\/subtomy.com\/sl\/wp-json\/wp\/v2\/comments?post=670"}],"wp:featuredmedia":[{"embeddable":true,"href":"https:\/\/subtomy.com\/sl\/wp-json\/wp\/v2\/media\/1236"}],"wp:attachment":[{"href":"https:\/\/subtomy.com\/sl\/wp-json\/wp\/v2\/media?parent=670"}],"wp:term":[{"taxonomy":"product_brand","embeddable":true,"href":"https:\/\/subtomy.com\/sl\/wp-json\/wp\/v2\/product_brand?post=670"},{"taxonomy":"product_cat","embeddable":true,"href":"https:\/\/subtomy.com\/sl\/wp-json\/wp\/v2\/product_cat?post=670"},{"taxonomy":"product_tag","embeddable":true,"href":"https:\/\/subtomy.com\/sl\/wp-json\/wp\/v2\/product_tag?post=670"}],"curies":[{"name":"wp","href":"https:\/\/api.w.org\/{rel}","templated":true}]}}